{"id":988,"date":"2018-08-31T13:38:27","date_gmt":"2018-08-31T16:38:27","guid":{"rendered":"https:\/\/institutodelbicentenario-mza.infd.edu.ar\/sitio\/profesorado-de-artes-visuales\/"},"modified":"2026-03-25T09:51:29","modified_gmt":"2026-03-25T12:51:29","slug":"profesorado-de-artes-visuales","status":"publish","type":"page","link":"https:\/\/institutodelbicentenario-infd.mendoza.edu.ar\/sitio\/profesorado-de-artes-visuales\/","title":{"rendered":"Profesorado de Artes Visuales"},"content":{"rendered":"\n<p class=\"has-text-align-center\"><strong>Profesorado de Artes Visuales<\/strong><\/p>\n\n\n\n<p class=\"has-text-align-center\">&#x1f449;<strong><a href=\"https:\/\/institutodelbicentenario-infd.mendoza.edu.ar\/sitio\/inscripciones-abiertas\/\" data-type=\"URL\" data-id=\"https:\/\/institutodelbicentenario-infd.mendoza.edu.ar\/sitio\/inscripciones-abiertas\/\" target=\"_blank\" rel=\"noreferrer noopener\">INSCRIPCIONES AQU\u00cd<\/a><\/strong>&#x1f448;<\/p>\n\n\n\n<p><em><strong>Caracter\u00edsticas:<\/strong><\/em><br>Carrera: gratuita. Cursado: semipresencial. Duraci\u00f3n: 4 a\u00f1os. T\u00edtulo: de grado. Validez: Nacional. Sede, turno y horarios de cursado: <a rel=\"noreferrer noopener\" href=\"https:\/\/institutodelbicentenario-infd.mendoza.edu.ar\/sitio\/hc\/\" data-type=\"URL\" data-id=\"https:\/\/institutodelbicentenario-infd.mendoza.edu.ar\/sitio\/hc\/\" target=\"_blank\">Aqu\u00ed<\/a>. Ubicaci\u00f3n de Sedes: <a rel=\"noreferrer noopener\" href=\"https:\/\/institutodelbicentenario-infd.mendoza.edu.ar\/sitio\/ubicacion\/\" data-type=\"URL\" data-id=\"https:\/\/institutodelbicentenario-infd.mendoza.edu.ar\/sitio\/ubicacion\/\" target=\"_blank\">Aqu\u00ed<\/a>. Inscripciones: <a href=\"https:\/\/institutodelbicentenario-infd.mendoza.edu.ar\/sitio\/inscripciones-abiertas\/\" data-type=\"URL\" data-id=\"https:\/\/institutodelbicentenario-infd.mendoza.edu.ar\/sitio\/inscripciones-abiertas\/\" target=\"_blank\" rel=\"noreferrer noopener\">Aqu\u00ed<\/a><a rel=\"noreferrer noopener\" href=\"https:\/\/institutodelbicentenario-infd.mendoza.edu.ar\/sitio\/ia\/\" target=\"_blank\">.<\/a><\/p>\n\n\n\n<p class=\"has-text-align-center\"><a rel=\"noreferrer noopener\" href=\"https:\/\/institutodelbicentenario-infd.mendoza.edu.ar\/sitio\/wp-content\/uploads\/2025\/07\/RESOL-2025-56-E-GDEMZA-DG.pdf\" target=\"_blank\"><strong>Plan de estudios<\/strong><\/a><\/p>\n\n\n\n<p><em><strong>Misi\u00f3n:<\/strong><\/em><br>La tarea del docente de Artes Visuales es un trabajo profesional institucionalizado, que se lleva a cabo en diversos \u00e1mbitos de la sociedad, en el marco de la construcci\u00f3n colectiva de intereses p\u00fablicos, de significados y aspiraciones compartidas y del derecho social a la educaci\u00f3n. Entendida como una actividad comprometida, simbolizante, enriquecedora, que permite construir espacios de producci\u00f3n compartida y colaborativa en las instituciones en las que la labor del equipo pueda primar por sobre el trabajo individual y aislado.<\/p>\n\n\n\n<p><em><strong>Descripci\u00f3n:<\/strong><\/em><br>La propuesta institucional tom\u00f3 como significativa la necesidad y posibilidad de resignificar la profesi\u00f3n, volver a pensarla, revisarla continuamente para garantizar desempe\u00f1os adecuados en diferentes contextos y en atenci\u00f3n a sujetos singulares y pr\u00e1cticas sociales y culturales diversas que nos presenta el futuro. Por otra parte, la tarea del docente de Artes Visuales es un trabajo profesional institucionalizado, que se lleva a cabo en diversos \u00e1mbitos de la sociedad, en el marco de la construcci\u00f3n colectiva de intereses p\u00fablicos, de significados y aspiraciones compartidas y del derecho social a la educaci\u00f3n. Entendida como una actividad comprometida, simbolizante, enriquecedora, que permite construir espacios de producci\u00f3n compartida y colaborativa en las instituciones en las que la labor del equipo pueda primar por sobre el trabajo individual y aislado. Esto exige integrarse con facilidad en grupos, con el fin de reflexionar sobre el aprendizaje, nuevos modelos did\u00e1cticos y problem\u00e1ticas compartidas para superarlas en forma creativa y colectiva. Requiere, asimismo, del ejercicio de la acci\u00f3n pedag\u00f3gica, no solo como autoridad formal, sino como profesional reconocido y legitimado por su responsabilidad en la ense\u00f1anza y por sus propuestas educativas. En este marco, se aspira a formar un docente que sea a la vez persona comprometida, mediador intercultural, animador de una comunidad educativa, promotor del respeto a la vida y a la ley en una sociedad democr\u00e1tica. Cabe destacar que el Plan de Estudios garantiza formaci\u00f3n en Pr\u00e1cticas Profesionales Docentes y Did\u00e1cticas de las Artes Visuales aplicadas a cada nivel educativo, con complejidad creciente, en todos los a\u00f1os durante el cursado de la Carrera.<\/p>\n\n\n\n<p><em><strong>D\u00f3nde trabajar:<\/strong><\/em><br>La formaci\u00f3n institucional que se ofrece, implica un campo laboral amplio, en el cual se incluyen todos los niveles educativos y sus variantes seg\u00fan los dise\u00f1os curriculares vigentes en la Provincia de Mendoza y el pa\u00eds. Ejemplo: Nivel Inicial, Nivel Primario, Nivel Secundario (todas las escuelas de la Provincia, incluidos todos los espacios curriculares de las escuelas con Orientaci\u00f3n en Artes, escuelas con Especializaci\u00f3n y Art\u00edstico-T\u00e9cnicas).<br>Todas las escuelas secundarias de la provincia cuentan con espacios de educaci\u00f3n art\u00edstica. Se suma al territorio laboral posible los C.E.N.S., C.E.B.A., Escuelas Art\u00edstico-Vocacionales y los programas educativos que incluyen espacios de educaci\u00f3n art\u00edstica formales y no formales vinculados fuertemente con las propuestas art\u00edsticas educativas que desarrollan los municipios de la provincia de Mendoza. De esta manera hemos empezado un recorrido de articulaci\u00f3n y desarrollo de actividades con el municipio de Godoy Cruz, generando acciones de vinculaci\u00f3n con la comunidad.<\/p>\n\n\n\n<p class=\"has-text-align-center\"><strong>M\u00e1s informaci\u00f3n<\/strong><\/p>\n\n\n\n<figure class=\"wp-block-table\"><table><tbody><tr><td class=\"has-text-align-center\" data-align=\"center\"><a href=\"https:\/\/institutodelbicentenario-infd.mendoza.edu.ar\/sitio\/preguntas-frecuentes\/\">Preguntas frecuentes<\/a><\/td><td class=\"has-text-align-center\" data-align=\"center\"><a href=\"https:\/\/institutodelbicentenario-infd.mendoza.edu.ar\/sitio\/informacion-institucional\/\">Informaci\u00f3n Institucional<\/a><\/td><\/tr><tr><td class=\"has-text-align-center\" data-align=\"center\"><a href=\"https:\/\/institutodelbicentenario-infd.mendoza.edu.ar\/sitio\/pases-y-equivalencias\/\">Pases, equivalencias<\/a><\/td><td class=\"has-text-align-center\" data-align=\"center\"><a href=\"https:\/\/institutodelbicentenario-infd.mendoza.edu.ar\/sitio\/ambientacion\/\">Ambientaci\u00f3n<\/a><\/td><\/tr><tr><td class=\"has-text-align-center\" data-align=\"center\"><a href=\"https:\/\/institutodelbicentenario-infd.mendoza.edu.ar\/sitio\/reinscripcion\/\">Reinscripci\u00f3n<\/a><\/td><td class=\"has-text-align-center\" data-align=\"center\"><a href=\"https:\/\/institutodelbicentenario-infd.mendoza.edu.ar\/sitio\/ambientacion\/\">Cuadernillos de ambientaci\u00f3n<\/a><\/td><\/tr><tr><td class=\"has-text-align-center\" data-align=\"center\"><a href=\"https:\/\/institutodelbicentenario-infd.mendoza.edu.ar\/sitio\/adeudo-materias-del-secundario\/\">Adeudo materias del secundario<\/a><\/td><td class=\"has-text-align-center\" data-align=\"center\"><a href=\"https:\/\/institutodelbicentenario-infd.mendoza.edu.ar\/sitio\/becas-progresar\/\">Becas Progresar<\/a><\/td><\/tr><tr><td class=\"has-text-align-center\" data-align=\"center\"><a href=\"https:\/\/institutodelbicentenario-infd.mendoza.edu.ar\/sitio\/articulo-7\/\">Secundario Incompleto (Art.7)<\/a><\/td><td class=\"has-text-align-center\" data-align=\"center\"><a href=\"https:\/\/institutodelbicentenario-infd.mendoza.edu.ar\/sitio\/autoridades\/\">Autoridades<\/a><\/td><\/tr><tr><td class=\"has-text-align-center\" data-align=\"center\"><a href=\"https:\/\/institutodelbicentenario-infd.mendoza.edu.ar\/sitio\/ubicacion\/\" target=\"_blank\" rel=\"noreferrer noopener\">Ubicaci\u00f3n de Sedes<\/a><\/td><td class=\"has-text-align-center\" data-align=\"center\"><a href=\"https:\/\/institutodelbicentenario-infd.mendoza.edu.ar\/sitio\/abonos\/\">Abonos<\/a><\/td><\/tr><tr><td class=\"has-text-align-center\" data-align=\"center\"><a href=\"https:\/\/institutodelbicentenario-infd.mendoza.edu.ar\/sitio\/informacion-institucional\/\">Tel\u00e9fonos<\/a><\/td><td class=\"has-text-align-center\" data-align=\"center\"><a href=\"https:\/\/www.facebook.com\/I.S.F.D.T.9030.Del.Bicentenario\/\">Facebook<\/a><\/td><\/tr><tr><td class=\"has-text-align-center\" data-align=\"center\"><a href=\"https:\/\/institutodelbicentenario-infd.mendoza.edu.ar\/sitio\/informacion-institucional\/\">Horarios de&nbsp;<\/a><a href=\"https:\/\/institutodelbicentenario-infd.mendoza.edu.ar\/sitio\/informacion-institucional\/\" target=\"_blank\" rel=\"noreferrer noopener\">cursado<\/a><\/td><td class=\"has-text-align-center\" data-align=\"center\"><a href=\"https:\/\/www.instagram.com\/isfdyt9030\/?hl=es-la\">Instagram<\/a><\/td><\/tr><tr><td class=\"has-text-align-center\" data-align=\"center\"><a href=\"https:\/\/institutodelbicentenario-infd.mendoza.edu.ar\/sitio\/informacion-institucional\/\">Horarios de<\/a><a href=\"https:\/\/institutodelbicentenario-infd.mendoza.edu.ar\/sitio\/informacion-institucional\/\">&nbsp;atenci\u00f3n<\/a><\/td><td class=\"has-text-align-center\" data-align=\"center\"><a href=\"https:\/\/institutodelbicentenario-infd.mendoza.edu.ar\/sitio\/contacto\/\" target=\"_blank\" rel=\"noreferrer noopener\">Consultas<\/a><\/td><\/tr><\/tbody><\/table><\/figure>\n\n\n\n<p class=\"has-text-align-center\"><a href=\"https:\/\/www.facebook.com\/hashtag\/isfdyt9030?source=feed_text&amp;epa=HASHTAG&amp;__xts__%5B0%5D=68.ARDZRNqp34i-UCDPmbTQABQan4iwdXwA1l28Hwl36yeXd8aZacM1sS4gSlaLtiMZwd7KKfCP8fP8Q35zfJPpnIAltLra5wrowNXVhoEa-BHarZ9s1po2oUr7oIiCekKekLjhiQwY-i9oCmZRyrCWxRJbXU4-n-qqOfeXMfLZYZQkNrsn3NT-67r4ypbonnJg5EzLHU4_Ny0TUPsuuPh6LRtRJRwuEEEvZhomxOqzyAQghy6xd9v4W2IbvGb9W7NXBna4SKArxrOcPw_1HYWEoJ06ktBQKR1j_i1tqDShpQfBtEwrgVibb_KBu4dW-zys8b1FggR7mcJmveMDRqp2gFLJUarO&amp;__tn__=%2ANK-R\" target=\"_blank\" rel=\"noreferrer noopener\">#isfdyt9030<\/a><\/p>\n\n\n\n<p class=\"has-text-align-center\"><a href=\"https:\/\/www.facebook.com\/hashtag\/isfdyt9030?source=feed_text&amp;epa=HASHTAG&amp;__xts__%5B0%5D=68.ARDZRNqp34i-UCDPmbTQABQan4iwdXwA1l28Hwl36yeXd8aZacM1sS4gSlaLtiMZwd7KKfCP8fP8Q35zfJPpnIAltLra5wrowNXVhoEa-BHarZ9s1po2oUr7oIiCekKekLjhiQwY-i9oCmZRyrCWxRJbXU4-n-qqOfeXMfLZYZQkNrsn3NT-67r4ypbonnJg5EzLHU4_Ny0TUPsuuPh6LRtRJRwuEEEvZhomxOqzyAQghy6xd9v4W2IbvGb9W7NXBna4SKArxrOcPw_1HYWEoJ06ktBQKR1j_i1tqDShpQfBtEwrgVibb_KBu4dW-zys8b1FggR7mcJmveMDRqp2gFLJUarO&amp;__tn__=%2ANK-R\" target=\"_blank\" rel=\"noreferrer noopener\">#institutodelbicentenario<\/a><\/p>\n\n\n\n<p class=\"has-text-align-center\"><a rel=\"noreferrer noopener\" href=\"https:\/\/www.facebook.com\/hashtag\/educasionsuperior\" target=\"_blank\"><\/a><a rel=\"noreferrer noopener\" href=\"https:\/\/www.facebook.com\/hashtag\/educasionsuperior\" target=\"_blank\">#educacionsuperior<\/a><\/p>\n","protected":false},"excerpt":{"rendered":"<p>Profesorado de Artes Visuales &#x1f449;INSCRIPCIONES AQU\u00cd&#x1f448; Caracter\u00edsticas:Carrera: gratuita. Cursado: semipresencial. Duraci\u00f3n: 4 a\u00f1os. T\u00edtulo: de grado. Validez: Nacional. Sede, turno y horarios de cursado: Aqu\u00ed. Ubicaci\u00f3n de Sedes: Aqu\u00ed. Inscripciones: Aqu\u00ed. Plan de estudios Misi\u00f3n:La tarea del docente de Artes Visuales es un trabajo profesional institucionalizado, que se lleva a cabo en diversos \u00e1mbitos de &#8230; <a title=\"Profesorado de Artes Visuales\" class=\"read-more\" href=\"https:\/\/institutodelbicentenario-infd.mendoza.edu.ar\/sitio\/profesorado-de-artes-visuales\/\" aria-label=\"More on Profesorado de Artes Visuales\">[+]<\/a><\/p>\n","protected":false},"author":646,"featured_media":0,"parent":0,"menu_order":0,"comment_status":"closed","ping_status":"closed","template":"","meta":[],"acf":[],"_links":{"self":[{"href":"https:\/\/institutodelbicentenario-infd.mendoza.edu.ar\/sitio\/wp-json\/wp\/v2\/pages\/988"}],"collection":[{"href":"https:\/\/institutodelbicentenario-infd.mendoza.edu.ar\/sitio\/wp-json\/wp\/v2\/pages"}],"about":[{"href":"https:\/\/institutodelbicentenario-infd.mendoza.edu.ar\/sitio\/wp-json\/wp\/v2\/types\/page"}],"author":[{"embeddable":true,"href":"https:\/\/institutodelbicentenario-infd.mendoza.edu.ar\/sitio\/wp-json\/wp\/v2\/users\/646"}],"replies":[{"embeddable":true,"href":"https:\/\/institutodelbicentenario-infd.mendoza.edu.ar\/sitio\/wp-json\/wp\/v2\/comments?post=988"}],"version-history":[{"count":56,"href":"https:\/\/institutodelbicentenario-infd.mendoza.edu.ar\/sitio\/wp-json\/wp\/v2\/pages\/988\/revisions"}],"predecessor-version":[{"id":13359,"href":"https:\/\/institutodelbicentenario-infd.mendoza.edu.ar\/sitio\/wp-json\/wp\/v2\/pages\/988\/revisions\/13359"}],"wp:attachment":[{"href":"https:\/\/institutodelbicentenario-infd.mendoza.edu.ar\/sitio\/wp-json\/wp\/v2\/media?parent=988"}],"curies":[{"name":"wp","href":"https:\/\/api.w.org\/{rel}","templated":true}]}}