{"id":9795,"date":"2023-10-20T13:07:23","date_gmt":"2023-10-20T16:07:23","guid":{"rendered":"https:\/\/institutodelbicentenario-infd.mendoza.edu.ar\/sitio\/?page_id=9795"},"modified":"2026-03-16T19:30:37","modified_gmt":"2026-03-16T22:30:37","slug":"dl","status":"publish","type":"page","link":"https:\/\/institutodelbicentenario-infd.mendoza.edu.ar\/sitio\/dl\/","title":{"rendered":"Documentaci\u00f3n de legajo"},"content":{"rendered":"\n<p class=\"has-text-align-center\"><strong>DOCUMENTACI\u00d3N DE LEGAJO<\/strong><\/p>\n\n\n\n<p class=\"has-text-align-center\"><strong>La documentaci\u00f3n de legajo se puede entregar hasta el 30 de junio del a\u00f1o en el que empesas a cursar por lo que hay plazo suficiente para completarlo. Asist\u00ed con tu DNI y asegura tu vacante<\/strong>.<\/p>\n\n\n\n<p><strong>Requisitos:<\/strong><\/p>\n\n\n\n<p><strong>Documentaci\u00f3n que se deber\u00e1 presentar en la&nbsp;<a rel=\"noreferrer noopener\" href=\"https:\/\/institutodelbicentenario-infd.mendoza.edu.ar\/sitio\/sede-de-cursado-y-turno-segun-ano-y-carrera\/\" target=\"_blank\">Sede<\/a>&nbsp;de cursado correspondiente:<\/strong><\/p>\n\n\n\n<p>1- Descargar, imprimir y completar la<a rel=\"noreferrer noopener\" href=\"https:\/\/institutodelbicentenario-infd.mendoza.edu.ar\/aula\/archivos\/repositorio\/\/8500\/8740\/Ficha_de_inscripcion_2026.pdf\" target=\"_blank\">&nbsp;ficha de inscripci\u00f3n<\/a>&nbsp;y la&nbsp;<a rel=\"noreferrer noopener\" href=\"https:\/\/drive.google.com\/file\/d\/19MrSeLac_rE7-3Ygo5qCMNqnTDjSwlsp\/view?usp=sharing\" target=\"_blank\">ficha m\u00e9dica<\/a>. (Puedes solicitar una copia de cada ficha al momento de inscribirse).<\/p>\n\n\n\n<p>2- Fotocopia de DNI. (Si no tenes en el momento de la inscripci\u00f3n te realizamos una).<\/p>\n\n\n\n<p>3- Fotocopia de partida de nacimiento.<\/p>\n\n\n\n<p>4- Fotocopia de anal\u00edtico definitivo o certificado de anal\u00edtico en tr\u00e1mite o constancia de alumno regular que acredite el&nbsp;<a rel=\"noreferrer noopener\" href=\"https:\/\/institutodelbicentenario-infd.mendoza.edu.ar\/sitio\/adeudo-materias-del-secundario\/\" target=\"_blank\">\u00faltimo a\u00f1o de estudios en curso<\/a>&nbsp;o constancia de inscripci\u00f3n a rendir materias de los planes de finalidad del secundario vigentes o informar verbalmente al momento de inscribirse que est\u00e1 finalizando estudios secundarios mediante alg\u00fan plan de finalidad de estudios secundarios (<a rel=\"noreferrer noopener\" href=\"https:\/\/www.mendoza.edu.ar\/plan-fines\/\" target=\"_blank\">Plan Fines<\/a>&nbsp;u otros).<\/p>\n\n\n\n<p>5-&nbsp;<a rel=\"noreferrer noopener\" href=\"https:\/\/www.anses.gob.ar\/consulta\/constancia-de-cuil\" target=\"_blank\">Constancia de CUIL.<\/a><\/p>\n\n\n\n<p>6- Certificado antecedentes penales.<\/p>\n\n\n\n<p>7- ORL (estudio otorrinolaringol\u00f3gico).<\/p>\n\n\n\n<p>8- Dos fotos carnet de 3x3cm, 4x4cm, 4X3,5cm o cualquier otra medida de foto carnet. Preferentemente color, puede ser blanco negro.<\/p>\n\n\n\n<p>7- Psicof\u00edsico expedido por CONI o&nbsp;<a rel=\"noreferrer noopener\" href=\"http:\/\/servicios.mendoza.gov.ar\/turnos\/\" target=\"_blank\">Turno de CONI<\/a>&nbsp;o Psicof\u00edsico expedido D.G.E.<\/p>\n\n\n\n<p>9- Cooperadora: Aporte \u00fanico anual de $15.000***. Puede pagar el total al momento de la inscripci\u00f3n o pautar una forma de pago en cuotas durante el a\u00f1o. Se puede realizar transferencia mediante billeteras virtuales o pagar en efectivo. ***(Monto sujeto a modificaci\u00f3n en noviembre del a\u00f1o en curso por Comisi\u00f3n Cooperadora).<\/p>\n\n\n\n<p>10- Ingresa aqu\u00ed a los&nbsp;<a rel=\"noreferrer noopener\" href=\"https:\/\/institutodelbicentenario-infd.mendoza.edu.ar\/sitio\/grupos-de-whatsapp-para-preingreso\/\" target=\"_blank\"><strong>grupos de WhatsApp para preingreso<\/strong><\/a>&nbsp;correspondiente a tu carrera.<\/p>\n\n\n\n<p><strong>Condiciones de presentaci\u00f3n de la documentaci\u00f3n:<\/strong><\/p>\n\n\n\n<p>\u2013 Las fotocopias deben presentarse junto a sus originales para la legalizaci\u00f3n al momento de la inscripci\u00f3n.<\/p>\n\n\n\n<p>\u2013 No debes enviar ninguna documentaci\u00f3n en parte o en su totalidad en formato digital por ning\u00fan medio. Debes entregarla impresa en forma presencial.<\/p>\n\n\n\n<p>\u2013 Esta documentaci\u00f3n puede ser entregada por un tercero o familiar.<\/p>\n\n\n\n<p><strong>Inscripci\u00f3n definitiva:<\/strong>&nbsp;La inscripci\u00f3n definitiva queda sujeta a la normativa que emane de la Direcci\u00f3n de Educaci\u00f3n Superior.<\/p>\n\n\n\n<p><strong>Ampliatoria de documentaci\u00f3n a entregar:<\/strong><\/p>\n\n\n\n<p>&#8211; Para la ficha de inscripci\u00f3n y ficha m\u00e9dica:<br>Descargar los archivos pdf, imprimir y completar a pu\u00f1o con lapicera:<\/p>\n\n\n\n<p><a href=\"https:\/\/institutodelbicentenario-infd.mendoza.edu.ar\/sitio\/wp-content\/uploads\/2025\/05\/Ficha-de-inscripcion-2026.pdf\" data-type=\"URL\" data-id=\"https:\/\/institutodelbicentenario-infd.mendoza.edu.ar\/sitio\/wp-content\/uploads\/2025\/05\/Ficha-de-inscripcion-2026.pdf\" target=\"_blank\" rel=\"noreferrer noopener\">Descargue aqu\u00ed&nbsp;ficha de inscripci\u00f3n.<\/a><\/p>\n\n\n\n<p><a rel=\"noreferrer noopener\" href=\"https:\/\/drive.google.com\/file\/d\/19MrSeLac_rE7-3Ygo5qCMNqnTDjSwlsp\/view?usp=sharing\" target=\"_blank\">Descargue aqu\u00ed ficha m\u00e9dica<\/a>.<\/p>\n\n\n\n<p>&#8211; Constancia de CUIL: Descargar e&nbsp; imprimir.&nbsp;<a href=\"https:\/\/www.anses.gob.ar\/consulta\/constancia-de-cuil\">Obtenga&nbsp;<\/a><a href=\"https:\/\/www.anses.gob.ar\/consulta\/constancia-de-cuil\">aqu\u00ed&nbsp;<\/a><a href=\"https:\/\/www.anses.gob.ar\/consulta\/constancia-de-cuil\">su constancia de CUIL.<\/a><\/p>\n\n\n\n<p>&#8211; Las fotocopias de la documentaci\u00f3n a presentar deben ser de frente y dorso de todas sus caras y deben estar acompa\u00f1adas de sus originales al momento de la presentaci\u00f3n para la legalizaci\u00f3n correspondiente, por lo que no es necesario legalizar la documentaci\u00f3n con anterioridad.<\/p>\n\n\n\n<p>&#8211; Psicof\u00edsico:<br><strong>Solo se acepta turno o certificado de salud emitido por CONI, o certificado de Salud Laboral para el \u00e1rea de D.G.E., Docente, vigente<\/strong>.&nbsp;<\/p>\n\n\n\n<p><a href=\"http:\/\/servicios.mendoza.gov.ar\/turnos\/\"><strong>Aqu\u00ed Turnos Web para CONI<\/strong><\/a>. En dicha p\u00e1gina usted debe seleccionar la opci\u00f3n de \u00abSALUD\u00bb y posteriormente \u00abCERTIFICADOS DE APTITUD EN CENTRO CONI\u00bb, Tr\u00e1mite:&nbsp;\u00abESTUDIOS SECUNDARIO \/ UNIVERSITARIO\u00bb y seguir los pasos. <\/p>\n\n\n\n<p><strong>Tel\u00e9fonos para obtener turno<\/strong>: 0261 \u2013 4251124 \/ 4252807 o al 4252882 de lunes a viernes de 11:00 a 12:00 hs. Se debe presentar el turno o captura de pantalla impresa del turno hasta obtener el definitivo. <\/p>\n\n\n\n<p>Para realizar el pago de los estudios puede guardar el comprobante en formato pdf o captura de pantalla y pagarlo en cualquier sucursal del Banco de la Naci\u00f3n Argentina. El Centro CONI no est\u00e1 entregando\u00a0<a href=\"https:\/\/www.mendoza.gov.ar\/servicios\/turnos\/\">turnos<\/a>\u00a0con normalidad. Nuestra Instituci\u00f3n desconoce cu\u00e1ndo se normalizar\u00e1 esta situaci\u00f3n. Por este motivo, por favor, insista diariamente para la obtenci\u00f3n de uno.<\/p>\n\n\n\n<p>&#8211; Ingrese aqui al <a rel=\"noreferrer noopener\" href=\"https:\/\/institutodelbicentenario-infd.mendoza.edu.ar\/sitio\/grupos-de-whatsapp-para-preingreso\/\" data-type=\"URL\" data-id=\"https:\/\/institutodelbicentenario-infd.mendoza.edu.ar\/sitio\/grupos-de-whatsapp-para-preingreso\/\" target=\"_blank\"><strong>Grupo de preingreso de WhatsApp<\/strong><\/a> correspondiente a su carrera.<\/p>\n\n\n\n<p><strong>Se puede presentar la documentaci\u00f3n hasta el 30 de junio del ciclo lectivo para el cual te inscrib\u00eds. Posterior a esta fecha se pierde la condici\u00f3n de alumno regular de la Instituci\u00f3n, por lo que no podr\u00e1 seguir cursando. <\/strong><\/p>\n\n\n\n<p class=\"has-text-align-center\"><strong>M\u00e1s informaci\u00f3n<\/strong><\/p>\n\n\n\n<figure class=\"wp-block-table\"><table><tbody><tr><td class=\"has-text-align-center\" data-align=\"center\"><a href=\"https:\/\/institutodelbicentenario-infd.mendoza.edu.ar\/sitio\/preguntas-frecuentes\/\">Preguntas frecuentes<\/a><\/td><td class=\"has-text-align-center\" data-align=\"center\"><a href=\"https:\/\/institutodelbicentenario-infd.mendoza.edu.ar\/sitio\/informacion-institucional\/\">Informaci\u00f3n Institucional<\/a><\/td><\/tr><tr><td class=\"has-text-align-center\" data-align=\"center\"><a href=\"https:\/\/institutodelbicentenario-infd.mendoza.edu.ar\/sitio\/pases-y-equivalencias\/\">Pases, equivalencias<\/a><\/td><td class=\"has-text-align-center\" data-align=\"center\"><a href=\"https:\/\/institutodelbicentenario-infd.mendoza.edu.ar\/sitio\/ambientacion\/\">Ambientaci\u00f3n<\/a><\/td><\/tr><tr><td class=\"has-text-align-center\" data-align=\"center\"><a href=\"https:\/\/institutodelbicentenario-infd.mendoza.edu.ar\/sitio\/reinscripcion\/\">Reinscripci\u00f3n<\/a><\/td><td class=\"has-text-align-center\" data-align=\"center\"><a href=\"https:\/\/institutodelbicentenario-infd.mendoza.edu.ar\/sitio\/ambientacion\/\">Cuadernillos de ambientaci\u00f3n<\/a><\/td><\/tr><tr><td class=\"has-text-align-center\" data-align=\"center\"><a href=\"https:\/\/institutodelbicentenario-infd.mendoza.edu.ar\/sitio\/adeudo-materias-del-secundario\/\">Adeudo materias del secundario<\/a><\/td><td class=\"has-text-align-center\" data-align=\"center\"><a href=\"https:\/\/institutodelbicentenario-infd.mendoza.edu.ar\/sitio\/becas-progresar\/\">Becas Progresar<\/a><\/td><\/tr><tr><td class=\"has-text-align-center\" data-align=\"center\"><a href=\"https:\/\/institutodelbicentenario-infd.mendoza.edu.ar\/sitio\/articulo-7\/\">Secundario Incompleto (Art.7)<\/a><\/td><td class=\"has-text-align-center\" data-align=\"center\"><a href=\"https:\/\/institutodelbicentenario-infd.mendoza.edu.ar\/sitio\/autoridades\/\">Autoridades<\/a><\/td><\/tr><tr><td class=\"has-text-align-center\" data-align=\"center\"><a href=\"https:\/\/institutodelbicentenario-infd.mendoza.edu.ar\/sitio\/ubicacion\/\" target=\"_blank\" rel=\"noreferrer noopener\">Ubicaci\u00f3n de Sedes<\/a><\/td><td class=\"has-text-align-center\" data-align=\"center\"><a href=\"https:\/\/institutodelbicentenario-infd.mendoza.edu.ar\/sitio\/abonos\/\">Abonos<\/a><\/td><\/tr><tr><td class=\"has-text-align-center\" data-align=\"center\"><a href=\"https:\/\/institutodelbicentenario-infd.mendoza.edu.ar\/sitio\/informacion-institucional\/\">Tel\u00e9fonos<\/a><\/td><td class=\"has-text-align-center\" data-align=\"center\"><a href=\"https:\/\/www.facebook.com\/I.S.F.D.T.9030.Del.Bicentenario\/\">Facebook<\/a><\/td><\/tr><tr><td class=\"has-text-align-center\" data-align=\"center\"><a href=\"https:\/\/institutodelbicentenario-infd.mendoza.edu.ar\/sitio\/informacion-institucional\/\">Horarios de&nbsp;<\/a><a href=\"https:\/\/institutodelbicentenario-infd.mendoza.edu.ar\/sitio\/informacion-institucional\/\" target=\"_blank\" rel=\"noreferrer noopener\">cursado<\/a><\/td><td class=\"has-text-align-center\" data-align=\"center\"><a href=\"https:\/\/www.instagram.com\/isfdyt9030\/?hl=es-la\">Instagram<\/a><\/td><\/tr><tr><td class=\"has-text-align-center\" data-align=\"center\"><a href=\"https:\/\/institutodelbicentenario-infd.mendoza.edu.ar\/sitio\/informacion-institucional\/\">Horarios de<\/a><a href=\"https:\/\/institutodelbicentenario-infd.mendoza.edu.ar\/sitio\/informacion-institucional\/\">&nbsp;atenci\u00f3n<\/a><\/td><td class=\"has-text-align-center\" data-align=\"center\"><a href=\"https:\/\/institutodelbicentenario-infd.mendoza.edu.ar\/sitio\/contacto\/\" target=\"_blank\" rel=\"noreferrer noopener\">Consultas<\/a><\/td><\/tr><\/tbody><\/table><\/figure>\n","protected":false},"excerpt":{"rendered":"<p>DOCUMENTACI\u00d3N DE LEGAJO La documentaci\u00f3n de legajo se puede entregar hasta el 30 de junio del a\u00f1o en el que empesas a cursar por lo que hay plazo suficiente para completarlo. Asist\u00ed con tu DNI y asegura tu vacante. Requisitos: Documentaci\u00f3n que se deber\u00e1 presentar en la&nbsp;Sede&nbsp;de cursado correspondiente: 1- Descargar, imprimir y completar la&nbsp;ficha &#8230; <a title=\"Documentaci\u00f3n de legajo\" class=\"read-more\" href=\"https:\/\/institutodelbicentenario-infd.mendoza.edu.ar\/sitio\/dl\/\" aria-label=\"More on Documentaci\u00f3n de legajo\">[+]<\/a><\/p>\n","protected":false},"author":646,"featured_media":0,"parent":0,"menu_order":0,"comment_status":"closed","ping_status":"closed","template":"","meta":[],"acf":[],"_links":{"self":[{"href":"https:\/\/institutodelbicentenario-infd.mendoza.edu.ar\/sitio\/wp-json\/wp\/v2\/pages\/9795"}],"collection":[{"href":"https:\/\/institutodelbicentenario-infd.mendoza.edu.ar\/sitio\/wp-json\/wp\/v2\/pages"}],"about":[{"href":"https:\/\/institutodelbicentenario-infd.mendoza.edu.ar\/sitio\/wp-json\/wp\/v2\/types\/page"}],"author":[{"embeddable":true,"href":"https:\/\/institutodelbicentenario-infd.mendoza.edu.ar\/sitio\/wp-json\/wp\/v2\/users\/646"}],"replies":[{"embeddable":true,"href":"https:\/\/institutodelbicentenario-infd.mendoza.edu.ar\/sitio\/wp-json\/wp\/v2\/comments?post=9795"}],"version-history":[{"count":30,"href":"https:\/\/institutodelbicentenario-infd.mendoza.edu.ar\/sitio\/wp-json\/wp\/v2\/pages\/9795\/revisions"}],"predecessor-version":[{"id":13338,"href":"https:\/\/institutodelbicentenario-infd.mendoza.edu.ar\/sitio\/wp-json\/wp\/v2\/pages\/9795\/revisions\/13338"}],"wp:attachment":[{"href":"https:\/\/institutodelbicentenario-infd.mendoza.edu.ar\/sitio\/wp-json\/wp\/v2\/media?parent=9795"}],"curies":[{"name":"wp","href":"https:\/\/api.w.org\/{rel}","templated":true}]}}