{"id":9746,"date":"2023-10-06T09:31:12","date_gmt":"2023-10-06T12:31:12","guid":{"rendered":"https:\/\/institutodelbicentenario-infd.mendoza.edu.ar\/sitio\/?page_id=9746"},"modified":"2026-03-31T12:18:54","modified_gmt":"2026-03-31T15:18:54","slug":"tecnicatura-construcciones","status":"publish","type":"page","link":"https:\/\/institutodelbicentenario-infd.mendoza.edu.ar\/sitio\/tecnicatura-construcciones\/","title":{"rendered":"Tecnicatura Construcciones"},"content":{"rendered":"\n<p class=\"has-text-align-center\"><strong>Tecnicatura Superior en Construcciones Livianas Industrializadas y Servicios<\/strong><\/p>\n\n\n\n<p class=\"has-text-align-center\">&#x1f449;<strong><a rel=\"noreferrer noopener\" href=\"https:\/\/institutodelbicentenario-infd.mendoza.edu.ar\/sitio\/inscripciones-abiertas\/\" data-type=\"URL\" data-id=\"https:\/\/institutodelbicentenario-infd.mendoza.edu.ar\/sitio\/inscripciones-abiertas\/\" target=\"_blank\">INSCRIPCIONES AQU\u00cd<\/a><\/strong>&#x1f448;<\/p>\n\n\n\n<p class=\"has-text-align-left\"><em><strong>Caracter\u00edsticas:<\/strong><\/em><br>Carrera: gratuita. Cursado: presencial. Duraci\u00f3n: 3 a\u00f1os. T\u00edtulo: de grado. Validez: Nacional. Sede, turno y horarios de cursado:\u00a0<a rel=\"noreferrer noopener\" href=\"https:\/\/institutodelbicentenario-infd.mendoza.edu.ar\/sitio\/hc\/\" target=\"_blank\">Aqu\u00ed<\/a>. Ubicaci\u00f3n de Sedes:\u00a0<a rel=\"noreferrer noopener\" href=\"https:\/\/institutodelbicentenario-infd.mendoza.edu.ar\/sitio\/ubicacion\/\" target=\"_blank\">Aqu\u00ed<\/a>. Inscripciones:\u00a0<a rel=\"noreferrer noopener\" href=\"https:\/\/institutodelbicentenario-infd.mendoza.edu.ar\/sitio\/inscripciones-abiertas\/\" target=\"_blank\">Aqu\u00ed<\/a><a rel=\"noreferrer noopener\" href=\"https:\/\/institutodelbicentenario-infd.mendoza.edu.ar\/sitio\/ia\/\" target=\"_blank\">.<\/a><\/p>\n\n\n\n<p class=\"has-text-align-center\"><strong><a rel=\"noreferrer noopener\" href=\"https:\/\/institutodelbicentenario-infd.mendoza.edu.ar\/sitio\/wp-content\/uploads\/2025\/07\/RESOL-2023-6201-GDEMZA-DGE_-_Tecnicatura_Superior__231019_121541.pdf\" target=\"_blank\">Plan de estudios<\/a><\/strong><\/p>\n\n\n\n<p><em><strong>Descripci\u00f3n:<\/strong><\/em><br>La carrera tiene un gran componente en sistema de construcciones livianas amigables con el medio ambiente, por su alto grado de aislaci\u00f3n de los materiales que hoy se encuentran disponibles en el mercado.<br>La trayectoria de Servicios b\u00e1sicos en la Construcci\u00f3n, aborda las caracter\u00edsticas propias de la Industria, su posici\u00f3n como actividad econ\u00f3mica en el pa\u00eds y la provincia, sus particularidades y perspectivas. En la misma, se propone brindar los conocimientos b\u00e1sicos sobre la terminolog\u00eda general de la industria de la construcci\u00f3n y se orienta a la adquisici\u00f3n de las capacidades que le permitan al estudiante conocer las propiedades, caracter\u00edsticas y modo de uso de los equipos, m\u00e1quinas y herramientas, conocimientos de instalaci\u00f3n, gesti\u00f3n y direcci\u00f3n de servicios el\u00e9ctricos, sanitarios y de gas; as\u00ed como tambi\u00e9n reconocer las propiedades de los materiales de aplicaci\u00f3n, las operaciones a desarrollar y las condiciones de trabajo dentro de la obra y la instalaci\u00f3n de los mismos siguiendo el criterio de eficiencia energ\u00e9tica, a partir de la interpretaci\u00f3n y dise\u00f1o de planimetr\u00eda.<\/p>\n\n\n\n<p><em><strong>Donde trabajar:<\/strong><\/em><br>Empresas constructoras; atenci\u00f3n y comercializaci\u00f3n de componentes de construcciones livianas y afines. Emprendimientos personales para equipos de montaje. Oficinas del Estado relacionadas con Obras P\u00fablicas y\/o Privadas. Municipalidades. Mantenimiento de establecimientos. Instalaciones el\u00e9ctricas, sanitarias y de gas.<\/p>\n\n\n\n<p class=\"has-text-align-center\"><strong>M\u00e1s informaci\u00f3n<\/strong><\/p>\n\n\n\n<figure class=\"wp-block-table\"><table><tbody><tr><td class=\"has-text-align-center\" data-align=\"center\"><a href=\"https:\/\/institutodelbicentenario-infd.mendoza.edu.ar\/sitio\/preguntas-frecuentes\/\">Preguntas frecuentes<\/a><\/td><td class=\"has-text-align-center\" data-align=\"center\"><a href=\"https:\/\/institutodelbicentenario-infd.mendoza.edu.ar\/sitio\/informacion-institucional\/\">Informaci\u00f3n Institucional<\/a><\/td><\/tr><tr><td class=\"has-text-align-center\" data-align=\"center\"><a href=\"https:\/\/institutodelbicentenario-infd.mendoza.edu.ar\/sitio\/pases-y-equivalencias\/\">Pases, equivalencias<\/a><\/td><td class=\"has-text-align-center\" data-align=\"center\"><a href=\"https:\/\/institutodelbicentenario-infd.mendoza.edu.ar\/sitio\/ambientacion\/\">Ambientaci\u00f3n<\/a><\/td><\/tr><tr><td class=\"has-text-align-center\" data-align=\"center\"><a href=\"https:\/\/institutodelbicentenario-infd.mendoza.edu.ar\/sitio\/reinscripcion\/\">Reinscripci\u00f3n<\/a><\/td><td class=\"has-text-align-center\" data-align=\"center\"><a href=\"https:\/\/institutodelbicentenario-infd.mendoza.edu.ar\/sitio\/ambientacion\/\">Cuadernillos de ambientaci\u00f3n<\/a><\/td><\/tr><tr><td class=\"has-text-align-center\" data-align=\"center\"><a href=\"https:\/\/institutodelbicentenario-infd.mendoza.edu.ar\/sitio\/adeudo-materias-del-secundario\/\">Adeudo materias del secundario<\/a><\/td><td class=\"has-text-align-center\" data-align=\"center\"><a href=\"https:\/\/institutodelbicentenario-infd.mendoza.edu.ar\/sitio\/becas-progresar\/\">Becas Progresar<\/a><\/td><\/tr><tr><td class=\"has-text-align-center\" data-align=\"center\"><a href=\"https:\/\/institutodelbicentenario-infd.mendoza.edu.ar\/sitio\/articulo-7\/\">Secundario Incompleto (Art.7)<\/a><\/td><td class=\"has-text-align-center\" data-align=\"center\"><a href=\"https:\/\/institutodelbicentenario-infd.mendoza.edu.ar\/sitio\/autoridades\/\">Autoridades<\/a><\/td><\/tr><tr><td class=\"has-text-align-center\" data-align=\"center\"><a href=\"https:\/\/institutodelbicentenario-infd.mendoza.edu.ar\/sitio\/ubicacion\/\" target=\"_blank\" rel=\"noreferrer noopener\">Ubicaci\u00f3n de Sedes<\/a><\/td><td class=\"has-text-align-center\" data-align=\"center\"><a href=\"https:\/\/institutodelbicentenario-infd.mendoza.edu.ar\/sitio\/abonos\/\">Abonos<\/a><\/td><\/tr><tr><td class=\"has-text-align-center\" data-align=\"center\"><a href=\"https:\/\/institutodelbicentenario-infd.mendoza.edu.ar\/sitio\/informacion-institucional\/\">Tel\u00e9fonos<\/a><\/td><td class=\"has-text-align-center\" data-align=\"center\"><a href=\"https:\/\/www.facebook.com\/I.S.F.D.T.9030.Del.Bicentenario\/\">Facebook<\/a><\/td><\/tr><tr><td class=\"has-text-align-center\" data-align=\"center\"><a href=\"https:\/\/institutodelbicentenario-infd.mendoza.edu.ar\/sitio\/informacion-institucional\/\">Horarios de&nbsp;<\/a><a href=\"https:\/\/institutodelbicentenario-infd.mendoza.edu.ar\/sitio\/informacion-institucional\/\" target=\"_blank\" rel=\"noreferrer noopener\">cursado<\/a><\/td><td class=\"has-text-align-center\" data-align=\"center\"><a href=\"https:\/\/www.instagram.com\/isfdyt9030\/?hl=es-la\">Instagram<\/a><\/td><\/tr><tr><td class=\"has-text-align-center\" data-align=\"center\"><a href=\"https:\/\/institutodelbicentenario-infd.mendoza.edu.ar\/sitio\/informacion-institucional\/\">Horarios de<\/a><a href=\"https:\/\/institutodelbicentenario-infd.mendoza.edu.ar\/sitio\/informacion-institucional\/\">&nbsp;atenci\u00f3n<\/a><\/td><td class=\"has-text-align-center\" data-align=\"center\"><a href=\"https:\/\/institutodelbicentenario-infd.mendoza.edu.ar\/sitio\/contacto\/\" target=\"_blank\" rel=\"noreferrer noopener\">Consultas<\/a><\/td><\/tr><\/tbody><\/table><\/figure>\n\n\n\n<p class=\"has-text-align-center\"><a href=\"https:\/\/www.facebook.com\/hashtag\/isfdyt9030?source=feed_text&amp;epa=HASHTAG&amp;__xts__%5B0%5D=68.ARDZRNqp34i-UCDPmbTQABQan4iwdXwA1l28Hwl36yeXd8aZacM1sS4gSlaLtiMZwd7KKfCP8fP8Q35zfJPpnIAltLra5wrowNXVhoEa-BHarZ9s1po2oUr7oIiCekKekLjhiQwY-i9oCmZRyrCWxRJbXU4-n-qqOfeXMfLZYZQkNrsn3NT-67r4ypbonnJg5EzLHU4_Ny0TUPsuuPh6LRtRJRwuEEEvZhomxOqzyAQghy6xd9v4W2IbvGb9W7NXBna4SKArxrOcPw_1HYWEoJ06ktBQKR1j_i1tqDShpQfBtEwrgVibb_KBu4dW-zys8b1FggR7mcJmveMDRqp2gFLJUarO&amp;__tn__=%2ANK-R\" target=\"_blank\" rel=\"noreferrer noopener\">#isfdyt9030<\/a><\/p>\n\n\n\n<p class=\"has-text-align-center\"><a href=\"https:\/\/www.facebook.com\/hashtag\/isfdyt9030?source=feed_text&amp;epa=HASHTAG&amp;__xts__%5B0%5D=68.ARDZRNqp34i-UCDPmbTQABQan4iwdXwA1l28Hwl36yeXd8aZacM1sS4gSlaLtiMZwd7KKfCP8fP8Q35zfJPpnIAltLra5wrowNXVhoEa-BHarZ9s1po2oUr7oIiCekKekLjhiQwY-i9oCmZRyrCWxRJbXU4-n-qqOfeXMfLZYZQkNrsn3NT-67r4ypbonnJg5EzLHU4_Ny0TUPsuuPh6LRtRJRwuEEEvZhomxOqzyAQghy6xd9v4W2IbvGb9W7NXBna4SKArxrOcPw_1HYWEoJ06ktBQKR1j_i1tqDShpQfBtEwrgVibb_KBu4dW-zys8b1FggR7mcJmveMDRqp2gFLJUarO&amp;__tn__=%2ANK-R\" target=\"_blank\" rel=\"noreferrer noopener\">#institutodelbicentenario<\/a><\/p>\n\n\n\n<p class=\"has-text-align-center\"><a rel=\"noreferrer noopener\" href=\"https:\/\/www.facebook.com\/hashtag\/educasionsuperior\" target=\"_blank\"><\/a><a rel=\"noreferrer noopener\" href=\"https:\/\/www.facebook.com\/hashtag\/educasionsuperior\" target=\"_blank\">#educacionsuperior<\/a><\/p>\n","protected":false},"excerpt":{"rendered":"<p>Tecnicatura Superior en Construcciones Livianas Industrializadas y Servicios &#x1f449;INSCRIPCIONES AQU\u00cd&#x1f448; Caracter\u00edsticas:Carrera: gratuita. Cursado: presencial. Duraci\u00f3n: 3 a\u00f1os. T\u00edtulo: de grado. Validez: Nacional. Sede, turno y horarios de cursado:\u00a0Aqu\u00ed. Ubicaci\u00f3n de Sedes:\u00a0Aqu\u00ed. Inscripciones:\u00a0Aqu\u00ed. Plan de estudios Descripci\u00f3n:La carrera tiene un gran componente en sistema de construcciones livianas amigables con el medio ambiente, por su alto grado &#8230; <a title=\"Tecnicatura Construcciones\" class=\"read-more\" href=\"https:\/\/institutodelbicentenario-infd.mendoza.edu.ar\/sitio\/tecnicatura-construcciones\/\" aria-label=\"More on Tecnicatura Construcciones\">[+]<\/a><\/p>\n","protected":false},"author":646,"featured_media":0,"parent":0,"menu_order":0,"comment_status":"closed","ping_status":"closed","template":"","meta":[],"acf":[],"_links":{"self":[{"href":"https:\/\/institutodelbicentenario-infd.mendoza.edu.ar\/sitio\/wp-json\/wp\/v2\/pages\/9746"}],"collection":[{"href":"https:\/\/institutodelbicentenario-infd.mendoza.edu.ar\/sitio\/wp-json\/wp\/v2\/pages"}],"about":[{"href":"https:\/\/institutodelbicentenario-infd.mendoza.edu.ar\/sitio\/wp-json\/wp\/v2\/types\/page"}],"author":[{"embeddable":true,"href":"https:\/\/institutodelbicentenario-infd.mendoza.edu.ar\/sitio\/wp-json\/wp\/v2\/users\/646"}],"replies":[{"embeddable":true,"href":"https:\/\/institutodelbicentenario-infd.mendoza.edu.ar\/sitio\/wp-json\/wp\/v2\/comments?post=9746"}],"version-history":[{"count":17,"href":"https:\/\/institutodelbicentenario-infd.mendoza.edu.ar\/sitio\/wp-json\/wp\/v2\/pages\/9746\/revisions"}],"predecessor-version":[{"id":13369,"href":"https:\/\/institutodelbicentenario-infd.mendoza.edu.ar\/sitio\/wp-json\/wp\/v2\/pages\/9746\/revisions\/13369"}],"wp:attachment":[{"href":"https:\/\/institutodelbicentenario-infd.mendoza.edu.ar\/sitio\/wp-json\/wp\/v2\/media?parent=9746"}],"curies":[{"name":"wp","href":"https:\/\/api.w.org\/{rel}","templated":true}]}}