{"id":9553,"date":"2023-08-28T11:35:21","date_gmt":"2023-08-28T14:35:21","guid":{"rendered":"https:\/\/institutodelbicentenario-infd.mendoza.edu.ar\/sitio\/?page_id=9553"},"modified":"2026-02-02T19:15:54","modified_gmt":"2026-02-02T22:15:54","slug":"mantenimiento-de-hardware-del-piso-tecnologico","status":"publish","type":"page","link":"https:\/\/institutodelbicentenario-infd.mendoza.edu.ar\/sitio\/mantenimiento-de-hardware-del-piso-tecnologico\/","title":{"rendered":"Mantenimiento de Hardware del Piso tecnol\u00f3gico"},"content":{"rendered":"\n<p class=\"has-text-align-center\"><strong>Mantenimiento de Hardware del Piso tecnol\u00f3gico<\/strong><\/p>\n\n\n\n<p>EL Prof. se desempe\u00f1a como Coordinador Institucional del Proyecto Educativo para la planificaci\u00f3n, direcci\u00f3n, implementaci\u00f3n, ejecuci\u00f3n, administraci\u00f3n y monitoreo en el \u201cMantenimiento de Hardware del Piso tecnol\u00f3gico\u201d, desde el 20\/03\/2018 y continua, donde se atiende y contemplan necesidades de reparaci\u00f3n a nivel de hardwar. El proyecto se encuentra en funcionamiento y permanente desarrollo.<\/p>\n\n\n\n<p>Descripci\u00f3n breve: El mantenimiento de un piso tecnol\u00f3gico es una tarea crucial para garantizar el funcionamiento \u00f3ptimo de los equipos y la infraestructura del espacio. Es esencial para mantener la eficiencia, la productividad y la seguridad del lugar, as\u00ed como para extender la vida \u00fatil de los activos tecnol\u00f3gicos. Para lograr un mantenimiento efectivo del piso tecnol\u00f3gico, es importante seguir un enfoque sistem\u00e1tico y proactivo que abarque la planificaci\u00f3n, la direcci\u00f3n, la administraci\u00f3n, la implementaci\u00f3n, la gesti\u00f3n, la ejecuci\u00f3n, el monitoreo y el mantenimiento continuo. Este proyecto educativo cuenta con \u201cSOPORTE T\u00c9CNICO DE NIVEL 3\u201d, brindado por el coordinador.<\/p>\n\n\n\n<p>Ultimos Avances:<\/p>\n\n\n\n<p>28\/08\/2023<\/p>\n\n\n\n<p>Se reinstalo el rack del piso tecnol\u00f3gico para dar mejor visi\u00f3n a los alumnos dentro del aula.<\/p>\n\n\n\n<p>Para tal cometido se debe retirar todo el equipamiento dentro del rack y reinstalar.<\/p>\n\n\n\n<div class=\"wp-block-columns is-layout-flex wp-container-4\">\n<div class=\"wp-block-column is-layout-flow\"><div class=\"wp-block-image\">\n<figure class=\"aligncenter size-full\"><img decoding=\"async\" loading=\"lazy\" width=\"900\" height=\"1600\" src=\"https:\/\/institutodelbicentenario-infd.mendoza.edu.ar\/sitio\/wp-content\/uploads\/2023\/08\/WhatsApp-Image-2023-08-28-at-11.09.12.jpeg\" alt=\"\" class=\"wp-image-9549\" srcset=\"https:\/\/institutodelbicentenario-infd.mendoza.edu.ar\/sitio\/wp-content\/uploads\/2023\/08\/WhatsApp-Image-2023-08-28-at-11.09.12.jpeg 900w, https:\/\/institutodelbicentenario-infd.mendoza.edu.ar\/sitio\/wp-content\/uploads\/2023\/08\/WhatsApp-Image-2023-08-28-at-11.09.12-563x1000.jpeg 563w, https:\/\/institutodelbicentenario-infd.mendoza.edu.ar\/sitio\/wp-content\/uploads\/2023\/08\/WhatsApp-Image-2023-08-28-at-11.09.12-768x1365.jpeg 768w, https:\/\/institutodelbicentenario-infd.mendoza.edu.ar\/sitio\/wp-content\/uploads\/2023\/08\/WhatsApp-Image-2023-08-28-at-11.09.12-864x1536.jpeg 864w\" sizes=\"(max-width: 900px) 100vw, 900px\" \/><figcaption class=\"wp-element-caption\">Posici\u00f3n original.<\/figcaption><\/figure><\/div><\/div>\n\n\n\n<div class=\"wp-block-column is-layout-flow\"><div class=\"wp-block-image\">\n<figure class=\"aligncenter size-full\"><img decoding=\"async\" loading=\"lazy\" width=\"900\" height=\"1600\" src=\"https:\/\/institutodelbicentenario-infd.mendoza.edu.ar\/sitio\/wp-content\/uploads\/2023\/08\/WhatsApp-Image-2023-08-28-at-11.10.25.jpeg\" alt=\"\" class=\"wp-image-9550\" srcset=\"https:\/\/institutodelbicentenario-infd.mendoza.edu.ar\/sitio\/wp-content\/uploads\/2023\/08\/WhatsApp-Image-2023-08-28-at-11.10.25.jpeg 900w, https:\/\/institutodelbicentenario-infd.mendoza.edu.ar\/sitio\/wp-content\/uploads\/2023\/08\/WhatsApp-Image-2023-08-28-at-11.10.25-563x1000.jpeg 563w, https:\/\/institutodelbicentenario-infd.mendoza.edu.ar\/sitio\/wp-content\/uploads\/2023\/08\/WhatsApp-Image-2023-08-28-at-11.10.25-768x1365.jpeg 768w, https:\/\/institutodelbicentenario-infd.mendoza.edu.ar\/sitio\/wp-content\/uploads\/2023\/08\/WhatsApp-Image-2023-08-28-at-11.10.25-864x1536.jpeg 864w\" sizes=\"(max-width: 900px) 100vw, 900px\" \/><figcaption class=\"wp-element-caption\">Proceso.<\/figcaption><\/figure><\/div><\/div>\n\n\n\n<div class=\"wp-block-column is-layout-flow\"><div class=\"wp-block-image\">\n<figure class=\"aligncenter size-full\"><img decoding=\"async\" loading=\"lazy\" width=\"900\" height=\"1600\" src=\"https:\/\/institutodelbicentenario-infd.mendoza.edu.ar\/sitio\/wp-content\/uploads\/2023\/08\/WhatsApp-Image-2023-08-28-at-11.09.48.jpeg\" alt=\"\" class=\"wp-image-9551\" srcset=\"https:\/\/institutodelbicentenario-infd.mendoza.edu.ar\/sitio\/wp-content\/uploads\/2023\/08\/WhatsApp-Image-2023-08-28-at-11.09.48.jpeg 900w, https:\/\/institutodelbicentenario-infd.mendoza.edu.ar\/sitio\/wp-content\/uploads\/2023\/08\/WhatsApp-Image-2023-08-28-at-11.09.48-563x1000.jpeg 563w, https:\/\/institutodelbicentenario-infd.mendoza.edu.ar\/sitio\/wp-content\/uploads\/2023\/08\/WhatsApp-Image-2023-08-28-at-11.09.48-768x1365.jpeg 768w, https:\/\/institutodelbicentenario-infd.mendoza.edu.ar\/sitio\/wp-content\/uploads\/2023\/08\/WhatsApp-Image-2023-08-28-at-11.09.48-864x1536.jpeg 864w\" sizes=\"(max-width: 900px) 100vw, 900px\" \/><figcaption class=\"wp-element-caption\">Resultado y se continua.<\/figcaption><\/figure><\/div><\/div>\n<\/div>\n\n\n\n<p>A s\u00ed mismo se instal\u00f3 un switch POE para que a la brevedad cada curso tenga un punto de acceso y modificar el tipo de instalaci\u00f3n existente donde solo se pueden utilizar 2 puntos de acceso para docentes.<\/p>\n\n\n\n<p class=\"has-text-align-center\"><strong>T.I.C.<\/strong><\/p>\n\n\n\n<p class=\"has-text-align-center\"><a href=\"https:\/\/www.facebook.com\/hashtag\/isfdyt9030?__eep__=6&amp;__cft__%5b0%5d=AZUAeS2qce_O__6ax4kGqAHbwvxa_6RmNTOc3B8Gz8JEBOUO-S0BKSt6r7jSxIPjJiGjJfpxX5yHEn3zYOwL7s8VoNgtSv43O_a5bq-Sti_8MmbUwfbmDs1Skukl7lDnDrE&amp;__tn__=*NK-R\">#isfdyt9030<\/a><\/p>\n\n\n\n<p class=\"has-text-align-center\"><a href=\"https:\/\/www.facebook.com\/hashtag\/institutodelbicentenario?__eep__=6&amp;__cft__%5b0%5d=AZUAeS2qce_O__6ax4kGqAHbwvxa_6RmNTOc3B8Gz8JEBOUO-S0BKSt6r7jSxIPjJiGjJfpxX5yHEn3zYOwL7s8VoNgtSv43O_a5bq-Sti_8MmbUwfbmDs1Skukl7lDnDrE&amp;__tn__=*NK-R\">#institutodelbicentenario<\/a><\/p>\n\n\n\n<p class=\"has-text-align-center\"><a href=\"https:\/\/www.facebook.com\/hashtag\/educacionsuperior?__eep__=6&amp;__cft__%5b0%5d=AZUAeS2qce_O__6ax4kGqAHbwvxa_6RmNTOc3B8Gz8JEBOUO-S0BKSt6r7jSxIPjJiGjJfpxX5yHEn3zYOwL7s8VoNgtSv43O_a5bq-Sti_8MmbUwfbmDs1Skukl7lDnDrE&amp;__tn__=*NK-R\">#educacionsuperior<\/a><\/p>\n","protected":false},"excerpt":{"rendered":"<p>Mantenimiento de Hardware del Piso tecnol\u00f3gico EL Prof. se desempe\u00f1a como Coordinador Institucional del Proyecto Educativo para la planificaci\u00f3n, direcci\u00f3n, implementaci\u00f3n, ejecuci\u00f3n, administraci\u00f3n y monitoreo en el \u201cMantenimiento de Hardware del Piso tecnol\u00f3gico\u201d, desde el 20\/03\/2018 y continua, donde se atiende y contemplan necesidades de reparaci\u00f3n a nivel de hardwar. El proyecto se encuentra en &#8230; <a title=\"Mantenimiento de Hardware del Piso tecnol\u00f3gico\" class=\"read-more\" href=\"https:\/\/institutodelbicentenario-infd.mendoza.edu.ar\/sitio\/mantenimiento-de-hardware-del-piso-tecnologico\/\" aria-label=\"More on Mantenimiento de Hardware del Piso tecnol\u00f3gico\">[+]<\/a><\/p>\n","protected":false},"author":646,"featured_media":0,"parent":0,"menu_order":0,"comment_status":"closed","ping_status":"closed","template":"","meta":[],"acf":[],"_links":{"self":[{"href":"https:\/\/institutodelbicentenario-infd.mendoza.edu.ar\/sitio\/wp-json\/wp\/v2\/pages\/9553"}],"collection":[{"href":"https:\/\/institutodelbicentenario-infd.mendoza.edu.ar\/sitio\/wp-json\/wp\/v2\/pages"}],"about":[{"href":"https:\/\/institutodelbicentenario-infd.mendoza.edu.ar\/sitio\/wp-json\/wp\/v2\/types\/page"}],"author":[{"embeddable":true,"href":"https:\/\/institutodelbicentenario-infd.mendoza.edu.ar\/sitio\/wp-json\/wp\/v2\/users\/646"}],"replies":[{"embeddable":true,"href":"https:\/\/institutodelbicentenario-infd.mendoza.edu.ar\/sitio\/wp-json\/wp\/v2\/comments?post=9553"}],"version-history":[{"count":5,"href":"https:\/\/institutodelbicentenario-infd.mendoza.edu.ar\/sitio\/wp-json\/wp\/v2\/pages\/9553\/revisions"}],"predecessor-version":[{"id":12946,"href":"https:\/\/institutodelbicentenario-infd.mendoza.edu.ar\/sitio\/wp-json\/wp\/v2\/pages\/9553\/revisions\/12946"}],"wp:attachment":[{"href":"https:\/\/institutodelbicentenario-infd.mendoza.edu.ar\/sitio\/wp-json\/wp\/v2\/media?parent=9553"}],"curies":[{"name":"wp","href":"https:\/\/api.w.org\/{rel}","templated":true}]}}