{"id":9348,"date":"2023-08-01T17:07:28","date_gmt":"2023-08-01T20:07:28","guid":{"rendered":"https:\/\/institutodelbicentenario-infd.mendoza.edu.ar\/sitio\/?page_id=9348"},"modified":"2026-02-02T16:03:11","modified_gmt":"2026-02-02T19:03:11","slug":"internet-docentes-central","status":"publish","type":"page","link":"https:\/\/institutodelbicentenario-infd.mendoza.edu.ar\/sitio\/internet-docentes-central\/","title":{"rendered":"Internet en sede Sarmiento"},"content":{"rendered":"\n<p class=\"has-text-align-center\"><strong>Internet en sede Sarmiento<\/strong><\/p>\n\n\n\n<p class=\"has-text-align-center\">Estimados docentes<\/p>\n\n\n\n<p class=\"has-text-align-center\">Se encuentra disponible el servicio de internet para docentes y alumnos para \u00abactividades academicas\u00bb.<\/p>\n\n\n\n<p class=\"has-text-align-center\">Para esto se debe solicitar la habilitaci\u00f3n del AP (router) en el aula que usted se encuentre y la contrase\u00f1a en bedel\u00eda.<\/p>\n\n\n\n<p class=\"has-text-align-center\">Si le es necesario, puede compartir con los alumnos la contrase\u00f1a para realizar la actividad que necesite. En este caso, una vez finalizada la clase debe dar aviso para se cambie la clave.<\/p>\n\n\n\n<p class=\"has-text-align-center\">Para el uso de internet en sala de profesores u otra actividad acad\u00e9mica es exactamente el mismo procedimiento.<\/p>\n\n\n\n<p class=\"has-text-align-center\">Para el uso de internet en los televisores puede seguir los siguientes procedimientos:<\/p>\n\n\n\n<p class=\"has-text-align-center\"><a rel=\"noreferrer noopener\" href=\"https:\/\/institutodelbicentenario-infd.mendoza.edu.ar\/sitio\/televisores\/\" data-type=\"URL\" data-id=\"https:\/\/institutodelbicentenario-infd.mendoza.edu.ar\/sitio\/televisores\/\" target=\"_blank\">Televisores<\/a><\/p>\n\n\n\n<p class=\"has-text-align-center\">Por cualquier otro inconveniente t\u00e9cnico de conexi\u00f3n debe enviar un mensaje de WhatsApp al <a rel=\"noreferrer noopener\" href=\"https:\/\/wa.me\/5492616170470\" target=\"_blank\">https:\/\/wa.me\/5492616170470<\/a><\/p>\n\n\n\n<p class=\"has-text-align-center\"><strong>Este mecanismo est\u00e1 pensado para que tanto docentes como alumnos puedan realizar actividades institucionales en el momento que lo requieran ya que el servicio de internet no es suficiente para toda la instituci\u00f3n.<\/strong><\/p>\n\n\n\n<p class=\"has-text-align-center\"><strong>T.I.C<\/strong>.<\/p>\n\n\n\n<p class=\"has-text-align-center\"><a href=\"https:\/\/www.facebook.com\/hashtag\/isfdyt9030?__eep__=6&amp;__cft__%5b0%5d=AZUAeS2qce_O__6ax4kGqAHbwvxa_6RmNTOc3B8Gz8JEBOUO-S0BKSt6r7jSxIPjJiGjJfpxX5yHEn3zYOwL7s8VoNgtSv43O_a5bq-Sti_8MmbUwfbmDs1Skukl7lDnDrE&amp;__tn__=*NK-R\">#isfdyt9030<\/a><\/p>\n\n\n\n<p class=\"has-text-align-center\"><a href=\"https:\/\/www.facebook.com\/hashtag\/institutodelbicentenario?__eep__=6&amp;__cft__%5b0%5d=AZUAeS2qce_O__6ax4kGqAHbwvxa_6RmNTOc3B8Gz8JEBOUO-S0BKSt6r7jSxIPjJiGjJfpxX5yHEn3zYOwL7s8VoNgtSv43O_a5bq-Sti_8MmbUwfbmDs1Skukl7lDnDrE&amp;__tn__=*NK-R\">#institutodelbicentenario<\/a><\/p>\n\n\n\n<p class=\"has-text-align-center\"><a href=\"https:\/\/www.facebook.com\/hashtag\/educacionsuperior?__eep__=6&amp;__cft__%5b0%5d=AZUAeS2qce_O__6ax4kGqAHbwvxa_6RmNTOc3B8Gz8JEBOUO-S0BKSt6r7jSxIPjJiGjJfpxX5yHEn3zYOwL7s8VoNgtSv43O_a5bq-Sti_8MmbUwfbmDs1Skukl7lDnDrE&amp;__tn__=*NK-R\">#educacionsuperior<\/a><\/p>\n","protected":false},"excerpt":{"rendered":"<p>Internet en sede Sarmiento Estimados docentes Se encuentra disponible el servicio de internet para docentes y alumnos para \u00abactividades academicas\u00bb. Para esto se debe solicitar la habilitaci\u00f3n del AP (router) en el aula que usted se encuentre y la contrase\u00f1a en bedel\u00eda. Si le es necesario, puede compartir con los alumnos la contrase\u00f1a para realizar &#8230; <a title=\"Internet en sede Sarmiento\" class=\"read-more\" href=\"https:\/\/institutodelbicentenario-infd.mendoza.edu.ar\/sitio\/internet-docentes-central\/\" aria-label=\"More on Internet en sede Sarmiento\">[+]<\/a><\/p>\n","protected":false},"author":646,"featured_media":0,"parent":0,"menu_order":0,"comment_status":"closed","ping_status":"closed","template":"","meta":[],"acf":[],"_links":{"self":[{"href":"https:\/\/institutodelbicentenario-infd.mendoza.edu.ar\/sitio\/wp-json\/wp\/v2\/pages\/9348"}],"collection":[{"href":"https:\/\/institutodelbicentenario-infd.mendoza.edu.ar\/sitio\/wp-json\/wp\/v2\/pages"}],"about":[{"href":"https:\/\/institutodelbicentenario-infd.mendoza.edu.ar\/sitio\/wp-json\/wp\/v2\/types\/page"}],"author":[{"embeddable":true,"href":"https:\/\/institutodelbicentenario-infd.mendoza.edu.ar\/sitio\/wp-json\/wp\/v2\/users\/646"}],"replies":[{"embeddable":true,"href":"https:\/\/institutodelbicentenario-infd.mendoza.edu.ar\/sitio\/wp-json\/wp\/v2\/comments?post=9348"}],"version-history":[{"count":9,"href":"https:\/\/institutodelbicentenario-infd.mendoza.edu.ar\/sitio\/wp-json\/wp\/v2\/pages\/9348\/revisions"}],"predecessor-version":[{"id":12906,"href":"https:\/\/institutodelbicentenario-infd.mendoza.edu.ar\/sitio\/wp-json\/wp\/v2\/pages\/9348\/revisions\/12906"}],"wp:attachment":[{"href":"https:\/\/institutodelbicentenario-infd.mendoza.edu.ar\/sitio\/wp-json\/wp\/v2\/media?parent=9348"}],"curies":[{"name":"wp","href":"https:\/\/api.w.org\/{rel}","templated":true}]}}