{"id":9340,"date":"2023-08-01T16:56:56","date_gmt":"2023-08-01T19:56:56","guid":{"rendered":"https:\/\/institutodelbicentenario-infd.mendoza.edu.ar\/sitio\/?page_id=9340"},"modified":"2026-02-01T14:01:31","modified_gmt":"2026-02-01T17:01:31","slug":"tic","status":"publish","type":"page","link":"https:\/\/institutodelbicentenario-infd.mendoza.edu.ar\/sitio\/tic\/","title":{"rendered":"Tecnolog\u00edas de la Informaci\u00f3n y Comunicaci\u00f3n"},"content":{"rendered":"\n<p class=\"has-text-align-center\"><strong>Plataforma Virtual<\/strong><\/p>\n\n\n\n<p class=\"has-text-align-center\"><strong>Contacto:<\/strong> <a href=\"https:\/\/wa.me\/5492616170470\" data-type=\"URL\" data-id=\"https:\/\/wa.me\/5492616170470\" target=\"_blank\" rel=\"noreferrer noopener\">WhatsApp<\/a> (Horario corrido \u2013 Se reciben mesajes de texto y audio \u2013<strong>&nbsp;No se atienden llamadas<\/strong>)<\/p>\n\n\n\n<p class=\"has-text-align-center\"><strong>Sistemas<\/strong><\/p>\n\n\n\n<p class=\"has-text-align-center\"><a rel=\"noreferrer noopener\" href=\"https:\/\/institutodelbicentenario-infd.mendoza.edu.ar\/sitio\/sistema-academico\/\" data-type=\"URL\" data-id=\"https:\/\/institutodelbicentenario-infd.mendoza.edu.ar\/sitio\/sistema-academico\/\" target=\"_blank\">Sistema de Consulta Acad\u00e9mica<\/a><\/p>\n\n\n\n<p class=\"has-text-align-center\"><strong>Recursos tecnol\u00f3gicos<\/strong><\/p>\n\n\n\n<p class=\"has-text-align-center\"><a href=\"https:\/\/institutodelbicentenario-infd.mendoza.edu.ar\/sitio\/proyectores\/\" data-type=\"URL\" data-id=\"https:\/\/institutodelbicentenario-infd.mendoza.edu.ar\/sitio\/proyectores\/\" target=\"_blank\" rel=\"noreferrer noopener\">Proyectores<\/a><\/p>\n\n\n\n<p class=\"has-text-align-center\"><a href=\"https:\/\/institutodelbicentenario-infd.mendoza.edu.ar\/sitio\/televisores\/\" data-type=\"URL\" data-id=\"https:\/\/institutodelbicentenario-infd.mendoza.edu.ar\/sitio\/televisores\/\" target=\"_blank\" rel=\"noreferrer noopener\">Televisores<\/a><\/p>\n\n\n\n<p class=\"has-text-align-center\"><strong>Tecnolog\u00edas de la Informaci\u00f3n y Comunicaci\u00f3n<\/strong><\/p>\n\n\n\n<p class=\"has-text-align-center\"><a rel=\"noreferrer noopener\" href=\"https:\/\/institutodelbicentenario-infd.mendoza.edu.ar\/sitio\/internet-docentes-central\/\" data-type=\"URL\" data-id=\"https:\/\/institutodelbicentenario-infd.mendoza.edu.ar\/sitio\/internet-docentes-central\/\" target=\"_blank\">Internet en sede Sarmiento<\/a><\/p>\n\n\n\n<p class=\"has-text-align-center\"><strong>Proyectos en curso<\/strong><\/p>\n\n\n\n<p class=\"has-text-align-center\"><a href=\"https:\/\/institutodelbicentenario-infd.mendoza.edu.ar\/sitio\/mantenimiento-de-hardware-del-piso-tecnologico\/\" data-type=\"URL\" data-id=\"https:\/\/institutodelbicentenario-infd.mendoza.edu.ar\/sitio\/mantenimiento-de-hardware-del-piso-tecnologico\/\" target=\"_blank\" rel=\"noreferrer noopener\">Mantenimiento de Hardware del Piso tecnol\u00f3gico<\/a><\/p>\n\n\n\n<p class=\"has-text-align-center\"><a href=\"https:\/\/www.facebook.com\/hashtag\/isfdyt9030?__eep__=6&amp;__cft__%5b0%5d=AZUAeS2qce_O__6ax4kGqAHbwvxa_6RmNTOc3B8Gz8JEBOUO-S0BKSt6r7jSxIPjJiGjJfpxX5yHEn3zYOwL7s8VoNgtSv43O_a5bq-Sti_8MmbUwfbmDs1Skukl7lDnDrE&amp;__tn__=*NK-R\">#isfdyt9030<\/a><\/p>\n\n\n\n<p class=\"has-text-align-center\"><a href=\"https:\/\/www.facebook.com\/hashtag\/institutodelbicentenario?__eep__=6&amp;__cft__%5b0%5d=AZUAeS2qce_O__6ax4kGqAHbwvxa_6RmNTOc3B8Gz8JEBOUO-S0BKSt6r7jSxIPjJiGjJfpxX5yHEn3zYOwL7s8VoNgtSv43O_a5bq-Sti_8MmbUwfbmDs1Skukl7lDnDrE&amp;__tn__=*NK-R\">#institutodelbicentenario<\/a><\/p>\n\n\n\n<p class=\"has-text-align-center\"><a href=\"https:\/\/www.facebook.com\/hashtag\/educacionsuperior?__eep__=6&amp;__cft__%5b0%5d=AZUAeS2qce_O__6ax4kGqAHbwvxa_6RmNTOc3B8Gz8JEBOUO-S0BKSt6r7jSxIPjJiGjJfpxX5yHEn3zYOwL7s8VoNgtSv43O_a5bq-Sti_8MmbUwfbmDs1Skukl7lDnDrE&amp;__tn__=*NK-R\">#educacionsuperior<\/a><\/p>\n","protected":false},"excerpt":{"rendered":"<p>Plataforma Virtual Contacto: WhatsApp (Horario corrido \u2013 Se reciben mesajes de texto y audio \u2013&nbsp;No se atienden llamadas) Sistemas Sistema de Consulta Acad\u00e9mica Recursos tecnol\u00f3gicos Proyectores Televisores Tecnolog\u00edas de la Informaci\u00f3n y Comunicaci\u00f3n Internet en sede Sarmiento Proyectos en curso Mantenimiento de Hardware del Piso tecnol\u00f3gico #isfdyt9030 #institutodelbicentenario #educacionsuperior<\/p>\n","protected":false},"author":646,"featured_media":0,"parent":0,"menu_order":0,"comment_status":"closed","ping_status":"closed","template":"","meta":[],"acf":[],"_links":{"self":[{"href":"https:\/\/institutodelbicentenario-infd.mendoza.edu.ar\/sitio\/wp-json\/wp\/v2\/pages\/9340"}],"collection":[{"href":"https:\/\/institutodelbicentenario-infd.mendoza.edu.ar\/sitio\/wp-json\/wp\/v2\/pages"}],"about":[{"href":"https:\/\/institutodelbicentenario-infd.mendoza.edu.ar\/sitio\/wp-json\/wp\/v2\/types\/page"}],"author":[{"embeddable":true,"href":"https:\/\/institutodelbicentenario-infd.mendoza.edu.ar\/sitio\/wp-json\/wp\/v2\/users\/646"}],"replies":[{"embeddable":true,"href":"https:\/\/institutodelbicentenario-infd.mendoza.edu.ar\/sitio\/wp-json\/wp\/v2\/comments?post=9340"}],"version-history":[{"count":15,"href":"https:\/\/institutodelbicentenario-infd.mendoza.edu.ar\/sitio\/wp-json\/wp\/v2\/pages\/9340\/revisions"}],"predecessor-version":[{"id":12848,"href":"https:\/\/institutodelbicentenario-infd.mendoza.edu.ar\/sitio\/wp-json\/wp\/v2\/pages\/9340\/revisions\/12848"}],"wp:attachment":[{"href":"https:\/\/institutodelbicentenario-infd.mendoza.edu.ar\/sitio\/wp-json\/wp\/v2\/media?parent=9340"}],"curies":[{"name":"wp","href":"https:\/\/api.w.org\/{rel}","templated":true}]}}