{"id":8452,"date":"2023-02-09T08:46:22","date_gmt":"2023-02-09T11:46:22","guid":{"rendered":"https:\/\/institutodelbicentenario-infd.mendoza.edu.ar\/sitio\/?page_id=8452"},"modified":"2026-03-09T11:03:31","modified_gmt":"2026-03-09T14:03:31","slug":"postitulos","status":"publish","type":"page","link":"https:\/\/institutodelbicentenario-infd.mendoza.edu.ar\/sitio\/postitulos\/","title":{"rendered":"Postitulos"},"content":{"rendered":"\n<p class=\"has-text-align-center\"><strong>POST\u00cdTULOS DOCENTES DISPONIBLES<\/strong><\/p>\n\n\n\n<p class=\"has-text-align-center\"><strong>INCRIPCIONES ABIERTAS PARA:<\/strong><\/p>\n\n\n\n<p class=\"has-text-align-center\">&#x1f449;<a rel=\"noreferrer noopener\" href=\"https:\/\/institutodelbicentenario-infd.mendoza.edu.ar\/sitio\/perspectiva-de-genero\/\" data-type=\"URL\" data-id=\"https:\/\/institutodelbicentenario-infd.mendoza.edu.ar\/sitio\/perspectiva-de-genero\/\" target=\"_blank\"><strong>Actualizaci\u00f3n Acad\u00e9mica en ESI y Perspectiva de G\u00e9nero<\/strong><\/a>&#x1f448;<\/p>\n\n\n\n<p class=\"has-text-align-center\">____________________<\/p>\n\n\n\n<p class=\"has-text-align-center\"><strong>INSCRIPCIONES CERRADAS PARA:<\/strong><\/p>\n\n\n\n<p class=\"has-text-align-center\"><a rel=\"noreferrer noopener\" href=\"https:\/\/institutodelbicentenario-infd.mendoza.edu.ar\/sitio\/entornos-hibridos\/\" target=\"_blank\">Dise\u00f1o de Pr\u00e1cticas de Ense\u00f1anza en Entornos H\u00edbridos<\/a><\/p>\n\n\n\n<p class=\"has-text-align-center\"><a rel=\"noreferrer noopener\" href=\"https:\/\/institutodelbicentenario-infd.mendoza.edu.ar\/sitio\/textos-academicos\/\" data-type=\"URL\" data-id=\"https:\/\/institutodelbicentenario-infd.mendoza.edu.ar\/sitio\/textos-academicos\/\" target=\"_blank\">Did\u00e1ctica de la comprensi\u00f3n y de la producci\u00f3n de textos acad\u00e9micos<\/a><\/p>\n\n\n\n<p class=\"has-text-align-center\">Se informar\u00e1 oportunamente la apetura de los post\u00edtulos con inscripciones cerradas<\/p>\n\n\n\n<p class=\"has-text-align-center\">____________________<\/p>\n\n\n\n<p class=\"has-text-align-center\"><a rel=\"noreferrer noopener\" href=\"https:\/\/institutodelbicentenario-infd.mendoza.edu.ar\/sitio\/formacion-continua\/\" target=\"_blank\">Jefatura de Formaci\u00f3n Continua<\/a><\/p>\n\n\n\n<p class=\"has-text-align-center\"><a href=\"https:\/\/www.facebook.com\/hashtag\/isfdyt9030?__eep__=6&amp;__cft__%5b0%5d=AZUAeS2qce_O__6ax4kGqAHbwvxa_6RmNTOc3B8Gz8JEBOUO-S0BKSt6r7jSxIPjJiGjJfpxX5yHEn3zYOwL7s8VoNgtSv43O_a5bq-Sti_8MmbUwfbmDs1Skukl7lDnDrE&amp;__tn__=*NK-R\">#isfdyt9030<\/a><\/p>\n\n\n\n<p class=\"has-text-align-center\"><a href=\"https:\/\/www.facebook.com\/hashtag\/institutodelbicentenario?__eep__=6&amp;__cft__%5b0%5d=AZUAeS2qce_O__6ax4kGqAHbwvxa_6RmNTOc3B8Gz8JEBOUO-S0BKSt6r7jSxIPjJiGjJfpxX5yHEn3zYOwL7s8VoNgtSv43O_a5bq-Sti_8MmbUwfbmDs1Skukl7lDnDrE&amp;__tn__=*NK-R\">#institutodelbicentenario<\/a><\/p>\n\n\n\n<p class=\"has-text-align-center\"><a href=\"https:\/\/www.facebook.com\/hashtag\/educacionsuperior?__eep__=6&amp;__cft__%5b0%5d=AZUAeS2qce_O__6ax4kGqAHbwvxa_6RmNTOc3B8Gz8JEBOUO-S0BKSt6r7jSxIPjJiGjJfpxX5yHEn3zYOwL7s8VoNgtSv43O_a5bq-Sti_8MmbUwfbmDs1Skukl7lDnDrE&amp;__tn__=*NK-R\">#educacionsuperior<\/a><\/p>\n\n\n\n<p class=\"has-text-align-center\"><a href=\"https:\/\/www.facebook.com\/hashtag\/somoseducaci%C3%B3nsuperior?__eep__=6&amp;__cft__[0]=AZWXeYGKvRGpc2EUc9_2HUB56pQRQxwNi_EwogXjY14uDUOkUXaPNoQ2NfioHuyrGkBwSWyo5yZ7mWSlmzJ5APcpKfhDVsk8F5HTE5IAAzt6G3WsRaymNtXHZXmCymGnHHcMzcvxxkRNv5aiZWoCF7jT3S8bwA3qcbMBLSOW206gQkki6jo4nubj3ZuZRYgOzIs&amp;__tn__=*NK-R\">#SomosEducaci\u00f3nSuperior<\/a><\/p>\n","protected":false},"excerpt":{"rendered":"<p>POST\u00cdTULOS DOCENTES DISPONIBLES INCRIPCIONES ABIERTAS PARA: &#x1f449;Actualizaci\u00f3n Acad\u00e9mica en ESI y Perspectiva de G\u00e9nero&#x1f448; ____________________ INSCRIPCIONES CERRADAS PARA: Dise\u00f1o de Pr\u00e1cticas de Ense\u00f1anza en Entornos H\u00edbridos Did\u00e1ctica de la comprensi\u00f3n y de la producci\u00f3n de textos acad\u00e9micos Se informar\u00e1 oportunamente la apetura de los post\u00edtulos con inscripciones cerradas ____________________ Jefatura de Formaci\u00f3n Continua #isfdyt9030 #institutodelbicentenario &#8230; <a title=\"Postitulos\" class=\"read-more\" href=\"https:\/\/institutodelbicentenario-infd.mendoza.edu.ar\/sitio\/postitulos\/\" aria-label=\"More on Postitulos\">[+]<\/a><\/p>\n","protected":false},"author":646,"featured_media":0,"parent":0,"menu_order":0,"comment_status":"closed","ping_status":"closed","template":"","meta":[],"acf":[],"_links":{"self":[{"href":"https:\/\/institutodelbicentenario-infd.mendoza.edu.ar\/sitio\/wp-json\/wp\/v2\/pages\/8452"}],"collection":[{"href":"https:\/\/institutodelbicentenario-infd.mendoza.edu.ar\/sitio\/wp-json\/wp\/v2\/pages"}],"about":[{"href":"https:\/\/institutodelbicentenario-infd.mendoza.edu.ar\/sitio\/wp-json\/wp\/v2\/types\/page"}],"author":[{"embeddable":true,"href":"https:\/\/institutodelbicentenario-infd.mendoza.edu.ar\/sitio\/wp-json\/wp\/v2\/users\/646"}],"replies":[{"embeddable":true,"href":"https:\/\/institutodelbicentenario-infd.mendoza.edu.ar\/sitio\/wp-json\/wp\/v2\/comments?post=8452"}],"version-history":[{"count":42,"href":"https:\/\/institutodelbicentenario-infd.mendoza.edu.ar\/sitio\/wp-json\/wp\/v2\/pages\/8452\/revisions"}],"predecessor-version":[{"id":13284,"href":"https:\/\/institutodelbicentenario-infd.mendoza.edu.ar\/sitio\/wp-json\/wp\/v2\/pages\/8452\/revisions\/13284"}],"wp:attachment":[{"href":"https:\/\/institutodelbicentenario-infd.mendoza.edu.ar\/sitio\/wp-json\/wp\/v2\/media?parent=8452"}],"curies":[{"name":"wp","href":"https:\/\/api.w.org\/{rel}","templated":true}]}}