{"id":8025,"date":"2022-10-28T09:09:27","date_gmt":"2022-10-28T12:09:27","guid":{"rendered":"https:\/\/institutodelbicentenario-infd.mendoza.edu.ar\/sitio\/?page_id=8025"},"modified":"2026-02-01T14:00:36","modified_gmt":"2026-02-01T17:00:36","slug":"secretaria-administrativa","status":"publish","type":"page","link":"https:\/\/institutodelbicentenario-infd.mendoza.edu.ar\/sitio\/secretaria-administrativa\/","title":{"rendered":"Secretar\u00eda Administrativa"},"content":{"rendered":"\n<p class=\"has-text-align-center\"><strong>Secretar\u00eda Administrativa<\/strong><\/p>\n\n\n\n<p class=\"has-text-align-center\"><a href=\"https:\/\/institutodelbicentenario-infd.mendoza.edu.ar\/sitio\/wp-content\/uploads\/2023\/11\/GUIA-DE-TRAMITES-2023.pdf\">GUIA-DE-TRAMITES-2023.pdf<\/a><\/p>\n\n\n\n<p class=\"has-text-align-center\"><strong>Horarios de atenci\u00f3nn al p\u00fablico<\/strong><\/p>\n\n\n\n<p class=\"has-text-align-center\"><strong>Sede Sarmiento:<\/strong><br>De lunes a jueves de 9:00 a 13:00 hs. Viernes sin atenci\u00f3n al p\u00fablico. <em>Contacto:<\/em> 9030secretaria@gmail.com<\/p>\n\n\n\n<p class=\"has-text-align-center\"><strong>Sede Champeau:<\/strong><br>Lunes y jueves de 19:00 a 22:00 hs. <em>Contacto:<\/em> 9030secretaria@gmail.com<\/p>\n\n\n\n<p class=\"has-text-align-center\"><strong>Secretar\u00eda Administrativa<\/strong><\/p>\n\n\n\n<p class=\"has-text-align-center\"><a href=\"https:\/\/www.facebook.com\/hashtag\/isfdyt9030?__eep__=6&amp;__cft__[0]=AZUAeS2qce_O__6ax4kGqAHbwvxa_6RmNTOc3B8Gz8JEBOUO-S0BKSt6r7jSxIPjJiGjJfpxX5yHEn3zYOwL7s8VoNgtSv43O_a5bq-Sti_8MmbUwfbmDs1Skukl7lDnDrE&amp;__tn__=*NK-R\">#isfdyt9030<\/a><\/p>\n\n\n\n<p class=\"has-text-align-center\"><a href=\"https:\/\/www.facebook.com\/hashtag\/institutodelbicentenario?__eep__=6&amp;__cft__[0]=AZUAeS2qce_O__6ax4kGqAHbwvxa_6RmNTOc3B8Gz8JEBOUO-S0BKSt6r7jSxIPjJiGjJfpxX5yHEn3zYOwL7s8VoNgtSv43O_a5bq-Sti_8MmbUwfbmDs1Skukl7lDnDrE&amp;__tn__=*NK-R\">#institutodelbicentenario<\/a><\/p>\n\n\n\n<p class=\"has-text-align-center\"><a href=\"https:\/\/www.facebook.com\/hashtag\/educacionsuperior?__eep__=6&amp;__cft__[0]=AZUAeS2qce_O__6ax4kGqAHbwvxa_6RmNTOc3B8Gz8JEBOUO-S0BKSt6r7jSxIPjJiGjJfpxX5yHEn3zYOwL7s8VoNgtSv43O_a5bq-Sti_8MmbUwfbmDs1Skukl7lDnDrE&amp;__tn__=*NK-R\">#educacionsuperior<\/a><\/p>\n","protected":false},"excerpt":{"rendered":"<p>Secretar\u00eda Administrativa GUIA-DE-TRAMITES-2023.pdf Horarios de atenci\u00f3nn al p\u00fablico Sede Sarmiento:De lunes a jueves de 9:00 a 13:00 hs. Viernes sin atenci\u00f3n al p\u00fablico. Contacto: 9030secretaria@gmail.com Sede Champeau:Lunes y jueves de 19:00 a 22:00 hs. Contacto: 9030secretaria@gmail.com Secretar\u00eda Administrativa #isfdyt9030 #institutodelbicentenario #educacionsuperior<\/p>\n","protected":false},"author":646,"featured_media":0,"parent":0,"menu_order":0,"comment_status":"closed","ping_status":"closed","template":"","meta":[],"acf":[],"_links":{"self":[{"href":"https:\/\/institutodelbicentenario-infd.mendoza.edu.ar\/sitio\/wp-json\/wp\/v2\/pages\/8025"}],"collection":[{"href":"https:\/\/institutodelbicentenario-infd.mendoza.edu.ar\/sitio\/wp-json\/wp\/v2\/pages"}],"about":[{"href":"https:\/\/institutodelbicentenario-infd.mendoza.edu.ar\/sitio\/wp-json\/wp\/v2\/types\/page"}],"author":[{"embeddable":true,"href":"https:\/\/institutodelbicentenario-infd.mendoza.edu.ar\/sitio\/wp-json\/wp\/v2\/users\/646"}],"replies":[{"embeddable":true,"href":"https:\/\/institutodelbicentenario-infd.mendoza.edu.ar\/sitio\/wp-json\/wp\/v2\/comments?post=8025"}],"version-history":[{"count":9,"href":"https:\/\/institutodelbicentenario-infd.mendoza.edu.ar\/sitio\/wp-json\/wp\/v2\/pages\/8025\/revisions"}],"predecessor-version":[{"id":12843,"href":"https:\/\/institutodelbicentenario-infd.mendoza.edu.ar\/sitio\/wp-json\/wp\/v2\/pages\/8025\/revisions\/12843"}],"wp:attachment":[{"href":"https:\/\/institutodelbicentenario-infd.mendoza.edu.ar\/sitio\/wp-json\/wp\/v2\/media?parent=8025"}],"curies":[{"name":"wp","href":"https:\/\/api.w.org\/{rel}","templated":true}]}}