{"id":7816,"date":"2022-09-26T06:27:55","date_gmt":"2022-09-26T09:27:55","guid":{"rendered":"https:\/\/institutodelbicentenario-infd.mendoza.edu.ar\/sitio\/?page_id=7816"},"modified":"2026-02-01T14:01:18","modified_gmt":"2026-02-01T17:01:18","slug":"cooperadora","status":"publish","type":"page","link":"https:\/\/institutodelbicentenario-infd.mendoza.edu.ar\/sitio\/cooperadora\/","title":{"rendered":"Cooperadora"},"content":{"rendered":"\n<p class=\"has-text-align-center\"><strong>Asociaci\u00f3n Cooperadora<\/strong><\/p>\n\n\n<div class=\"wp-block-image\">\n<figure class=\"aligncenter size-large\"><img decoding=\"async\" loading=\"lazy\" width=\"384\" height=\"217\" src=\"https:\/\/institutodelbicentenario-infd.mendoza.edu.ar\/sitio\/wp-content\/uploads\/2022\/09\/Sin-titulo-1.png\" alt=\"\" class=\"wp-image-7822\"\/><\/figure><\/div>\n\n\n<p class=\"has-text-align-center\"><strong>CUIL:<\/strong> 30-71747942-0<br><strong>FECHA INICIO ACTIVIDADES: <\/strong>04\/11\/2021<br><strong>EMAIL:<\/strong> <a rel=\"noreferrer noopener\" href=\"mailto:asociacioncooperadora9030@gmail.com\" target=\"_blank\">asociacioncooperadora9030@gmail.com<\/a><\/p>\n\n\n\n<p class=\"has-text-align-center\"><strong>Realiza tu aporte on line:<\/strong><\/p>\n\n\n\n<p class=\"has-text-align-center\"><strong>Link de pago:<\/strong> <a rel=\"noreferrer noopener\" href=\"https:\/\/forms.gle\/mNgs3tbdNgXmLfHo8\" target=\"_blank\">https:\/\/forms.gle\/mNgs3tbdNgXmLfHo8<\/a><\/p>\n\n\n\n<p class=\"has-text-align-center\"> <strong>O C\u00f3digo QR:<\/strong><\/p>\n\n\n<div class=\"wp-block-image\">\n<figure class=\"aligncenter size-large\"><img decoding=\"async\" loading=\"lazy\" width=\"254\" height=\"257\" src=\"https:\/\/institutodelbicentenario-infd.mendoza.edu.ar\/sitio\/wp-content\/uploads\/2022\/09\/Sin-titulo-2.png\" alt=\"\" class=\"wp-image-7823\"\/><\/figure><\/div>\n\n\n<p class=\"has-text-align-center\"><strong>L\u00edneas de acciones 2023<\/strong><\/p>\n\n\n\n<p>Fecha de publicaci\u00f3n: 17\/04\/2023<\/p>\n\n\n\n<p class=\"has-text-align-center\"><strong>Buffet de Sede Central<\/strong><\/p>\n\n\n\n<p class=\"has-text-align-center\">La Asociaci\u00f3n Cooperadora tiene el agrado de informar a toda la comunidad que tras finalizar satisfactoriamente el proceso de licitaci\u00f3n a partir del d\u00eda de la fecha se encuentran abierto el Buffet de Sede Central.<\/p>\n\n\n\n<p class=\"has-text-align-center\">En el mismo podr\u00e1n encontrar caf\u00e9, viandas, tortas, facturas, productos de librer\u00eda, fotocopias, etc.<\/p>\n\n\n\n<figure class=\"wp-block-image size-full\"><img decoding=\"async\" loading=\"lazy\" width=\"1200\" height=\"1600\" src=\"https:\/\/institutodelbicentenario-infd.mendoza.edu.ar\/sitio\/wp-content\/uploads\/2023\/04\/WhatsApp-Image-2023-04-17-at-10.11.51-3.jpeg\" alt=\"\" class=\"wp-image-8828\" srcset=\"https:\/\/institutodelbicentenario-infd.mendoza.edu.ar\/sitio\/wp-content\/uploads\/2023\/04\/WhatsApp-Image-2023-04-17-at-10.11.51-3.jpeg 1200w, https:\/\/institutodelbicentenario-infd.mendoza.edu.ar\/sitio\/wp-content\/uploads\/2023\/04\/WhatsApp-Image-2023-04-17-at-10.11.51-3-750x1000.jpeg 750w, https:\/\/institutodelbicentenario-infd.mendoza.edu.ar\/sitio\/wp-content\/uploads\/2023\/04\/WhatsApp-Image-2023-04-17-at-10.11.51-3-768x1024.jpeg 768w, https:\/\/institutodelbicentenario-infd.mendoza.edu.ar\/sitio\/wp-content\/uploads\/2023\/04\/WhatsApp-Image-2023-04-17-at-10.11.51-3-1152x1536.jpeg 1152w\" sizes=\"(max-width: 1200px) 100vw, 1200px\" \/><\/figure>\n\n\n\n<figure class=\"wp-block-image size-full\"><img decoding=\"async\" loading=\"lazy\" width=\"1600\" height=\"1200\" src=\"https:\/\/institutodelbicentenario-infd.mendoza.edu.ar\/sitio\/wp-content\/uploads\/2023\/04\/WhatsApp-Image-2023-04-17-at-10.11.51-2.jpeg\" alt=\"\" class=\"wp-image-8829\" srcset=\"https:\/\/institutodelbicentenario-infd.mendoza.edu.ar\/sitio\/wp-content\/uploads\/2023\/04\/WhatsApp-Image-2023-04-17-at-10.11.51-2.jpeg 1600w, https:\/\/institutodelbicentenario-infd.mendoza.edu.ar\/sitio\/wp-content\/uploads\/2023\/04\/WhatsApp-Image-2023-04-17-at-10.11.51-2-1000x750.jpeg 1000w, https:\/\/institutodelbicentenario-infd.mendoza.edu.ar\/sitio\/wp-content\/uploads\/2023\/04\/WhatsApp-Image-2023-04-17-at-10.11.51-2-768x576.jpeg 768w, https:\/\/institutodelbicentenario-infd.mendoza.edu.ar\/sitio\/wp-content\/uploads\/2023\/04\/WhatsApp-Image-2023-04-17-at-10.11.51-2-1536x1152.jpeg 1536w\" sizes=\"(max-width: 1600px) 100vw, 1600px\" \/><\/figure>\n\n\n\n<p class=\"has-text-align-center\">____________________________<\/p>\n\n\n\n<p class=\"has-text-align-center\"><strong>L\u00edneas de acciones 2022:<\/strong><\/p>\n\n\n<div class=\"wp-block-image\">\n<figure class=\"aligncenter size-large\"><img decoding=\"async\" loading=\"lazy\" width=\"1343\" height=\"1900\" src=\"https:\/\/institutodelbicentenario-infd.mendoza.edu.ar\/sitio\/wp-content\/uploads\/2022\/09\/22-agosto-22-1-1343x1900-1.jpg\" alt=\"\" class=\"wp-image-7844\" srcset=\"https:\/\/institutodelbicentenario-infd.mendoza.edu.ar\/sitio\/wp-content\/uploads\/2022\/09\/22-agosto-22-1-1343x1900-1.jpg 1343w, https:\/\/institutodelbicentenario-infd.mendoza.edu.ar\/sitio\/wp-content\/uploads\/2022\/09\/22-agosto-22-1-1343x1900-1-707x1000.jpg 707w, https:\/\/institutodelbicentenario-infd.mendoza.edu.ar\/sitio\/wp-content\/uploads\/2022\/09\/22-agosto-22-1-1343x1900-1-768x1087.jpg 768w, https:\/\/institutodelbicentenario-infd.mendoza.edu.ar\/sitio\/wp-content\/uploads\/2022\/09\/22-agosto-22-1-1343x1900-1-1086x1536.jpg 1086w\" sizes=\"(max-width: 1343px) 100vw, 1343px\" \/><\/figure><\/div>\n\n<div class=\"wp-block-image\">\n<figure class=\"aligncenter size-large\"><img decoding=\"async\" loading=\"lazy\" width=\"904\" height=\"1280\" src=\"https:\/\/institutodelbicentenario-infd.mendoza.edu.ar\/sitio\/wp-content\/uploads\/2022\/09\/WhatsApp-Image-2022-09-12-at-15.42.37.jpeg\" alt=\"\" class=\"wp-image-7848\" srcset=\"https:\/\/institutodelbicentenario-infd.mendoza.edu.ar\/sitio\/wp-content\/uploads\/2022\/09\/WhatsApp-Image-2022-09-12-at-15.42.37.jpeg 904w, https:\/\/institutodelbicentenario-infd.mendoza.edu.ar\/sitio\/wp-content\/uploads\/2022\/09\/WhatsApp-Image-2022-09-12-at-15.42.37-706x1000.jpeg 706w, https:\/\/institutodelbicentenario-infd.mendoza.edu.ar\/sitio\/wp-content\/uploads\/2022\/09\/WhatsApp-Image-2022-09-12-at-15.42.37-768x1087.jpeg 768w\" sizes=\"(max-width: 904px) 100vw, 904px\" \/><\/figure><\/div>\n\n\n<p class=\"has-text-align-center\"><strong><a href=\"https:\/\/institutodelbicentenario-infd.mendoza.edu.ar\/sitio\/cooperadora\/\" data-type=\"URL\" data-id=\"https:\/\/institutodelbicentenario-infd.mendoza.edu.ar\/sitio\/cooperadora\/\">Asociaci\u00f3n Cooperadora<\/a><\/strong><\/p>\n\n\n\n<p class=\"has-text-align-center\"><a href=\"https:\/\/www.facebook.com\/hashtag\/isfdyt9030?source=feed_text&amp;epa=HASHTAG&amp;__xts__%5B0%5D=68.ARDZRNqp34i-UCDPmbTQABQan4iwdXwA1l28Hwl36yeXd8aZacM1sS4gSlaLtiMZwd7KKfCP8fP8Q35zfJPpnIAltLra5wrowNXVhoEa-BHarZ9s1po2oUr7oIiCekKekLjhiQwY-i9oCmZRyrCWxRJbXU4-n-qqOfeXMfLZYZQkNrsn3NT-67r4ypbonnJg5EzLHU4_Ny0TUPsuuPh6LRtRJRwuEEEvZhomxOqzyAQghy6xd9v4W2IbvGb9W7NXBna4SKArxrOcPw_1HYWEoJ06ktBQKR1j_i1tqDShpQfBtEwrgVibb_KBu4dW-zys8b1FggR7mcJmveMDRqp2gFLJUarO&amp;__tn__=%2ANK-R\" target=\"_blank\" rel=\"noreferrer noopener\">#isfdyt9030<\/a><\/p>\n\n\n\n<p class=\"has-text-align-center\"><a href=\"https:\/\/www.facebook.com\/hashtag\/isfdyt9030?source=feed_text&amp;epa=HASHTAG&amp;__xts__%5B0%5D=68.ARDZRNqp34i-UCDPmbTQABQan4iwdXwA1l28Hwl36yeXd8aZacM1sS4gSlaLtiMZwd7KKfCP8fP8Q35zfJPpnIAltLra5wrowNXVhoEa-BHarZ9s1po2oUr7oIiCekKekLjhiQwY-i9oCmZRyrCWxRJbXU4-n-qqOfeXMfLZYZQkNrsn3NT-67r4ypbonnJg5EzLHU4_Ny0TUPsuuPh6LRtRJRwuEEEvZhomxOqzyAQghy6xd9v4W2IbvGb9W7NXBna4SKArxrOcPw_1HYWEoJ06ktBQKR1j_i1tqDShpQfBtEwrgVibb_KBu4dW-zys8b1FggR7mcJmveMDRqp2gFLJUarO&amp;__tn__=%2ANK-R\" target=\"_blank\" rel=\"noreferrer noopener\">#institutodelbicentenario<\/a><\/p>\n\n\n\n<p class=\"has-text-align-center\"><a rel=\"noreferrer noopener\" href=\"https:\/\/www.facebook.com\/hashtag\/educasionsuperior\" target=\"_blank\">#educacionsuperior<\/a><\/p>\n","protected":false},"excerpt":{"rendered":"<p>Asociaci\u00f3n Cooperadora CUIL: 30-71747942-0FECHA INICIO ACTIVIDADES: 04\/11\/2021EMAIL: asociacioncooperadora9030@gmail.com Realiza tu aporte on line: Link de pago: https:\/\/forms.gle\/mNgs3tbdNgXmLfHo8 O C\u00f3digo QR: L\u00edneas de acciones 2023 Fecha de publicaci\u00f3n: 17\/04\/2023 Buffet de Sede Central La Asociaci\u00f3n Cooperadora tiene el agrado de informar a toda la comunidad que tras finalizar satisfactoriamente el proceso de licitaci\u00f3n a partir del &#8230; <a title=\"Cooperadora\" class=\"read-more\" href=\"https:\/\/institutodelbicentenario-infd.mendoza.edu.ar\/sitio\/cooperadora\/\" aria-label=\"More on Cooperadora\">[+]<\/a><\/p>\n","protected":false},"author":646,"featured_media":0,"parent":0,"menu_order":0,"comment_status":"closed","ping_status":"closed","template":"","meta":[],"acf":[],"_links":{"self":[{"href":"https:\/\/institutodelbicentenario-infd.mendoza.edu.ar\/sitio\/wp-json\/wp\/v2\/pages\/7816"}],"collection":[{"href":"https:\/\/institutodelbicentenario-infd.mendoza.edu.ar\/sitio\/wp-json\/wp\/v2\/pages"}],"about":[{"href":"https:\/\/institutodelbicentenario-infd.mendoza.edu.ar\/sitio\/wp-json\/wp\/v2\/types\/page"}],"author":[{"embeddable":true,"href":"https:\/\/institutodelbicentenario-infd.mendoza.edu.ar\/sitio\/wp-json\/wp\/v2\/users\/646"}],"replies":[{"embeddable":true,"href":"https:\/\/institutodelbicentenario-infd.mendoza.edu.ar\/sitio\/wp-json\/wp\/v2\/comments?post=7816"}],"version-history":[{"count":18,"href":"https:\/\/institutodelbicentenario-infd.mendoza.edu.ar\/sitio\/wp-json\/wp\/v2\/pages\/7816\/revisions"}],"predecessor-version":[{"id":12847,"href":"https:\/\/institutodelbicentenario-infd.mendoza.edu.ar\/sitio\/wp-json\/wp\/v2\/pages\/7816\/revisions\/12847"}],"wp:attachment":[{"href":"https:\/\/institutodelbicentenario-infd.mendoza.edu.ar\/sitio\/wp-json\/wp\/v2\/media?parent=7816"}],"curies":[{"name":"wp","href":"https:\/\/api.w.org\/{rel}","templated":true}]}}