{"id":7382,"date":"2022-06-27T12:52:41","date_gmt":"2022-06-27T15:52:41","guid":{"rendered":"https:\/\/institutodelbicentenario-infd.mendoza.edu.ar\/sitio\/?page_id=7382"},"modified":"2026-02-01T14:00:09","modified_gmt":"2026-02-01T17:00:09","slug":"formacion-continua","status":"publish","type":"page","link":"https:\/\/institutodelbicentenario-infd.mendoza.edu.ar\/sitio\/formacion-continua\/","title":{"rendered":"Formaci\u00f3n Continua"},"content":{"rendered":"\n<p class=\"has-text-align-center\"><strong>Noticias de la Jefatura de Formaci\u00f3n Continua<\/strong><\/p>\n\n\n\n<p class=\"has-text-align-center\"><strong>Contacto:<\/strong> 9030formacioncontinua@gmail.com<\/p>\n\n\n\n<p class=\"has-text-align-center\">_____________________<\/p>\n\n\n\n<p>Fecha de publicaci\u00f3n: 10\/09\/25<\/p>\n\n\n<div class=\"wp-block-image\">\n<figure class=\"aligncenter size-full is-resized\"><img decoding=\"async\" loading=\"lazy\" src=\"https:\/\/institutodelbicentenario-infd.mendoza.edu.ar\/sitio\/wp-content\/uploads\/2025\/09\/WhatsApp-Image-2025-09-10-at-10.31.55.jpeg\" alt=\"\" class=\"wp-image-12307\" width=\"313\" height=\"313\" srcset=\"https:\/\/institutodelbicentenario-infd.mendoza.edu.ar\/sitio\/wp-content\/uploads\/2025\/09\/WhatsApp-Image-2025-09-10-at-10.31.55.jpeg 1080w, https:\/\/institutodelbicentenario-infd.mendoza.edu.ar\/sitio\/wp-content\/uploads\/2025\/09\/WhatsApp-Image-2025-09-10-at-10.31.55-1000x1000.jpeg 1000w, https:\/\/institutodelbicentenario-infd.mendoza.edu.ar\/sitio\/wp-content\/uploads\/2025\/09\/WhatsApp-Image-2025-09-10-at-10.31.55-500x500.jpeg 500w, https:\/\/institutodelbicentenario-infd.mendoza.edu.ar\/sitio\/wp-content\/uploads\/2025\/09\/WhatsApp-Image-2025-09-10-at-10.31.55-768x768.jpeg 768w\" sizes=\"(max-width: 313px) 100vw, 313px\" \/><\/figure><\/div>\n\n\n<p>2025 Viaje educativo&#x1f3d4;&#xfe0f;:<strong>Senderos culturales: patrimonio hist\u00f3rico y natural de Uspallata<\/strong><br>&#x1f539; Objetivo : El viaje de un d\u00eda a Uspallata explorar\u00e1 la geograf\u00eda, historia y cultura de la zona, incluyendo la importancia del agua, la Campa\u00f1a Libertadora y las comunidades preincaicas.<\/p>\n\n\n\n<p>&#x1f4cd; Itinerario:<br>07.40. Punto de encuentro. Sede Champeau (Benegas y Garc\u00eda. B\u00b0 Trapiche)<br>08.00. Salida &#x1f68c;\u2026..<br>08.30. Parada en Dique Cipolletti<br>11.00. Uspallata. Parque Aconcagua, caminata a Laguna de Horcones .<br>13.30. B\u00f3vedas sanmartinianas. Visita al museo y recorrido del entorno.<br>14.30. Almuerzo.&#x1f354;<br>15.30. Cerro Tunduqueral. Avistamiento de flora y fauna del lugar. Petroglifos.<br>18.30. Parada Dique Potrerillos. 19.30. Llegada a Sede Champeau<\/p>\n\n\n\n<p>&#x1f449; Informes e inscripci\u00f3n : <a href=\"https:\/\/forms.gle\/sDAvGKQBMeDYWqLV8\" target=\"_blank\" rel=\"noreferrer noopener\">https:\/\/forms.gle\/sDAvGKQBMeDYWqLV8<\/a><\/p>\n\n\n\n<p>FORMACI\u00d3N CONTINUA<br>Te esperamos!!&#x1f917;<\/p>\n\n\n\n<p class=\"has-text-align-center\">_____________________<\/p>\n\n\n\n<p>Fecha de publicaci\u00f3n: 22\/11\/24<\/p>\n\n\n\n<p class=\"has-text-align-center\">El Instituto del Bicentenario, a trav\u00e9s del \u00e1rea de Formaci\u00f3n Continua, invita a toda la comunidad educativa a participar en la jornada de sensibilizaci\u00f3n en el marco del D\u00eda Internacional de la Eliminaci\u00f3n de la Violencia contra la Mujer , con el fin de concientizar sobre la importancia de la defensa activa de las pol\u00edticas que luchan contra la violencia de g\u00e9nero. Reafirmamos as\u00ed el compromiso institucional con la prevenci\u00f3n y erradicaci\u00f3n de la violencia hacia las mujeres.<\/p>\n\n\n<div class=\"wp-block-image\">\n<figure class=\"aligncenter size-full is-resized\"><img decoding=\"async\" loading=\"lazy\" src=\"https:\/\/institutodelbicentenario-infd.mendoza.edu.ar\/sitio\/wp-content\/uploads\/2024\/11\/25-Noviembre-2.png\" alt=\"\" class=\"wp-image-11384\" width=\"516\" height=\"516\" srcset=\"https:\/\/institutodelbicentenario-infd.mendoza.edu.ar\/sitio\/wp-content\/uploads\/2024\/11\/25-Noviembre-2.png 1080w, https:\/\/institutodelbicentenario-infd.mendoza.edu.ar\/sitio\/wp-content\/uploads\/2024\/11\/25-Noviembre-2-1000x1000.png 1000w, https:\/\/institutodelbicentenario-infd.mendoza.edu.ar\/sitio\/wp-content\/uploads\/2024\/11\/25-Noviembre-2-500x500.png 500w, https:\/\/institutodelbicentenario-infd.mendoza.edu.ar\/sitio\/wp-content\/uploads\/2024\/11\/25-Noviembre-2-768x768.png 768w\" sizes=\"(max-width: 516px) 100vw, 516px\" \/><\/figure><\/div>\n\n\n<p class=\"has-text-align-center\">_____________________<\/p>\n\n\n\n<p>Fecha de publicaci\u00f3n: 13\/08\/24<\/p>\n\n\n<div class=\"wp-block-image\">\n<figure class=\"aligncenter size-full is-resized\"><img decoding=\"async\" loading=\"lazy\" src=\"https:\/\/institutodelbicentenario-infd.mendoza.edu.ar\/sitio\/wp-content\/uploads\/2024\/08\/WhatsApp-Image-2024-08-12-at-20.05.42.jpeg\" alt=\"\" class=\"wp-image-10985\" width=\"574\" height=\"574\" srcset=\"https:\/\/institutodelbicentenario-infd.mendoza.edu.ar\/sitio\/wp-content\/uploads\/2024\/08\/WhatsApp-Image-2024-08-12-at-20.05.42.jpeg 1080w, https:\/\/institutodelbicentenario-infd.mendoza.edu.ar\/sitio\/wp-content\/uploads\/2024\/08\/WhatsApp-Image-2024-08-12-at-20.05.42-1000x1000.jpeg 1000w, https:\/\/institutodelbicentenario-infd.mendoza.edu.ar\/sitio\/wp-content\/uploads\/2024\/08\/WhatsApp-Image-2024-08-12-at-20.05.42-500x500.jpeg 500w, https:\/\/institutodelbicentenario-infd.mendoza.edu.ar\/sitio\/wp-content\/uploads\/2024\/08\/WhatsApp-Image-2024-08-12-at-20.05.42-768x768.jpeg 768w\" sizes=\"(max-width: 574px) 100vw, 574px\" \/><\/figure><\/div>\n\n\n<p>&#x1f68c;VIAJE EDUCATIVO: Senderos Culturales \u201cEntre monta\u00f1as e historias\u201d<\/p>\n\n\n\n<p>&#x1f4cd;Destino: USPALLATA&#x1f31f;Visita por el d\u00eda a sitios hist\u00f3ricos y relevantes de valor patrimonial con el fin de explorar la geograf\u00eda, historia y cultura de la regi\u00f3n.<br>&#x1f516;Fecha: viernes 20 de Setiembre 2024.<br>&#x1f4b0;Costo: $ 14.000<br>&#x1f449;Para asistir al viaje: completa el formulario y adjunta el comprobante de pago:<br>https:\/\/forms.gle\/6ywRiNLXtwFuU5p77<br>&#x2611;&#xfe0f; Destinado estudiantes de todas las carreras&#x1f4da;<br>&#x1f917;Reserv\u00e1 tu lugar!! (Cupos limitados)<\/p>\n\n\n\n<p class=\"has-text-align-center\">_____________________<\/p>\n\n\n\n<p class=\"has-text-align-left\">Fecha de publicaci\u00f3n: 09\/10\/23<\/p>\n\n\n\n<p class=\"has-text-align-center\"><strong>INSTITUTO ABIERTO (2da Edici\u00f3n)<\/strong><\/p>\n\n\n<div class=\"wp-block-image\">\n<figure class=\"aligncenter size-full\"><img decoding=\"async\" loading=\"lazy\" width=\"724\" height=\"1024\" src=\"https:\/\/institutodelbicentenario-infd.mendoza.edu.ar\/sitio\/wp-content\/uploads\/2023\/10\/WhatsApp-Image-2023-10-09-at-13.10.44.jpeg\" alt=\"\" class=\"wp-image-9765\" srcset=\"https:\/\/institutodelbicentenario-infd.mendoza.edu.ar\/sitio\/wp-content\/uploads\/2023\/10\/WhatsApp-Image-2023-10-09-at-13.10.44.jpeg 724w, https:\/\/institutodelbicentenario-infd.mendoza.edu.ar\/sitio\/wp-content\/uploads\/2023\/10\/WhatsApp-Image-2023-10-09-at-13.10.44-707x1000.jpeg 707w\" sizes=\"(max-width: 724px) 100vw, 724px\" \/><\/figure><\/div>\n\n\n<p>Instituto Superior de Formaci\u00f3n Docente y T\u00e9cnica 9-030 \u201cDel Bicentenario\u201d<br>INSTITUTO ABIERTO (2da Edici\u00f3n) Viernes 20 de octubre del 2023&#x1f4e2;<br>Dirigida a estudiantes de los \u00faltimos a\u00f1os de las escuelas secundarias y Cens de la zona. El prop\u00f3sito del mismo, es mostrar a la comunidad educativa las ofertas de carreras que posee nuestro Instituto.<br>Ya est\u00e1n abiertas las inscripciones a nuestra oferta educativa:<br>\u2022 Profesorado de Artes Visuales<br>\u2022 Profesorado de Educaci\u00f3n Secundaria en Historia<br>\u2022 Profesorado de Educaci\u00f3n Secundaria en Lengua y Literatura<br>\u2022 Profesorado de Ingl\u00e9s<br>\u2022 Profesorado de Educaci\u00f3n Inicial<br>\u2022 Profesorado de Educaci\u00f3n Primaria<br>\u2022 Tecnicatura Superior en Log\u00edstica<br>\u2022 NUEVA!! <a rel=\"noreferrer noopener\" href=\"https:\/\/institutodelbicentenario-infd.mendoza.edu.ar\/sitio\/tecnicatura-construcciones\/\" target=\"_blank\"><strong>Tecnicatura Superior en Construcciones Livianas Industrializadas y Servicios<\/strong><\/a><br>TE ESPERAMOS!!!&#x1f917;&#x1f917;<\/p>\n\n\n\n<p class=\"has-text-align-center\">_____________________<\/p>\n\n\n\n<p class=\"has-text-align-left\">Fecha de publicaci\u00f3n: 07\/09\/23<\/p>\n\n\n\n<p class=\"has-text-align-center\"><strong>Curso docente con puntaje<\/strong><\/p>\n\n\n<div class=\"wp-block-image\">\n<figure class=\"aligncenter size-full is-resized\"><img decoding=\"async\" loading=\"lazy\" src=\"https:\/\/institutodelbicentenario-infd.mendoza.edu.ar\/sitio\/wp-content\/uploads\/2023\/09\/WhatsApp-Image-2023-09-07-at-19.41.24-1.jpeg\" alt=\"\" class=\"wp-image-9604\" width=\"420\" height=\"591\" srcset=\"https:\/\/institutodelbicentenario-infd.mendoza.edu.ar\/sitio\/wp-content\/uploads\/2023\/09\/WhatsApp-Image-2023-09-07-at-19.41.24-1.jpeg 1136w, https:\/\/institutodelbicentenario-infd.mendoza.edu.ar\/sitio\/wp-content\/uploads\/2023\/09\/WhatsApp-Image-2023-09-07-at-19.41.24-1-710x1000.jpeg 710w, https:\/\/institutodelbicentenario-infd.mendoza.edu.ar\/sitio\/wp-content\/uploads\/2023\/09\/WhatsApp-Image-2023-09-07-at-19.41.24-1-768x1082.jpeg 768w, https:\/\/institutodelbicentenario-infd.mendoza.edu.ar\/sitio\/wp-content\/uploads\/2023\/09\/WhatsApp-Image-2023-09-07-at-19.41.24-1-1091x1536.jpeg 1091w\" sizes=\"(max-width: 420px) 100vw, 420px\" \/><\/figure><\/div>\n\n\n<p><strong>\u00abEl papel de los enfoques did\u00e1cticos de la ense\u00f1anza de la Matem\u00e1tica, como herramientas para la selecci\u00f3n de actividades y dise\u00f1o de secuencias did\u00e1cticas\u00bb<\/strong><\/p>\n\n\n\n<p>Este curso tiene como objetivo prioritario, que los docentes del nivel primario cuenten con diversas herramientas que les permitan realizar selecciones, adaptaciones y dise\u00f1os de diferentes tipos de actividades y tareas que promuevan que los alumnos construyan aprendizajes y desarrollen capacidades vinculadas con saberes matem\u00e1ticos.<br>En todos los niveles y modalidades de la ense\u00f1anza se habla de los enfoques constructivistas como modelos deseados de la ense\u00f1anza que elevan y mejoran aspectos vinculados con la calidad educativa.<br>En este curso pretendemos instalar la idea, que no todas las actividades que se proponen como trabajo diario en nuestros establecimientos educativos propician esta construcci\u00f3n de saberes tan deseada.<br>Se busca que los cursantes desarrollen capacidades de an\u00e1lisis a partir del tratamiento de diferentes enfoques te\u00f3ricos (generalmente desarrollados en los institutos de formaci\u00f3n) y c\u00f3mo estos aportan herramientas que favorecen la selecci\u00f3n cr\u00edtica de actividades en relaci\u00f3n al objetivo de mejorar los aprendizajes de nuestros estudiantes.<br>Docente formador a cargo: Sergio Alonso. Profesor de Matem\u00e1tica y Licenciado en Educaci\u00f3n<\/p>\n\n\n\n<p><strong>Carga horaria total de la propuesta formativa:<\/strong> 36 hs. Reloj (24 hs. presenciales y 12 horas no presenciales. Con evaluaci\u00f3n.<\/p>\n\n\n\n<p><strong>Destinatarios:<\/strong>&nbsp;Directivos de nivel primario. Docentes de nivel primario. &nbsp;<\/p>\n\n\n\n<p>Estudiantes del \u00faltimo a\u00f1o del Profesorado de Educaci\u00f3n Primaria<\/p>\n\n\n\n<p><strong>Certificaci\u00f3n:<\/strong> Se entregar\u00e1 certificaci\u00f3n con puntaje solamente en el caso de poseer t\u00edtulo docente. A estudiantes avanzados se les otorgar\u00e1 certificaci\u00f3n de asistencia al curso.<\/p>\n\n\n\n<figure class=\"wp-block-table\"><table><tbody><tr><td>Cargo o funci\u00f3n<\/td><td>Nivel<\/td><td>Modalidad<\/td><td>\u00c1rea<\/td><\/tr><tr><td>Directivos de nivel primarioDocentes de nivel primarioEstudiantes del \u00faltimo a\u00f1o del Profesorado de Educaci\u00f3n Primaria<\/td><td>Primario estatal y privado. &nbsp;<\/td><td>Semipresencial<\/td><td>Ense\u00f1anza de la Matem\u00e1tica<\/td><\/tr><\/tbody><\/table><\/figure>\n\n\n\n<p><strong>\u2022 Inicio del cursado:<\/strong>&nbsp;s\u00e1bado 23 de setiembre. Finalizaci\u00f3n del cursado: noviembre 2023<br><strong>\u2022 R\u00e9gimen de cursado:&nbsp;<\/strong>semi-presencial. Encuentros presenciales: s\u00e1bados, de 9:30 a 12:30, sede Sarmiento (Punta Mogotes 791. Barrio Sarmiento. Godoy Cruz)<\/p>\n\n\n\n<p><strong>Documentaci\u00f3n de preinscripci\u00f3n<\/strong><\/p>\n\n\n\n<p>Documento Nacional de Identidad (original y fotocopia)<br>Partida de nacimiento (original y fotocopia)<br>T\u00edtulo docente (original y fotocopia)<br>Foto carnet (4 x 4)<\/p>\n\n\n\n<p><strong>Valor del curso<\/strong><br>\u2013 Egresadas\/os y docentes de la instituci\u00f3n: $ 3.500.<br>\u2013 Docentes externos: $5.000.<\/p>\n\n\n\n<p><strong>Formas de pago<\/strong><br>Efectivo o transferencia bancaria. No se cobra cuota de inscripci\u00f3n.<\/p>\n\n\n\n<p><strong>Preinscripciones:<\/strong><br>\u2022 De lunes a viernes, de 9 hs. a 13 hs, Mi\u00e9rcoles de 13 hs a 16 hs en Secretar\u00eda Administrativa de Sede Sarmiento (Direcci\u00f3n: Punta Mogotes 791. Barrio: La Paz).<br>\u2022 Fecha l\u00edmite : 22 de setiembre<br>\u2022 Informes: 9030postitulos@gmail.com<br>\u2022&nbsp;<strong>Link a formulario de pre-inscripci\u00f3n:<\/strong>&nbsp;<a href=\"https:\/\/forms.gle\/E3PHbSbzTFo64QXJ9\" target=\"_blank\" rel=\"noreferrer noopener\">https:\/\/forms.gle\/E3PHbSbzTFo64QXJ9<\/a><\/p>\n\n\n\n<p class=\"has-text-align-left\"><a href=\"https:\/\/institutodelbicentenario-infd.mendoza.edu.ar\/sitio\/wp-content\/uploads\/2023\/09\/Res.-224-CGES-23-El-papel-de-los-enfoques-didacticos-de-la-ensenanza-de-la-Matematica\u2026-9-030.pdf\">Res.-224-CGES-23-El-papel-de-los-enfoques-didacticos-de-la-ensenanza-de-la-Matematica\u2026-9-030.pdf<\/a><\/p>\n\n\n\n<p class=\"has-text-align-center\">_____________________<\/p>\n\n\n\n<p class=\"has-text-align-left\">Fecha de publicaci\u00f3n: 17\/04\/23<\/p>\n\n\n\n<p class=\"has-text-align-center\"><strong>Salida Educativa<\/strong><\/p>\n\n\n\n<p class=\"has-text-align-center\">En el marco del proyecto \u00abYo amo Mendoza, yo amo su Naturaleza, el pasado s\u00e1bado 15\/04 se realiz\u00f3 una salida educativa a la reserva provincial Divisadero Largo, con las alumnas de 4\u00b0 a\u00f1o de PEP de ambos turnos para poder conocer flora aut\u00f3ctona y los distintos relieves geol\u00f3gicos, como as\u00ed tambi\u00e9n una de las explotaciones minera que ten\u00eda la provincia y por supuesto desde la parte did\u00e1ctica, lograr analizar todo lo que conlleva la ejecuci\u00f3n de una salida educativa.<\/p>\n\n\n<div class=\"wp-block-image\">\n<figure class=\"aligncenter size-full\"><img decoding=\"async\" loading=\"lazy\" width=\"1280\" height=\"590\" src=\"https:\/\/institutodelbicentenario-infd.mendoza.edu.ar\/sitio\/wp-content\/uploads\/2023\/04\/WhatsApp-Image-2023-04-15-at-15.28.55.jpeg\" alt=\"\" class=\"wp-image-8835\" srcset=\"https:\/\/institutodelbicentenario-infd.mendoza.edu.ar\/sitio\/wp-content\/uploads\/2023\/04\/WhatsApp-Image-2023-04-15-at-15.28.55.jpeg 1280w, https:\/\/institutodelbicentenario-infd.mendoza.edu.ar\/sitio\/wp-content\/uploads\/2023\/04\/WhatsApp-Image-2023-04-15-at-15.28.55-1000x461.jpeg 1000w, https:\/\/institutodelbicentenario-infd.mendoza.edu.ar\/sitio\/wp-content\/uploads\/2023\/04\/WhatsApp-Image-2023-04-15-at-15.28.55-768x354.jpeg 768w\" sizes=\"(max-width: 1280px) 100vw, 1280px\" \/><\/figure><\/div>\n\n<div class=\"wp-block-image\">\n<figure class=\"aligncenter size-full\"><img decoding=\"async\" loading=\"lazy\" width=\"590\" height=\"1280\" src=\"https:\/\/institutodelbicentenario-infd.mendoza.edu.ar\/sitio\/wp-content\/uploads\/2023\/04\/WhatsApp-Image-2023-04-15-at-15.28.54.jpeg\" alt=\"\" class=\"wp-image-8836\" srcset=\"https:\/\/institutodelbicentenario-infd.mendoza.edu.ar\/sitio\/wp-content\/uploads\/2023\/04\/WhatsApp-Image-2023-04-15-at-15.28.54.jpeg 590w, https:\/\/institutodelbicentenario-infd.mendoza.edu.ar\/sitio\/wp-content\/uploads\/2023\/04\/WhatsApp-Image-2023-04-15-at-15.28.54-461x1000.jpeg 461w\" sizes=\"(max-width: 590px) 100vw, 590px\" \/><\/figure><\/div>\n\n<div class=\"wp-block-image\">\n<figure class=\"aligncenter size-full\"><img decoding=\"async\" loading=\"lazy\" width=\"1280\" height=\"590\" src=\"https:\/\/institutodelbicentenario-infd.mendoza.edu.ar\/sitio\/wp-content\/uploads\/2023\/04\/WhatsApp-Image-2023-04-15-at-15.28.54-1.jpeg\" alt=\"\" class=\"wp-image-8837\" srcset=\"https:\/\/institutodelbicentenario-infd.mendoza.edu.ar\/sitio\/wp-content\/uploads\/2023\/04\/WhatsApp-Image-2023-04-15-at-15.28.54-1.jpeg 1280w, https:\/\/institutodelbicentenario-infd.mendoza.edu.ar\/sitio\/wp-content\/uploads\/2023\/04\/WhatsApp-Image-2023-04-15-at-15.28.54-1-1000x461.jpeg 1000w, https:\/\/institutodelbicentenario-infd.mendoza.edu.ar\/sitio\/wp-content\/uploads\/2023\/04\/WhatsApp-Image-2023-04-15-at-15.28.54-1-768x354.jpeg 768w\" sizes=\"(max-width: 1280px) 100vw, 1280px\" \/><\/figure><\/div>\n\n<div class=\"wp-block-image\">\n<figure class=\"aligncenter size-full\"><img decoding=\"async\" loading=\"lazy\" width=\"1280\" height=\"589\" src=\"https:\/\/institutodelbicentenario-infd.mendoza.edu.ar\/sitio\/wp-content\/uploads\/2023\/04\/WhatsApp-Image-2023-04-15-at-15.28.53.jpeg\" alt=\"\" class=\"wp-image-8838\" srcset=\"https:\/\/institutodelbicentenario-infd.mendoza.edu.ar\/sitio\/wp-content\/uploads\/2023\/04\/WhatsApp-Image-2023-04-15-at-15.28.53.jpeg 1280w, https:\/\/institutodelbicentenario-infd.mendoza.edu.ar\/sitio\/wp-content\/uploads\/2023\/04\/WhatsApp-Image-2023-04-15-at-15.28.53-1000x460.jpeg 1000w, https:\/\/institutodelbicentenario-infd.mendoza.edu.ar\/sitio\/wp-content\/uploads\/2023\/04\/WhatsApp-Image-2023-04-15-at-15.28.53-768x353.jpeg 768w\" sizes=\"(max-width: 1280px) 100vw, 1280px\" \/><\/figure><\/div>\n\n\n<p class=\"has-text-align-center\"><\/p>\n\n\n\n<p class=\"has-text-align-center\">_____________________<\/p>\n\n\n\n<p>Fecha de publicaci\u00f3n: 27\/06\/22<\/p>\n\n\n<div class=\"wp-block-image\">\n<figure class=\"aligncenter size-large\"><img decoding=\"async\" loading=\"lazy\" width=\"576\" height=\"579\" src=\"https:\/\/institutodelbicentenario-infd.mendoza.edu.ar\/sitio\/wp-content\/uploads\/2022\/06\/Sin-titulo.png\" alt=\"\" class=\"wp-image-7383\"\/><\/figure><\/div>\n\n\n<p class=\"has-text-align-center\"><a href=\"https:\/\/www.ies9029.edu.ar\/jornadas-de-educacion-emocional-en-el-ies-9-029\/\"><strong>https:\/\/www.ies9029.edu.ar\/jornadas-de-educacion-emocional-en-el-ies-9-029\/<\/strong><\/a><\/p>\n\n\n\n<p class=\"has-text-align-center\">_____________________<\/p>\n\n\n\n<p>Fecha de publicaci\u00f3n: 08\/06\/22<\/p>\n\n\n\n<p class=\"has-text-align-center\"><strong>Convocatoria Especial a la \u00abActualizaci\u00f3n Acad\u00e9mica en Ense\u00f1anza de Educaci\u00f3n Tecnol\u00f3gica con foco en programaci\u00f3n\u00bb<\/strong><\/p>\n\n\n\n<p class=\"has-text-align-center\"><br>Estimados\/as Jefes\/as de Formaci\u00f3n Continua, en el marco del Programa nuestra Escuela, les invitamos a que puedan al interior de sus Institutos, convocar a:<\/p>\n\n\n\n<p class=\"has-text-align-center\">Docentes que ejercen en establecimientos educativos de nivel secundario en espacios curriculares de educaci\u00f3n tecnol\u00f3gica, tecnolog\u00eda, inform\u00e1tica, o afines a las Ciencias de la Computaci\u00f3n<br>Referentes de TIC de establecimientos educativos de nivel primario o secundario<br>Docentes de la Formaci\u00f3n Docente o Formaci\u00f3n T\u00e9cnica, de todas las modalidades del Sistema Educativo Argentino<br>La convocatoria es a realizar la \u201cActualizaci\u00f3n Acad\u00e9mica en Ense\u00f1anza de Educaci\u00f3n Tecnol\u00f3gica con foco en programaci\u00f3n\u201d, para tal fin, deben llenar el siguiente formulario (hasta el d\u00eda 13 de junio a las 13 horas)<\/p>\n\n\n\n<p class=\"has-text-align-center\"><a href=\"https:\/\/docs.google.com\/forms\/d\/e\/1FAIpQLSfb6dViGH8YBGzzWVhjR172tb77vIr26UoYUdPokq-fZbkevg\/viewform?usp=sf_link\">https:\/\/docs.google.com\/forms\/d\/e\/1FAIpQLSfb6dViGH8YBGzzWVhjR172tb77vIr26UoYUdPokq-fZbkevg\/viewform?usp=sf_link<\/a><\/p>\n\n\n\n<p class=\"has-text-align-center\">Lic. \u00c9lida Hodar, Referente Jurisdiccional de Formaci\u00f3n Continua \u2013 CGES<\/p>\n\n\n\n<p class=\"has-text-align-center\">Lic. H\u00e9ctor Garro de la Hoz, Referente Jurisdiccional de Post\u00edtulos Docentes \u2013 CGES<\/p>\n\n\n\n<p class=\"has-text-align-center\">_____________________<\/p>\n\n\n\n<p class=\"has-text-align-center\"><strong>Jefatura de Formaci\u00f3n Continua<\/strong><\/p>\n\n\n\n<p class=\"has-text-align-center\"><a href=\"https:\/\/www.facebook.com\/hashtag\/isfdyt9030?__eep__=6&amp;__cft__%5b0%5d=AZUAeS2qce_O__6ax4kGqAHbwvxa_6RmNTOc3B8Gz8JEBOUO-S0BKSt6r7jSxIPjJiGjJfpxX5yHEn3zYOwL7s8VoNgtSv43O_a5bq-Sti_8MmbUwfbmDs1Skukl7lDnDrE&amp;__tn__=*NK-R\">#isfdyt9030<\/a><\/p>\n\n\n\n<p class=\"has-text-align-center\"><a href=\"https:\/\/www.facebook.com\/hashtag\/institutodelbicentenario?__eep__=6&amp;__cft__%5b0%5d=AZUAeS2qce_O__6ax4kGqAHbwvxa_6RmNTOc3B8Gz8JEBOUO-S0BKSt6r7jSxIPjJiGjJfpxX5yHEn3zYOwL7s8VoNgtSv43O_a5bq-Sti_8MmbUwfbmDs1Skukl7lDnDrE&amp;__tn__=*NK-R\">#institutodelbicentenario<\/a><\/p>\n\n\n\n<p class=\"has-text-align-center\"><a href=\"https:\/\/www.facebook.com\/hashtag\/educacionsuperior?__eep__=6&amp;__cft__%5b0%5d=AZUAeS2qce_O__6ax4kGqAHbwvxa_6RmNTOc3B8Gz8JEBOUO-S0BKSt6r7jSxIPjJiGjJfpxX5yHEn3zYOwL7s8VoNgtSv43O_a5bq-Sti_8MmbUwfbmDs1Skukl7lDnDrE&amp;__tn__=*NK-R\">#educacionsuperior<\/a><\/p>\n","protected":false},"excerpt":{"rendered":"<p>Noticias de la Jefatura de Formaci\u00f3n Continua Contacto: 9030formacioncontinua@gmail.com _____________________ Fecha de publicaci\u00f3n: 10\/09\/25 2025 Viaje educativo&#x1f3d4;&#xfe0f;:Senderos culturales: patrimonio hist\u00f3rico y natural de Uspallata&#x1f539; Objetivo : El viaje de un d\u00eda a Uspallata explorar\u00e1 la geograf\u00eda, historia y cultura de la zona, incluyendo la importancia del agua, la Campa\u00f1a Libertadora y las comunidades preincaicas. &#x1f4cd; &#8230; <a title=\"Formaci\u00f3n Continua\" class=\"read-more\" href=\"https:\/\/institutodelbicentenario-infd.mendoza.edu.ar\/sitio\/formacion-continua\/\" aria-label=\"More on Formaci\u00f3n Continua\">[+]<\/a><\/p>\n","protected":false},"author":646,"featured_media":0,"parent":0,"menu_order":0,"comment_status":"closed","ping_status":"closed","template":"","meta":[],"acf":[],"_links":{"self":[{"href":"https:\/\/institutodelbicentenario-infd.mendoza.edu.ar\/sitio\/wp-json\/wp\/v2\/pages\/7382"}],"collection":[{"href":"https:\/\/institutodelbicentenario-infd.mendoza.edu.ar\/sitio\/wp-json\/wp\/v2\/pages"}],"about":[{"href":"https:\/\/institutodelbicentenario-infd.mendoza.edu.ar\/sitio\/wp-json\/wp\/v2\/types\/page"}],"author":[{"embeddable":true,"href":"https:\/\/institutodelbicentenario-infd.mendoza.edu.ar\/sitio\/wp-json\/wp\/v2\/users\/646"}],"replies":[{"embeddable":true,"href":"https:\/\/institutodelbicentenario-infd.mendoza.edu.ar\/sitio\/wp-json\/wp\/v2\/comments?post=7382"}],"version-history":[{"count":36,"href":"https:\/\/institutodelbicentenario-infd.mendoza.edu.ar\/sitio\/wp-json\/wp\/v2\/pages\/7382\/revisions"}],"predecessor-version":[{"id":12841,"href":"https:\/\/institutodelbicentenario-infd.mendoza.edu.ar\/sitio\/wp-json\/wp\/v2\/pages\/7382\/revisions\/12841"}],"wp:attachment":[{"href":"https:\/\/institutodelbicentenario-infd.mendoza.edu.ar\/sitio\/wp-json\/wp\/v2\/media?parent=7382"}],"curies":[{"name":"wp","href":"https:\/\/api.w.org\/{rel}","templated":true}]}}