{"id":7207,"date":"2022-05-17T18:30:47","date_gmt":"2022-05-17T21:30:47","guid":{"rendered":"https:\/\/institutodelbicentenario-infd.mendoza.edu.ar\/sitio\/?page_id=7207"},"modified":"2026-02-11T18:55:45","modified_gmt":"2026-02-11T21:55:45","slug":"hc","status":"publish","type":"page","link":"https:\/\/institutodelbicentenario-infd.mendoza.edu.ar\/sitio\/hc\/","title":{"rendered":"Horarios de cursado y atenci\u00f3n seg\u00fan sede y carrera"},"content":{"rendered":"\n<p class=\"has-text-align-center\"><br><strong>HORARIOS DE CURSADO<\/strong><\/p>\n\n\n\n<p class=\"has-text-align-center\"><strong>No se dictan carreras en otras sedes o en otros horarios que en las especificadas a continuaci\u00f3n:<\/strong><\/p>\n\n\n\n<p class=\"has-text-align-center\">&#x1f449; <strong><a rel=\"noreferrer noopener\" href=\"https:\/\/institutodelbicentenario-infd.mendoza.edu.ar\/sitio\/ubicacion\/\" data-type=\"URL\" data-id=\"https:\/\/institutodelbicentenario-infd.mendoza.edu.ar\/sitio\/ubicacion\/\" target=\"_blank\">SEDE CENTRAL<\/a><\/strong> &#x1f448;<\/p>\n\n\n\n<p class=\"has-text-align-center\"><strong>Turno ma\u00f1ana de 8:00 a 13:00 hs.<\/strong><\/p>\n\n\n\n<p class=\"has-text-align-center\"><strong><a rel=\"noreferrer noopener\" href=\"https:\/\/institutodelbicentenario-infd.mendoza.edu.ar\/sitio\/profesorado-de-ingles\/\" data-type=\"URL\" data-id=\"https:\/\/institutodelbicentenario-infd.mendoza.edu.ar\/sitio\/profesorado-de-ingles\/\" target=\"_blank\">Profesorado de Ingl\u00e9s<\/a><\/strong><\/p>\n\n\n\n<p class=\"has-text-align-center\"><strong><a rel=\"noreferrer noopener\" href=\"https:\/\/institutodelbicentenario-infd.mendoza.edu.ar\/sitio\/disenos-curriculares-pei\/\" data-type=\"URL\" data-id=\"https:\/\/institutodelbicentenario-infd.mendoza.edu.ar\/sitio\/disenos-curriculares-pei\/\" target=\"_blank\">Profesorado de Educaci\u00f3n Inicial<\/a><\/strong><\/p>\n\n\n\n<p class=\"has-text-align-center\"><strong><a rel=\"noreferrer noopener\" href=\"https:\/\/institutodelbicentenario-infd.mendoza.edu.ar\/sitio\/disenos-curriculares-pep\/\" data-type=\"URL\" data-id=\"https:\/\/institutodelbicentenario-infd.mendoza.edu.ar\/sitio\/disenos-curriculares-pep\/\" target=\"_blank\">Profesorado de Educaci\u00f3n Primaria<\/a><\/strong><\/p>\n\n\n\n<p class=\"has-text-align-center\">_____<\/p>\n\n\n\n<p class=\"has-text-align-center\"><strong>Turno Tarde de 13:40 a 18:40 hs.<\/strong> <\/p>\n\n\n\n<p class=\"has-text-align-center\"><strong><a rel=\"noreferrer noopener\" href=\"https:\/\/institutodelbicentenario-infd.mendoza.edu.ar\/sitio\/profesorado-de-educacion-secundaria-en-historia\/\" data-type=\"URL\" data-id=\"https:\/\/institutodelbicentenario-infd.mendoza.edu.ar\/sitio\/profesorado-de-educacion-secundaria-en-historia\/\" target=\"_blank\">Profesorado de Educaci\u00f3n Secundaria en Historia<\/a><\/strong><\/p>\n\n\n\n<p class=\"has-text-align-center\"><strong><a rel=\"noreferrer noopener\" href=\"https:\/\/institutodelbicentenario-infd.mendoza.edu.ar\/sitio\/profesorado-de-educacion-especial\/\" data-type=\"URL\" data-id=\"https:\/\/institutodelbicentenario-infd.mendoza.edu.ar\/sitio\/profesorado-de-educacion-especial\/\" target=\"_blank\">Profesorado de Educaci\u00f3n Especial<\/a><\/strong><\/p>\n\n\n\n<p class=\"has-text-align-center\">_____<\/p>\n\n\n\n<p class=\"has-text-align-center\"><strong>Turno Noche de 18:00 a 21:00 hs.<\/strong><\/p>\n\n\n\n<p class=\"has-text-align-center\"><strong><strong><a rel=\"noreferrer noopener\" href=\"https:\/\/institutodelbicentenario-infd.mendoza.edu.ar\/sitio\/tecnicatura-superior-en-logistica\/\" data-type=\"URL\" data-id=\"https:\/\/institutodelbicentenario-infd.mendoza.edu.ar\/sitio\/tecnicatura-superior-en-logistica\/\" target=\"_blank\">Tecnicatura Superior en Log\u00edstica<\/a><\/strong><\/strong><\/p>\n\n\n\n<p class=\"has-text-align-center\"><strong><strong><a rel=\"noreferrer noopener\" href=\"https:\/\/institutodelbicentenario-infd.mendoza.edu.ar\/sitio\/tecnicatura-construcciones\/\" target=\"_blank\">Tecnicatura Superior en Construcciones Livianas Industrializadas y Servicio<\/a><\/strong><\/strong><\/p>\n\n\n\n<p class=\"has-text-align-center\">________________________<\/p>\n\n\n\n<p class=\"has-text-align-center\">&#x1f449; <strong><a rel=\"noreferrer noopener\" href=\"https:\/\/institutodelbicentenario-infd.mendoza.edu.ar\/sitio\/ubicacion\/\" data-type=\"URL\" data-id=\"https:\/\/institutodelbicentenario-infd.mendoza.edu.ar\/sitio\/ubicacion\/\" target=\"_blank\">SEDE CHAMPEAU<\/a><\/strong> &#x1f448;<\/p>\n\n\n\n<p class=\"has-text-align-center\"><strong>SOLO<\/strong> <strong>Turno Noche de 19:00 a 23:20 hs.<\/strong><\/p>\n\n\n\n<p class=\"has-text-align-center\"><strong><a rel=\"noreferrer noopener\" href=\"https:\/\/institutodelbicentenario-infd.mendoza.edu.ar\/sitio\/profesorado-de-artes-visuales\/\" data-type=\"URL\" data-id=\"https:\/\/institutodelbicentenario-infd.mendoza.edu.ar\/sitio\/profesorado-de-artes-visuales\/\" target=\"_blank\">Profesorado de Artes Visuales<\/a><\/strong><\/p>\n\n\n\n<p class=\"has-text-align-center\"><strong><a rel=\"noreferrer noopener\" href=\"https:\/\/institutodelbicentenario-infd.mendoza.edu.ar\/sitio\/profesorado-de-educacion-secundaria-en-lengua-y-literatura\/\" target=\"_blank\">Profesorado de Educaci\u00f3n Secundaria en Lengua y Literatura<\/a><\/strong><\/p>\n\n\n\n<p class=\"has-text-align-center\"><strong><a rel=\"noreferrer noopener\" href=\"https:\/\/institutodelbicentenario-infd.mendoza.edu.ar\/sitio\/profesorado-de-teatro\/\" data-type=\"URL\" data-id=\"https:\/\/institutodelbicentenario-infd.mendoza.edu.ar\/sitio\/profesorado-de-teatro\/\" target=\"_blank\">Profesorado de Teatro<\/a><\/strong><\/p>\n\n\n\n<p class=\"has-text-align-center\">Sede Champeau solo funciona en turno noche.<\/p>\n\n\n\n<p class=\"has-text-align-center\">No se dictan carreras en otros turnos en Sede Champeau.<\/p>\n\n\n\n<p class=\"has-text-align-center\">________________________<\/p>\n\n\n\n<p class=\"has-text-align-center\"><a href=\"https:\/\/institutodelbicentenario-infd.mendoza.edu.ar\/sitio\/ubicacion\/\"><strong>Ubicaci\u00f3n de Sedes<\/strong><\/a><\/p>\n\n\n\n<p class=\"has-text-align-center\">________________________<\/p>\n","protected":false},"excerpt":{"rendered":"<p>HORARIOS DE CURSADO No se dictan carreras en otras sedes o en otros horarios que en las especificadas a continuaci\u00f3n: &#x1f449; SEDE CENTRAL &#x1f448; Turno ma\u00f1ana de 8:00 a 13:00 hs. Profesorado de Ingl\u00e9s Profesorado de Educaci\u00f3n Inicial Profesorado de Educaci\u00f3n Primaria _____ Turno Tarde de 13:40 a 18:40 hs. Profesorado de Educaci\u00f3n Secundaria en &#8230; <a title=\"Horarios de cursado y atenci\u00f3n seg\u00fan sede y carrera\" class=\"read-more\" href=\"https:\/\/institutodelbicentenario-infd.mendoza.edu.ar\/sitio\/hc\/\" aria-label=\"More on Horarios de cursado y atenci\u00f3n seg\u00fan sede y carrera\">[+]<\/a><\/p>\n","protected":false},"author":2415,"featured_media":0,"parent":0,"menu_order":0,"comment_status":"closed","ping_status":"closed","template":"","meta":[],"acf":[],"_links":{"self":[{"href":"https:\/\/institutodelbicentenario-infd.mendoza.edu.ar\/sitio\/wp-json\/wp\/v2\/pages\/7207"}],"collection":[{"href":"https:\/\/institutodelbicentenario-infd.mendoza.edu.ar\/sitio\/wp-json\/wp\/v2\/pages"}],"about":[{"href":"https:\/\/institutodelbicentenario-infd.mendoza.edu.ar\/sitio\/wp-json\/wp\/v2\/types\/page"}],"author":[{"embeddable":true,"href":"https:\/\/institutodelbicentenario-infd.mendoza.edu.ar\/sitio\/wp-json\/wp\/v2\/users\/2415"}],"replies":[{"embeddable":true,"href":"https:\/\/institutodelbicentenario-infd.mendoza.edu.ar\/sitio\/wp-json\/wp\/v2\/comments?post=7207"}],"version-history":[{"count":45,"href":"https:\/\/institutodelbicentenario-infd.mendoza.edu.ar\/sitio\/wp-json\/wp\/v2\/pages\/7207\/revisions"}],"predecessor-version":[{"id":13030,"href":"https:\/\/institutodelbicentenario-infd.mendoza.edu.ar\/sitio\/wp-json\/wp\/v2\/pages\/7207\/revisions\/13030"}],"wp:attachment":[{"href":"https:\/\/institutodelbicentenario-infd.mendoza.edu.ar\/sitio\/wp-json\/wp\/v2\/media?parent=7207"}],"curies":[{"name":"wp","href":"https:\/\/api.w.org\/{rel}","templated":true}]}}