{"id":7138,"date":"2022-05-04T17:52:56","date_gmt":"2022-05-04T20:52:56","guid":{"rendered":"https:\/\/institutodelbicentenario-infd.mendoza.edu.ar\/sitio\/?page_id=7138"},"modified":"2022-05-04T17:53:32","modified_gmt":"2022-05-04T20:53:32","slug":"postergacion-de-mesas","status":"publish","type":"page","link":"https:\/\/institutodelbicentenario-infd.mendoza.edu.ar\/sitio\/postergacion-de-mesas\/","title":{"rendered":"Postergaci\u00f3n de Mesas"},"content":{"rendered":"\n<p class=\"has-text-align-center\"><strong>Postergaci\u00f3n de Mesas<\/strong><\/p>\n\n\n\n<p class=\"has-text-align-center\"><a href=\"https:\/\/forms.gle\/ciEcD44GTNoDbn3a6\" data-type=\"URL\" data-id=\"https:\/\/forms.gle\/ciEcD44GTNoDbn3a6\" target=\"_blank\" rel=\"noreferrer noopener\">Profesorado de Artes Visuales<\/a><\/p>\n\n\n\n<p class=\"has-text-align-center\"><a href=\"https:\/\/forms.gle\/aEbEwCf2KqGJgXfg8\" data-type=\"URL\" data-id=\"https:\/\/forms.gle\/aEbEwCf2KqGJgXfg8\" target=\"_blank\" rel=\"noreferrer noopener\">Profesorado de Educaci\u00f3n Secundaria en Historia<\/a><\/p>\n\n\n\n<p class=\"has-text-align-center\"><a href=\"https:\/\/forms.gle\/uDdtbYt16eQc34NaA\" data-type=\"URL\" data-id=\"https:\/\/forms.gle\/uDdtbYt16eQc34NaA\" target=\"_blank\" rel=\"noreferrer noopener\">Profesorado de Educaci\u00f3n Secundaria en Lengua y Literatura<\/a><\/p>\n\n\n\n<p class=\"has-text-align-center\"><a href=\"https:\/\/forms.gle\/NEp2zCxHCkguBC6X6\" data-type=\"URL\" data-id=\"https:\/\/forms.gle\/NEp2zCxHCkguBC6X6\" target=\"_blank\" rel=\"noreferrer noopener\">Profesorado de Ingl\u00e9s<\/a><\/p>\n\n\n\n<p class=\"has-text-align-center\"><a href=\"https:\/\/forms.gle\/A7vwvo8sdCg6Sw7A7\" data-type=\"URL\" data-id=\"https:\/\/forms.gle\/A7vwvo8sdCg6Sw7A7\" target=\"_blank\" rel=\"noreferrer noopener\">Profesorado de Educaci\u00f3n Inicial<\/a><\/p>\n\n\n\n<p class=\"has-text-align-center\"><a href=\"https:\/\/forms.gle\/t8caMKx4sVLCf1sc9\" data-type=\"URL\" data-id=\"https:\/\/forms.gle\/t8caMKx4sVLCf1sc9\" target=\"_blank\" rel=\"noreferrer noopener\">Profesorado de Educaci\u00f3n Primaria<\/a><\/p>\n\n\n\n<p class=\"has-text-align-center\"><a href=\"https:\/\/forms.gle\/KWcgN4qNiReAdq456\" data-type=\"URL\" data-id=\"https:\/\/forms.gle\/KWcgN4qNiReAdq456\" target=\"_blank\" rel=\"noreferrer noopener\">Tecnicatura Superior en Log\u00edstica<\/a><\/p>\n","protected":false},"excerpt":{"rendered":"<p>Postergaci\u00f3n de Mesas Profesorado de Artes Visuales Profesorado de Educaci\u00f3n Secundaria en Historia Profesorado de Educaci\u00f3n Secundaria en Lengua y Literatura Profesorado de Ingl\u00e9s Profesorado de Educaci\u00f3n Inicial Profesorado de Educaci\u00f3n Primaria Tecnicatura Superior en Log\u00edstica<\/p>\n","protected":false},"author":646,"featured_media":0,"parent":0,"menu_order":0,"comment_status":"closed","ping_status":"closed","template":"","meta":[],"acf":[],"_links":{"self":[{"href":"https:\/\/institutodelbicentenario-infd.mendoza.edu.ar\/sitio\/wp-json\/wp\/v2\/pages\/7138"}],"collection":[{"href":"https:\/\/institutodelbicentenario-infd.mendoza.edu.ar\/sitio\/wp-json\/wp\/v2\/pages"}],"about":[{"href":"https:\/\/institutodelbicentenario-infd.mendoza.edu.ar\/sitio\/wp-json\/wp\/v2\/types\/page"}],"author":[{"embeddable":true,"href":"https:\/\/institutodelbicentenario-infd.mendoza.edu.ar\/sitio\/wp-json\/wp\/v2\/users\/646"}],"replies":[{"embeddable":true,"href":"https:\/\/institutodelbicentenario-infd.mendoza.edu.ar\/sitio\/wp-json\/wp\/v2\/comments?post=7138"}],"version-history":[{"count":1,"href":"https:\/\/institutodelbicentenario-infd.mendoza.edu.ar\/sitio\/wp-json\/wp\/v2\/pages\/7138\/revisions"}],"predecessor-version":[{"id":7141,"href":"https:\/\/institutodelbicentenario-infd.mendoza.edu.ar\/sitio\/wp-json\/wp\/v2\/pages\/7138\/revisions\/7141"}],"wp:attachment":[{"href":"https:\/\/institutodelbicentenario-infd.mendoza.edu.ar\/sitio\/wp-json\/wp\/v2\/media?parent=7138"}],"curies":[{"name":"wp","href":"https:\/\/api.w.org\/{rel}","templated":true}]}}