{"id":6835,"date":"2022-04-12T07:41:52","date_gmt":"2022-04-12T10:41:52","guid":{"rendered":"https:\/\/institutodelbicentenario-infd.mendoza.edu.ar\/sitio\/?page_id=6835"},"modified":"2026-02-01T14:05:44","modified_gmt":"2026-02-01T17:05:44","slug":"nuevos-docentes","status":"publish","type":"page","link":"https:\/\/institutodelbicentenario-infd.mendoza.edu.ar\/sitio\/nuevos-docentes\/","title":{"rendered":"Nuevos Docentes"},"content":{"rendered":"\n<p class=\"has-text-align-center\"><strong>Nuevos docentes<\/strong><\/p>\n\n\n\n<p class=\"has-text-align-center\"><strong>Proceso de altas en redes sociales, notificaciones y Campus Virtual<\/strong><\/p>\n\n\n\n<p>Estimada\/o Docente. Bienvenida\/o!<\/p>\n\n\n\n<p>La informaci\u00f3n necesaria para notificaciones y\/o altas la puede enviar por WhatsApp al 2616170470.<\/p>\n\n\n\n<p>1)- Nuestras Redes Sociales:<\/p>\n\n\n\n<p>Facebook institucional: <a href=\"https:\/\/www.facebook.com\/I.S.F.D.T.9030.Del.Bicentenario\/\" target=\"_blank\" rel=\"noreferrer noopener\">https:\/\/www.facebook.com\/I.S.F.D.T.9030.Del.Bicentenario\/<\/a><\/p>\n\n\n\n<p>Istagram: <a href=\"https:\/\/www.instagram.com\/isfdyt9030\/?hl=es-la\" target=\"_blank\" rel=\"noreferrer noopener\">https:\/\/www.instagram.com\/isfdyt9030\/?hl=es-la<\/a><\/p>\n\n\n\n<p>twitter: <a href=\"https:\/\/twitter.com\/isfdyt9030\" target=\"_blank\" rel=\"noreferrer noopener\">https:\/\/twitter.com\/isfdyt9030<\/a><\/p>\n\n\n\n<p>2)- Grupo de difusi\u00f3n de WhatsApp para notificaciones institucionales: 2616170470 (Debe agendar el n\u00famero, de lo contrario no recibir\u00e1 las notificaciones ya que es un grupo de difusi\u00f3n, no un grupo de participantes).<\/p>\n\n\n\n<p>3)- El sitio web oficial del instituto es: <a rel=\"noreferrer noopener\" href=\"https:\/\/institutodelbicentenario-infd.mendoza.edu.ar\/sitio\/\" target=\"_blank\">https:\/\/institutodelbicentenario-infd.mendoza.edu.ar\/sitio\/<\/a><\/p>\n\n\n\n<p>4)- Usuario y Aulas en el Campus Virtual:<\/p>\n\n\n\n<p>Necesitamos la siguiente informaci\u00f3n para el alta de su usuario y de su\/s aula\/s:<\/p>\n\n\n\n<p>a-DNI:<\/p>\n\n\n\n<p>b-Apellido:<\/p>\n\n\n\n<p>c-Nombre:<\/p>\n\n\n\n<p>d-Correo electr\u00f3nico:<\/p>\n\n\n\n<p>e-Carrera a la que pertenece el espacio curricular:<\/p>\n\n\n\n<p>f-A\u00f1o al que pertenece el espacio curricular:<\/p>\n\n\n\n<p>g-Nombre completo del espacio curricular:<\/p>\n\n\n\n<p>h-\u00cdtem a completar solo por Profesorado de Educaci\u00f3n Primaria:<\/p>\n\n\n\n<p>i-Comisi\u00f3n a la que pertenece:<\/p>\n\n\n\n<p>j-(Comisi\u00f3n 1: Turno ma\u00f1ana o noche. Comisi\u00f3n 2: Turno Tarde o noche).&nbsp;<\/p>\n\n\n\n<p>(Repita los \u00edtems f a j por cada aula que desee el alta).<\/p>\n\n\n\n<p>6)- Datos necesarios para el primer ingreso una vez que se le notifique el alta en el campus virtual.<\/p>\n\n\n\n<p>Sitio: <a rel=\"noreferrer noopener\" href=\"https:\/\/institutodelbicentenario-infd.mendoza.edu.ar\/aula\/acceso.cgi\" target=\"_blank\">https:\/\/institutodelbicentenario-infd.mendoza.edu.ar\/aula\/acceso.cgi<\/a><br>Usuario: \u00abSu DNI sin puntos\u00bb<br>Contrase\u00f1a: 9030@Bice<\/p>\n\n\n\n<p>7)- Con respecto al nombre de los espacios curriculares en la plataforma se observa:<\/p>\n\n\n\n<p>Ejemplo de un aula:<\/p>\n\n\n\n<p>Nombre: PEP2-Produci\u00f3n y Comprensi\u00f3n de Texto<\/p>\n\n\n\n<p>Se solicita no modificar el prefijo (PEP2-) de cada espacio curricular, es lo que ordena y agrupa los espacios en el campus por carrera y a\u00f1o. Para Artes es A, para Historia H, etc. El nombre del espacio debe coincidir con el del dise\u00f1o curricular correspondiente. Si este est\u00e1 mal escrito, por favor modif\u00edquelo.<\/p>\n\n\n\n<p>Por favor no utilizar un aula para otro espacio curricular ni renombrarlo. Si necesita otro espacio curricular solic\u00edtelo.<\/p>\n\n\n\n<p>Debido a los inconvenientes que se generan por usuarios duplicados, el alta (Agregar) de alumnos, est\u00e1 a cargo del administrador de la plataforma. Esto para evitar que un alumno tenga 2 o m\u00e1s usuarios con diferentes contrase\u00f1as y para evitar la des habilitaci\u00f3n de envi\u00f3 de mensajes al correo personal externo de los alumnos. Esto tambi\u00e9n debido a que, si un docente da el alta a un alumno, solo lo hace en su aula y no en todas las aulas que deber\u00eda tener del a\u00f1o que cursa y de alulas especiales como \u201cNoticias Institucionales\u201d, \u201cNoticia para alumnos\u201d, etc. Cada docente puede importar o eliminar a los alumnos que crea conveniente de sus aulas.<\/p>\n\n\n\n<p>Si usted es profesor suplente y encuentra material dentro del aula por favor, consulte con el docente del espacio curricular.<\/p>\n\n\n\n<p>Manuales y tutoriales del Campus Virtual: <a rel=\"noreferrer noopener\" href=\"https:\/\/institutodelbicentenario-infd.mendoza.edu.ar\/sitio\/manuales\/\" target=\"_blank\">https:\/\/institutodelbicentenario-mza.infd.edu.ar\/sitio\/manuales\/<\/a><\/p>\n\n\n\n<p>Por favor, por cualquier inconveniente u otra solicitud, p\u00f3ngase en contacto nuevamente.<\/p>\n\n\n\n<p>Muchas Gracias.<\/p>\n\n\n\n<p>Que tenga buen d\u00eda.<\/p>\n\n\n\n<p class=\"has-text-align-center\"><strong>\u00c1rea de Sistemas<\/strong><\/p>\n\n\n\n<p class=\"has-text-align-center\"><a href=\"https:\/\/www.facebook.com\/hashtag\/isfdyt9030?__eep__=6&amp;__cft__%5b0%5d=AZUAeS2qce_O__6ax4kGqAHbwvxa_6RmNTOc3B8Gz8JEBOUO-S0BKSt6r7jSxIPjJiGjJfpxX5yHEn3zYOwL7s8VoNgtSv43O_a5bq-Sti_8MmbUwfbmDs1Skukl7lDnDrE&amp;__tn__=*NK-R\">#isfdyt9030<\/a><\/p>\n\n\n\n<p class=\"has-text-align-center\"><a href=\"https:\/\/www.facebook.com\/hashtag\/institutodelbicentenario?__eep__=6&amp;__cft__%5b0%5d=AZUAeS2qce_O__6ax4kGqAHbwvxa_6RmNTOc3B8Gz8JEBOUO-S0BKSt6r7jSxIPjJiGjJfpxX5yHEn3zYOwL7s8VoNgtSv43O_a5bq-Sti_8MmbUwfbmDs1Skukl7lDnDrE&amp;__tn__=*NK-R\">#institutodelbicentenario<\/a><\/p>\n\n\n\n<p class=\"has-text-align-center\"><a href=\"https:\/\/www.facebook.com\/hashtag\/educacionsuperior?__eep__=6&amp;__cft__%5b0%5d=AZUAeS2qce_O__6ax4kGqAHbwvxa_6RmNTOc3B8Gz8JEBOUO-S0BKSt6r7jSxIPjJiGjJfpxX5yHEn3zYOwL7s8VoNgtSv43O_a5bq-Sti_8MmbUwfbmDs1Skukl7lDnDrE&amp;__tn__=*NK-R\">#educacionsuperior<\/a><\/p>\n\n\n\n<p class=\"has-text-align-center\"><a href=\"https:\/\/www.facebook.com\/hashtag\/somoseducaci%C3%B3nsuperior?__eep__=6&amp;__cft__[0]=AZWXeYGKvRGpc2EUc9_2HUB56pQRQxwNi_EwogXjY14uDUOkUXaPNoQ2NfioHuyrGkBwSWyo5yZ7mWSlmzJ5APcpKfhDVsk8F5HTE5IAAzt6G3WsRaymNtXHZXmCymGnHHcMzcvxxkRNv5aiZWoCF7jT3S8bwA3qcbMBLSOW206gQkki6jo4nubj3ZuZRYgOzIs&amp;__tn__=*NK-R\">#SomosEducaci\u00f3nSuperior<\/a><\/p>\n","protected":false},"excerpt":{"rendered":"<p>Nuevos docentes Proceso de altas en redes sociales, notificaciones y Campus Virtual Estimada\/o Docente. Bienvenida\/o! La informaci\u00f3n necesaria para notificaciones y\/o altas la puede enviar por WhatsApp al 2616170470. 1)- Nuestras Redes Sociales: Facebook institucional: https:\/\/www.facebook.com\/I.S.F.D.T.9030.Del.Bicentenario\/ Istagram: https:\/\/www.instagram.com\/isfdyt9030\/?hl=es-la twitter: https:\/\/twitter.com\/isfdyt9030 2)- Grupo de difusi\u00f3n de WhatsApp para notificaciones institucionales: 2616170470 (Debe agendar el n\u00famero, de &#8230; <a title=\"Nuevos Docentes\" class=\"read-more\" href=\"https:\/\/institutodelbicentenario-infd.mendoza.edu.ar\/sitio\/nuevos-docentes\/\" aria-label=\"More on Nuevos Docentes\">[+]<\/a><\/p>\n","protected":false},"author":646,"featured_media":0,"parent":0,"menu_order":0,"comment_status":"closed","ping_status":"closed","template":"","meta":[],"acf":[],"_links":{"self":[{"href":"https:\/\/institutodelbicentenario-infd.mendoza.edu.ar\/sitio\/wp-json\/wp\/v2\/pages\/6835"}],"collection":[{"href":"https:\/\/institutodelbicentenario-infd.mendoza.edu.ar\/sitio\/wp-json\/wp\/v2\/pages"}],"about":[{"href":"https:\/\/institutodelbicentenario-infd.mendoza.edu.ar\/sitio\/wp-json\/wp\/v2\/types\/page"}],"author":[{"embeddable":true,"href":"https:\/\/institutodelbicentenario-infd.mendoza.edu.ar\/sitio\/wp-json\/wp\/v2\/users\/646"}],"replies":[{"embeddable":true,"href":"https:\/\/institutodelbicentenario-infd.mendoza.edu.ar\/sitio\/wp-json\/wp\/v2\/comments?post=6835"}],"version-history":[{"count":16,"href":"https:\/\/institutodelbicentenario-infd.mendoza.edu.ar\/sitio\/wp-json\/wp\/v2\/pages\/6835\/revisions"}],"predecessor-version":[{"id":12857,"href":"https:\/\/institutodelbicentenario-infd.mendoza.edu.ar\/sitio\/wp-json\/wp\/v2\/pages\/6835\/revisions\/12857"}],"wp:attachment":[{"href":"https:\/\/institutodelbicentenario-infd.mendoza.edu.ar\/sitio\/wp-json\/wp\/v2\/media?parent=6835"}],"curies":[{"name":"wp","href":"https:\/\/api.w.org\/{rel}","templated":true}]}}