{"id":6775,"date":"2022-04-01T10:46:49","date_gmt":"2022-04-01T13:46:49","guid":{"rendered":"https:\/\/institutodelbicentenario-infd.mendoza.edu.ar\/sitio\/?page_id=6775"},"modified":"2026-03-16T09:40:30","modified_gmt":"2026-03-16T12:40:30","slug":"sistema-academico","status":"publish","type":"page","link":"https:\/\/institutodelbicentenario-infd.mendoza.edu.ar\/sitio\/sistema-academico\/","title":{"rendered":"Sistema Acad\u00e9mico"},"content":{"rendered":"\n<p class=\"has-text-align-center\"><strong>SISTEMA ACAD\u00c9MICO VIRTUAL DE ALUMNOS V1.0.2<\/strong><\/p>\n\n\n\n<p class=\"has-text-align-center\">Estimados alumnos:<\/p>\n\n\n\n<p class=\"has-text-align-center\">La Direcci\u00f3n de Educaci\u00f3n Superior pone en funcionamiento a partir del ciclo 2025 el Sistema de Alumnos V1.0.2.<\/p>\n\n\n\n<p class=\"has-text-align-center\">Este Sistema reemplazar\u00e1 todos los sistemas existentes y la situaci\u00f3n acad\u00e9mica de cada alumno se visualizar\u00e1 en este.<\/p>\n\n\n\n<p class=\"has-text-align-center\"><strong>El plazo m\u00e1ximo para darse de alta en el sistema<\/strong>&nbsp;<strong>es hasta el 15 de abril por lo que se solicita realicen el tramite a la brevedad, ya que es fundamental para poder realizar cualquier tramite administrativo de su situaci\u00f3n acad\u00e9mica frente a la D.G.E.<\/strong><\/p>\n\n\n\n<p class=\"has-text-align-center\">Como primer paso se solicita generar su usuario y contrase\u00f1a en el siguiente enlace:<\/p>\n\n\n\n<p class=\"has-text-align-center\"><a href=\"https:\/\/dti.mendoza.edu.ar\/superior\/usuarios\/public\/\">https:\/\/dti.mendoza.edu.ar\/superior\/usuarios\/public\/<\/a><\/p>\n\n\n\n<p class=\"has-text-align-center\">Para ingresar al nuevo sistema se debe realizar a trav\u00e9s del siguiente enlace:<\/p>\n\n\n\n<p class=\"has-text-align-center\"><a href=\"https:\/\/dti.mendoza.edu.ar\/superior\/alumnos\/public\/\">https:\/\/dti.mendoza.edu.ar\/superior\/alumnos\/public\/<\/a><\/p>\n\n\n\n<p class=\"has-text-align-center\">Si olvida su contrase\u00f1a la debe recuperar a trav\u00e9s del siguiente enlace:<\/p>\n\n\n\n<p class=\"has-text-align-center\"><a href=\"https:\/\/dti.mendoza.edu.ar\/superior\/usuarios\/public\/usuarios\/recuperar\">https:\/\/dti.mendoza.edu.ar\/superior\/usuarios\/public\/usuarios\/recuperar<\/a><\/p>\n\n\n\n<p class=\"has-text-align-center\">Si ya no tiene m\u00e1s acceso a el correo con el cual se registr\u00f3 o no lo recuerda lo debe recuperar a trav\u00e9s del siguiente enlace:<\/p>\n\n\n\n<p class=\"has-text-align-center\"><a href=\"https:\/\/dti.mendoza.edu.ar\/superior\/sitio\/contacto.html\">https:\/\/dti.mendoza.edu.ar\/superior\/sitio\/contacto.html<\/a><\/p>\n\n\n\n<p class=\"has-text-align-center\">Inscripci\u00f3n a cursado por materias:<\/p>\n\n\n\n<p class=\"has-text-align-center\"><a href=\"https:\/\/institutodelbicentenario-infd.mendoza.edu.ar\/sitio\/wp-content\/uploads\/2026\/03\/Inscripcion-a-cursado-por-materias.pdf\">Inscripcion-a-cursado-por-materias.pdf<\/a><\/p>\n\n\n\n<p class=\"has-text-align-center\">Manual para Alumnos:<\/p>\n\n\n\n<p class=\"has-text-align-center\"><a href=\"https:\/\/institutodelbicentenario-infd.mendoza.edu.ar\/sitio\/wp-content\/uploads\/2025\/03\/NUEVO-SISTEMA-DE-GESTION-ACADEMICA-Manual-Alumnos.pdf\" target=\"_blank\" rel=\"noreferrer noopener\">NUEVO-SISTEMA-DE-GESTION-ACADEMICA-Manual-Alumnos.pdf<\/a><\/p>\n\n\n\n<p class=\"has-text-align-center\">Que tengan buen d\u00eda<\/p>\n\n\n\n<p class=\"has-text-align-center\"><strong>Direcci\u00f3n de Educaci\u00f3n Superior<\/strong><\/p>\n\n\n\n<p class=\"has-text-align-center\"><a href=\"https:\/\/www.facebook.com\/hashtag\/isfdyt9030?__eep__=6&amp;__cft__%5b0%5d=AZUAeS2qce_O__6ax4kGqAHbwvxa_6RmNTOc3B8Gz8JEBOUO-S0BKSt6r7jSxIPjJiGjJfpxX5yHEn3zYOwL7s8VoNgtSv43O_a5bq-Sti_8MmbUwfbmDs1Skukl7lDnDrE&amp;__tn__=*NK-R\">#isfdyt9030<\/a><\/p>\n\n\n\n<p class=\"has-text-align-center\"><a href=\"https:\/\/www.facebook.com\/hashtag\/institutodelbicentenario?__eep__=6&amp;__cft__%5b0%5d=AZUAeS2qce_O__6ax4kGqAHbwvxa_6RmNTOc3B8Gz8JEBOUO-S0BKSt6r7jSxIPjJiGjJfpxX5yHEn3zYOwL7s8VoNgtSv43O_a5bq-Sti_8MmbUwfbmDs1Skukl7lDnDrE&amp;__tn__=*NK-R\">#institutodelbicentenario<\/a><\/p>\n\n\n\n<p class=\"has-text-align-center\"><a href=\"https:\/\/www.facebook.com\/hashtag\/educacionsuperior?__eep__=6&amp;__cft__%5b0%5d=AZUAeS2qce_O__6ax4kGqAHbwvxa_6RmNTOc3B8Gz8JEBOUO-S0BKSt6r7jSxIPjJiGjJfpxX5yHEn3zYOwL7s8VoNgtSv43O_a5bq-Sti_8MmbUwfbmDs1Skukl7lDnDrE&amp;__tn__=*NK-R\">#educacionsuperior<\/a><\/p>\n\n\n\n<p class=\"has-text-align-center\"><a href=\"https:\/\/www.facebook.com\/hashtag\/somoseducaci%C3%B3nsuperior?__eep__=6&amp;__cft__[0]=AZWXeYGKvRGpc2EUc9_2HUB56pQRQxwNi_EwogXjY14uDUOkUXaPNoQ2NfioHuyrGkBwSWyo5yZ7mWSlmzJ5APcpKfhDVsk8F5HTE5IAAzt6G3WsRaymNtXHZXmCymGnHHcMzcvxxkRNv5aiZWoCF7jT3S8bwA3qcbMBLSOW206gQkki6jo4nubj3ZuZRYgOzIs&amp;__tn__=*NK-R\">#SomosEducaci\u00f3nSuperior<\/a><\/p>\n","protected":false},"excerpt":{"rendered":"<p>SISTEMA ACAD\u00c9MICO VIRTUAL DE ALUMNOS V1.0.2 Estimados alumnos: La Direcci\u00f3n de Educaci\u00f3n Superior pone en funcionamiento a partir del ciclo 2025 el Sistema de Alumnos V1.0.2. Este Sistema reemplazar\u00e1 todos los sistemas existentes y la situaci\u00f3n acad\u00e9mica de cada alumno se visualizar\u00e1 en este. El plazo m\u00e1ximo para darse de alta en el sistema&nbsp;es hasta &#8230; <a title=\"Sistema Acad\u00e9mico\" class=\"read-more\" href=\"https:\/\/institutodelbicentenario-infd.mendoza.edu.ar\/sitio\/sistema-academico\/\" aria-label=\"More on Sistema Acad\u00e9mico\">[+]<\/a><\/p>\n","protected":false},"author":646,"featured_media":0,"parent":0,"menu_order":0,"comment_status":"closed","ping_status":"closed","template":"","meta":[],"acf":[],"_links":{"self":[{"href":"https:\/\/institutodelbicentenario-infd.mendoza.edu.ar\/sitio\/wp-json\/wp\/v2\/pages\/6775"}],"collection":[{"href":"https:\/\/institutodelbicentenario-infd.mendoza.edu.ar\/sitio\/wp-json\/wp\/v2\/pages"}],"about":[{"href":"https:\/\/institutodelbicentenario-infd.mendoza.edu.ar\/sitio\/wp-json\/wp\/v2\/types\/page"}],"author":[{"embeddable":true,"href":"https:\/\/institutodelbicentenario-infd.mendoza.edu.ar\/sitio\/wp-json\/wp\/v2\/users\/646"}],"replies":[{"embeddable":true,"href":"https:\/\/institutodelbicentenario-infd.mendoza.edu.ar\/sitio\/wp-json\/wp\/v2\/comments?post=6775"}],"version-history":[{"count":41,"href":"https:\/\/institutodelbicentenario-infd.mendoza.edu.ar\/sitio\/wp-json\/wp\/v2\/pages\/6775\/revisions"}],"predecessor-version":[{"id":13326,"href":"https:\/\/institutodelbicentenario-infd.mendoza.edu.ar\/sitio\/wp-json\/wp\/v2\/pages\/6775\/revisions\/13326"}],"wp:attachment":[{"href":"https:\/\/institutodelbicentenario-infd.mendoza.edu.ar\/sitio\/wp-json\/wp\/v2\/media?parent=6775"}],"curies":[{"name":"wp","href":"https:\/\/api.w.org\/{rel}","templated":true}]}}