{"id":6522,"date":"2022-03-29T12:11:10","date_gmt":"2022-03-29T15:11:10","guid":{"rendered":"https:\/\/institutodelbicentenario-infd.mendoza.edu.ar\/sitio\/?page_id=6522"},"modified":"2026-03-19T08:53:55","modified_gmt":"2026-03-19T11:53:55","slug":"seccion-alumnos","status":"publish","type":"page","link":"https:\/\/institutodelbicentenario-infd.mendoza.edu.ar\/sitio\/seccion-alumnos\/","title":{"rendered":"Secci\u00f3n Alumnos"},"content":{"rendered":"\n<p class=\"has-text-align-center\"><strong>Secci\u00f3n Alumnos<\/strong><\/p>\n\n\n\n<p class=\"has-text-align-center\"><strong>Oficina  abocada exclusivamente a:<\/strong><\/p>\n\n\n\n<p class=\"has-text-align-center\">Brindar informaci\u00f3n general de asuntos administrativos y acad\u00e9micos de alumnos.<\/p>\n\n\n\n<p class=\"has-text-align-center\">Emitir certificaciones (Anal\u00edticos, Certificados de alumno regular, Constancias de examen)<\/p>\n\n\n\n<p class=\"has-text-align-center\">Cobrar cooperadora<\/p>\n\n\n\n<p class=\"has-text-align-center\"><strong>Esta oficina no atiende a aspirantes<\/strong><\/p>\n\n\n\n<p><strong>Sede Central:<\/strong><\/p>\n\n\n\n<p><strong>1- WhatsApp:<\/strong>&nbsp;<a rel=\"noreferrer noopener\" href=\"http:\/\/wa.me\/542612709585\" target=\"_blank\">2612709585<\/a>&nbsp;(Solo Turno Tarde, martes y jueves de 13:30 hs 17:30 hs. Se reciben mensajes de texto y audio de WhatsApp &#8211; No se atienden llamadas telef\u00f3nicas).<\/p>\n\n\n\n<p><strong>2- Atenci\u00f3n presencial:<\/strong> Turno Tarde, martes y jueves de 13:30 hs 17:30 hs.<\/p>\n\n\n\n<p><strong>3- Atenci\u00f3n presencial en los horarios habituales de cursado de carreras:<\/strong> <a rel=\"noreferrer noopener\" href=\"https:\/\/institutodelbicentenario-infd.mendoza.edu.ar\/sitio\/hc\/\" target=\"_blank\">Horarios de cursado seg\u00fan sede y carrera aqu\u00ed<\/a><\/p>\n\n\n\n<p><strong>Sede Champeau:<\/strong><\/p>\n\n\n\n<p><strong>1- Solo atenci\u00f3n presencial en los horarios habituales de cursado de carreras:<\/strong> <a rel=\"noreferrer noopener\" href=\"https:\/\/institutodelbicentenario-infd.mendoza.edu.ar\/sitio\/hc\/\" target=\"_blank\">Horarios de cursado seg\u00fan sede y carrera aqu\u00ed<\/a><\/p>\n\n\n\n<p class=\"has-text-align-center\"><strong>Secci\u00f3n Alumnos<\/strong><\/p>\n","protected":false},"excerpt":{"rendered":"<p>Secci\u00f3n Alumnos Oficina abocada exclusivamente a: Brindar informaci\u00f3n general de asuntos administrativos y acad\u00e9micos de alumnos. Emitir certificaciones (Anal\u00edticos, Certificados de alumno regular, Constancias de examen) Cobrar cooperadora Esta oficina no atiende a aspirantes Sede Central: 1- WhatsApp:&nbsp;2612709585&nbsp;(Solo Turno Tarde, martes y jueves de 13:30 hs 17:30 hs. Se reciben mensajes de texto y audio &#8230; <a title=\"Secci\u00f3n Alumnos\" class=\"read-more\" href=\"https:\/\/institutodelbicentenario-infd.mendoza.edu.ar\/sitio\/seccion-alumnos\/\" aria-label=\"More on Secci\u00f3n Alumnos\">[+]<\/a><\/p>\n","protected":false},"author":646,"featured_media":0,"parent":0,"menu_order":0,"comment_status":"closed","ping_status":"closed","template":"","meta":[],"acf":[],"_links":{"self":[{"href":"https:\/\/institutodelbicentenario-infd.mendoza.edu.ar\/sitio\/wp-json\/wp\/v2\/pages\/6522"}],"collection":[{"href":"https:\/\/institutodelbicentenario-infd.mendoza.edu.ar\/sitio\/wp-json\/wp\/v2\/pages"}],"about":[{"href":"https:\/\/institutodelbicentenario-infd.mendoza.edu.ar\/sitio\/wp-json\/wp\/v2\/types\/page"}],"author":[{"embeddable":true,"href":"https:\/\/institutodelbicentenario-infd.mendoza.edu.ar\/sitio\/wp-json\/wp\/v2\/users\/646"}],"replies":[{"embeddable":true,"href":"https:\/\/institutodelbicentenario-infd.mendoza.edu.ar\/sitio\/wp-json\/wp\/v2\/comments?post=6522"}],"version-history":[{"count":35,"href":"https:\/\/institutodelbicentenario-infd.mendoza.edu.ar\/sitio\/wp-json\/wp\/v2\/pages\/6522\/revisions"}],"predecessor-version":[{"id":13352,"href":"https:\/\/institutodelbicentenario-infd.mendoza.edu.ar\/sitio\/wp-json\/wp\/v2\/pages\/6522\/revisions\/13352"}],"wp:attachment":[{"href":"https:\/\/institutodelbicentenario-infd.mendoza.edu.ar\/sitio\/wp-json\/wp\/v2\/media?parent=6522"}],"curies":[{"name":"wp","href":"https:\/\/api.w.org\/{rel}","templated":true}]}}