{"id":5741,"date":"2021-10-01T15:36:05","date_gmt":"2021-10-01T18:36:05","guid":{"rendered":"https:\/\/institutodelbicentenario-infd.mendoza.edu.ar\/sitio\/?page_id=5741"},"modified":"2026-03-25T09:27:58","modified_gmt":"2026-03-25T12:27:58","slug":"inscripciones-abiertas","status":"publish","type":"page","link":"https:\/\/institutodelbicentenario-infd.mendoza.edu.ar\/sitio\/inscripciones-abiertas\/","title":{"rendered":"Inscripciones abiertas"},"content":{"rendered":"\n<p class=\"has-text-align-center\"><strong>INSCRIPCIONES ABIERTAS<\/strong><br>\u00a1HAY VACANTES! Inscribite hoy mismo<br>LAS CARRERAS POSEEN CUPOS LIMITADOS<br><strong>LA INSCRIPCI\u00d3N ES PRESENCIAL SOLO CON DNI<\/strong><br>En el instituto te facilitamos la informaci\u00f3n para completar tu legajo<br>No hay inscripci\u00f3n on-line<br><\/p>\n\n\n\n<p><strong>No hay vacantes para: <a rel=\"noreferrer noopener\" href=\"https:\/\/institutodelbicentenario-infd.mendoza.edu.ar\/sitio\/profesorado-de-educacion-inicial\/\" target=\"_blank\">Profesorado de Educaci\u00f3n Inicial<\/a><\/strong>, <strong><a rel=\"noreferrer noopener\" href=\"https:\/\/institutodelbicentenario-infd.mendoza.edu.ar\/sitio\/profesorado-de-educacion-primaria\/\" target=\"_blank\">Profesorado de Educaci\u00f3n Primaria<\/a><\/strong><\/p>\n\n\n\n<p><strong>\u00bfD\u00f3nde y en qu\u00e9 horario debo presentarme?:<\/strong><\/p>\n\n\n\n<p>&#8211; Para <a rel=\"noreferrer noopener\" href=\"https:\/\/institutodelbicentenario-infd.mendoza.edu.ar\/sitio\/profesorado-de-ingles\/\" target=\"_blank\">Profesorado de Ingl\u00e9s<\/a>, <a rel=\"noreferrer noopener\" href=\"https:\/\/institutodelbicentenario-infd.mendoza.edu.ar\/sitio\/disenos-curriculares-pei\/\" target=\"_blank\">Profesorado de Educaci\u00f3n Inicial<\/a> y <a rel=\"noreferrer noopener\" href=\"https:\/\/institutodelbicentenario-infd.mendoza.edu.ar\/sitio\/disenos-curriculares-pep\/\" target=\"_blank\">Profesorado de Educaci\u00f3n Primaria<\/a> en <a href=\"https:\/\/institutodelbicentenario-infd.mendoza.edu.ar\/sitio\/ubicacion\/\">\u00abSede Central\u00bb<\/a> de lunes a viernes de 8:00 a 13:00 hs.<\/p>\n\n\n\n<p>&#8211; Para <a rel=\"noreferrer noopener\" href=\"https:\/\/institutodelbicentenario-infd.mendoza.edu.ar\/sitio\/profesorado-de-educacion-secundaria-en-historia\/\" target=\"_blank\">Profesorado de Educaci\u00f3n Secundaria en Historia<\/a> y <a rel=\"noreferrer noopener\" href=\"https:\/\/institutodelbicentenario-infd.mendoza.edu.ar\/sitio\/profesorado-de-educacion-especial\/\" target=\"_blank\">Profesorado de Educaci\u00f3n Especial<\/a> en&nbsp;<a href=\"https:\/\/institutodelbicentenario-infd.mendoza.edu.ar\/sitio\/ubicacion\/\">\u00abSede Central\u00bb<\/a>, de lunes a viernes de 13:40 a 18:40 hs.<\/p>\n\n\n\n<p>&#8211; Para <a rel=\"noreferrer noopener\" href=\"https:\/\/institutodelbicentenario-infd.mendoza.edu.ar\/sitio\/tecnicatura-superior-en-logistica\/\" target=\"_blank\">Tecnicatura Superior en Log\u00edstica<\/a>, <a rel=\"noreferrer noopener\" href=\"https:\/\/institutodelbicentenario-infd.mendoza.edu.ar\/sitio\/tecnicatura-construcciones\/\" target=\"_blank\">Tecnicatura Superior en Construcciones Livianas Industrializadas y Servicio<\/a> en&nbsp;<a href=\"https:\/\/institutodelbicentenario-infd.mendoza.edu.ar\/sitio\/ubicacion\/\">\u00abSede Central\u00bb<\/a>, de de lunes a viernes de 18:00 a 21:00 hs.<\/p>\n\n\n\n<p>&#8211; Para <a rel=\"noreferrer noopener\" href=\"https:\/\/institutodelbicentenario-infd.mendoza.edu.ar\/sitio\/profesorado-de-artes-visuales\/\" target=\"_blank\">Profesorado de Artes Visuales<\/a>, <a rel=\"noreferrer noopener\" href=\"https:\/\/institutodelbicentenario-infd.mendoza.edu.ar\/sitio\/profesorado-de-educacion-secundaria-en-lengua-y-literatura\/\" target=\"_blank\">Profesorado de Educaci\u00f3n Secundaria en Lengua y Literatura<\/a> y <a rel=\"noreferrer noopener\" href=\"https:\/\/institutodelbicentenario-infd.mendoza.edu.ar\/sitio\/profesorado-de-teatro\/\" target=\"_blank\">Profesorado de Teatro<\/a> en&nbsp;<a href=\"https:\/\/institutodelbicentenario-infd.mendoza.edu.ar\/sitio\/ubicacion\/\">\u00abSede Champeau\u00bb<\/a>, de lunes a viernes de 19:00 a 23:20 hs.<\/p>\n\n\n\n<p><strong>&#8211; Si no te podes presentar en la sede o en el horario donde se dicta tu carrera, asist\u00ed personalmente a cualquiera de las sedes en cualquiera de los horarios que igualmente te van a inscribir.<\/strong><\/p>\n\n\n\n<p><strong>&#8211; Si estas imposibilitado de asistir env\u00eda a un familiar o allegado con una autorizaci\u00f3n y tu DNI.<\/strong><\/p>\n\n\n\n<p class=\"has-text-align-center\"><a rel=\"noreferrer noopener\" href=\"https:\/\/institutodelbicentenario-infd.mendoza.edu.ar\/sitio\/grupos-de-whatsapp-para-preingreso\/\" target=\"_blank\">Grupos de whatsApp de ingreso y noticias<\/a><\/p>\n\n\n\n<p class=\"has-text-align-center\">Dudas o consultas: <a href=\"https:\/\/wa.me\/5492617206729\">https:\/\/wa.me\/5492617206729<\/a><\/p>\n\n\n\n<p class=\"has-text-align-center\"><a rel=\"noreferrer noopener\" href=\"https:\/\/institutodelbicentenario-infd.mendoza.edu.ar\/sitio\/ubicacion\/\" data-type=\"URL\" data-id=\"https:\/\/institutodelbicentenario-infd.mendoza.edu.ar\/sitio\/ubicacion\/\" target=\"_blank\">Ubicaci\u00f3n de Sedes<\/a><\/p>\n\n\n\n<p class=\"has-text-align-center\"><a href=\"https:\/\/institutodelbicentenario-infd.mendoza.edu.ar\/sitio\/dl\/\" data-type=\"URL\" data-id=\"https:\/\/institutodelbicentenario-infd.mendoza.edu.ar\/sitio\/dl\/\" target=\"_blank\" rel=\"noreferrer noopener\">Documentaci\u00f3n para completar tu legajo<\/a><\/p>\n\n\n\n<p class=\"has-text-align-center\"><strong>M\u00e1s informaci\u00f3n<\/strong><\/p>\n\n\n\n<figure class=\"wp-block-table\"><table><tbody><tr><td class=\"has-text-align-center\" data-align=\"center\"><a href=\"https:\/\/institutodelbicentenario-infd.mendoza.edu.ar\/sitio\/preguntas-frecuentes\/\">Preguntas frecuentes<\/a><\/td><td class=\"has-text-align-center\" data-align=\"center\"><a href=\"https:\/\/institutodelbicentenario-infd.mendoza.edu.ar\/sitio\/informacion-institucional\/\">Informaci\u00f3n Institucional<\/a><\/td><\/tr><tr><td class=\"has-text-align-center\" data-align=\"center\"><a href=\"https:\/\/institutodelbicentenario-infd.mendoza.edu.ar\/sitio\/pases-y-equivalencias\/\">Pases, equivalencias<\/a><\/td><td class=\"has-text-align-center\" data-align=\"center\"><a href=\"https:\/\/institutodelbicentenario-infd.mendoza.edu.ar\/sitio\/ambientacion\/\">Ambientaci\u00f3n<\/a><\/td><\/tr><tr><td class=\"has-text-align-center\" data-align=\"center\"><a href=\"https:\/\/institutodelbicentenario-infd.mendoza.edu.ar\/sitio\/reinscripcion\/\">Reinscripci\u00f3n<\/a><\/td><td class=\"has-text-align-center\" data-align=\"center\"><a href=\"https:\/\/institutodelbicentenario-infd.mendoza.edu.ar\/sitio\/ambientacion\/\">Cuadernillos de ambientaci\u00f3n<\/a><\/td><\/tr><tr><td class=\"has-text-align-center\" data-align=\"center\"><a href=\"https:\/\/institutodelbicentenario-infd.mendoza.edu.ar\/sitio\/adeudo-materias-del-secundario\/\">Adeudo materias del secundario<\/a><\/td><td class=\"has-text-align-center\" data-align=\"center\"><a href=\"https:\/\/institutodelbicentenario-infd.mendoza.edu.ar\/sitio\/becas-progresar\/\">Becas Progresar<\/a><\/td><\/tr><tr><td class=\"has-text-align-center\" data-align=\"center\"><a href=\"https:\/\/institutodelbicentenario-infd.mendoza.edu.ar\/sitio\/articulo-7\/\">Secundario Incompleto (Art.7)<\/a><\/td><td class=\"has-text-align-center\" data-align=\"center\"><a href=\"https:\/\/institutodelbicentenario-infd.mendoza.edu.ar\/sitio\/autoridades\/\">Autoridades<\/a><\/td><\/tr><tr><td class=\"has-text-align-center\" data-align=\"center\"><a href=\"https:\/\/institutodelbicentenario-infd.mendoza.edu.ar\/sitio\/ubicacion\/\" target=\"_blank\" rel=\"noreferrer noopener\">Ubicaci\u00f3n de Sedes<\/a><\/td><td class=\"has-text-align-center\" data-align=\"center\"><a href=\"https:\/\/institutodelbicentenario-infd.mendoza.edu.ar\/sitio\/abonos\/\">Abonos<\/a><\/td><\/tr><tr><td class=\"has-text-align-center\" data-align=\"center\"><a href=\"https:\/\/institutodelbicentenario-infd.mendoza.edu.ar\/sitio\/informacion-institucional\/\">Tel\u00e9fonos<\/a><\/td><td class=\"has-text-align-center\" data-align=\"center\"><a href=\"https:\/\/www.facebook.com\/I.S.F.D.T.9030.Del.Bicentenario\/\">Facebook<\/a><\/td><\/tr><tr><td class=\"has-text-align-center\" data-align=\"center\"><a href=\"https:\/\/institutodelbicentenario-infd.mendoza.edu.ar\/sitio\/informacion-institucional\/\">Horarios de&nbsp;<\/a><a href=\"https:\/\/institutodelbicentenario-infd.mendoza.edu.ar\/sitio\/informacion-institucional\/\" target=\"_blank\" rel=\"noreferrer noopener\">cursado<\/a><\/td><td class=\"has-text-align-center\" data-align=\"center\"><a href=\"https:\/\/www.instagram.com\/isfdyt9030\/?hl=es-la\">Instagram<\/a><\/td><\/tr><tr><td class=\"has-text-align-center\" data-align=\"center\"><a href=\"https:\/\/institutodelbicentenario-infd.mendoza.edu.ar\/sitio\/informacion-institucional\/\">Horarios de<\/a><a href=\"https:\/\/institutodelbicentenario-infd.mendoza.edu.ar\/sitio\/informacion-institucional\/\">&nbsp;atenci\u00f3n<\/a><\/td><td class=\"has-text-align-center\" data-align=\"center\"><a href=\"https:\/\/institutodelbicentenario-infd.mendoza.edu.ar\/sitio\/contacto\/\" target=\"_blank\" rel=\"noreferrer noopener\">Consultas<\/a><\/td><\/tr><\/tbody><\/table><\/figure>\n\n\n\n<p><\/p>\n\n\n\n<p><\/p>\n","protected":false},"excerpt":{"rendered":"<p>INSCRIPCIONES ABIERTAS\u00a1HAY VACANTES! Inscribite hoy mismoLAS CARRERAS POSEEN CUPOS LIMITADOSLA INSCRIPCI\u00d3N ES PRESENCIAL SOLO CON DNIEn el instituto te facilitamos la informaci\u00f3n para completar tu legajoNo hay inscripci\u00f3n on-line No hay vacantes para: Profesorado de Educaci\u00f3n Inicial, Profesorado de Educaci\u00f3n Primaria \u00bfD\u00f3nde y en qu\u00e9 horario debo presentarme?: &#8211; Para Profesorado de Ingl\u00e9s, Profesorado de &#8230; <a title=\"Inscripciones abiertas\" class=\"read-more\" href=\"https:\/\/institutodelbicentenario-infd.mendoza.edu.ar\/sitio\/inscripciones-abiertas\/\" aria-label=\"More on Inscripciones abiertas\">[+]<\/a><\/p>\n","protected":false},"author":646,"featured_media":0,"parent":0,"menu_order":0,"comment_status":"closed","ping_status":"closed","template":"","meta":[],"acf":[],"_links":{"self":[{"href":"https:\/\/institutodelbicentenario-infd.mendoza.edu.ar\/sitio\/wp-json\/wp\/v2\/pages\/5741"}],"collection":[{"href":"https:\/\/institutodelbicentenario-infd.mendoza.edu.ar\/sitio\/wp-json\/wp\/v2\/pages"}],"about":[{"href":"https:\/\/institutodelbicentenario-infd.mendoza.edu.ar\/sitio\/wp-json\/wp\/v2\/types\/page"}],"author":[{"embeddable":true,"href":"https:\/\/institutodelbicentenario-infd.mendoza.edu.ar\/sitio\/wp-json\/wp\/v2\/users\/646"}],"replies":[{"embeddable":true,"href":"https:\/\/institutodelbicentenario-infd.mendoza.edu.ar\/sitio\/wp-json\/wp\/v2\/comments?post=5741"}],"version-history":[{"count":156,"href":"https:\/\/institutodelbicentenario-infd.mendoza.edu.ar\/sitio\/wp-json\/wp\/v2\/pages\/5741\/revisions"}],"predecessor-version":[{"id":13358,"href":"https:\/\/institutodelbicentenario-infd.mendoza.edu.ar\/sitio\/wp-json\/wp\/v2\/pages\/5741\/revisions\/13358"}],"wp:attachment":[{"href":"https:\/\/institutodelbicentenario-infd.mendoza.edu.ar\/sitio\/wp-json\/wp\/v2\/media?parent=5741"}],"curies":[{"name":"wp","href":"https:\/\/api.w.org\/{rel}","templated":true}]}}