{"id":4677,"date":"2021-02-09T12:38:41","date_gmt":"2021-02-09T15:38:41","guid":{"rendered":"https:\/\/institutodelbicentenario-infd.mendoza.edu.ar\/sitio\/?page_id=4677"},"modified":"2026-02-01T14:00:45","modified_gmt":"2026-02-01T17:00:45","slug":"bedelias","status":"publish","type":"page","link":"https:\/\/institutodelbicentenario-infd.mendoza.edu.ar\/sitio\/bedelias\/","title":{"rendered":"Bedel\u00edas"},"content":{"rendered":"\n<p class=\"has-text-align-center\"><strong>Bedel\u00edas<\/strong><\/p>\n\n\n\n<p class=\"has-text-align-center\">No hay disponible tel\u00e9fono u correo electr\u00f3nico por lo que se debe asistir de forma presencial.<\/p>\n\n\n\n<p class=\"has-text-align-center\"><strong>Sede Sarmiento:<\/strong><br><strong>Bedel\u00eda:<\/strong> de lunes a jueves de 8:00 a 18:40 hs. Viernes sin atenci\u00f3n al p\u00fablico.<\/p>\n\n\n\n<p class=\"has-text-align-center\"><strong>Sede Champeau:<\/strong><br><strong>Bedel\u00eda:<\/strong> de lunes a jueves de 19:00 a 22:00 hs. Viernes sin atenci\u00f3n al p\u00fablico. Solicitud de certificados: de lunes a mi\u00e9rcoles. (anotarse en planilla en cada bedel\u00eda). Entrega: jueves de la semana siguiente. Solicitud de certificados anal\u00edticos provisorios: una semana posterior a la finalizaci\u00f3n del 2do. Llamado de mesas. Entrega: 7 (siete) d\u00edas h\u00e1biles posteriores al pedido.<\/p>\n\n\n\n<p class=\"has-text-align-center\"><strong>Proyectores y televisores<\/strong><\/p>\n\n\n\n<p class=\"has-text-align-center\">Estimados docentes<\/p>\n\n\n\n<p class=\"has-text-align-center\">Tanto bedeles como personal de secci\u00f3n alumnos no brindan soporte de ning\u00fan tipo para el uso de proyectores y\/o televisores. Para su conexi\u00f3n y uso, se encuentran disponibles los siguientes tutoriales y videos en los siguientes enlaces:<\/p>\n\n\n\n<p class=\"has-text-align-center\"><a href=\"https:\/\/institutodelbicentenario-infd.mendoza.edu.ar\/sitio\/proyectores\/\" target=\"_blank\" rel=\"noreferrer noopener\">Conexi\u00f3n y uso de Proyectores<\/a><\/p>\n\n\n\n<p class=\"has-text-align-center\"><a href=\"https:\/\/institutodelbicentenario-infd.mendoza.edu.ar\/sitio\/televisores\/\" target=\"_blank\" rel=\"noreferrer noopener\">Conexi\u00f3n y uso de Televisores<\/a><\/p>\n\n\n\n<p class=\"has-text-align-center\">De presentar desperfectos durante su conexi\u00f3n o su uso, se deber\u00e1 entregar el recurso para su posterior revisaci\u00f3n. Los bedeles y personal de secci\u00f3n alumnos, no realizan revisaci\u00f3n de estas herramientas, solo entregan y reciben los mismos.<\/p>\n\n\n\n<p class=\"has-text-align-center\"><a rel=\"noreferrer noopener\" href=\"https:\/\/institutodelbicentenario-infd.mendoza.edu.ar\/sitio\/bedelias\/\" target=\"_blank\">Jefatura de Bedeles<\/a><\/p>\n\n\n\n<p class=\"has-text-align-center\"><a href=\"https:\/\/www.facebook.com\/hashtag\/isfdyt9030?__eep__=6&amp;__cft__%5b0%5d=AZUAeS2qce_O__6ax4kGqAHbwvxa_6RmNTOc3B8Gz8JEBOUO-S0BKSt6r7jSxIPjJiGjJfpxX5yHEn3zYOwL7s8VoNgtSv43O_a5bq-Sti_8MmbUwfbmDs1Skukl7lDnDrE&amp;__tn__=*NK-R\" target=\"_blank\" rel=\"noreferrer noopener\">#isfdyt9030<\/a><\/p>\n\n\n\n<p class=\"has-text-align-center\"><a href=\"https:\/\/www.facebook.com\/hashtag\/institutodelbicentenario?__eep__=6&amp;__cft__%5b0%5d=AZUAeS2qce_O__6ax4kGqAHbwvxa_6RmNTOc3B8Gz8JEBOUO-S0BKSt6r7jSxIPjJiGjJfpxX5yHEn3zYOwL7s8VoNgtSv43O_a5bq-Sti_8MmbUwfbmDs1Skukl7lDnDrE&amp;__tn__=*NK-R\" target=\"_blank\" rel=\"noreferrer noopener\">#institutodelbicentenario<\/a><\/p>\n\n\n\n<p class=\"has-text-align-center\"><a href=\"https:\/\/www.facebook.com\/hashtag\/educacionsuperior?__eep__=6&amp;__cft__%5b0%5d=AZUAeS2qce_O__6ax4kGqAHbwvxa_6RmNTOc3B8Gz8JEBOUO-S0BKSt6r7jSxIPjJiGjJfpxX5yHEn3zYOwL7s8VoNgtSv43O_a5bq-Sti_8MmbUwfbmDs1Skukl7lDnDrE&amp;__tn__=*NK-R\" target=\"_blank\" rel=\"noreferrer noopener\">#educacionsuperior<\/a><\/p>\n\n\n\n<p class=\"has-text-align-center\"><a href=\"https:\/\/www.facebook.com\/hashtag\/somoseducaci%C3%B3nsuperior?__eep__=6&amp;__cft__[0]=AZWXeYGKvRGpc2EUc9_2HUB56pQRQxwNi_EwogXjY14uDUOkUXaPNoQ2NfioHuyrGkBwSWyo5yZ7mWSlmzJ5APcpKfhDVsk8F5HTE5IAAzt6G3WsRaymNtXHZXmCymGnHHcMzcvxxkRNv5aiZWoCF7jT3S8bwA3qcbMBLSOW206gQkki6jo4nubj3ZuZRYgOzIs&amp;__tn__=*NK-R\" target=\"_blank\" rel=\"noreferrer noopener\">#SomosEducaci\u00f3nSuperior<\/a><\/p>\n","protected":false},"excerpt":{"rendered":"<p>Bedel\u00edas No hay disponible tel\u00e9fono u correo electr\u00f3nico por lo que se debe asistir de forma presencial. Sede Sarmiento:Bedel\u00eda: de lunes a jueves de 8:00 a 18:40 hs. Viernes sin atenci\u00f3n al p\u00fablico. Sede Champeau:Bedel\u00eda: de lunes a jueves de 19:00 a 22:00 hs. Viernes sin atenci\u00f3n al p\u00fablico. Solicitud de certificados: de lunes a &#8230; <a title=\"Bedel\u00edas\" class=\"read-more\" href=\"https:\/\/institutodelbicentenario-infd.mendoza.edu.ar\/sitio\/bedelias\/\" aria-label=\"More on Bedel\u00edas\">[+]<\/a><\/p>\n","protected":false},"author":646,"featured_media":0,"parent":0,"menu_order":0,"comment_status":"closed","ping_status":"closed","template":"","meta":[],"acf":[],"_links":{"self":[{"href":"https:\/\/institutodelbicentenario-infd.mendoza.edu.ar\/sitio\/wp-json\/wp\/v2\/pages\/4677"}],"collection":[{"href":"https:\/\/institutodelbicentenario-infd.mendoza.edu.ar\/sitio\/wp-json\/wp\/v2\/pages"}],"about":[{"href":"https:\/\/institutodelbicentenario-infd.mendoza.edu.ar\/sitio\/wp-json\/wp\/v2\/types\/page"}],"author":[{"embeddable":true,"href":"https:\/\/institutodelbicentenario-infd.mendoza.edu.ar\/sitio\/wp-json\/wp\/v2\/users\/646"}],"replies":[{"embeddable":true,"href":"https:\/\/institutodelbicentenario-infd.mendoza.edu.ar\/sitio\/wp-json\/wp\/v2\/comments?post=4677"}],"version-history":[{"count":17,"href":"https:\/\/institutodelbicentenario-infd.mendoza.edu.ar\/sitio\/wp-json\/wp\/v2\/pages\/4677\/revisions"}],"predecessor-version":[{"id":12844,"href":"https:\/\/institutodelbicentenario-infd.mendoza.edu.ar\/sitio\/wp-json\/wp\/v2\/pages\/4677\/revisions\/12844"}],"wp:attachment":[{"href":"https:\/\/institutodelbicentenario-infd.mendoza.edu.ar\/sitio\/wp-json\/wp\/v2\/media?parent=4677"}],"curies":[{"name":"wp","href":"https:\/\/api.w.org\/{rel}","templated":true}]}}