{"id":4268,"date":"2020-10-26T20:44:44","date_gmt":"2020-10-26T23:44:44","guid":{"rendered":"https:\/\/institutodelbicentenario-infd.mendoza.edu.ar\/sitio\/?page_id=4268"},"modified":"2026-02-01T13:57:06","modified_gmt":"2026-02-01T16:57:06","slug":"reinscripcion","status":"publish","type":"page","link":"https:\/\/institutodelbicentenario-infd.mendoza.edu.ar\/sitio\/reinscripcion\/","title":{"rendered":"Reinscripci\u00f3n"},"content":{"rendered":"<p style=\"text-align: center;\"><strong>Reinscripci\u00f3n<\/strong><br \/>\nLos alumnos que hayan acreditado trayectorias acad\u00e9micas en la instituci\u00f3n y deseen reincorporarse, deber\u00e1n concurrir a la <a href=\"https:\/\/institutodelbicentenario-infd.mendoza.edu.ar\/sitio\/ubicacion\/\">Sede correspondiente<\/a> en el periodo se\u00f1alado como <a href=\"https:\/\/institutodelbicentenario-infd.mendoza.edu.ar\/sitio\/inscripciones-2do-a-4to-ano\/\">inscripciones de 2do a 4to a\u00f1o<\/a>&nbsp;en el <a href=\"https:\/\/institutodelbicentenario-infd.mendoza.edu.ar\/sitio\/calendarios-y-cronogramas\/\">Cronograma Acad\u00e9mico<\/a>. El Cronograma Acad\u00e9mico&nbsp; se renueva para cada ciclo lectivo antes de la \u00faltima semana del mes de diciembre y la segunda del mes de febrero.<\/p>\n<p><strong><em>Para un an\u00e1lisis de su reinscripci\u00f3n, por favor complete el formulario que corresponda a su carrera explicando su situaci\u00f3n acad\u00e9mica:&nbsp;<\/em><\/strong><\/p>\n<p style=\"text-align: center;\"><a href=\"https:\/\/institutodelbicentenario-infd.mendoza.edu.ar\/sitio\/bedelia-artes\/\">Bedel\u00eda y Coordinaci\u00f3n de Profesorado de Artes Visuales<\/a><\/p>\n<p style=\"text-align: center;\"><a href=\"https:\/\/institutodelbicentenario-infd.mendoza.edu.ar\/sitio\/bedelia-historia\/\">Bedel\u00eda y Coordinaci\u00f3n de Profesorado de Educaci\u00f3n Secundaria en Historia<\/a><\/p>\n<p style=\"text-align: center;\"><a href=\"https:\/\/institutodelbicentenario-infd.mendoza.edu.ar\/sitio\/bedelia-lengua\/\">Bedel\u00eda y Coordinaci\u00f3n de Profesorado de Educaci\u00f3n Secundaria en Lengua y Literatura<\/a><\/p>\n<p style=\"text-align: center;\"><a href=\"https:\/\/institutodelbicentenario-infd.mendoza.edu.ar\/sitio\/bedelia-ingles\/\">Bedel\u00eda y Coordinaci\u00f3n de Profesorado de Ingl\u00e9s<\/a><\/p>\n<p style=\"text-align: center;\"><a href=\"https:\/\/institutodelbicentenario-infd.mendoza.edu.ar\/sitio\/bedelia-inicial\/\">Bedel\u00eda y Coordinaci\u00f3n de Profesorado en Educaci\u00f3n Inicial<\/a><\/p>\n<p style=\"text-align: center;\"><a href=\"https:\/\/institutodelbicentenario-infd.mendoza.edu.ar\/sitio\/bedelia-primaria\/\">Bedel\u00eda y Coordinaci\u00f3n de Profesorado en Educaci\u00f3n Primaria<\/a><\/p>\n<p style=\"text-align: center;\"><a href=\"https:\/\/institutodelbicentenario-infd.mendoza.edu.ar\/sitio\/bedelia-logistica\/\">Bedel\u00eda y Coordinaci\u00f3n de Tecnicatura Superior en Log\u00edstica<\/a><\/p>\n","protected":false},"excerpt":{"rendered":"<p>Reinscripci\u00f3n Los alumnos que hayan acreditado trayectorias acad\u00e9micas en la instituci\u00f3n y deseen reincorporarse, deber\u00e1n concurrir a la Sede correspondiente en el periodo se\u00f1alado como inscripciones de 2do a 4to a\u00f1o&nbsp;en el Cronograma Acad\u00e9mico. El Cronograma Acad\u00e9mico&nbsp; se renueva para cada ciclo lectivo antes de la \u00faltima semana del mes de diciembre y la segunda &#8230; <a title=\"Reinscripci\u00f3n\" class=\"read-more\" href=\"https:\/\/institutodelbicentenario-infd.mendoza.edu.ar\/sitio\/reinscripcion\/\" aria-label=\"More on Reinscripci\u00f3n\">[+]<\/a><\/p>\n","protected":false},"author":646,"featured_media":0,"parent":0,"menu_order":0,"comment_status":"closed","ping_status":"closed","template":"","meta":[],"acf":[],"_links":{"self":[{"href":"https:\/\/institutodelbicentenario-infd.mendoza.edu.ar\/sitio\/wp-json\/wp\/v2\/pages\/4268"}],"collection":[{"href":"https:\/\/institutodelbicentenario-infd.mendoza.edu.ar\/sitio\/wp-json\/wp\/v2\/pages"}],"about":[{"href":"https:\/\/institutodelbicentenario-infd.mendoza.edu.ar\/sitio\/wp-json\/wp\/v2\/types\/page"}],"author":[{"embeddable":true,"href":"https:\/\/institutodelbicentenario-infd.mendoza.edu.ar\/sitio\/wp-json\/wp\/v2\/users\/646"}],"replies":[{"embeddable":true,"href":"https:\/\/institutodelbicentenario-infd.mendoza.edu.ar\/sitio\/wp-json\/wp\/v2\/comments?post=4268"}],"version-history":[{"count":9,"href":"https:\/\/institutodelbicentenario-infd.mendoza.edu.ar\/sitio\/wp-json\/wp\/v2\/pages\/4268\/revisions"}],"predecessor-version":[{"id":12834,"href":"https:\/\/institutodelbicentenario-infd.mendoza.edu.ar\/sitio\/wp-json\/wp\/v2\/pages\/4268\/revisions\/12834"}],"wp:attachment":[{"href":"https:\/\/institutodelbicentenario-infd.mendoza.edu.ar\/sitio\/wp-json\/wp\/v2\/media?parent=4268"}],"curies":[{"name":"wp","href":"https:\/\/api.w.org\/{rel}","templated":true}]}}