{"id":4246,"date":"2020-10-26T20:00:04","date_gmt":"2020-10-26T23:00:04","guid":{"rendered":"https:\/\/institutodelbicentenario-infd.mendoza.edu.ar\/sitio\/?page_id=4246"},"modified":"2020-10-26T20:27:18","modified_gmt":"2020-10-26T23:27:18","slug":"bedelia-inicial","status":"publish","type":"page","link":"https:\/\/institutodelbicentenario-infd.mendoza.edu.ar\/sitio\/bedelia-inicial\/","title":{"rendered":"Bedel\u00eda Inicial"},"content":{"rendered":"\n<div class=\"wpcf7 no-js\" id=\"wpcf7-f3046-o1\" lang=\"es-ES\" dir=\"ltr\">\n<div class=\"screen-reader-response\"><p role=\"status\" aria-live=\"polite\" aria-atomic=\"true\"><\/p> <ul><\/ul><\/div>\n<form action=\"\/sitio\/wp-json\/wp\/v2\/pages\/4246#wpcf7-f3046-o1\" method=\"post\" class=\"wpcf7-form init\" aria-label=\"Formulario de contacto\" novalidate=\"novalidate\" data-status=\"init\">\n<div style=\"display: none;\">\n<input type=\"hidden\" name=\"_wpcf7\" value=\"3046\" \/>\n<input type=\"hidden\" name=\"_wpcf7_version\" value=\"5.7.7\" \/>\n<input type=\"hidden\" name=\"_wpcf7_locale\" value=\"es_ES\" \/>\n<input type=\"hidden\" name=\"_wpcf7_unit_tag\" value=\"wpcf7-f3046-o1\" \/>\n<input type=\"hidden\" name=\"_wpcf7_container_post\" value=\"0\" \/>\n<input type=\"hidden\" name=\"_wpcf7_posted_data_hash\" value=\"\" \/>\n<input type=\"hidden\" name=\"_wpcf7_recaptcha_response\" value=\"\" \/>\n<\/div>\n<p style=\"text-align: center;\"><strong>Bedel\u00eda y Coordinaci\u00f3n de Profesorado en Educaci\u00f3n Inicial<\/strong>\n<\/p>\n<p><strong>Formulario de contacto:<\/strong>\n<\/p>\n<p><b>(*) Los campos obligatorios son requeridos como m\u00ednimo para poder responder a su pedido.<\/b>\n<\/p>\n<p><b>*DNI<\/b> (Sin puntos): <span class=\"wpcf7-form-control-wrap\" data-name=\"text-DNI\"><input size=\"40\" class=\"wpcf7-form-control wpcf7-text wpcf7-validates-as-required\" aria-required=\"true\" aria-invalid=\"false\" value=\"\" type=\"text\" name=\"text-DNI\" \/><\/span>\n<\/p>\n<p><b>*Apellidos:<\/b><span class=\"wpcf7-form-control-wrap\" data-name=\"your-apellidos\"><input size=\"40\" class=\"wpcf7-form-control wpcf7-text wpcf7-validates-as-required\" aria-required=\"true\" aria-invalid=\"false\" value=\"\" type=\"text\" name=\"your-apellidos\" \/><\/span>\n<\/p>\n<p><b>*Nombres:<\/b><span class=\"wpcf7-form-control-wrap\" data-name=\"your-nombres\"><input size=\"40\" class=\"wpcf7-form-control wpcf7-text wpcf7-validates-as-required\" aria-required=\"true\" aria-invalid=\"false\" value=\"\" type=\"text\" name=\"your-nombres\" \/><\/span>\n<\/p>\n<p><b>*E-mail:<\/b><span class=\"wpcf7-form-control-wrap\" data-name=\"your-e-mail\"><input size=\"40\" class=\"wpcf7-form-control wpcf7-text wpcf7-email wpcf7-validates-as-required wpcf7-validates-as-email\" aria-required=\"true\" aria-invalid=\"false\" value=\"\" type=\"email\" name=\"your-e-mail\" \/><\/span><br \/>\nEstimada\/o, usted debe recibir una notificaci\u00f3n en su correo por el envi\u00f3 de este formulario. Si no la recibe, por favor, env\u00ede nuevamente su solicitud porque <b>NO<\/b> ha sido recepcionada. Controle la correcta escritura de su correo y controle la bandeja de correos no deseados. Muchas gracias.\n<\/p>\n<p>Celular: <span class=\"wpcf7-form-control-wrap\" data-name=\"text-celular\"><input size=\"40\" class=\"wpcf7-form-control wpcf7-text\" aria-invalid=\"false\" value=\"\" type=\"text\" name=\"text-celular\" \/><\/span>\n<\/p>\n<p><b>*A\u00f1o que cursa: <\/b><span class=\"wpcf7-form-control-wrap\" data-name=\"Turnoocomisinquecursa\"><select class=\"wpcf7-form-control wpcf7-select wpcf7-validates-as-required\" aria-required=\"true\" aria-invalid=\"false\" name=\"Turnoocomisinquecursa\"><option value=\"1ro\">1ro<\/option><option value=\"2do\">2do<\/option><option value=\"3ro\">3ro<\/option><option value=\"4to\">4to<\/option><\/select><\/span>\n<\/p>\n<p><b>*Dirigio a: <\/b><span class=\"wpcf7-form-control-wrap\" data-name=\"Dirigidoa\"><select class=\"wpcf7-form-control wpcf7-select wpcf7-validates-as-required\" aria-required=\"true\" aria-invalid=\"false\" name=\"Dirigidoa\"><option value=\"Bedel\">Bedel<\/option><option value=\"Coordinador\">Coordinador<\/option><\/select><\/span>\n<\/p>\n<p><b>*Describa el motivo por el cual nos contacta:<\/b><span class=\"wpcf7-form-control-wrap\" data-name=\"your-comentarios\"><textarea cols=\"40\" rows=\"10\" class=\"wpcf7-form-control wpcf7-textarea wpcf7-validates-as-required\" aria-required=\"true\" aria-invalid=\"false\" name=\"your-comentarios\"><\/textarea><\/span>\n<\/p>\n<p><input class=\"wpcf7-form-control has-spinner wpcf7-submit\" type=\"submit\" value=\"Enviar\" \/>\n<\/p><p style=\"display: none !important;\"><label>&#916;<textarea name=\"_wpcf7_ak_hp_textarea\" cols=\"45\" rows=\"8\" maxlength=\"100\"><\/textarea><\/label><input type=\"hidden\" id=\"ak_js_1\" name=\"_wpcf7_ak_js\" value=\"135\"\/><script>document.getElementById( \"ak_js_1\" ).setAttribute( \"value\", ( new Date() ).getTime() );<\/script><\/p><div class=\"wpcf7-response-output\" aria-hidden=\"true\"><\/div>\n<\/form>\n<\/div>\n\n","protected":false},"excerpt":{"rendered":"","protected":false},"author":646,"featured_media":0,"parent":0,"menu_order":0,"comment_status":"closed","ping_status":"closed","template":"","meta":[],"acf":[],"_links":{"self":[{"href":"https:\/\/institutodelbicentenario-infd.mendoza.edu.ar\/sitio\/wp-json\/wp\/v2\/pages\/4246"}],"collection":[{"href":"https:\/\/institutodelbicentenario-infd.mendoza.edu.ar\/sitio\/wp-json\/wp\/v2\/pages"}],"about":[{"href":"https:\/\/institutodelbicentenario-infd.mendoza.edu.ar\/sitio\/wp-json\/wp\/v2\/types\/page"}],"author":[{"embeddable":true,"href":"https:\/\/institutodelbicentenario-infd.mendoza.edu.ar\/sitio\/wp-json\/wp\/v2\/users\/646"}],"replies":[{"embeddable":true,"href":"https:\/\/institutodelbicentenario-infd.mendoza.edu.ar\/sitio\/wp-json\/wp\/v2\/comments?post=4246"}],"version-history":[{"count":2,"href":"https:\/\/institutodelbicentenario-infd.mendoza.edu.ar\/sitio\/wp-json\/wp\/v2\/pages\/4246\/revisions"}],"predecessor-version":[{"id":4261,"href":"https:\/\/institutodelbicentenario-infd.mendoza.edu.ar\/sitio\/wp-json\/wp\/v2\/pages\/4246\/revisions\/4261"}],"wp:attachment":[{"href":"https:\/\/institutodelbicentenario-infd.mendoza.edu.ar\/sitio\/wp-json\/wp\/v2\/media?parent=4246"}],"curies":[{"name":"wp","href":"https:\/\/api.w.org\/{rel}","templated":true}]}}