{"id":3741,"date":"2020-09-03T16:02:14","date_gmt":"2020-09-03T19:02:14","guid":{"rendered":"https:\/\/institutodelbicentenario-infd.mendoza.edu.ar\/sitio\/?page_id=3741"},"modified":"2026-02-04T16:00:55","modified_gmt":"2026-02-04T19:00:55","slug":"titulos","status":"publish","type":"page","link":"https:\/\/institutodelbicentenario-infd.mendoza.edu.ar\/sitio\/titulos\/","title":{"rendered":"T\u00edtulos"},"content":{"rendered":"\n<p class=\"has-text-align-center\"><strong><strong>\u00c1rea de T\u00edtulos<\/strong><\/strong><\/p>\n\n\n\n<p class=\"has-text-align-center\">Por consultas env\u00ede un correo a 9030titulos@gmail.com<\/p>\n\n\n\n<p class=\"has-text-align-center\"><strong>Los horarios de atenci\u00f3n al p\u00fabico de forma presencial son los mismos en los que se entregan los t\u00edtulos definitivos.<\/strong><\/p>\n\n\n\n<p class=\"has-text-align-center\"><strong>Entrega de t\u00edtulos definitivos<\/strong><\/p>\n\n\n\n<p class=\"has-text-align-center\">Se debe enviar un correo a 9030titulos@gmail.com, a la  referente del \u00e1rea, Lic. Erika Marc\u00f3n quien informar\u00e1 la entrega de t\u00edtulos definitivos, seg\u00fan el siguiente detalle:<\/p>\n\n\n\n<p class=\"has-text-align-center\"><strong>&#8211; Profesorado de Educaci\u00f3n Sec. en Historia, Profesorado de Educaci\u00f3n Primaria, Profesorado de Educaci\u00f3n Inicial:<\/strong> se podr\u00e1 retirar en Secci\u00f3n Alumnos en los horarios, turno ma\u00f1ana de 8 a 13 hs. y turno tarde de 13.30 a 17.30 hs. en Sede Central (Punta Mogotes 791. Barrio La Paz. Godoy Cruz).<br><strong>&#8211; Tecnicatura Superior en Log\u00edstica, Profesorado de Artes Visuales, Profesorado de Educaci\u00f3n Secundaria en Lengua y Literatura:<\/strong> se podr\u00e1 retirar en Secci\u00f3n Alumnos en el horario, turno noche de 19 a 22.30 hs. en Sede Champeau (P. Benegas y Manuel Garc\u00eda. Barrio Trapiche. Godoy Cruz).<br>IMPORTANTE: Solamente se le entregar\u00e1 al TITULAR, con presentaci\u00f3n de Documento Nacional de Identidad.<\/p>\n\n\n\n<p class=\"has-text-align-center\"><strong>Secretar\u00eda Administrativa<\/strong><\/p>\n\n\n\n<p class=\"has-text-align-center\"><strong><strong>\u00c1rea de T\u00edtulos<\/strong><\/strong><\/p>\n\n\n\n<p class=\"has-text-align-center\"><a href=\"https:\/\/www.facebook.com\/hashtag\/isfdyt9030?source=feed_text&amp;epa=HASHTAG&amp;__xts__%5B0%5D=68.ARDZRNqp34i-UCDPmbTQABQan4iwdXwA1l28Hwl36yeXd8aZacM1sS4gSlaLtiMZwd7KKfCP8fP8Q35zfJPpnIAltLra5wrowNXVhoEa-BHarZ9s1po2oUr7oIiCekKekLjhiQwY-i9oCmZRyrCWxRJbXU4-n-qqOfeXMfLZYZQkNrsn3NT-67r4ypbonnJg5EzLHU4_Ny0TUPsuuPh6LRtRJRwuEEEvZhomxOqzyAQghy6xd9v4W2IbvGb9W7NXBna4SKArxrOcPw_1HYWEoJ06ktBQKR1j_i1tqDShpQfBtEwrgVibb_KBu4dW-zys8b1FggR7mcJmveMDRqp2gFLJUarO&amp;__tn__=%2ANK-R\" target=\"_blank\" rel=\"noreferrer noopener\">#isfdyt9030<\/a><\/p>\n\n\n\n<p class=\"has-text-align-center\"><a href=\"https:\/\/www.facebook.com\/hashtag\/isfdyt9030?source=feed_text&amp;epa=HASHTAG&amp;__xts__%5B0%5D=68.ARDZRNqp34i-UCDPmbTQABQan4iwdXwA1l28Hwl36yeXd8aZacM1sS4gSlaLtiMZwd7KKfCP8fP8Q35zfJPpnIAltLra5wrowNXVhoEa-BHarZ9s1po2oUr7oIiCekKekLjhiQwY-i9oCmZRyrCWxRJbXU4-n-qqOfeXMfLZYZQkNrsn3NT-67r4ypbonnJg5EzLHU4_Ny0TUPsuuPh6LRtRJRwuEEEvZhomxOqzyAQghy6xd9v4W2IbvGb9W7NXBna4SKArxrOcPw_1HYWEoJ06ktBQKR1j_i1tqDShpQfBtEwrgVibb_KBu4dW-zys8b1FggR7mcJmveMDRqp2gFLJUarO&amp;__tn__=%2ANK-R\" target=\"_blank\" rel=\"noreferrer noopener\">#institutodelbicentenario<\/a><\/p>\n\n\n\n<p class=\"has-text-align-center\"><a rel=\"noreferrer noopener\" href=\"https:\/\/www.facebook.com\/hashtag\/educasionsuperior\" target=\"_blank\"><\/a><a rel=\"noreferrer noopener\" href=\"https:\/\/www.facebook.com\/hashtag\/educasionsuperior\" target=\"_blank\">#educacionsuperior<\/a><\/p>\n","protected":false},"excerpt":{"rendered":"<p>\u00c1rea de T\u00edtulos Por consultas env\u00ede un correo a 9030titulos@gmail.com Los horarios de atenci\u00f3n al p\u00fabico de forma presencial son los mismos en los que se entregan los t\u00edtulos definitivos. Entrega de t\u00edtulos definitivos Se debe enviar un correo a 9030titulos@gmail.com, a la referente del \u00e1rea, Lic. Erika Marc\u00f3n quien informar\u00e1 la entrega de t\u00edtulos &#8230; <a title=\"T\u00edtulos\" class=\"read-more\" href=\"https:\/\/institutodelbicentenario-infd.mendoza.edu.ar\/sitio\/titulos\/\" aria-label=\"More on T\u00edtulos\">[+]<\/a><\/p>\n","protected":false},"author":646,"featured_media":0,"parent":0,"menu_order":0,"comment_status":"closed","ping_status":"closed","template":"","meta":[],"acf":[],"_links":{"self":[{"href":"https:\/\/institutodelbicentenario-infd.mendoza.edu.ar\/sitio\/wp-json\/wp\/v2\/pages\/3741"}],"collection":[{"href":"https:\/\/institutodelbicentenario-infd.mendoza.edu.ar\/sitio\/wp-json\/wp\/v2\/pages"}],"about":[{"href":"https:\/\/institutodelbicentenario-infd.mendoza.edu.ar\/sitio\/wp-json\/wp\/v2\/types\/page"}],"author":[{"embeddable":true,"href":"https:\/\/institutodelbicentenario-infd.mendoza.edu.ar\/sitio\/wp-json\/wp\/v2\/users\/646"}],"replies":[{"embeddable":true,"href":"https:\/\/institutodelbicentenario-infd.mendoza.edu.ar\/sitio\/wp-json\/wp\/v2\/comments?post=3741"}],"version-history":[{"count":22,"href":"https:\/\/institutodelbicentenario-infd.mendoza.edu.ar\/sitio\/wp-json\/wp\/v2\/pages\/3741\/revisions"}],"predecessor-version":[{"id":12969,"href":"https:\/\/institutodelbicentenario-infd.mendoza.edu.ar\/sitio\/wp-json\/wp\/v2\/pages\/3741\/revisions\/12969"}],"wp:attachment":[{"href":"https:\/\/institutodelbicentenario-infd.mendoza.edu.ar\/sitio\/wp-json\/wp\/v2\/media?parent=3741"}],"curies":[{"name":"wp","href":"https:\/\/api.w.org\/{rel}","templated":true}]}}