{"id":3653,"date":"2020-08-17T16:02:17","date_gmt":"2020-08-17T19:02:17","guid":{"rendered":"https:\/\/institutodelbicentenario-infd.mendoza.edu.ar\/sitio\/?page_id=3653"},"modified":"2026-03-30T08:44:53","modified_gmt":"2026-03-30T11:44:53","slug":"preguntas-frecuentes","status":"publish","type":"page","link":"https:\/\/institutodelbicentenario-infd.mendoza.edu.ar\/sitio\/preguntas-frecuentes\/","title":{"rendered":"Preguntas frecuentes"},"content":{"rendered":"\n<p class=\"has-text-align-center\"><strong>Preguntas frecuentes<\/strong><\/p>\n\n\n\n<p>&#8211; <strong>La inscripci\u00f3n es presencial solo con DNI<\/strong>. No existe inscripci\u00f3n on-line. En el instituto te facilitamos la informaci\u00f3n para completar tu legajo.<\/p>\n\n\n\n<p>&#8211; Todas las carreras son semipresenciales. Se cursan dos semanas presenciales y la tercera semana es virtual.  <\/p>\n\n\n\n<p>&#8211; Las semanas presenciales y virtuales se establecen en el <a rel=\"noreferrer noopener\" href=\"https:\/\/institutodelbicentenario-infd.mendoza.edu.ar\/sitio\/calendarios-y-cronogramas\/\" data-type=\"URL\" data-id=\"https:\/\/institutodelbicentenario-infd.mendoza.edu.ar\/sitio\/calendarios-y-cronogramas\/\" target=\"_blank\">Calendario Acad\u00e9mico<\/a>. <\/p>\n\n\n\n<p>&#8211; <a rel=\"noreferrer noopener\" href=\"https:\/\/institutodelbicentenario-infd.mendoza.edu.ar\/sitio\/informacion-institucional\/\" target=\"_blank\">Horarios de cursado<\/a>. (No existen otros horarios de cursado en otras sedes o turnos de la instituci\u00f3n que los indicados).<\/p>\n\n\n\n<p>&#8211; No se dictan carreras a distancia o totalmente virtuales.<\/p>\n\n\n\n<p>&#8211; Los encuentros presenciales son obligatorios y se establecen en el <a rel=\"noreferrer noopener\" href=\"https:\/\/institutodelbicentenario-infd.mendoza.edu.ar\/sitio\/calendarios-y-cronogramas\/\" target=\"_blank\">Calendario Acad\u00e9mico<\/a>.<\/p>\n\n\n\n<p>&#8211; Existen diferentes <a rel=\"noreferrer noopener\" href=\"https:\/\/institutodelbicentenario-infd.mendoza.edu.ar\/sitio\/cce\/\" target=\"_blank\">condiciones <\/a>de estudiante, por lo que puede cursar con la modalidad que se adapte a sus necesidades.<\/p>\n\n\n\n<p>&#8211; No existe la condici\u00f3n de estudiante LIBRE, NO PRESENCIAL o VIRTUAL.<\/p>\n\n\n\n<p>&#8211; Es un instituto de gesti\u00f3n p\u00fablica\/estatal por lo que <strong>NO<\/strong> se paga cuota mensual. Solo se realiza un aporte de cooperadora.<\/p>\n\n\n\n<p>&#8211; Los t\u00edtulos otorgados poseen validez nacional.<\/p>\n\n\n\n<p>&#8211; Se toma examen de ingreso no eliminatorio. (Prof. de ingl\u00e9s, ver <a rel=\"noreferrer noopener\" href=\"https:\/\/institutodelbicentenario-infd.mendoza.edu.ar\/sitio\/profesorado-de-ingles\/\" target=\"_blank\">Condiciones de ingreso<\/a>).<\/p>\n\n\n\n<p>&#8211; <a href=\"https:\/\/institutodelbicentenario-infd.mendoza.edu.ar\/sitio\/articulo-7\/\" target=\"_blank\" rel=\"noreferrer noopener\">Ingreso por Articulo 7<\/a><a href=\"https:\/\/institutodelbicentenario-infd.mendoza.edu.ar\/sitio\/articulo-7\/\">.<\/a><\/p>\n\n\n\n<p>&#8211; No se dictan carreras en otros turnos, en otras sedes o en otras modalidades que en las informadas.<\/p>\n\n\n\n<p>-El Instituto se encuentra en Godoy Cruz Mendoza. <a href=\"https:\/\/institutodelbicentenario-infd.mendoza.edu.ar\/sitio\/ubicacion\/\" data-type=\"URL\" data-id=\"https:\/\/institutodelbicentenario-infd.mendoza.edu.ar\/sitio\/ubicacion\/\" target=\"_blank\" rel=\"noreferrer noopener\">Ubicaciones de Sedes<\/a>.<\/p>\n\n\n\n<p>&#8211; No hay l\u00edmite de edad para poder cursar.<\/p>\n\n\n\n<p>&#8211; Ninguna de las Sedes cuenta con guarder\u00eda.<\/p>\n\n\n\n<p>&#8211; La validez del certificado CONI es de un a\u00f1o.<\/p>\n\n\n\n<p>&#8211; Solo se acepta certificado de salud emitido por CONI vigente o de Salud Laboral para DGE, docente, vigente.<\/p>\n\n\n\n<p>&#8211; Al momento de solicitar turno en el centro CONI debe ser pedido con el fin de realizar estudios superiores.<\/p>\n\n\n\n<p>&#8211; Si posee enfermedades preexistentes o se encuentra en alg\u00fan tipo de tratamiento, igualmente debe obtener el psicof\u00edsico para su preinscripci\u00f3n.<\/p>\n\n\n\n<p>-Para informaci\u00f3n referida a puntaje docente, debe comunicarse con Junta Calificadora de Nivel Inicial  y Primario, de CENS o Secundaria seg\u00fan corresponda.<\/p>\n\n\n\n<p>&#8211; <a href=\"https:\/\/institutodelbicentenario-infd.mendoza.edu.ar\/sitio\/carreras\/\">Carreras disponibles<\/a><\/p>\n\n\n\n<p>&#8211; <a href=\"https:\/\/institutodelbicentenario-infd.mendoza.edu.ar\/sitio\/preinscripciones\/\">Preinscripciones<\/a><\/p>\n\n\n\n<p>&#8211; <a href=\"https:\/\/institutodelbicentenario-infd.mendoza.edu.ar\/sitio\/pases-y-equivalencias\/\">Pases, equivalencias, reinscripci\u00f3n<\/a><\/p>\n\n\n\n<p>&#8211; <a href=\"https:\/\/institutodelbicentenario-infd.mendoza.edu.ar\/sitio\/adeudo-materias-del-secundario\/\">Adeudo materias del secundario<\/a><\/p>\n\n\n\n<p>&#8211; <a href=\"https:\/\/institutodelbicentenario-infd.mendoza.edu.ar\/sitio\/ubicacion\/\">Ubicaci\u00f3n de Sedes<\/a><\/p>\n\n\n\n<p>&#8211; <a href=\"https:\/\/institutodelbicentenario-infd.mendoza.edu.ar\/sitio\/informacion-institucional\/\">Informaci\u00f3n Institucional<\/a><\/p>\n\n\n\n<p>&#8211;<a href=\"https:\/\/institutodelbicentenario-infd.mendoza.edu.ar\/sitio\/becas-progresar\/\">Becas Progresar<\/a><\/p>\n\n\n\n<p>&#8211; <a href=\"https:\/\/institutodelbicentenario-infd.mendoza.edu.ar\/sitio\/abonos\/\">Abonos<\/a><\/p>\n\n\n\n<p>&#8211; Para m\u00e1s informaci\u00f3n referida a preingreso, reinscripci\u00f3n, pases, equivalencias, cooperadora, becas progresar, secundario incompleto, mayor de 25 a\u00f1os, art\u00edculo 7, continuaci\u00f3n de estudios, certificados de abonos, cursos, o particularidades de su inter\u00e9s, deber\u00e1 dirigirse personalmente a nuestras sedes, donde personal de la instituci\u00f3n le facilitar\u00e1n la informaci\u00f3n que usted necesite o ponerse en contacto a trav\u00e9s de <a href=\"https:\/\/institutodelbicentenario-infd.mendoza.edu.ar\/sitio\/contacto\/\">este enlace<\/a>.<\/p>\n","protected":false},"excerpt":{"rendered":"<p>Preguntas frecuentes &#8211; La inscripci\u00f3n es presencial solo con DNI. No existe inscripci\u00f3n on-line. En el instituto te facilitamos la informaci\u00f3n para completar tu legajo. &#8211; Todas las carreras son semipresenciales. Se cursan dos semanas presenciales y la tercera semana es virtual. &#8211; Las semanas presenciales y virtuales se establecen en el Calendario Acad\u00e9mico. &#8211; &#8230; <a title=\"Preguntas frecuentes\" class=\"read-more\" href=\"https:\/\/institutodelbicentenario-infd.mendoza.edu.ar\/sitio\/preguntas-frecuentes\/\" aria-label=\"More on Preguntas frecuentes\">[+]<\/a><\/p>\n","protected":false},"author":646,"featured_media":0,"parent":0,"menu_order":0,"comment_status":"closed","ping_status":"closed","template":"","meta":[],"acf":[],"_links":{"self":[{"href":"https:\/\/institutodelbicentenario-infd.mendoza.edu.ar\/sitio\/wp-json\/wp\/v2\/pages\/3653"}],"collection":[{"href":"https:\/\/institutodelbicentenario-infd.mendoza.edu.ar\/sitio\/wp-json\/wp\/v2\/pages"}],"about":[{"href":"https:\/\/institutodelbicentenario-infd.mendoza.edu.ar\/sitio\/wp-json\/wp\/v2\/types\/page"}],"author":[{"embeddable":true,"href":"https:\/\/institutodelbicentenario-infd.mendoza.edu.ar\/sitio\/wp-json\/wp\/v2\/users\/646"}],"replies":[{"embeddable":true,"href":"https:\/\/institutodelbicentenario-infd.mendoza.edu.ar\/sitio\/wp-json\/wp\/v2\/comments?post=3653"}],"version-history":[{"count":51,"href":"https:\/\/institutodelbicentenario-infd.mendoza.edu.ar\/sitio\/wp-json\/wp\/v2\/pages\/3653\/revisions"}],"predecessor-version":[{"id":13367,"href":"https:\/\/institutodelbicentenario-infd.mendoza.edu.ar\/sitio\/wp-json\/wp\/v2\/pages\/3653\/revisions\/13367"}],"wp:attachment":[{"href":"https:\/\/institutodelbicentenario-infd.mendoza.edu.ar\/sitio\/wp-json\/wp\/v2\/media?parent=3653"}],"curies":[{"name":"wp","href":"https:\/\/api.w.org\/{rel}","templated":true}]}}