{"id":3414,"date":"2020-08-05T18:56:56","date_gmt":"2020-08-05T21:56:56","guid":{"rendered":"https:\/\/institutodelbicentenario-infd.mendoza.edu.ar\/sitio\/?page_id=3414"},"modified":"2026-02-01T13:56:50","modified_gmt":"2026-02-01T16:56:50","slug":"adeudo-materias-del-secundario","status":"publish","type":"page","link":"https:\/\/institutodelbicentenario-infd.mendoza.edu.ar\/sitio\/adeudo-materias-del-secundario\/","title":{"rendered":"Adeudo materias del secundario"},"content":{"rendered":"\n<p class=\"has-text-align-center\"><strong>Alumnos que adeudan materias del Secundario<\/strong><\/p>\n\n\n\n<p>Todo aspirante que se encuentre cursando el \u00ab\u00faltimo a\u00f1o de estudios\u00bb ya sea de un secundario, CENS, u otro tipo de plan de terminalidad de secundaria y adeuda materias, debe presentar certificado de alumno regular del establecimiento de origen, al momento de entregar su documentaci\u00f3n para su preinscripci\u00f3n. Podr\u00e1 cursar en esta condici\u00f3n, hasta el 30 de junio del ciclo lectivo para el cual se inscribi\u00f3, fecha en la que debe presentar sin excepci\u00f3n, certificado anal\u00edtico en tr\u00e1mite o en su defecto el anal\u00edtico definitivo. De lo contrario se pierde la condici\u00f3n de alumno regular de la instituci\u00f3n, por lo que no podr\u00e1 seguir cursando.<\/p>\n","protected":false},"excerpt":{"rendered":"<p>Alumnos que adeudan materias del Secundario Todo aspirante que se encuentre cursando el \u00ab\u00faltimo a\u00f1o de estudios\u00bb ya sea de un secundario, CENS, u otro tipo de plan de terminalidad de secundaria y adeuda materias, debe presentar certificado de alumno regular del establecimiento de origen, al momento de entregar su documentaci\u00f3n para su preinscripci\u00f3n. Podr\u00e1 &#8230; <a title=\"Adeudo materias del secundario\" class=\"read-more\" href=\"https:\/\/institutodelbicentenario-infd.mendoza.edu.ar\/sitio\/adeudo-materias-del-secundario\/\" aria-label=\"More on Adeudo materias del secundario\">[+]<\/a><\/p>\n","protected":false},"author":646,"featured_media":0,"parent":0,"menu_order":0,"comment_status":"closed","ping_status":"closed","template":"","meta":[],"acf":[],"_links":{"self":[{"href":"https:\/\/institutodelbicentenario-infd.mendoza.edu.ar\/sitio\/wp-json\/wp\/v2\/pages\/3414"}],"collection":[{"href":"https:\/\/institutodelbicentenario-infd.mendoza.edu.ar\/sitio\/wp-json\/wp\/v2\/pages"}],"about":[{"href":"https:\/\/institutodelbicentenario-infd.mendoza.edu.ar\/sitio\/wp-json\/wp\/v2\/types\/page"}],"author":[{"embeddable":true,"href":"https:\/\/institutodelbicentenario-infd.mendoza.edu.ar\/sitio\/wp-json\/wp\/v2\/users\/646"}],"replies":[{"embeddable":true,"href":"https:\/\/institutodelbicentenario-infd.mendoza.edu.ar\/sitio\/wp-json\/wp\/v2\/comments?post=3414"}],"version-history":[{"count":14,"href":"https:\/\/institutodelbicentenario-infd.mendoza.edu.ar\/sitio\/wp-json\/wp\/v2\/pages\/3414\/revisions"}],"predecessor-version":[{"id":12831,"href":"https:\/\/institutodelbicentenario-infd.mendoza.edu.ar\/sitio\/wp-json\/wp\/v2\/pages\/3414\/revisions\/12831"}],"wp:attachment":[{"href":"https:\/\/institutodelbicentenario-infd.mendoza.edu.ar\/sitio\/wp-json\/wp\/v2\/media?parent=3414"}],"curies":[{"name":"wp","href":"https:\/\/api.w.org\/{rel}","templated":true}]}}