{"id":318,"date":"2016-10-31T14:20:44","date_gmt":"2016-10-31T17:20:44","guid":{"rendered":"https:\/\/institutodelbicentenario-mza.infd.edu.ar\/sitio\/?page_id=318"},"modified":"2026-03-11T09:52:51","modified_gmt":"2026-03-11T12:52:51","slug":"contacto","status":"publish","type":"page","link":"https:\/\/institutodelbicentenario-infd.mendoza.edu.ar\/sitio\/contacto\/","title":{"rendered":"CONTACTOS"},"content":{"rendered":"\n<p class=\"has-text-align-center\"><strong><em>Contactos y Horarios de Atenci\u00f3n<\/em><\/strong><\/p>\n\n\n\n<p class=\"has-text-align-center\"><em>Contactos y horarios de atenci\u00f3n presencial y virtual de todas las \u00e1reas institucionales<\/em><\/p>\n\n\n\n<p class=\"has-text-align-center\"><strong><a rel=\"noreferrer noopener\" href=\"https:\/\/institutodelbicentenario-infd.mendoza.edu.ar\/sitio\/atencion-al-publico\/\" data-type=\"URL\" data-id=\"https:\/\/institutodelbicentenario-infd.mendoza.edu.ar\/sitio\/atencion-al-publico\/\" target=\"_blank\">Inscripciones (Nuevos Aspirantes)<\/a><\/strong> <\/p>\n\n\n\n<p class=\"has-text-align-center\"><strong><a rel=\"noreferrer noopener\" href=\"https:\/\/institutodelbicentenario-infd.mendoza.edu.ar\/sitio\/seccion-alumnos\/\" target=\"_blank\">Secci\u00f3n Alumnos<\/a><\/strong><\/p>\n\n\n\n<p class=\"has-text-align-center\"><strong><a href=\"https:\/\/institutodelbicentenario-infd.mendoza.edu.ar\/sitio\/titulos\/\">T\u00edtulos<\/a><\/strong><\/p>\n\n\n\n<p class=\"has-text-align-center\"><strong><a rel=\"noreferrer noopener\" href=\"https:\/\/institutodelbicentenario-infd.mendoza.edu.ar\/sitio\/secretaria-administrativa\/\" data-type=\"URL\" data-id=\"https:\/\/institutodelbicentenario-infd.mendoza.edu.ar\/sitio\/secretaria-administrativa\/\" target=\"_blank\">Secretar\u00eda Administrativa<\/a><\/strong><\/p>\n\n\n\n<p class=\"has-text-align-center\"><a rel=\"noreferrer noopener\" href=\"https:\/\/institutodelbicentenario-infd.mendoza.edu.ar\/sitio\/area-de-sistemas\/\" data-type=\"URL\" data-id=\"https:\/\/institutodelbicentenario-infd.mendoza.edu.ar\/sitio\/area-de-sistemas\/\" target=\"_blank\"><\/a><strong><a href=\"https:\/\/institutodelbicentenario-infd.mendoza.edu.ar\/sitio\/cv\/\" data-type=\"URL\" data-id=\"https:\/\/institutodelbicentenario-infd.mendoza.edu.ar\/sitio\/cv\/\" target=\"_blank\" rel=\"noreferrer noopener\">Campus Virtual<\/a><\/strong><\/p>\n\n\n\n<p class=\"has-text-align-center\"><strong><a rel=\"noreferrer noopener\" href=\"https:\/\/institutodelbicentenario-infd.mendoza.edu.ar\/sitio\/horarios-de-atencion-soie\/\" data-type=\"URL\" data-id=\"https:\/\/institutodelbicentenario-infd.mendoza.edu.ar\/sitio\/horarios-de-atencion-soie\/\" target=\"_blank\">Servicio de Orientaci\u00f3n Interdisciplinario de Educaci\u00f3n (SOIE)<\/a><\/strong><\/p>\n","protected":false},"excerpt":{"rendered":"<p>Contactos y Horarios de Atenci\u00f3n Contactos y horarios de atenci\u00f3n presencial y virtual de todas las \u00e1reas institucionales Inscripciones (Nuevos Aspirantes) Secci\u00f3n Alumnos T\u00edtulos Secretar\u00eda Administrativa Campus Virtual Servicio de Orientaci\u00f3n Interdisciplinario de Educaci\u00f3n (SOIE)<\/p>\n","protected":false},"author":1,"featured_media":0,"parent":0,"menu_order":0,"comment_status":"closed","ping_status":"closed","template":"","meta":[],"acf":[],"_links":{"self":[{"href":"https:\/\/institutodelbicentenario-infd.mendoza.edu.ar\/sitio\/wp-json\/wp\/v2\/pages\/318"}],"collection":[{"href":"https:\/\/institutodelbicentenario-infd.mendoza.edu.ar\/sitio\/wp-json\/wp\/v2\/pages"}],"about":[{"href":"https:\/\/institutodelbicentenario-infd.mendoza.edu.ar\/sitio\/wp-json\/wp\/v2\/types\/page"}],"author":[{"embeddable":true,"href":"https:\/\/institutodelbicentenario-infd.mendoza.edu.ar\/sitio\/wp-json\/wp\/v2\/users\/1"}],"replies":[{"embeddable":true,"href":"https:\/\/institutodelbicentenario-infd.mendoza.edu.ar\/sitio\/wp-json\/wp\/v2\/comments?post=318"}],"version-history":[{"count":92,"href":"https:\/\/institutodelbicentenario-infd.mendoza.edu.ar\/sitio\/wp-json\/wp\/v2\/pages\/318\/revisions"}],"predecessor-version":[{"id":13310,"href":"https:\/\/institutodelbicentenario-infd.mendoza.edu.ar\/sitio\/wp-json\/wp\/v2\/pages\/318\/revisions\/13310"}],"wp:attachment":[{"href":"https:\/\/institutodelbicentenario-infd.mendoza.edu.ar\/sitio\/wp-json\/wp\/v2\/media?parent=318"}],"curies":[{"name":"wp","href":"https:\/\/api.w.org\/{rel}","templated":true}]}}