{"id":2579,"date":"2020-04-13T09:37:52","date_gmt":"2020-04-13T12:37:52","guid":{"rendered":"https:\/\/institutodelbicentenario-mza.infd.edu.ar\/sitio\/?page_id=2579"},"modified":"2026-02-02T16:00:45","modified_gmt":"2026-02-02T19:00:45","slug":"manuales","status":"publish","type":"page","link":"https:\/\/institutodelbicentenario-infd.mendoza.edu.ar\/sitio\/manuales\/","title":{"rendered":"Manuales y tutoriales"},"content":{"rendered":"\n<p class=\"has-text-align-center\"><strong>Manuales y tutoriales<\/strong><\/p>\n\n\n\n<p>Estimados alumnos y personal \u201cDel Bicentenario\u201d<\/p>\n\n\n\n<p>Facilitamos informaci\u00f3n de notificaciones, recuperaci\u00f3n de clave y otros instructivos referentes al campus virtual institucional.<\/p>\n\n\n\n<p class=\"has-text-align-center\"><strong><em><u>Para toda la comunidad educativa:<\/u><\/em><\/strong><\/p>\n\n\n\n<ul>\n<li><a href=\"https:\/\/institutodelbicentenario-infd.mendoza.edu.ar\/aula\/archivos\/repositorio\/\/2000\/2109\/Sitio_Web.mp4\">Primer ingreso al sitio web institucional<\/a><\/li>\n\n\n\n<li><a href=\"https:\/\/institutodelbicentenario-infd.mendoza.edu.ar\/aula\/archivos\/repositorio\/2000\/2114\/Ingreso_al_campus.mp4\">Primer ingreso al campus Virtual<\/a><\/li>\n\n\n\n<li><a href=\"https:\/\/institutodelbicentenario-infd.mendoza.edu.ar\/aula\/archivos\/repositorio\/\/2750\/2975\/Recuperar_contrasen_a.mp4\">Recuperar contrase\u00f1a<\/a><\/li>\n\n\n\n<li><a href=\"https:\/\/institutodelbicentenario-infd.mendoza.edu.ar\/aula\/archivos\/repositorio\/2000\/2159\/Notificaciones_y_recuperacion_de_calve.pdf\">Activar notificaciones cambio de correo<\/a><\/li>\n\n\n\n<li><a href=\"https:\/\/institutodelbicentenario-infd.mendoza.edu.ar\/aula\/archivos\/repositorio\/\/2000\/2115\/manual_Usuario_2020.pdf\">Manual de usuario del Campus Virtual<\/a><\/li>\n<\/ul>\n\n\n\n<p class=\"has-text-align-center\"><strong><em><u>Para docentes y personal institucional:<\/u><\/em><\/strong><\/p>\n\n\n\n<p class=\"has-text-align-left\"><u><em>Video tutoriales para creaci\u00f3n de clases:<\/em><\/u><\/p>\n\n\n\n<ul>\n<li><a href=\"https:\/\/institutodelbicentenario-infd.mendoza.edu.ar\/aula\/archivos\/repositorio\/\/2000\/2213\/Edicion_de_escritorio_y_menu_inicio.mp4\">Edici\u00f3n de escritorio y men\u00fa inicio<\/a><\/li>\n\n\n\n<li><a href=\"https:\/\/institutodelbicentenario-infd.mendoza.edu.ar\/aula\/archivos\/repositorio\/\/2000\/2215\/Menu_presentacion_y_clases.mp4\">Men\u00fa presentaci\u00f3n y clases<\/a><\/li>\n\n\n\n<li><a href=\"https:\/\/institutodelbicentenario-infd.mendoza.edu.ar\/aula\/archivos\/repositorio\/\/2000\/2216\/Repositorio_y__Textos_de_Clase.mp4\">Repositorio y textos de clase<\/a><\/li>\n\n\n\n<li><a href=\"https:\/\/institutodelbicentenario-infd.mendoza.edu.ar\/aula\/archivos\/repositorio\/\/2000\/2217\/6-Foros_y_Wikis.mp4\">Foros y wikis<\/a><\/li>\n\n\n\n<li><a href=\"https:\/\/institutodelbicentenario-infd.mendoza.edu.ar\/aula\/archivos\/repositorio\/\/2000\/2218\/7-Material_de_estudio_y_Actividades.mp4\">Material de estudio y Actividades<\/a><\/li>\n\n\n\n<li>&nbsp;<a href=\"https:\/\/institutodelbicentenario-infd.mendoza.edu.ar\/aula\/archivos\/repositorio\/\/2000\/2220\/8-Evaluaciones.mp4\">Evaluaciones<\/a><\/li>\n\n\n\n<li><a rel=\"noreferrer noopener\" href=\"https:\/\/institutodelbicentenario-infd.mendoza.edu.ar\/sitio\/todas-electivas\/inscripcion-por-catalogo-1\/\" data-type=\"URL\" data-id=\"https:\/\/institutodelbicentenario-infd.mendoza.edu.ar\/sitio\/todas-electivas\/inscripcion-por-catalogo-1\/\" target=\"_blank\"><\/a><a rel=\"noreferrer noopener\" href=\"https:\/\/institutodelbicentenario-infd.mendoza.edu.ar\/aula\/archivos\/repositorio\/\/4250\/4379\/Creacion_de_catalogo.mp4\" target=\"_blank\">Creaci\u00f3n de cat\u00e1logo<\/a><\/li>\n<\/ul>\n\n\n\n<p class=\"has-text-align-left\"><em><em><em><strong>Curso pr\u00e1ctico de aulas virtuales:<\/strong><\/em><\/em><\/em><\/p>\n\n\n\n<p>Primera Parte:<\/p>\n\n\n\n<p>Descarga: <a rel=\"noreferrer noopener\" href=\"https:\/\/institutodelbicentenario-infd.mendoza.edu.ar\/aula\/archivos\/repositorio\/\/5000\/5112\/1ra_parte.mp4\" target=\"_blank\">1ra_parte.mp4<\/a><\/p>\n\n\n\n<figure class=\"wp-block-embed aligncenter is-type-rich is-provider-gestor-del-servicio wp-block-embed-gestor-del-servicio\"><div class=\"wp-block-embed__wrapper\">\n<div style=\"width: 640px;\" class=\"wp-video\"><!--[if lt IE 9]><script>document.createElement('video');<\/script><![endif]-->\n<video class=\"wp-video-shortcode\" id=\"video-2579-1\" width=\"640\" height=\"360\" preload=\"metadata\" controls=\"controls\"><source type=\"video\/mp4\" src=\"https:\/\/institutodelbicentenario-infd.mendoza.edu.ar\/aula\/archivos\/repositorio\/\/5000\/5112\/1ra_parte.mp4?_=1\" \/><a href=\"https:\/\/institutodelbicentenario-infd.mendoza.edu.ar\/aula\/archivos\/repositorio\/\/5000\/5112\/1ra_parte.mp4\">https:\/\/institutodelbicentenario-infd.mendoza.edu.ar\/aula\/archivos\/repositorio\/\/5000\/5112\/1ra_parte.mp4<\/a><\/video><\/div>\n<\/div><\/figure>\n\n\n\n<p>Segunda Parte:<\/p>\n\n\n\n<p>Descarga: <a rel=\"noreferrer noopener\" href=\"https:\/\/institutodelbicentenario-infd.mendoza.edu.ar\/aula\/archivos\/repositorio\/\/5000\/5113\/2da_parte.mp4\" target=\"_blank\">2da_parte.mp4<\/a><\/p>\n\n\n\n<figure class=\"wp-block-embed aligncenter is-type-rich is-provider-gestor-del-servicio wp-block-embed-gestor-del-servicio\"><div class=\"wp-block-embed__wrapper\">\n<div style=\"width: 640px;\" class=\"wp-video\"><video class=\"wp-video-shortcode\" id=\"video-2579-2\" width=\"640\" height=\"360\" preload=\"metadata\" controls=\"controls\"><source type=\"video\/mp4\" src=\"https:\/\/institutodelbicentenario-infd.mendoza.edu.ar\/aula\/archivos\/repositorio\/\/5000\/5113\/2da_parte.mp4?_=2\" \/><a href=\"https:\/\/institutodelbicentenario-infd.mendoza.edu.ar\/aula\/archivos\/repositorio\/\/5000\/5113\/2da_parte.mp4\">https:\/\/institutodelbicentenario-infd.mendoza.edu.ar\/aula\/archivos\/repositorio\/\/5000\/5113\/2da_parte.mp4<\/a><\/video><\/div>\n<\/div><\/figure>\n\n\n\n<p><\/p>\n\n\n\n<p><u><em>Tutoriales externos:<\/em><\/u><\/p>\n\n\n\n<ul>\n<li><a href=\"https:\/\/tic.infd.edu.ar\/tutoriales\/\">Tutoriales para creaci\u00f3n de clases<\/a><\/li>\n\n\n\n<li><a href=\"https:\/\/tic.infd.edu.ar\/cursos\/\">cursos virtuales autoasistidos<\/a><\/li>\n\n\n\n<li><a href=\"https:\/\/infod.educacion.gob.ar\/cursos\">cursos tutorizados con cupo<\/a><\/li>\n\n\n\n<li>&nbsp;<a href=\"https:\/\/tic.infd.edu.ar\/\">https:\/\/tic.infd.edu.ar\/<\/a><\/li>\n<\/ul>\n\n\n\n<p><strong>Pautas generales de Aulas y usuarios:<\/strong><\/p>\n\n\n\n<p class=\"has-text-align-left\">Con respecto al nombre de los espacios curriculares en la plataforma se observa:<br>Ejemplo de un aula:<br>Nombre: PEP2-Produci\u00f3n y Comprensi\u00f3n de Texto<br>Se solicita no modificar el prefijo (PEP2-) de cada espacio curricular, es lo que ordena y agrupa los espacios en el campus por carrera y a\u00f1o. Para Artes es A, para Historia H, etc. El nombre del espacio debe coincidir con el del dise\u00f1o curricular correspondiente. Si este est\u00e1 mal escrito, por favor modif\u00edquelo.<br>Por favor no utilizar un aula para otro espacio curricular ni renombrarlo. Si necesita otro espacio curricular solic\u00edtelo.<br>Debido a los inconvenientes que se generan por usuarios duplicados, el alta (Agregar) de alumnos, est\u00e1 a cargo del administrador de la plataforma. Esto para evitar que un alumno tenga 2 o m\u00e1s usuarios con diferentes contrase\u00f1as y para evitar la deshabilitaci\u00f3n de envi\u00f3 de mensajes al correo personal externo de los alumnos. Esto tambi\u00e9n debido a que, si un docente da el alta a un alumno, solo lo hace en su aula y no en todas las aulas que deber\u00eda tener del a\u00f1o que cursa y de \u00e1lulas especiales como \u201cNoticias Institucionales\u201d, \u201cNoticia para alumnos\u201d, etc. Cada docente puede importar o eliminar a los alumnos que crea conveniente de sus aulas.<br>Al crear las aulas no se agregan los alumnos. Esto debe solicitarlo con la creaci\u00f3n de las aulas o cuando lo crea conveniente.<\/p>\n\n\n\n<p class=\"has-text-align-center\"><strong><a href=\"https:\/\/institutodelbicentenario-infd.mendoza.edu.ar\/sitio\/contacto\/\" data-type=\"URL\" data-id=\"https:\/\/institutodelbicentenario-infd.mendoza.edu.ar\/sitio\/contacto\/\" target=\"_blank\" rel=\"noreferrer noopener\">Solicitud de nuevo usuario o aulas<\/a><\/strong><\/p>\n\n\n\n<p class=\"has-text-align-center\"><a rel=\"noreferrer noopener\" href=\"https:\/\/www.aprenderencasa.com.ar\/\" data-type=\"URL\" data-id=\"https:\/\/www.aprenderencasa.com.ar\/\" target=\"_blank\"><strong>Materiales sugeridos para docentes<\/strong><\/a><\/p>\n\n\n\n<p class=\"has-text-align-center\"><strong>\u00c1rea de Sistemas<\/strong><\/p>\n\n\n\n<p class=\"has-text-align-center\"><a href=\"https:\/\/www.facebook.com\/hashtag\/isfdyt9030?__eep__=6&amp;__cft__%5b0%5d=AZUAeS2qce_O__6ax4kGqAHbwvxa_6RmNTOc3B8Gz8JEBOUO-S0BKSt6r7jSxIPjJiGjJfpxX5yHEn3zYOwL7s8VoNgtSv43O_a5bq-Sti_8MmbUwfbmDs1Skukl7lDnDrE&amp;__tn__=*NK-R\">#isfdyt9030<\/a><\/p>\n\n\n\n<p class=\"has-text-align-center\"><a href=\"https:\/\/www.facebook.com\/hashtag\/institutodelbicentenario?__eep__=6&amp;__cft__%5b0%5d=AZUAeS2qce_O__6ax4kGqAHbwvxa_6RmNTOc3B8Gz8JEBOUO-S0BKSt6r7jSxIPjJiGjJfpxX5yHEn3zYOwL7s8VoNgtSv43O_a5bq-Sti_8MmbUwfbmDs1Skukl7lDnDrE&amp;__tn__=*NK-R\">#institutodelbicentenario<\/a><\/p>\n\n\n\n<p class=\"has-text-align-center\"><a href=\"https:\/\/www.facebook.com\/hashtag\/educacionsuperior?__eep__=6&amp;__cft__%5b0%5d=AZUAeS2qce_O__6ax4kGqAHbwvxa_6RmNTOc3B8Gz8JEBOUO-S0BKSt6r7jSxIPjJiGjJfpxX5yHEn3zYOwL7s8VoNgtSv43O_a5bq-Sti_8MmbUwfbmDs1Skukl7lDnDrE&amp;__tn__=*NK-R\">#educacionsuperior<\/a><\/p>\n\n\n\n<p class=\"has-text-align-center\"><a href=\"https:\/\/www.facebook.com\/hashtag\/somoseducaci%C3%B3nsuperior?__eep__=6&amp;__cft__[0]=AZWXeYGKvRGpc2EUc9_2HUB56pQRQxwNi_EwogXjY14uDUOkUXaPNoQ2NfioHuyrGkBwSWyo5yZ7mWSlmzJ5APcpKfhDVsk8F5HTE5IAAzt6G3WsRaymNtXHZXmCymGnHHcMzcvxxkRNv5aiZWoCF7jT3S8bwA3qcbMBLSOW206gQkki6jo4nubj3ZuZRYgOzIs&amp;__tn__=*NK-R\">#SomosEducaci\u00f3nSuperior<\/a><\/p>\n","protected":false},"excerpt":{"rendered":"<p>Manuales y tutoriales Estimados alumnos y personal \u201cDel Bicentenario\u201d Facilitamos informaci\u00f3n de notificaciones, recuperaci\u00f3n de clave y otros instructivos referentes al campus virtual institucional. Para toda la comunidad educativa: Para docentes y personal institucional: Video tutoriales para creaci\u00f3n de clases: Curso pr\u00e1ctico de aulas virtuales: Primera Parte: Descarga: 1ra_parte.mp4 Segunda Parte: Descarga: 2da_parte.mp4 Tutoriales externos: &#8230; <a title=\"Manuales y tutoriales\" class=\"read-more\" href=\"https:\/\/institutodelbicentenario-infd.mendoza.edu.ar\/sitio\/manuales\/\" aria-label=\"More on Manuales y tutoriales\">[+]<\/a><\/p>\n","protected":false},"author":646,"featured_media":0,"parent":0,"menu_order":0,"comment_status":"closed","ping_status":"closed","template":"","meta":[],"acf":[],"_links":{"self":[{"href":"https:\/\/institutodelbicentenario-infd.mendoza.edu.ar\/sitio\/wp-json\/wp\/v2\/pages\/2579"}],"collection":[{"href":"https:\/\/institutodelbicentenario-infd.mendoza.edu.ar\/sitio\/wp-json\/wp\/v2\/pages"}],"about":[{"href":"https:\/\/institutodelbicentenario-infd.mendoza.edu.ar\/sitio\/wp-json\/wp\/v2\/types\/page"}],"author":[{"embeddable":true,"href":"https:\/\/institutodelbicentenario-infd.mendoza.edu.ar\/sitio\/wp-json\/wp\/v2\/users\/646"}],"replies":[{"embeddable":true,"href":"https:\/\/institutodelbicentenario-infd.mendoza.edu.ar\/sitio\/wp-json\/wp\/v2\/comments?post=2579"}],"version-history":[{"count":58,"href":"https:\/\/institutodelbicentenario-infd.mendoza.edu.ar\/sitio\/wp-json\/wp\/v2\/pages\/2579\/revisions"}],"predecessor-version":[{"id":12901,"href":"https:\/\/institutodelbicentenario-infd.mendoza.edu.ar\/sitio\/wp-json\/wp\/v2\/pages\/2579\/revisions\/12901"}],"wp:attachment":[{"href":"https:\/\/institutodelbicentenario-infd.mendoza.edu.ar\/sitio\/wp-json\/wp\/v2\/media?parent=2579"}],"curies":[{"name":"wp","href":"https:\/\/api.w.org\/{rel}","templated":true}]}}