{"id":2454,"date":"2020-03-06T21:38:28","date_gmt":"2020-03-07T00:38:28","guid":{"rendered":"https:\/\/institutodelbicentenario-mza.infd.edu.ar\/sitio\/?page_id=2454"},"modified":"2026-03-17T09:44:22","modified_gmt":"2026-03-17T12:44:22","slug":"ambientacion","status":"publish","type":"page","link":"https:\/\/institutodelbicentenario-infd.mendoza.edu.ar\/sitio\/ambientacion\/","title":{"rendered":"Ingreso"},"content":{"rendered":"\n<p class=\"has-text-align-center\"><strong>INGRESO<\/strong><\/p>\n\n\n\n<p>Todo alumno efectivamente inscripto realiza el ingreso y la ambientaci\u00f3n.<\/p>\n\n\n\n<p>Se toman ex\u00e1menes de ingreso no eliminatorios. (Prof. de ingl\u00e9s, ver&nbsp;<a href=\"https:\/\/institutodelbicentenario-infd.mendoza.edu.ar\/sitio\/profesorado-de-ingles\/\">Condiciones de ingreso<\/a>).<\/p>\n\n\n\n<p>En los <a rel=\"noreferrer noopener\" href=\"https:\/\/institutodelbicentenario-infd.mendoza.edu.ar\/sitio\/grupos-de-whatsapp-para-preingreso\/\" target=\"_blank\">Grupos de Ingreso de WhatsApp<\/a> se informa sobre:<\/p>\n\n\n\n<p>&#8211; Dia y horario de inicio de cursado de ingreso y ambientaci\u00f3n.<\/p>\n\n\n\n<p>&#8211; Cronograma con d\u00edas y horarios de cursado de ingreso y ambientaci\u00f3n, ya sean presenciales o virtuales.<\/p>\n\n\n\n<p>&#8211; Fechas de entrega de cuadernillos de Ambientaci\u00f3n.<\/p>\n\n\n\n<p>&#8211; Como resolver el contenido de cuadernillos de ambientaci\u00f3n.<\/p>\n\n\n\n<p>&#8211; Si est\u00e1n disponibles los cuadernillos de ambientaci\u00f3n de a\u00f1os anteriores.<\/p>\n\n\n\n<p>&#8211; Fechas de ex\u00e1menes y recuperatorios de ingreso.<\/p>\n\n\n\n<p>&#8211; Materiales.<\/p>\n\n\n\n<p>&#8211; Uniforme (Solo Prof. Primaria e inicial). <\/p>\n\n\n\n<p>En los <a rel=\"noreferrer noopener\" href=\"https:\/\/institutodelbicentenario-infd.mendoza.edu.ar\/sitio\/grupos-de-whatsapp-para-preingreso\/\" target=\"_blank\">Grupos de Ingreso de WhatsApp<\/a> debe consultar por:<\/p>\n\n\n\n<p>&#8211; Si me inscribo hoy. \u00bfPuedo rendir igualmente los ex\u00e1menes? \u00bfPuedo empezar a cursar hoy msmo?<\/p>\n\n\n\n<p>&#8211; Si rindo mal un examen. \u00bfPuedo recuperar?<\/p>\n\n\n\n<p><strong>El administrador de grupo con n\u00famero<a rel=\"noreferrer noopener\" href=\"https:\/\/wa.me\/5492617206729\" target=\"_blank\"> 2617206729<\/a> solo facilita esta informaci\u00f3n general.<\/strong><\/p>\n\n\n\n<p>Para otras consultas relacionadas al ingreso, debe ponerse en contacto con los administradores de <a rel=\"noreferrer noopener\" href=\"https:\/\/institutodelbicentenario-infd.mendoza.edu.ar\/sitio\/grupos-de-whatsapp-para-preingreso\/\" target=\"_blank\">grupos de ingreso de WhatsApp<\/a> que corresponden a su bedel y coordinador de carrera o asistir personalmente en los <a rel=\"noreferrer noopener\" href=\"https:\/\/institutodelbicentenario-infd.mendoza.edu.ar\/sitio\/ia\/\" target=\"_blank\">horarios de atenci\u00f3n presencial&nbsp;a&nbsp;aspirantes<\/a> para resolver:<\/p>\n\n\n\n<p>&#8211; Inconvenientes de asistencia.<\/p>\n\n\n\n<p>&#8211;  Esta restringido enviar mensajes en el grupo y no puedo realizar mi consulta.<\/p>\n\n\n\n<p>&#8211; Inconvenientes personales.<\/p>\n\n\n\n<p>&#8211; Si debo realizar el ingreso porque ya he realizado otro ingreso u otra carrera.<\/p>\n\n\n\n<p>Por favor lea el apartado de <a href=\"https:\/\/institutodelbicentenario-infd.mendoza.edu.ar\/sitio\/preguntas-frecuentes\/\"><strong>preguntas frecuentes<\/strong> <\/a>para m\u00e1s informaci\u00f3n.<\/p>\n\n\n\n<p>M\u00e1s informaci\u00f3n:<\/p>\n\n\n\n<figure class=\"wp-block-table\"><table><tbody><tr><td class=\"has-text-align-center\" data-align=\"center\"><a href=\"https:\/\/institutodelbicentenario-infd.mendoza.edu.ar\/sitio\/preguntas-frecuentes\/\">Preguntas frecuentes<\/a><\/td><td class=\"has-text-align-center\" data-align=\"center\"><a href=\"https:\/\/institutodelbicentenario-infd.mendoza.edu.ar\/sitio\/informacion-institucional\/\">Informaci\u00f3n Institucional<\/a><\/td><\/tr><tr><td class=\"has-text-align-center\" data-align=\"center\"><a href=\"https:\/\/institutodelbicentenario-infd.mendoza.edu.ar\/sitio\/pases-y-equivalencias\/\">Pases, equivalencias<\/a><\/td><td class=\"has-text-align-center\" data-align=\"center\"><a href=\"https:\/\/institutodelbicentenario-infd.mendoza.edu.ar\/sitio\/ambientacion\/\">Ambientaci\u00f3n<\/a><\/td><\/tr><tr><td class=\"has-text-align-center\" data-align=\"center\"><a href=\"https:\/\/institutodelbicentenario-infd.mendoza.edu.ar\/sitio\/reinscripcion\/\">Reinscripci\u00f3n<\/a><\/td><td class=\"has-text-align-center\" data-align=\"center\"><a href=\"https:\/\/institutodelbicentenario-infd.mendoza.edu.ar\/sitio\/ambientacion\/\">Cuadernillos de ambientaci\u00f3n<\/a><\/td><\/tr><tr><td class=\"has-text-align-center\" data-align=\"center\"><a href=\"https:\/\/institutodelbicentenario-infd.mendoza.edu.ar\/sitio\/adeudo-materias-del-secundario\/\">Adeudo materias del secundario<\/a><\/td><td class=\"has-text-align-center\" data-align=\"center\"><a href=\"https:\/\/institutodelbicentenario-infd.mendoza.edu.ar\/sitio\/becas-progresar\/\">Becas Progresar<\/a><\/td><\/tr><tr><td class=\"has-text-align-center\" data-align=\"center\"><a href=\"https:\/\/institutodelbicentenario-infd.mendoza.edu.ar\/sitio\/articulo-7\/\">Secundario Incompleto (Art.7)<\/a><\/td><td class=\"has-text-align-center\" data-align=\"center\"><a href=\"https:\/\/institutodelbicentenario-infd.mendoza.edu.ar\/sitio\/autoridades\/\">Autoridades<\/a><\/td><\/tr><tr><td class=\"has-text-align-center\" data-align=\"center\"><a href=\"https:\/\/institutodelbicentenario-infd.mendoza.edu.ar\/sitio\/ubicacion\/\" target=\"_blank\" rel=\"noreferrer noopener\">Ubicaci\u00f3n de Sedes<\/a><\/td><td class=\"has-text-align-center\" data-align=\"center\"><a href=\"https:\/\/institutodelbicentenario-infd.mendoza.edu.ar\/sitio\/abonos\/\">Abonos<\/a><\/td><\/tr><tr><td class=\"has-text-align-center\" data-align=\"center\"><a href=\"https:\/\/institutodelbicentenario-infd.mendoza.edu.ar\/sitio\/informacion-institucional\/\">Tel\u00e9fonos<\/a><\/td><td class=\"has-text-align-center\" data-align=\"center\"><a href=\"https:\/\/www.facebook.com\/I.S.F.D.T.9030.Del.Bicentenario\/\">Facebook<\/a><\/td><\/tr><tr><td class=\"has-text-align-center\" data-align=\"center\"><a href=\"https:\/\/institutodelbicentenario-infd.mendoza.edu.ar\/sitio\/informacion-institucional\/\">Horarios de&nbsp;<\/a><a href=\"https:\/\/institutodelbicentenario-infd.mendoza.edu.ar\/sitio\/informacion-institucional\/\" target=\"_blank\" rel=\"noreferrer noopener\">cursado<\/a><\/td><td class=\"has-text-align-center\" data-align=\"center\"><a href=\"https:\/\/www.instagram.com\/isfdyt9030\/?hl=es-la\">Instagram<\/a><\/td><\/tr><tr><td class=\"has-text-align-center\" data-align=\"center\"><a href=\"https:\/\/institutodelbicentenario-infd.mendoza.edu.ar\/sitio\/informacion-institucional\/\">Horarios de<\/a><a href=\"https:\/\/institutodelbicentenario-infd.mendoza.edu.ar\/sitio\/informacion-institucional\/\">&nbsp;atenci\u00f3n<\/a><\/td><td class=\"has-text-align-center\" data-align=\"center\"><a href=\"https:\/\/institutodelbicentenario-infd.mendoza.edu.ar\/sitio\/contacto\/\" target=\"_blank\" rel=\"noreferrer noopener\">Consultas<\/a><\/td><\/tr><\/tbody><\/table><\/figure>\n\n\n\n<p><\/p>\n","protected":false},"excerpt":{"rendered":"<p>INGRESO Todo alumno efectivamente inscripto realiza el ingreso y la ambientaci\u00f3n. Se toman ex\u00e1menes de ingreso no eliminatorios. (Prof. de ingl\u00e9s, ver&nbsp;Condiciones de ingreso). En los Grupos de Ingreso de WhatsApp se informa sobre: &#8211; Dia y horario de inicio de cursado de ingreso y ambientaci\u00f3n. &#8211; Cronograma con d\u00edas y horarios de cursado de &#8230; <a title=\"Ingreso\" class=\"read-more\" href=\"https:\/\/institutodelbicentenario-infd.mendoza.edu.ar\/sitio\/ambientacion\/\" aria-label=\"More on Ingreso\">[+]<\/a><\/p>\n","protected":false},"author":646,"featured_media":0,"parent":0,"menu_order":0,"comment_status":"closed","ping_status":"closed","template":"","meta":[],"acf":[],"_links":{"self":[{"href":"https:\/\/institutodelbicentenario-infd.mendoza.edu.ar\/sitio\/wp-json\/wp\/v2\/pages\/2454"}],"collection":[{"href":"https:\/\/institutodelbicentenario-infd.mendoza.edu.ar\/sitio\/wp-json\/wp\/v2\/pages"}],"about":[{"href":"https:\/\/institutodelbicentenario-infd.mendoza.edu.ar\/sitio\/wp-json\/wp\/v2\/types\/page"}],"author":[{"embeddable":true,"href":"https:\/\/institutodelbicentenario-infd.mendoza.edu.ar\/sitio\/wp-json\/wp\/v2\/users\/646"}],"replies":[{"embeddable":true,"href":"https:\/\/institutodelbicentenario-infd.mendoza.edu.ar\/sitio\/wp-json\/wp\/v2\/comments?post=2454"}],"version-history":[{"count":76,"href":"https:\/\/institutodelbicentenario-infd.mendoza.edu.ar\/sitio\/wp-json\/wp\/v2\/pages\/2454\/revisions"}],"predecessor-version":[{"id":13340,"href":"https:\/\/institutodelbicentenario-infd.mendoza.edu.ar\/sitio\/wp-json\/wp\/v2\/pages\/2454\/revisions\/13340"}],"wp:attachment":[{"href":"https:\/\/institutodelbicentenario-infd.mendoza.edu.ar\/sitio\/wp-json\/wp\/v2\/media?parent=2454"}],"curies":[{"name":"wp","href":"https:\/\/api.w.org\/{rel}","templated":true}]}}