{"id":2434,"date":"2020-03-06T20:31:46","date_gmt":"2020-03-06T23:31:46","guid":{"rendered":"https:\/\/institutodelbicentenario-mza.infd.edu.ar\/sitio\/?page_id=2434"},"modified":"2026-03-02T09:27:36","modified_gmt":"2026-03-02T12:27:36","slug":"articulo-7","status":"publish","type":"page","link":"https:\/\/institutodelbicentenario-infd.mendoza.edu.ar\/sitio\/articulo-7\/","title":{"rendered":"Art\u00edculo 7"},"content":{"rendered":"\n<p class=\"has-text-align-center\"><strong>Art\u00edculo 7<\/strong><\/p>\n\n\n\n<p><strong>Para Profesorados:<\/strong><\/p>\n\n\n\n<p>&#8211; La Coordinaci\u00f3n General de Educaci\u00f3n Superior ha derogado el ingreso por art\u00edculo 7 para las carreras de profesorados ofrecidas en el Nivel Superior dependientes de la D.G.E. y ha determinado que a partir del ciclo 2020, es necesario haber finalizado los estudios secundarios.<\/p>\n\n\n\n<p>&#8211; Si esta cursando el \u00ab\u00faltimo a\u00f1o de estudios\u00bb y adeuda materias ya sea en un secundario, CENS, u otro tipo de plan de terminalidad, <a href=\"https:\/\/institutodelbicentenario-infd.mendoza.edu.ar\/sitio\/adeudo-materias-del-secundario\/\">clic en este enlace<\/a>.<\/p>\n\n\n\n<p>&#8211; Si no cuenta con estudios secundarios completos, puede optar por el <a href=\"http:\/\/www.mendoza.edu.ar\/plan-fines\/\">Plan Fines<\/a> y realizarlo simult\u00e1neamente con la carrera que usted desee con las condiciones mencionadas con anterioridad. Esto debe ser informado al momento de presentar la documentaci\u00f3n para iniciar el proceso de inscripci\u00f3n. Podr\u00e1 cursar en esta condici\u00f3n, <strong>hasta el 30 de junio del ciclo lectivo para el cual se inscribi\u00f3, fecha en la que debe presentar sin excepci\u00f3n, certificado anal\u00edtico en tr\u00e1mite o en su defecto anal\u00edtico definitivo.<\/strong> <strong>De lo contrario se pierde la condici\u00f3n de alumno regular, por lo que no podr\u00e1 seguir cursando.<\/strong> <br>&#8211; La instituci\u00f3n no cuenta con plan de finalizaci\u00f3n de estudios secundarios.<\/p>\n\n\n\n<p><strong>Para Tecnicaturas:<\/strong><br>&#8211; Los requisitos para estar contemplados dentro de Art\u00edculo 7 de la Ley de Educaci\u00f3n Superior 24521\/95 son:<br>1-Ser mayor de 25 a\u00f1os.<br>2-Haber cumplido todas las obligaciones acad\u00e9micas de 3er a\u00f1o del secundario. (3er a\u00f1o completo).<br>3-Debe presentar Curriculum Vitae que exprese desarrollo o relaci\u00f3n de las actividades laborales y\/o profesionales con la carrera a la cual aspira.<br>&#8211; Tambi\u00e9n puede, dirigirse personalmente a la instituci\u00f3n de 19:00 a 22:00 horas, donde personal de la misma le brindar\u00e1 una respuesta completa y detallada a su situaci\u00f3n acad\u00e9mica.<\/p>\n\n\n\n<p><a href=\"https:\/\/institutodelbicentenario-infd.mendoza.edu.ar\/sitio\/preinscripciones\/\" rel=\"noopener\">Preinscripciones<\/a><\/p>\n\n\n\n<p><a href=\"https:\/\/institutodelbicentenario-infd.mendoza.edu.ar\/sitio\/preguntas-frecuentes\/\">Preguntas Frecuentes<\/a><\/p>\n\n\n\n<p><a href=\"https:\/\/institutodelbicentenario-infd.mendoza.edu.ar\/sitio\/ubicacion\/\" rel=\"noopener\">Ubicaci\u00f3n de Sedes<\/a><\/p>\n\n\n\n<p><a href=\"https:\/\/institutodelbicentenario-infd.mendoza.edu.ar\/sitio\/informacion-institucional\/\" rel=\"noopener\">M\u00e1s Informaci\u00f3n<\/a><\/p>\n\n\n\n<p><\/p>\n","protected":false},"excerpt":{"rendered":"<p>Art\u00edculo 7 Para Profesorados: &#8211; La Coordinaci\u00f3n General de Educaci\u00f3n Superior ha derogado el ingreso por art\u00edculo 7 para las carreras de profesorados ofrecidas en el Nivel Superior dependientes de la D.G.E. y ha determinado que a partir del ciclo 2020, es necesario haber finalizado los estudios secundarios. &#8211; Si esta cursando el \u00ab\u00faltimo a\u00f1o &#8230; <a title=\"Art\u00edculo 7\" class=\"read-more\" href=\"https:\/\/institutodelbicentenario-infd.mendoza.edu.ar\/sitio\/articulo-7\/\" aria-label=\"More on Art\u00edculo 7\">[+]<\/a><\/p>\n","protected":false},"author":646,"featured_media":0,"parent":0,"menu_order":0,"comment_status":"closed","ping_status":"closed","template":"","meta":[],"acf":[],"_links":{"self":[{"href":"https:\/\/institutodelbicentenario-infd.mendoza.edu.ar\/sitio\/wp-json\/wp\/v2\/pages\/2434"}],"collection":[{"href":"https:\/\/institutodelbicentenario-infd.mendoza.edu.ar\/sitio\/wp-json\/wp\/v2\/pages"}],"about":[{"href":"https:\/\/institutodelbicentenario-infd.mendoza.edu.ar\/sitio\/wp-json\/wp\/v2\/types\/page"}],"author":[{"embeddable":true,"href":"https:\/\/institutodelbicentenario-infd.mendoza.edu.ar\/sitio\/wp-json\/wp\/v2\/users\/646"}],"replies":[{"embeddable":true,"href":"https:\/\/institutodelbicentenario-infd.mendoza.edu.ar\/sitio\/wp-json\/wp\/v2\/comments?post=2434"}],"version-history":[{"count":41,"href":"https:\/\/institutodelbicentenario-infd.mendoza.edu.ar\/sitio\/wp-json\/wp\/v2\/pages\/2434\/revisions"}],"predecessor-version":[{"id":13141,"href":"https:\/\/institutodelbicentenario-infd.mendoza.edu.ar\/sitio\/wp-json\/wp\/v2\/pages\/2434\/revisions\/13141"}],"wp:attachment":[{"href":"https:\/\/institutodelbicentenario-infd.mendoza.edu.ar\/sitio\/wp-json\/wp\/v2\/media?parent=2434"}],"curies":[{"name":"wp","href":"https:\/\/api.w.org\/{rel}","templated":true}]}}