{"id":2424,"date":"2020-03-06T20:03:04","date_gmt":"2020-03-06T23:03:04","guid":{"rendered":"https:\/\/institutodelbicentenario-mza.infd.edu.ar\/sitio\/?page_id=2424"},"modified":"2026-04-16T20:06:54","modified_gmt":"2026-04-16T23:06:54","slug":"pases-y-equivalencias","status":"publish","type":"page","link":"https:\/\/institutodelbicentenario-infd.mendoza.edu.ar\/sitio\/pases-y-equivalencias\/","title":{"rendered":"Pases y Equivalencias"},"content":{"rendered":"\n<p class=\"has-text-align-center\"><strong>Pases y Equivalencias<\/strong><\/p>\n\n\n\n<p class=\"has-text-align-center\"><strong>Pases<\/strong><\/p>\n\n\n\n<p class=\"has-text-align-center\">Para realizar un an\u00e1lisis de pase, el estudiante debe presentar una CERTIFICACI\u00d3N DE PASE emitida por el instituto de origen y adjuntar un CERTIFICADO ANAL\u00cdTICO DE ESTUDIOS PARCIALES del Sistema Federal de T\u00edtulos, tambi\u00e9n emitido por el IES de origen. Munido de esa documentaci\u00f3n, el interesado deber\u00e1 presentarse personalmente en la bedel\u00eda correspondiente para iniciar el tr\u00e1mite.<\/p>\n\n\n\n<p class=\"has-text-align-center\"><a rel=\"noreferrer noopener\" href=\"https:\/\/institutodelbicentenario-infd.mendoza.edu.ar\/sitio\/hc\/\" target=\"_blank\">Horarios de atenci\u00f3n de bedel\u00edas<\/a><\/p>\n\n\n\n<p class=\"has-text-align-center\"><a rel=\"noreferrer noopener\" href=\"https:\/\/institutodelbicentenario-infd.mendoza.edu.ar\/sitio\/ubicacion\/\" data-type=\"URL\" data-id=\"https:\/\/institutodelbicentenario-infd.mendoza.edu.ar\/sitio\/ubicacion\/\" target=\"_blank\">Ubicaci\u00f3n de sedes<\/a><\/p>\n\n\n\n<p class=\"has-text-align-center\">___________<\/p>\n\n\n\n<p class=\"has-text-align-center\"><strong>Equivalencias<\/strong><\/p>\n\n\n<div class=\"wp-block-image\">\n<figure class=\"aligncenter size-full is-resized\"><img decoding=\"async\" loading=\"lazy\" src=\"https:\/\/institutodelbicentenario-infd.mendoza.edu.ar\/sitio\/wp-content\/uploads\/2026\/02\/WhatsApp-Image-2026-02-12-at-13.17.42.jpeg\" alt=\"\" class=\"wp-image-13082\" width=\"313\" height=\"313\" srcset=\"https:\/\/institutodelbicentenario-infd.mendoza.edu.ar\/sitio\/wp-content\/uploads\/2026\/02\/WhatsApp-Image-2026-02-12-at-13.17.42.jpeg 1080w, https:\/\/institutodelbicentenario-infd.mendoza.edu.ar\/sitio\/wp-content\/uploads\/2026\/02\/WhatsApp-Image-2026-02-12-at-13.17.42-1000x1000.jpeg 1000w, https:\/\/institutodelbicentenario-infd.mendoza.edu.ar\/sitio\/wp-content\/uploads\/2026\/02\/WhatsApp-Image-2026-02-12-at-13.17.42-500x500.jpeg 500w, https:\/\/institutodelbicentenario-infd.mendoza.edu.ar\/sitio\/wp-content\/uploads\/2026\/02\/WhatsApp-Image-2026-02-12-at-13.17.42-768x768.jpeg 768w\" sizes=\"(max-width: 313px) 100vw, 313px\" \/><\/figure><\/div>\n\n\n<p>Los pedidos de equivalencias se recepcionar\u00e1n en las bedel\u00edas de cada carrera a desde el 1 al 10 de abril de 2026, en formato papel.<\/p>\n\n\n\n<p>La documentaci\u00f3n a presentar es la siguiente, en formato papel:<\/p>\n\n\n\n<p>1- Nota de solicitud de estudio de equivalencias: <a href=\"https:\/\/drive.google.com\/file\/d\/1BDdlFapUJ0y2ziph3Jl1G9Lax7L_gYaL\/view?usp=drive_link\" target=\"_blank\" rel=\"noreferrer noopener\">https:\/\/drive.google.com\/file\/d\/1BDdlFapUJ0y2ziph3Jl1G9Lax7L_gYaL\/view?usp=drive_link<\/a><\/p>\n\n\n\n<p>2- Certificado anal\u00edtico de estudios parciales o completos del Sistema Federal de T\u00edtulos en el caso de institutos de educaci\u00f3n superior, o certificado anal\u00edtico de estudios parciales o completos firmados por autoridades y autenticados en el caso de universidades.<\/p>\n\n\n\n<p>3- Programas firmados de las unidades curriculares\/materias por las que se solicita estudio de equivalencias.<\/p>\n\n\n\n<p class=\"has-text-align-center\">________________<\/p>\n\n\n\n<p><strong>Condici\u00f3n del estudiante<\/strong><\/p>\n\n\n\n<p>Un estudiante que desee ingresar a una carrera de formaci\u00f3n docente o t\u00e9cnica deber\u00e1 inscribirse anualmente por carrera y por espacio curricular, optando entre las siguientes condiciones:<\/p>\n\n\n\n<ol type=\"i\">\n<li>Estudiante <strong>REGULAR<\/strong>: si aspira a concluir sus estudios, a trav\u00e9s del cumplimiento de las obligaciones acad\u00e9micas establecidas en el dise\u00f1o curricular correspondiente.<\/li>\n\n\n\n<li>Estudiante <strong>VOCACIONAL<\/strong>: en el caso en que aspire a la realizaci\u00f3n de no m\u00e1s del 30% de la carga horaria total que implica el desarrollo curricular de la oferta a la que se inscribe.<\/li>\n\n\n\n<li>Estudiante <strong>VISITANTE<\/strong>: si el estudiante de otra instituci\u00f3n de Educaci\u00f3n Superior aspira a cursar una o varias unidades curriculares de una o varias ofertas formativas.<\/li>\n<\/ol>\n\n\n\n<p>En todos los casos, la documentaci\u00f3n para el legajo es exactamente la misma.<\/p>\n\n\n\n<p class=\"has-text-align-center\">________________<\/p>\n\n\n\n<p class=\"has-text-align-center\"><a href=\"https:\/\/institutodelbicentenario-infd.mendoza.edu.ar\/sitio\/contacto\/\" target=\"_blank\" rel=\"noreferrer noopener\">Whatsapp y horarios de atenci\u00f3n de todas las \u00e1reas institucionales<\/a><\/p>\n\n\n\n<p class=\"has-text-align-center\"><a href=\"https:\/\/institutodelbicentenario-infd.mendoza.edu.ar\/sitio\/ubicacion\/\">Ubicaci\u00f3n de Sedes<\/a><\/p>\n\n\n\n<p class=\"has-text-align-center\"><a href=\"https:\/\/institutodelbicentenario-infd.mendoza.edu.ar\/sitio\/calendarios-y-cronogramas\/\">Calendario Acad\u00e9mico<\/a><\/p>\n\n\n\n<p class=\"has-text-align-center\">________________<\/p>\n\n\n\n<p class=\"has-text-align-center\"><strong>Regencia<\/strong><\/p>\n","protected":false},"excerpt":{"rendered":"<p>Pases y Equivalencias Pases Para realizar un an\u00e1lisis de pase, el estudiante debe presentar una CERTIFICACI\u00d3N DE PASE emitida por el instituto de origen y adjuntar un CERTIFICADO ANAL\u00cdTICO DE ESTUDIOS PARCIALES del Sistema Federal de T\u00edtulos, tambi\u00e9n emitido por el IES de origen. Munido de esa documentaci\u00f3n, el interesado deber\u00e1 presentarse personalmente en la &#8230; <a title=\"Pases y Equivalencias\" class=\"read-more\" href=\"https:\/\/institutodelbicentenario-infd.mendoza.edu.ar\/sitio\/pases-y-equivalencias\/\" aria-label=\"More on Pases y Equivalencias\">[+]<\/a><\/p>\n","protected":false},"author":646,"featured_media":0,"parent":0,"menu_order":0,"comment_status":"closed","ping_status":"closed","template":"","meta":[],"acf":[],"_links":{"self":[{"href":"https:\/\/institutodelbicentenario-infd.mendoza.edu.ar\/sitio\/wp-json\/wp\/v2\/pages\/2424"}],"collection":[{"href":"https:\/\/institutodelbicentenario-infd.mendoza.edu.ar\/sitio\/wp-json\/wp\/v2\/pages"}],"about":[{"href":"https:\/\/institutodelbicentenario-infd.mendoza.edu.ar\/sitio\/wp-json\/wp\/v2\/types\/page"}],"author":[{"embeddable":true,"href":"https:\/\/institutodelbicentenario-infd.mendoza.edu.ar\/sitio\/wp-json\/wp\/v2\/users\/646"}],"replies":[{"embeddable":true,"href":"https:\/\/institutodelbicentenario-infd.mendoza.edu.ar\/sitio\/wp-json\/wp\/v2\/comments?post=2424"}],"version-history":[{"count":62,"href":"https:\/\/institutodelbicentenario-infd.mendoza.edu.ar\/sitio\/wp-json\/wp\/v2\/pages\/2424\/revisions"}],"predecessor-version":[{"id":13427,"href":"https:\/\/institutodelbicentenario-infd.mendoza.edu.ar\/sitio\/wp-json\/wp\/v2\/pages\/2424\/revisions\/13427"}],"wp:attachment":[{"href":"https:\/\/institutodelbicentenario-infd.mendoza.edu.ar\/sitio\/wp-json\/wp\/v2\/media?parent=2424"}],"curies":[{"name":"wp","href":"https:\/\/api.w.org\/{rel}","templated":true}]}}