{"id":2367,"date":"2020-03-02T11:24:33","date_gmt":"2020-03-02T14:24:33","guid":{"rendered":"https:\/\/institutodelbicentenario-mza.infd.edu.ar\/sitio\/?page_id=2367"},"modified":"2026-03-02T14:23:01","modified_gmt":"2026-03-02T17:23:01","slug":"abonos","status":"publish","type":"page","link":"https:\/\/institutodelbicentenario-infd.mendoza.edu.ar\/sitio\/abonos\/","title":{"rendered":"Abonos"},"content":{"rendered":"\n<p class=\"has-text-align-center\"><strong>Abonos<\/strong><\/p>\n\n\n\n<p class=\"has-text-align-center\"><strong>2026<\/strong><\/p>\n\n\n\n<p>&#x1f538;Comunicado importante&#x1f538;<\/p>\n\n\n\n<p>&#x1f505;Estimadas\/os estudiantes&#x1f505; Desde el Departamento de Pol\u00edticas Estudiantiles, les damos la bienvenida al ciclo lectivo 2026&#x1f4ab;, esperamos que hayan tenido un reparador y merecido descanso&#x1f486;<\/p>\n\n\n\n<p>A continuaci\u00f3n les compartimos informaci\u00f3n importante a tener en cuenta. &#x1f4dd;<\/p>\n\n\n\n<p>&#x1f506;Referentes del \u00e1rea:<br>Prof. Alicia Castagnet<br>Prof. Dami\u00e1n Cataldo<br>Prof. Florencia Utrero<\/p>\n\n\n\n<p>&#x1f538;Solicitud de abonos 2026<\/p>\n\n\n\n<p>&#x1f506;Si est\u00e1s cursando tu carrera o sos ingresante, pod\u00e9s comenzar a tramitar el beneficio y solicitar el certificado de medio boleto estudiantil.<\/p>\n\n\n\n<p>&#x1f506;A trav\u00e9s del Medio Boleto Estudiantil universitario pod\u00e9s acceder al 50% de descuento en el pasaje de colectivo urbano o de media y larga distancia. Para esto ten\u00e9s que ser estudiante regular de una carrera.<\/p>\n\n\n\n<p>&#x1f538;Es un tr\u00e1mite muy sencillo&#x263a;&#xfe0f;<\/p>\n\n\n\n<p>&#x1f506;Primero hay que gestionar tu certificado de abono, para ello, deb\u00e9s ponerte en contacto con nosotros a trav\u00e9s del correo gmail, adjuntando los siguientes requisitos:<\/p>\n\n\n\n<p>&#x1f506;Asunto: Abono<\/p>\n\n\n\n<p>&#x1f506;Cuerpo del mensaje: *Nombre completo<br>*DNI<br>*Tipo de abono: urbano o media y larga distancia *Carrera y a\u00f1o de cursado.<\/p>\n\n\n\n<p>&#x1f506;Correo:<br>9030politicasestudiantiles@gmail.com<\/p>\n\n\n\n<p>&#x1f506;Los certificados ser\u00e1n emitidos dependiendo la demanda de solicitudes. Por favor, enviar una sola vez el mensaje para agilizar el tr\u00e1mite. Se enviar\u00e1 a tu mail el certificado solicitado.<\/p>\n\n\n\n<p>&#x1f506;Una vez que tengas el certificado en mano, podr\u00e1s dirigirte a los siguientes lugares de Emisi\u00f3n y Renovaci\u00f3n:<\/p>\n\n\n\n<p>*Controles de l\u00edneas de las empresas de transporte.<\/p>\n\n\n\n<p>*Ventanilla \u00fanica, Casa de Gobierno.<\/p>\n\n\n\n<p>*Terminal de \u00d3mnibus, Planta Baja y Planta Alta (ala oeste).<\/p>\n\n\n\n<p>*Rivadavia y 9 de Julio<\/p>\n\n\n\n<p>&#x1f506;Deber\u00e1s presentarte con tu DNI, fotocopia del mismo, certificado emitido por la instituci\u00f3n y una tarjeta sube. Ten\u00e9 presente que para utilizar el abono debes realizar una recarga m\u00ednima.<\/p>\n\n\n\n<p>&#x1f506;Otro dato a tener en cuenta es que, el saldo de la tarjeta tiene validez de 60 d\u00edas a partir de la \u00faltima recarga.<\/p>\n\n\n\n<p>&#x1f506;De acuerdo a la informaci\u00f3n que brinda el Ministerio de Transporte del Gobierno de Mendoza, el abono se rige por la Ley 7872\/08 y es de car\u00e1cter intransferible, interl\u00ednea y multitarifa. Adem\u00e1s, est\u00e1 limitado a 46 viajes mensuales.<\/p>\n\n\n\n<p>&#x1f506;Para informaci\u00f3n sobre l\u00edneas de colectivos y recorridos que te puedan ser de utilidad pod\u00e9s consultar: <a href=\"https:\/\/mendotran.mendoza.gov.ar\/\" target=\"_blank\" rel=\"noreferrer noopener\">https:\/\/mendotran.mendoza.gov.ar\/<\/a><br>Muchas gracias &#x1f60a;<\/p>\n\n\n\n<p><em>Pol\u00edticas Estudiantes Instituto 9-030 del Bicentenario<\/em><\/p>\n\n\n\n<p class=\"has-text-align-center\">__________________<\/p>\n\n\n\n<p class=\"has-text-align-center\"><strong>2025<\/strong><\/p>\n\n\n\n<p>&#x1f534;Comunicado importante&#x1f534;<\/p>\n\n\n\n<p>&#x1f505;Estimadxs estudiantes&#x1f505; Desde el Departamento de Pol\u00edticas Estudiantiles, les damos la bienvenida al ciclo lectivo 2025&#x1f4ab;, esperamos que hayan tenido un reparador y merecido descanso&#x1f486;<\/p>\n\n\n\n<p>A continuaci\u00f3n les dejamos informaci\u00f3n importante a tener en cuenta. &#x1f4dd;<\/p>\n\n\n\n<p>&#x1f506;Referentes del \u00e1rea:<br>Prof. Alicia Castagnet<br>Prof. Dami\u00e1n Cataldo<\/p>\n\n\n\n<p>&#x1f534;Solicitud de abonos 2025<\/p>\n\n\n\n<p>&#x1f506;Si est\u00e1s cursando tu carrera o sos ingresante, pod\u00e9s comenzar a tramitar el beneficio y solicitar el certificado de medio boleto estudiantil.<\/p>\n\n\n\n<p>&#x1f506;A trav\u00e9s del Medio Boleto Estudiantil universitario pod\u00e9s acceder al 50% de descuento en el pasaje de colectivo urbano o de media y larga distancia. Para esto ten\u00e9s que ser estudiante regular de una carrera.<\/p>\n\n\n\n<p>&#x1f534;Es un tr\u00e1mite muy sencillo&#x263a;&#xfe0f;<\/p>\n\n\n\n<p>&#x1f506;Primero hay que gestionar tu certificado de abono, para ello, deb\u00e9s ponerte en contacto con nosotros a trav\u00e9s del correo gmail, adjuntando los siguientes requisitos:<\/p>\n\n\n\n<p>&#x1f506;Asunto: abono<\/p>\n\n\n\n<p>&#x1f506;Cuerpo del mensaje: <\/p>\n\n\n\n<p>*Nombre completo<br>*DNI<br>*Tipo de abono: urbano o media y larga distancia *Carrera y a\u00f1o de cursado.<\/p>\n\n\n\n<p>&#x1f506;Correo:<br>9030politicasestudiantiles@gmail.com<\/p>\n\n\n\n<p>&#x1f506;Los certificados ser\u00e1n emitidos dependiendo la demanda de solicitudes. Por favor, enviar una sola vez el mensaje para agilizar el tr\u00e1mite. Se enviar\u00e1 a tu mail el certificado solicitado.<\/p>\n\n\n\n<p>&#x1f506;Una vez que tengas el certificado en mano, podr\u00e1s dirigirte a los siguientes lugares de Emisi\u00f3n y Renovaci\u00f3n:<\/p>\n\n\n\n<p>*Controles de l\u00edneas de las empresas de transporte.<\/p>\n\n\n\n<p>*Ventanilla \u00fanica, Casa de Gobierno.<\/p>\n\n\n\n<p>*Terminal de \u00d3mnibus, Planta Baja y Planta Alta (ala oeste).<\/p>\n\n\n\n<p>*Rivadavia y 9 de Julio<\/p>\n\n\n\n<p>&#x1f506;Deber\u00e1s presentarte con tu DNI, fotocopia del mismo, certificado emitido por la instituci\u00f3n y una tarjeta sube. Ten\u00e9 presente que para utilizar el abono debes realizar una recarga m\u00ednima.<\/p>\n\n\n\n<p>&#x1f506;Otro dato a tener en cuenta es que, el saldo de la tarjeta tiene validez de 60 d\u00edas a partir de la \u00faltima recarga.<\/p>\n\n\n\n<p>&#x1f506;De acuerdo a la informaci\u00f3n que brinda el Ministerio de Transporte del Gobierno de Mendoza, el abono se rige por la Ley 7872\/08 y es de car\u00e1cter intransferible, interl\u00ednea y multitarifa. Adem\u00e1s, est\u00e1 limitado a 46 viajes mensuales.<\/p>\n\n\n\n<p>&#x1f506;Para informaci\u00f3n sobre l\u00edneas de colectivos y recorridos que te puedan ser de utilidad pod\u00e9s consultar: <a href=\"https:\/\/mendotran.mendoza.gov.ar\/\" target=\"_blank\" rel=\"noreferrer noopener\">https:\/\/mendotran.mendoza.gov.ar\/<\/a><br>Muchas gracias &#x1f60a;<\/p>\n\n\n\n<p><em>Pol\u00edticas Estudiantes Instituto 9-030 del Bicentenario<\/em><\/p>\n\n\n\n<p class=\"has-text-align-center\">_____________________________<\/p>\n\n\n\n<p class=\"has-text-align-center\"><strong>2023<\/strong><\/p>\n\n\n\n<p>&#x1f534;Estimados estudiantes, desde el Departamento de Pol\u00edticas Estudiantiles les damos la bienvenida al ciclo lectivo 2023<br>Dejamos informaci\u00f3n importante a tener en cuenta.<br>Referentes del \u00e1rea:<br>Prof. Alicia Castagnet<br>Prof. Dami\u00e1n Cataldo<br>Correo del \u00e1rea: 9030politicasestudiantiles@gmail.com<\/p>\n\n\n\n<p>&#x1f534;Solicitud de abonos 2023<\/p>\n\n\n\n<p>Si est\u00e1s cursando tu carrera, pod\u00e9s comenzar a tramitar el beneficio y solicitar el certificado de medio boleto estudiantil.<\/p>\n\n\n\n<p>A trav\u00e9s del Medio Boleto Estudiantil universitario pod\u00e9s acceder al 50% de descuento en el pasaje de colectivo urbano o de media y larga distancia. Para esto ten\u00e9s que ser estudiante regular de una carrera.<\/p>\n\n\n\n<p>&#x1f534;Es un tr\u00e1mite muy sencillo:<\/p>\n\n\n\n<p>Primero hay que gestionar tu certificado de abono, para ello, deb\u00e9s ponerte en contacto con uno de nosotros a trav\u00e9s de un correo gmail , con los siguientes requisitos:<\/p>\n\n\n\n<p>Asunto: abono<\/p>\n\n\n\n<p>Cuerpo del mensaje: Nombre completo, DNI, tipo de abono, carrera y a\u00f1o de cursado.<\/p>\n\n\n\n<p>Correo:<br>9030politicasestudiantiles@gmail.com<\/p>\n\n\n\n<p>Los certificados ser\u00e1n emitidos dependiendo la demanda de solicitudes. Por favor, enviar una sola vez el mensaje para agilizar el tr\u00e1mite. Se enviar\u00e1 a tu correo un link para descargar el certificado:<\/p>\n\n\n\n<p>http:\/\/www.vym.mendoza.gov.ar\/web\/certificados\/descargarCertificado.jsp<\/p>\n\n\n\n<p>&#x1f534;Una vez que tengas el certificado en mano, podr\u00e1s dirigirte a los siguientes lugares de Emisi\u00f3n y Renovaci\u00f3n:<\/p>\n\n\n\n<p>*Controles de l\u00edneas de las empresas de transporte.<\/p>\n\n\n\n<p>*Ventanilla \u00fanica, Casa de Gobierno.<\/p>\n\n\n\n<p>*Terminal de \u00d3mnibus, Planta Baja y Planta Alta (ala oeste).<\/p>\n\n\n\n<p>*Rivadavia y 9 de Julio<\/p>\n\n\n\n<p>Deber\u00e1s presentarte con tu DNI, fotocopia del mismo, certificado emitido por la instituci\u00f3n y una tarjeta sube. Ten\u00e9 presente que para utilizar el abono debes realizar una recarga m\u00ednima.<\/p>\n\n\n\n<p>&#x1f534;Otro dato a registrar con atenci\u00f3n es que el saldo de la tarjeta tiene validez de 60 d\u00edas a partir de la \u00faltima recarga.<\/p>\n\n\n\n<p>De acuerdo a la informaci\u00f3n que brinda el Ministerio de Transporte del Gobierno de Mendoza, el abono se rige por la Ley 7872\/08 y es de car\u00e1cter intransferible, interl\u00ednea y multitarifa. Adem\u00e1s, est\u00e1 limitado a 46 viajes mensuales.<\/p>\n\n\n\n<p>&#x1f534;Para informaci\u00f3n sobre l\u00edneas de colectivos y recorridos que te puedan ser de utilidad pod\u00e9s consultar:https:\/\/mendotran.mendoza.gov.ar\/<\/p>\n\n\n\n<p><\/p>\n","protected":false},"excerpt":{"rendered":"<p>Abonos 2026 &#x1f538;Comunicado importante&#x1f538; &#x1f505;Estimadas\/os estudiantes&#x1f505; Desde el Departamento de Pol\u00edticas Estudiantiles, les damos la bienvenida al ciclo lectivo 2026&#x1f4ab;, esperamos que hayan tenido un reparador y merecido descanso&#x1f486; A continuaci\u00f3n les compartimos informaci\u00f3n importante a tener en cuenta. &#x1f4dd; &#x1f506;Referentes del \u00e1rea:Prof. Alicia CastagnetProf. Dami\u00e1n CataldoProf. Florencia Utrero &#x1f538;Solicitud de abonos 2026 &#x1f506;Si est\u00e1s &#8230; <a title=\"Abonos\" class=\"read-more\" href=\"https:\/\/institutodelbicentenario-infd.mendoza.edu.ar\/sitio\/abonos\/\" aria-label=\"More on Abonos\">[+]<\/a><\/p>\n","protected":false},"author":646,"featured_media":0,"parent":0,"menu_order":0,"comment_status":"closed","ping_status":"closed","template":"","meta":[],"acf":[],"_links":{"self":[{"href":"https:\/\/institutodelbicentenario-infd.mendoza.edu.ar\/sitio\/wp-json\/wp\/v2\/pages\/2367"}],"collection":[{"href":"https:\/\/institutodelbicentenario-infd.mendoza.edu.ar\/sitio\/wp-json\/wp\/v2\/pages"}],"about":[{"href":"https:\/\/institutodelbicentenario-infd.mendoza.edu.ar\/sitio\/wp-json\/wp\/v2\/types\/page"}],"author":[{"embeddable":true,"href":"https:\/\/institutodelbicentenario-infd.mendoza.edu.ar\/sitio\/wp-json\/wp\/v2\/users\/646"}],"replies":[{"embeddable":true,"href":"https:\/\/institutodelbicentenario-infd.mendoza.edu.ar\/sitio\/wp-json\/wp\/v2\/comments?post=2367"}],"version-history":[{"count":17,"href":"https:\/\/institutodelbicentenario-infd.mendoza.edu.ar\/sitio\/wp-json\/wp\/v2\/pages\/2367\/revisions"}],"predecessor-version":[{"id":13145,"href":"https:\/\/institutodelbicentenario-infd.mendoza.edu.ar\/sitio\/wp-json\/wp\/v2\/pages\/2367\/revisions\/13145"}],"wp:attachment":[{"href":"https:\/\/institutodelbicentenario-infd.mendoza.edu.ar\/sitio\/wp-json\/wp\/v2\/media?parent=2367"}],"curies":[{"name":"wp","href":"https:\/\/api.w.org\/{rel}","templated":true}]}}