{"id":2290,"date":"2019-12-10T17:03:45","date_gmt":"2019-12-10T20:03:45","guid":{"rendered":"https:\/\/institutodelbicentenario-mza.infd.edu.ar\/sitio\/?page_id=2290"},"modified":"2026-03-09T14:40:49","modified_gmt":"2026-03-09T17:40:49","slug":"profesorado-de-ingles","status":"publish","type":"page","link":"https:\/\/institutodelbicentenario-infd.mendoza.edu.ar\/sitio\/profesorado-de-ingles\/","title":{"rendered":"Profesorado de Ingl\u00e9s"},"content":{"rendered":"\n<p class=\"has-text-align-center\"><strong>Profesorado de Ingl\u00e9s<\/strong><\/p>\n\n\n\n<p class=\"has-text-align-center\">&#x1f449;<strong><a rel=\"noreferrer noopener\" href=\"https:\/\/institutodelbicentenario-infd.mendoza.edu.ar\/sitio\/inscripciones-abiertas\/\" data-type=\"URL\" data-id=\"https:\/\/institutodelbicentenario-infd.mendoza.edu.ar\/sitio\/inscripciones-abiertas\/\" target=\"_blank\">INSCRIPCIONES AQU\u00cd<\/a><\/strong>&#x1f448;<\/p>\n\n\n\n<p><em><strong>Caracter\u00edsticas:<\/strong><\/em><br>Carrera: gratuita. Cursado: semipresencial. Duraci\u00f3n: 4 a\u00f1os. T\u00edtulo: de grado. Validez: Nacional. Sede, turno y horarios de cursado:\u00a0<a rel=\"noreferrer noopener\" href=\"https:\/\/institutodelbicentenario-infd.mendoza.edu.ar\/sitio\/hc\/\" target=\"_blank\">Aqu\u00ed<\/a>. Ubicaci\u00f3n de Sedes:\u00a0<a rel=\"noreferrer noopener\" href=\"https:\/\/institutodelbicentenario-infd.mendoza.edu.ar\/sitio\/ubicacion\/\" target=\"_blank\">Aqu\u00ed<\/a>. Inscripciones:\u00a0<a rel=\"noreferrer noopener\" href=\"https:\/\/institutodelbicentenario-infd.mendoza.edu.ar\/sitio\/inscripciones-abiertas\/\" target=\"_blank\">Aqu\u00ed<\/a><a rel=\"noreferrer noopener\" href=\"https:\/\/institutodelbicentenario-infd.mendoza.edu.ar\/sitio\/ia\/\" target=\"_blank\">.<\/a><\/p>\n\n\n\n<p class=\"has-text-align-center\"><strong><a rel=\"noreferrer noopener\" href=\"https:\/\/institutodelbicentenario-infd.mendoza.edu.ar\/sitio\/wp-content\/uploads\/2025\/07\/RESOL-2023-6871-GDEMZA-DGE-Profesorado-de-Ingles.pdf\" target=\"_blank\">Plan de estudios<\/a><\/strong><\/p>\n\n\n\n<p><em><strong>Condiciones de ingreso:<\/strong><\/em><br>De acuerdo a lo establecido en la resoluci\u00f3n RESOL-2023-6871-GDEMZA-DGE de la Direcci\u00f3n General de Escuelas, para ser estudiante del Profesorado se debe:<\/p>\n\n\n\n<ul>\n<li>Tener nivel secundario completo.<\/li>\n\n\n\n<li>Acreditar nivel intermedio (B1)* de ingl\u00e9s. Para esto, la instituci\u00f3n formadora dictar\u00e1 un curso nivelatorio entre febrero y marzo y luego se rendir\u00e1 un examen escrito y oral. El nivelatorio es presencial, no virtual.<br><em>\u00bfQu\u00e9 significa Acreditar nivel intermedi (B1)<\/em>?: Un nivel de ingl\u00e9s intermedio generalmente se alcanza con los cinco a\u00f1os de secundario o tres a\u00f1os en un instituto. Se debe poder hablar, leer, escribir y escuchar moderadamente bien. Los contenidos gramaticales principales del curso nivelatorio son:<br>Verbo be en presente y pasado, presente simple, presente continuo, presente perfecto, pasado simple, pasado continuo, used to y would, futuro will, futuro be going to, sustantivos contables e incontables, adjetivos comparativos y superlativos, gerundios e infinitivos, verbos modales, voz.<br>Nuestra instituci\u00f3n ofrece un curso de nivelaci\u00f3n gratuito y obligatorio entre los meses de febrero y marzo. Luego del examen nivelatorio, que se aprueba con 60%, tambi\u00e9n se ofrecen clases extras para estudiantes que no llegaron a ese porcentaje y tengan que rendir recuperatorio.<br>Seg\u00fan lo establece la normativa de la DGE, los \u00fanicos exceptuados de cursar la ambientaci\u00f3n y rendir el nivelatorio son:<\/li>\n\n\n\n<li>Estudiantes de otros profesorados de ingl\u00e9s que entren por pase,<\/li>\n\n\n\n<li>Estudiantes de otros profesorados de ingl\u00e9s que entren con equivalencias.<br>Misi\u00f3n:<br>Se aspira a formar un docente en Lengua y Literatura para la Educaci\u00f3n Secundaria que sea una persona comprometida con el saber disciplinar y su ense\u00f1a, promotor de la lectura y del respeto a la vida y a la ley en una sociedad democr\u00e1tica, con capacidad de comunicaci\u00f3n, lector y escritor experto y que contribuya a formar ciudadanos alfabetizados. Contribuir a la valoraci\u00f3n social de la Lengua y Literatura, tanto dentro como fuera del Sistema Educativo, participando activamente en actividades ling\u00fc\u00edsticas, comunicativas y culturales.<\/li>\n<\/ul>\n\n\n\n<p><strong><em>Descripci\u00f3n<\/em>:<\/strong><br>Se aspira a formar un docente en Lengua y Literatura para la Educaci\u00f3n Secundaria que sea una persona comprometida con el saber disciplinar y su ense\u00f1a, promotor de la lectura y del respeto a la vida y a la ley en una sociedad democr\u00e1tica, con capacidad de comunicaci\u00f3n, lector y escritor experto y que contribuya a formar ciudadanos alfabetizados. Contribuir a la valoraci\u00f3n de la Lengua y Literatura, tanto dentro como fuera del Sistema Educativo, participando activamente en actividades ling\u00fc\u00edsticas, comunicativas y culturales.<\/p>\n\n\n\n<p><strong><em>D\u00f3nde trabajar<\/em>:<\/strong><br>Este profesorado por resoluci\u00f3n de creaci\u00f3n circunscribe su campo laboral al nivel secundario, por lo que su campo laboral estar\u00e1 circunscripto a escuelas p\u00fablicas estatales y privadas.<br>Lo manifestado anteriormente infiere las caracter\u00edsticas especiales de formaci\u00f3n que debe tener el sujeto de aprendizaje de la instituci\u00f3n superior en concordancia con el sujeto de aprendizaje de la escuela secundaria. Esta acci\u00f3n educativa no es intuitiva, sino que requiere una formaci\u00f3n espec\u00edfica que le permita adquirir esas capacidades.<\/p>\n\n\n\n<p class=\"has-text-align-center\"><strong>M\u00e1s informaci\u00f3n<\/strong><\/p>\n\n\n\n<figure class=\"wp-block-table\"><table><tbody><tr><td class=\"has-text-align-center\" data-align=\"center\"><a href=\"https:\/\/institutodelbicentenario-infd.mendoza.edu.ar\/sitio\/preguntas-frecuentes\/\">Preguntas frecuentes<\/a><\/td><td class=\"has-text-align-center\" data-align=\"center\"><a href=\"https:\/\/institutodelbicentenario-infd.mendoza.edu.ar\/sitio\/informacion-institucional\/\">Informaci\u00f3n Institucional<\/a><\/td><\/tr><tr><td class=\"has-text-align-center\" data-align=\"center\"><a href=\"https:\/\/institutodelbicentenario-infd.mendoza.edu.ar\/sitio\/pases-y-equivalencias\/\">Pases, equivalencias<\/a><\/td><td class=\"has-text-align-center\" data-align=\"center\"><a href=\"https:\/\/institutodelbicentenario-infd.mendoza.edu.ar\/sitio\/ambientacion\/\">Ambientaci\u00f3n<\/a><\/td><\/tr><tr><td class=\"has-text-align-center\" data-align=\"center\"><a href=\"https:\/\/institutodelbicentenario-infd.mendoza.edu.ar\/sitio\/reinscripcion\/\">Reinscripci\u00f3n<\/a><\/td><td class=\"has-text-align-center\" data-align=\"center\"><a href=\"https:\/\/institutodelbicentenario-infd.mendoza.edu.ar\/sitio\/ambientacion\/\">Cuadernillos de ambientaci\u00f3n<\/a><\/td><\/tr><tr><td class=\"has-text-align-center\" data-align=\"center\"><a href=\"https:\/\/institutodelbicentenario-infd.mendoza.edu.ar\/sitio\/adeudo-materias-del-secundario\/\">Adeudo materias del secundario<\/a><\/td><td class=\"has-text-align-center\" data-align=\"center\"><a href=\"https:\/\/institutodelbicentenario-infd.mendoza.edu.ar\/sitio\/becas-progresar\/\">Becas Progresar<\/a><\/td><\/tr><tr><td class=\"has-text-align-center\" data-align=\"center\"><a href=\"https:\/\/institutodelbicentenario-infd.mendoza.edu.ar\/sitio\/articulo-7\/\">Secundario Incompleto (Art.7)<\/a><\/td><td class=\"has-text-align-center\" data-align=\"center\"><a href=\"https:\/\/institutodelbicentenario-infd.mendoza.edu.ar\/sitio\/autoridades\/\">Autoridades<\/a><\/td><\/tr><tr><td class=\"has-text-align-center\" data-align=\"center\"><a href=\"https:\/\/institutodelbicentenario-infd.mendoza.edu.ar\/sitio\/ubicacion\/\" target=\"_blank\" rel=\"noreferrer noopener\">Ubicaci\u00f3n de Sedes<\/a><\/td><td class=\"has-text-align-center\" data-align=\"center\"><a href=\"https:\/\/institutodelbicentenario-infd.mendoza.edu.ar\/sitio\/abonos\/\">Abonos<\/a><\/td><\/tr><tr><td class=\"has-text-align-center\" data-align=\"center\"><a href=\"https:\/\/institutodelbicentenario-infd.mendoza.edu.ar\/sitio\/informacion-institucional\/\">Tel\u00e9fonos<\/a><\/td><td class=\"has-text-align-center\" data-align=\"center\"><a href=\"https:\/\/www.facebook.com\/I.S.F.D.T.9030.Del.Bicentenario\/\">Facebook<\/a><\/td><\/tr><tr><td class=\"has-text-align-center\" data-align=\"center\"><a href=\"https:\/\/institutodelbicentenario-infd.mendoza.edu.ar\/sitio\/informacion-institucional\/\">Horarios de&nbsp;<\/a><a href=\"https:\/\/institutodelbicentenario-infd.mendoza.edu.ar\/sitio\/informacion-institucional\/\" target=\"_blank\" rel=\"noreferrer noopener\">cursado<\/a><\/td><td class=\"has-text-align-center\" data-align=\"center\"><a href=\"https:\/\/www.instagram.com\/isfdyt9030\/?hl=es-la\">Instagram<\/a><\/td><\/tr><tr><td class=\"has-text-align-center\" data-align=\"center\"><a href=\"https:\/\/institutodelbicentenario-infd.mendoza.edu.ar\/sitio\/informacion-institucional\/\">Horarios de<\/a><a href=\"https:\/\/institutodelbicentenario-infd.mendoza.edu.ar\/sitio\/informacion-institucional\/\">&nbsp;atenci\u00f3n<\/a><\/td><td class=\"has-text-align-center\" data-align=\"center\"><a href=\"https:\/\/institutodelbicentenario-infd.mendoza.edu.ar\/sitio\/contacto\/\" target=\"_blank\" rel=\"noreferrer noopener\">Consultas<\/a><\/td><\/tr><\/tbody><\/table><\/figure>\n\n\n\n<p class=\"has-text-align-center\"><a href=\"https:\/\/www.facebook.com\/hashtag\/isfdyt9030?source=feed_text&amp;epa=HASHTAG&amp;__xts__%5B0%5D=68.ARDZRNqp34i-UCDPmbTQABQan4iwdXwA1l28Hwl36yeXd8aZacM1sS4gSlaLtiMZwd7KKfCP8fP8Q35zfJPpnIAltLra5wrowNXVhoEa-BHarZ9s1po2oUr7oIiCekKekLjhiQwY-i9oCmZRyrCWxRJbXU4-n-qqOfeXMfLZYZQkNrsn3NT-67r4ypbonnJg5EzLHU4_Ny0TUPsuuPh6LRtRJRwuEEEvZhomxOqzyAQghy6xd9v4W2IbvGb9W7NXBna4SKArxrOcPw_1HYWEoJ06ktBQKR1j_i1tqDShpQfBtEwrgVibb_KBu4dW-zys8b1FggR7mcJmveMDRqp2gFLJUarO&amp;__tn__=%2ANK-R\" target=\"_blank\" rel=\"noreferrer noopener\">#isfdyt9030<\/a><\/p>\n\n\n\n<p class=\"has-text-align-center\"><a href=\"https:\/\/www.facebook.com\/hashtag\/isfdyt9030?source=feed_text&amp;epa=HASHTAG&amp;__xts__%5B0%5D=68.ARDZRNqp34i-UCDPmbTQABQan4iwdXwA1l28Hwl36yeXd8aZacM1sS4gSlaLtiMZwd7KKfCP8fP8Q35zfJPpnIAltLra5wrowNXVhoEa-BHarZ9s1po2oUr7oIiCekKekLjhiQwY-i9oCmZRyrCWxRJbXU4-n-qqOfeXMfLZYZQkNrsn3NT-67r4ypbonnJg5EzLHU4_Ny0TUPsuuPh6LRtRJRwuEEEvZhomxOqzyAQghy6xd9v4W2IbvGb9W7NXBna4SKArxrOcPw_1HYWEoJ06ktBQKR1j_i1tqDShpQfBtEwrgVibb_KBu4dW-zys8b1FggR7mcJmveMDRqp2gFLJUarO&amp;__tn__=%2ANK-R\" target=\"_blank\" rel=\"noreferrer noopener\">#institutodelbicentenario<\/a><\/p>\n\n\n\n<p class=\"has-text-align-center\"><a rel=\"noreferrer noopener\" href=\"https:\/\/www.facebook.com\/hashtag\/educasionsuperior\" target=\"_blank\"><\/a><a rel=\"noreferrer noopener\" href=\"https:\/\/www.facebook.com\/hashtag\/educasionsuperior\" target=\"_blank\">#educacionsuperior<\/a><\/p>\n","protected":false},"excerpt":{"rendered":"<p>Profesorado de Ingl\u00e9s &#x1f449;INSCRIPCIONES AQU\u00cd&#x1f448; Caracter\u00edsticas:Carrera: gratuita. Cursado: semipresencial. Duraci\u00f3n: 4 a\u00f1os. T\u00edtulo: de grado. Validez: Nacional. Sede, turno y horarios de cursado:\u00a0Aqu\u00ed. Ubicaci\u00f3n de Sedes:\u00a0Aqu\u00ed. Inscripciones:\u00a0Aqu\u00ed. Plan de estudios Condiciones de ingreso:De acuerdo a lo establecido en la resoluci\u00f3n RESOL-2023-6871-GDEMZA-DGE de la Direcci\u00f3n General de Escuelas, para ser estudiante del Profesorado se debe: Descripci\u00f3n:Se &#8230; <a title=\"Profesorado de Ingl\u00e9s\" class=\"read-more\" href=\"https:\/\/institutodelbicentenario-infd.mendoza.edu.ar\/sitio\/profesorado-de-ingles\/\" aria-label=\"More on Profesorado de Ingl\u00e9s\">[+]<\/a><\/p>\n","protected":false},"author":646,"featured_media":0,"parent":0,"menu_order":0,"comment_status":"closed","ping_status":"closed","template":"","meta":[],"acf":[],"_links":{"self":[{"href":"https:\/\/institutodelbicentenario-infd.mendoza.edu.ar\/sitio\/wp-json\/wp\/v2\/pages\/2290"}],"collection":[{"href":"https:\/\/institutodelbicentenario-infd.mendoza.edu.ar\/sitio\/wp-json\/wp\/v2\/pages"}],"about":[{"href":"https:\/\/institutodelbicentenario-infd.mendoza.edu.ar\/sitio\/wp-json\/wp\/v2\/types\/page"}],"author":[{"embeddable":true,"href":"https:\/\/institutodelbicentenario-infd.mendoza.edu.ar\/sitio\/wp-json\/wp\/v2\/users\/646"}],"replies":[{"embeddable":true,"href":"https:\/\/institutodelbicentenario-infd.mendoza.edu.ar\/sitio\/wp-json\/wp\/v2\/comments?post=2290"}],"version-history":[{"count":41,"href":"https:\/\/institutodelbicentenario-infd.mendoza.edu.ar\/sitio\/wp-json\/wp\/v2\/pages\/2290\/revisions"}],"predecessor-version":[{"id":13295,"href":"https:\/\/institutodelbicentenario-infd.mendoza.edu.ar\/sitio\/wp-json\/wp\/v2\/pages\/2290\/revisions\/13295"}],"wp:attachment":[{"href":"https:\/\/institutodelbicentenario-infd.mendoza.edu.ar\/sitio\/wp-json\/wp\/v2\/media?parent=2290"}],"curies":[{"name":"wp","href":"https:\/\/api.w.org\/{rel}","templated":true}]}}