{"id":2247,"date":"2019-11-12T14:05:40","date_gmt":"2019-11-12T17:05:40","guid":{"rendered":"https:\/\/institutodelbicentenario-mza.infd.edu.ar\/sitio\/?page_id=2247"},"modified":"2026-02-01T14:00:24","modified_gmt":"2026-02-01T17:00:24","slug":"introduccion-politicas-estudiantiles","status":"publish","type":"page","link":"https:\/\/institutodelbicentenario-infd.mendoza.edu.ar\/sitio\/introduccion-politicas-estudiantiles\/","title":{"rendered":"Introducci\u00f3n Politicas Estudiantiles"},"content":{"rendered":"<h1 style=\"text-align: center;\"><strong><span style=\"font-size: 14pt;\"><u>POL\u00cdTICAS ESTUDIANTILES<\/u><\/span><\/strong><\/h1>\n<p><strong>Coreo de contactos:<\/strong><\/p>\n<p>Prof. Alicia Castagnet:&nbsp;<a href=\"mailto:alicia.castagnet@hotmail.com\">alicia.castagnet@gmail.com<\/a><\/p>\n<p>Prof. Dami\u00e1n Cataldo:&nbsp;<a href=\"mailto:fernandezcataldo@gmail.com\">fernandezcataldo@gmail.com<\/a><\/p>\n<p>&nbsp;<\/p>\n<p style=\"text-align: center;\"><strong>Les damos la bienvenida&nbsp; a nuestros estimados estudiantes en este ciclo lectivo 2020. Somos el equipo&nbsp; de Pol\u00edticas Estudiantiles del Bicentenario y a continuaci\u00f3n compartiremos informaci\u00f3n importante para ustedes.<\/strong><\/p>\n<p><strong>\u00bfQui\u00e9nes SOMOS?<\/strong><\/p>\n<p>Desde el \u00e1rea de Pol\u00edticas Estudiantiles se trabaja con el objetivo de favorecer la construcci\u00f3n del rol social, pol\u00edtico y cultural de los futuros docentes.<\/p>\n<p>En el marco de un sistema educativo en expansi\u00f3n, el desaf\u00edo como \u00e1rea es generar pol\u00edticas orientadas a acompa\u00f1ar las trayectorias estudiantiles y a profundizar la democratizaci\u00f3n de las instituciones formadoras, con el objetivo de que sus pr\u00e1cticas cotidianas posibiliten un efectivo ejercicio democr\u00e1tico, as\u00ed como su compromiso como garantes del derecho a la educaci\u00f3n y la defensa de los derechos humanos. Instalar una pol\u00edtica de juventud que dinamice el interior de las instituciones y lo sit\u00fae en su responsabilidad como transmisor privilegiado de la cultura, la coyuntura hist\u00f3rica y las nociones de igualdad y justicia. El seguimiento y acompa\u00f1amiento de las trayectorias y de las estrategias de ingreso, permanencia y egreso, favoreciendo la flexibilidad de cursadas que aseguren modos din\u00e1micos de mejorar las tasas de acreditaci\u00f3n y egreso.<\/p>\n<p><strong>Nuestros objetivos son:<\/strong><\/p>\n<p>Realizar jornadas &nbsp;con delegados para interiorizarnos y responder a las necesidades que surjan en cada carrera.<\/p>\n<p>Deshacer las fronteras del tiempo y espacio para pensar con otros estudiantes y tratar las trayectorias en un recorte situado potenciando sus capacidades para crear en conjunto proyectos que complementen su formaci\u00f3n acad\u00e9mica.<\/p>\n<p>Acompa\u00f1ar a los estudiantes garantizando la inserci\u00f3n en las diferentes l\u00edneas de becas y beneficios para los mismos.<\/p>\n<p>Fomentar la participaci\u00f3n activa y colectiva creando lazos con los dem\u00e1s IES.<\/p>\n","protected":false},"excerpt":{"rendered":"<p>POL\u00cdTICAS ESTUDIANTILES Coreo de contactos: Prof. Alicia Castagnet:&nbsp;alicia.castagnet@gmail.com Prof. Dami\u00e1n Cataldo:&nbsp;fernandezcataldo@gmail.com &nbsp; Les damos la bienvenida&nbsp; a nuestros estimados estudiantes en este ciclo lectivo 2020. Somos el equipo&nbsp; de Pol\u00edticas Estudiantiles del Bicentenario y a continuaci\u00f3n compartiremos informaci\u00f3n importante para ustedes. \u00bfQui\u00e9nes SOMOS? Desde el \u00e1rea de Pol\u00edticas Estudiantiles se trabaja con el objetivo de &#8230; <a title=\"Introducci\u00f3n Politicas Estudiantiles\" class=\"read-more\" href=\"https:\/\/institutodelbicentenario-infd.mendoza.edu.ar\/sitio\/introduccion-politicas-estudiantiles\/\" aria-label=\"More on Introducci\u00f3n Politicas Estudiantiles\">[+]<\/a><\/p>\n","protected":false},"author":646,"featured_media":0,"parent":0,"menu_order":0,"comment_status":"closed","ping_status":"closed","template":"","meta":[],"acf":[],"_links":{"self":[{"href":"https:\/\/institutodelbicentenario-infd.mendoza.edu.ar\/sitio\/wp-json\/wp\/v2\/pages\/2247"}],"collection":[{"href":"https:\/\/institutodelbicentenario-infd.mendoza.edu.ar\/sitio\/wp-json\/wp\/v2\/pages"}],"about":[{"href":"https:\/\/institutodelbicentenario-infd.mendoza.edu.ar\/sitio\/wp-json\/wp\/v2\/types\/page"}],"author":[{"embeddable":true,"href":"https:\/\/institutodelbicentenario-infd.mendoza.edu.ar\/sitio\/wp-json\/wp\/v2\/users\/646"}],"replies":[{"embeddable":true,"href":"https:\/\/institutodelbicentenario-infd.mendoza.edu.ar\/sitio\/wp-json\/wp\/v2\/comments?post=2247"}],"version-history":[{"count":13,"href":"https:\/\/institutodelbicentenario-infd.mendoza.edu.ar\/sitio\/wp-json\/wp\/v2\/pages\/2247\/revisions"}],"predecessor-version":[{"id":12842,"href":"https:\/\/institutodelbicentenario-infd.mendoza.edu.ar\/sitio\/wp-json\/wp\/v2\/pages\/2247\/revisions\/12842"}],"wp:attachment":[{"href":"https:\/\/institutodelbicentenario-infd.mendoza.edu.ar\/sitio\/wp-json\/wp\/v2\/media?parent=2247"}],"curies":[{"name":"wp","href":"https:\/\/api.w.org\/{rel}","templated":true}]}}