{"id":2236,"date":"2019-11-12T13:23:17","date_gmt":"2019-11-12T16:23:17","guid":{"rendered":"https:\/\/institutodelbicentenario-mza.infd.edu.ar\/sitio\/?page_id=2236"},"modified":"2026-02-01T14:07:08","modified_gmt":"2026-02-01T17:07:08","slug":"d-p-estudiantiles","status":"publish","type":"page","link":"https:\/\/institutodelbicentenario-infd.mendoza.edu.ar\/sitio\/d-p-estudiantiles\/","title":{"rendered":"D. P. Estudiantiles"},"content":{"rendered":"<h2 style=\"text-align: center;\"><span style=\"color: #0000ff;\">2019<\/span><\/h2>\n<p>El d\u00eda mi\u00e9rcoles 6 de noviembre, en Sede de la Esc. Roque S\u00e1enz Pe\u00f1a se realiz\u00f3 la capacitaci\u00f3n de Primeros Auxilios y R.C.P. dictada por personal perteneciente a Bomberos Voluntarios de Godoy Cruz en el marco del fortalecimiento de la formaci\u00f3n de alumnos y docentes de toda la instituci\u00f3n. La actividad fue coordinada desde el Departamento de Pol\u00edticas Estudiantiles. Agradecemos el compromiso del personal de Bomberos que brindo la capacitaci\u00f3n.<\/p>\n<p><img decoding=\"async\" src=\"https:\/\/institutodelbicentenario-infd.mendoza.edu.ar\/aula\/archivos\/repositorio\/\/1750\/1953\/Prim_Aux_y_RCP_1.jpg\"><\/p>\n<p><img decoding=\"async\" src=\"https:\/\/institutodelbicentenario-infd.mendoza.edu.ar\/aula\/archivos\/repositorio\/\/1750\/1951\/Prim_Aux_y_RCP_2.jpg\"><\/p>\n<p><img decoding=\"async\" src=\"https:\/\/institutodelbicentenario-infd.mendoza.edu.ar\/aula\/archivos\/repositorio\/\/1750\/1952\/Prim_Aux_y_RCP_3.jpg\"><\/p>\n<p><img decoding=\"async\" src=\"https:\/\/institutodelbicentenario-infd.mendoza.edu.ar\/aula\/archivos\/repositorio\/\/1750\/1950\/Prim_Aux_y_RCP_4.jpg\"><\/p>\n<p style=\"text-align: center;\">Primera charla en Sede Roque sobre \u00abLa mirada de g\u00e9nero en las pr\u00e1cticas cotidianas \u00bb a cargo de la Licenciada Ver\u00f3nica Pi\u00f1ol.<\/p>\n<p style=\"text-align: center;\">Direcci\u00f3n de G\u00e9nero y Diversidad de la provincia.<\/p>\n<p><img decoding=\"async\" src=\"https:\/\/institutodelbicentenario-infd.mendoza.edu.ar\/aula\/archivos\/repositorio\/\/1750\/1924\/Genero_2019_4.jpg\"><\/p>\n<p><img decoding=\"async\" src=\"https:\/\/institutodelbicentenario-infd.mendoza.edu.ar\/aula\/archivos\/repositorio\/\/1750\/1923\/Genero_2019_2.jpg\"><\/p>\n<h2 style=\"text-align: center;\"><span style=\"color: #0000ff;\">2018<\/span><\/h2>\n<p>El d\u00eda viernes 05 de octubre a partir de las 19:00 hs. en Sede Champeau, se realiz\u00f3 una charla informativa sobre el armado de la carpeta de antecedentes para presentarse en \u00abcuarto llamado\u00bb, a cargo de la profesora Nora Bugaychuk. Se cont\u00f3 con amplia participaci\u00f3n de egresados.<\/p>\n<p>\u00a1Felicitaciones!<\/p>\n<p><img decoding=\"async\" loading=\"lazy\" class=\"aligncenter\" src=\"https:\/\/institutodelbicentenario-infd.mendoza.edu.ar\/aula\/archivos\/repositorio\/\/1500\/1618\/Charla_informativa_Nora_Bugaychuk-2.jpg\" width=\"1090\" height=\"613\"><\/p>\n<p><img decoding=\"async\" loading=\"lazy\" class=\"aligncenter\" src=\"https:\/\/institutodelbicentenario-infd.mendoza.edu.ar\/aula\/archivos\/repositorio\/\/1500\/1619\/Charla_informativa_Nora_Bugaychuk-3.jpg\" width=\"1060\" height=\"597\"><\/p>\n","protected":false},"excerpt":{"rendered":"<p>2019 El d\u00eda mi\u00e9rcoles 6 de noviembre, en Sede de la Esc. Roque S\u00e1enz Pe\u00f1a se realiz\u00f3 la capacitaci\u00f3n de Primeros Auxilios y R.C.P. dictada por personal perteneciente a Bomberos Voluntarios de Godoy Cruz en el marco del fortalecimiento de la formaci\u00f3n de alumnos y docentes de toda la instituci\u00f3n. La actividad fue coordinada desde &#8230; <a title=\"D. P. Estudiantiles\" class=\"read-more\" href=\"https:\/\/institutodelbicentenario-infd.mendoza.edu.ar\/sitio\/d-p-estudiantiles\/\" aria-label=\"More on D. P. Estudiantiles\">[+]<\/a><\/p>\n","protected":false},"author":646,"featured_media":0,"parent":0,"menu_order":0,"comment_status":"closed","ping_status":"closed","template":"","meta":[],"acf":[],"_links":{"self":[{"href":"https:\/\/institutodelbicentenario-infd.mendoza.edu.ar\/sitio\/wp-json\/wp\/v2\/pages\/2236"}],"collection":[{"href":"https:\/\/institutodelbicentenario-infd.mendoza.edu.ar\/sitio\/wp-json\/wp\/v2\/pages"}],"about":[{"href":"https:\/\/institutodelbicentenario-infd.mendoza.edu.ar\/sitio\/wp-json\/wp\/v2\/types\/page"}],"author":[{"embeddable":true,"href":"https:\/\/institutodelbicentenario-infd.mendoza.edu.ar\/sitio\/wp-json\/wp\/v2\/users\/646"}],"replies":[{"embeddable":true,"href":"https:\/\/institutodelbicentenario-infd.mendoza.edu.ar\/sitio\/wp-json\/wp\/v2\/comments?post=2236"}],"version-history":[{"count":7,"href":"https:\/\/institutodelbicentenario-infd.mendoza.edu.ar\/sitio\/wp-json\/wp\/v2\/pages\/2236\/revisions"}],"predecessor-version":[{"id":12862,"href":"https:\/\/institutodelbicentenario-infd.mendoza.edu.ar\/sitio\/wp-json\/wp\/v2\/pages\/2236\/revisions\/12862"}],"wp:attachment":[{"href":"https:\/\/institutodelbicentenario-infd.mendoza.edu.ar\/sitio\/wp-json\/wp\/v2\/media?parent=2236"}],"curies":[{"name":"wp","href":"https:\/\/api.w.org\/{rel}","templated":true}]}}