{"id":2144,"date":"2019-10-24T09:38:51","date_gmt":"2019-10-24T12:38:51","guid":{"rendered":"https:\/\/institutodelbicentenario-mza.infd.edu.ar\/sitio\/?page_id=2144"},"modified":"2026-02-02T16:04:22","modified_gmt":"2026-02-02T19:04:22","slug":"materias-electivas-adc","status":"publish","type":"page","link":"https:\/\/institutodelbicentenario-infd.mendoza.edu.ar\/sitio\/materias-electivas-adc\/","title":{"rendered":"Materias Electivas (AdC)"},"content":{"rendered":"<h1 style=\"text-align: center;\">Materias Electivas<\/h1>\n<h2 style=\"text-align: center;\">Actividades de Carrera<\/h2>\n<h1 style=\"text-align: center;\">2019<\/h1>\n<h2 style=\"text-align: center;\">Salida did\u00e1ctica a la Biblioteca P\u00fablica General San Mart\u00edn<\/h2>\n<p>Con una salida did\u00e1ctica a la Biblioteca P\u00fablica General San Mart\u00edn y a la Librer\u00eda P\u00fablica Gildo D\u00b4Accurzio, concluy\u00f3 este s\u00e1bado 2 de noviembre la instancia de cursado del Seminario de Patrimonio Hist\u00f3rico y Cultural de Mendoza que ofreci\u00f3 desde principios de setiembre el ISFDyT 9-030 \u00abDel Bicentenario\u00bb (Mendoza, Argentina).<br \/>\nUnos 35 estudiantes de los profesorados de Artes Visuales y de Educaci\u00f3n Secundaria en Historia y Lengua y Literatura, que se dictan en ese Instituto; y de la Tecnicatura de Turismo del Insteec y de la carrera de Letras de la Facultad de Filosof\u00eda y Letras \u2013 UNCUYO, tuvieron un acercamiento al \u201cPatrimonio intelectual: Literatura y periodismo mendocinos\u201d y \u201cPreservaci\u00f3n del Patrimonio intelectual\u201d.<br \/>\nLa Lic. Marta Babill\u00f3n, directora de la Biblioteca P\u00fablica General San Mart\u00edn, acompa\u00f1\u00f3 a los cursantes por diversos sitios de ese organismo y expuso sobre su historia, fondo bibliogr\u00e1fico y funcionamiento; la funcionaria le obsequi\u00f3 a cada asistente el libro \u201cArgentina-Chile\u201d.<br \/>\nEn la Librer\u00eda P\u00fablica los recibi\u00f3 Horacio, quien les relat\u00f3 la historia y el objetivo de esa propuesta \u00fanica en el interior del pa\u00eds, surgida por iniciativa del Lic. Alejandro Fr\u00edas, director de Ediciones Culturales Mendoza; ah\u00ed, varios estudiantes compraron libros de autores locales.<br \/>\nEl Seminario fue una propuesta de la Jefatura de Formaci\u00f3n Continua del ISFDyT 9-030 (a cargo de la Lic. Adriana Kemec); y estuvo coordinado por los profesores Ariel Sevilla y Paola Figueroa.<br \/>\nEl Instituto quiere agradecer a todos los especialistas que aportaron para que este espacio de formaci\u00f3n fuera posible por segundo a\u00f1o consecutivo.<\/p>\n<p><img decoding=\"async\" src=\"https:\/\/institutodelbicentenario-infd.mendoza.edu.ar\/aula\/archivos\/repositorio\/\/1750\/1936\/Salida_biblioteca_1.jpg\"><\/p>\n<p><img decoding=\"async\" src=\"https:\/\/institutodelbicentenario-infd.mendoza.edu.ar\/aula\/archivos\/repositorio\/\/1750\/1932\/Salida_biblioteca_2.jpg\"><img decoding=\"async\" src=\"https:\/\/institutodelbicentenario-infd.mendoza.edu.ar\/aula\/archivos\/repositorio\/\/1750\/1933\/Salida_biblioteca_3.jpg\"><img decoding=\"async\" src=\"https:\/\/institutodelbicentenario-infd.mendoza.edu.ar\/aula\/archivos\/repositorio\/\/1750\/1934\/Salida_biblioteca_4.jpg\"><\/p>\n<p><img decoding=\"async\" src=\"https:\/\/institutodelbicentenario-infd.mendoza.edu.ar\/aula\/archivos\/repositorio\/\/1750\/1935\/Salida_biblioteca_5.jpg\"><\/p>\n<h3 style=\"text-align: center;\"><strong>Taller de Introducci\u00f3n a la Joyer\u00eda<\/strong><\/h3>\n<p style=\"text-align: center;\">Ya vamos por el tercer encuentro de la Electiva sobre Taller de Introducci\u00f3n a la Joyer\u00eda Contempor\u00e1nea a cargo de la profesora Ana Amico<\/p>\n<p style=\"text-align: center;\"><img decoding=\"async\" src=\"https:\/\/institutodelbicentenario-infd.mendoza.edu.ar\/aula\/archivos\/repositorio\/\/1750\/1926\/Artes_2019_1.jpg\"><\/p>\n<p><img decoding=\"async\" loading=\"lazy\" class=\"aligncenter\" src=\"https:\/\/institutodelbicentenario-infd.mendoza.edu.ar\/aula\/archivos\/repositorio\/\/1750\/1925\/Artes_2019_2.jpg\" width=\"789\" height=\"900\"><\/p>\n","protected":false},"excerpt":{"rendered":"<p>Materias Electivas Actividades de Carrera 2019 Salida did\u00e1ctica a la Biblioteca P\u00fablica General San Mart\u00edn Con una salida did\u00e1ctica a la Biblioteca P\u00fablica General San Mart\u00edn y a la Librer\u00eda P\u00fablica Gildo D\u00b4Accurzio, concluy\u00f3 este s\u00e1bado 2 de noviembre la instancia de cursado del Seminario de Patrimonio Hist\u00f3rico y Cultural de Mendoza que ofreci\u00f3 desde &#8230; <a title=\"Materias Electivas (AdC)\" class=\"read-more\" href=\"https:\/\/institutodelbicentenario-infd.mendoza.edu.ar\/sitio\/materias-electivas-adc\/\" aria-label=\"More on Materias Electivas (AdC)\">[+]<\/a><\/p>\n","protected":false},"author":646,"featured_media":0,"parent":0,"menu_order":0,"comment_status":"closed","ping_status":"closed","template":"","meta":[],"acf":[],"_links":{"self":[{"href":"https:\/\/institutodelbicentenario-infd.mendoza.edu.ar\/sitio\/wp-json\/wp\/v2\/pages\/2144"}],"collection":[{"href":"https:\/\/institutodelbicentenario-infd.mendoza.edu.ar\/sitio\/wp-json\/wp\/v2\/pages"}],"about":[{"href":"https:\/\/institutodelbicentenario-infd.mendoza.edu.ar\/sitio\/wp-json\/wp\/v2\/types\/page"}],"author":[{"embeddable":true,"href":"https:\/\/institutodelbicentenario-infd.mendoza.edu.ar\/sitio\/wp-json\/wp\/v2\/users\/646"}],"replies":[{"embeddable":true,"href":"https:\/\/institutodelbicentenario-infd.mendoza.edu.ar\/sitio\/wp-json\/wp\/v2\/comments?post=2144"}],"version-history":[{"count":7,"href":"https:\/\/institutodelbicentenario-infd.mendoza.edu.ar\/sitio\/wp-json\/wp\/v2\/pages\/2144\/revisions"}],"predecessor-version":[{"id":12913,"href":"https:\/\/institutodelbicentenario-infd.mendoza.edu.ar\/sitio\/wp-json\/wp\/v2\/pages\/2144\/revisions\/12913"}],"wp:attachment":[{"href":"https:\/\/institutodelbicentenario-infd.mendoza.edu.ar\/sitio\/wp-json\/wp\/v2\/media?parent=2144"}],"curies":[{"name":"wp","href":"https:\/\/api.w.org\/{rel}","templated":true}]}}