{"id":2109,"date":"2019-10-17T22:11:26","date_gmt":"2019-10-18T01:11:26","guid":{"rendered":"https:\/\/institutodelbicentenario-mza.infd.edu.ar\/sitio\/?page_id=2109"},"modified":"2026-02-01T14:07:03","modified_gmt":"2026-02-01T17:07:03","slug":"institucionales","status":"publish","type":"page","link":"https:\/\/institutodelbicentenario-infd.mendoza.edu.ar\/sitio\/institucionales\/","title":{"rendered":"Institucionales"},"content":{"rendered":"<h1 style=\"text-align: center;\">2019<\/h1>\n<h3 style=\"text-align: center;\">Cuidado de la salud en la mujer<\/h3>\n<p>Alumnas de 4to a\u00f1o de P.E.I., realizaron una breve charla sobre la importancia del cuidado de la salud en la mujer y la concientizaci\u00f3n sobre el c\u00e1ncer de mama a las alumnas y alumnos de los profesorados de PEI Y PEP. La actividad se llev\u00f3 a cabo el martes 22 de octubre en Sede de la Esc. Roque S\u00e1enz Pe\u00f1a y fue coordinada por la Prof. Lorena Mir\u00e1bale.<\/p>\n<p><img decoding=\"async\" src=\"https:\/\/institutodelbicentenario-infd.mendoza.edu.ar\/aula\/archivos\/repositorio\/\/1750\/1914\/cuidado_de_la_salud_en_la_mujer_2019_5.jpg\"><\/p>\n","protected":false},"excerpt":{"rendered":"<p>2019 Cuidado de la salud en la mujer Alumnas de 4to a\u00f1o de P.E.I., realizaron una breve charla sobre la importancia del cuidado de la salud en la mujer y la concientizaci\u00f3n sobre el c\u00e1ncer de mama a las alumnas y alumnos de los profesorados de PEI Y PEP. La actividad se llev\u00f3 a cabo &#8230; <a title=\"Institucionales\" class=\"read-more\" href=\"https:\/\/institutodelbicentenario-infd.mendoza.edu.ar\/sitio\/institucionales\/\" aria-label=\"More on Institucionales\">[+]<\/a><\/p>\n","protected":false},"author":646,"featured_media":0,"parent":0,"menu_order":0,"comment_status":"closed","ping_status":"closed","template":"","meta":[],"acf":[],"_links":{"self":[{"href":"https:\/\/institutodelbicentenario-infd.mendoza.edu.ar\/sitio\/wp-json\/wp\/v2\/pages\/2109"}],"collection":[{"href":"https:\/\/institutodelbicentenario-infd.mendoza.edu.ar\/sitio\/wp-json\/wp\/v2\/pages"}],"about":[{"href":"https:\/\/institutodelbicentenario-infd.mendoza.edu.ar\/sitio\/wp-json\/wp\/v2\/types\/page"}],"author":[{"embeddable":true,"href":"https:\/\/institutodelbicentenario-infd.mendoza.edu.ar\/sitio\/wp-json\/wp\/v2\/users\/646"}],"replies":[{"embeddable":true,"href":"https:\/\/institutodelbicentenario-infd.mendoza.edu.ar\/sitio\/wp-json\/wp\/v2\/comments?post=2109"}],"version-history":[{"count":14,"href":"https:\/\/institutodelbicentenario-infd.mendoza.edu.ar\/sitio\/wp-json\/wp\/v2\/pages\/2109\/revisions"}],"predecessor-version":[{"id":12861,"href":"https:\/\/institutodelbicentenario-infd.mendoza.edu.ar\/sitio\/wp-json\/wp\/v2\/pages\/2109\/revisions\/12861"}],"wp:attachment":[{"href":"https:\/\/institutodelbicentenario-infd.mendoza.edu.ar\/sitio\/wp-json\/wp\/v2\/media?parent=2109"}],"curies":[{"name":"wp","href":"https:\/\/api.w.org\/{rel}","templated":true}]}}