{"id":2100,"date":"2019-10-11T15:19:30","date_gmt":"2019-10-11T18:19:30","guid":{"rendered":"https:\/\/institutodelbicentenario-mza.infd.edu.ar\/sitio\/?page_id=2100"},"modified":"2026-02-02T16:04:28","modified_gmt":"2026-02-02T19:04:28","slug":"artes-adc","status":"publish","type":"page","link":"https:\/\/institutodelbicentenario-infd.mendoza.edu.ar\/sitio\/artes-adc\/","title":{"rendered":"Artes (AdC)"},"content":{"rendered":"<h1 style=\"text-align: center;\">Profesorado de Artes Visuales<\/h1>\n<h2 style=\"text-align: center;\">Actividades de Carrera<\/h2>\n<h1 style=\"text-align: center;\">2019<\/h1>\n<p><img decoding=\"async\" class=\"aligncenter\" src=\"https:\/\/institutodelbicentenario-infd.mendoza.edu.ar\/aula\/archivos\/repositorio\/\/1750\/1982\/Pormocion_2019_Artes_0.jpeg\"><\/p>\n<p style=\"text-align: center;\"><strong>DESPEDIDA DE 4\u00b0 A\u00d1O (1\u00b0 COHORTE) DEL P.E.S. EN LENGUA Y LITERATURA<\/strong><\/p>\n<p style=\"text-align: center;\"><strong>Y \u00daLTIMO EVENTO CULTURAL DEL <em>C\u00cdRCULO DE ESCRITORES Y LECTORES \u201cDEL BICENTENARIO\u201d<\/em><\/strong><\/p>\n<p>El domingo 22 de diciembre de 2019 se realiz\u00f3 el evento en CASA SER\u00da, ATELIER COLECTIVO. El mismo fue organizado en el marco del PROYECTO <em>C\u00cdRCULO DE ESCRITURA Y LECTURA CREATIVAS<\/em>, creado y dirigido por la Prof. Carina Garay.<\/p>\n<p>En dicho evento, se realizaron las siguientes actividades:<\/p>\n<ul>\n<li>Entrega de medallas a miembros fundadores del C\u00edrculo y obsequio a egresados.<\/li>\n<li>M\u00fasica en vivo: Murga \u201cSalpicante\u201d; Edgardo Trubiani, \u201cEl Cantor de Fogones\u201d; el d\u00fao de Emilia Barrault y Federico L\u00e9pez, con temas del cancionero popular.<\/li>\n<li>Performance de teatro le\u00eddo y tango en vivo, a cargo de alumnos de 4\u00b0 a\u00f1o del PESLyL. Textos e interpretaci\u00f3n de tangos: Juan Sebasti\u00e1n Rodr\u00edguez; lectura: Diana Fiore.<\/li>\n<li>Danza: tangos a cargo del ballet de la Escuela Art\u00edstica \u201cPeque\u00f1os cantores de Maip\u00fa\u201d, de la alumna de 1\u00b0 a\u00f1o, Sandra Vanneschi y del bailar\u00edn, Enzo De Lucca; danzas folkl\u00f3ricas con participaci\u00f3n del p\u00fablico presente.<\/li>\n<li>Muestra de arte: Omara Ser\u00fa (en la galer\u00eda) y de Rosma Oesh (en los jardines).<\/li>\n<li>Exposici\u00f3n de producciones escritas y audiovisuales realizadas por los alumnos de 4\u00b0 a\u00f1o.<\/li>\n<li>Taller de producci\u00f3n en vivo de HAIKUS (poemas japoneses), le\u00eddos al final del evento.<\/li>\n<li>Muestra de artesan\u00edas locales: mandalas de Cecilia Diciero; artesan\u00edas a partir de materiales reciclados, de Florencia Ser\u00fa.<\/li>\n<li>Maquillaje art\u00edstico realizado por Leo Antonucci.<\/li>\n<li>Lectura en voz alta de las producciones realizadas por el grupo de escritores en el marco del proyecto.<\/li>\n<li>Recitaci\u00f3n de poema de Sor Juana In\u00e9s de la Cruz: Florencia Priore Ser\u00fa.<\/li>\n<li>Sorteo de pinturas realizadas en vivo por Rosma Oesh.<\/li>\n<li>Entrega de <em>souvenir<\/em> de chocolate y brindis final, a cargo de alumnas de 1\u00b0 a\u00f1o de la Carrera.<\/li>\n<\/ul>\n<p>Agradecemos a todos los presentes, en especial a los alumnos de 4\u00b0 a\u00f1o, a sus familiares y amigos, y a todos los artistas locales que colaboraron con la organizaci\u00f3n y realizaci\u00f3n de este evento, que fue una verdadera construcci\u00f3n colectiva. Agradecemos especialmente a Florencia Cosas y Edgardo Trubiani, que estuvieron a cargo de la fotograf\u00eda; a Leo Rivarola, quien se ocup\u00f3 del sonido; en la decoraci\u00f3n e iluminaci\u00f3n de los jardines, Alejandra Olivera, alumna de 3\u00b0 a\u00f1o de la Carrera.<\/p>\n<p><img decoding=\"async\" class=\"aligncenter\" src=\"https:\/\/institutodelbicentenario-infd.mendoza.edu.ar\/aula\/archivos\/repositorio\/\/1750\/1985\/Pormocion_2019_Artes_1.jpeg\"><\/p>\n<p><img decoding=\"async\" class=\"aligncenter\" src=\"https:\/\/institutodelbicentenario-infd.mendoza.edu.ar\/aula\/archivos\/repositorio\/\/1750\/1979\/Pormocion_2019_Artes_2.jpeg\"><\/p>\n<p><img decoding=\"async\" class=\"aligncenter\" src=\"https:\/\/institutodelbicentenario-infd.mendoza.edu.ar\/aula\/archivos\/repositorio\/\/1750\/1977\/Pormocion_2019_Artes_3.jpeg\"><\/p>\n<p><img decoding=\"async\" class=\"aligncenter\" src=\"https:\/\/institutodelbicentenario-infd.mendoza.edu.ar\/aula\/archivos\/repositorio\/\/1750\/1980\/Pormocion_2019_Artes_4.jpeg\"><\/p>\n<p><img decoding=\"async\" class=\"aligncenter\" src=\"https:\/\/institutodelbicentenario-infd.mendoza.edu.ar\/aula\/archivos\/repositorio\/\/1750\/1978\/Pormocion_2019_Artes_5.jpeg\"><\/p>\n<p><img decoding=\"async\" class=\"aligncenter\" src=\"https:\/\/institutodelbicentenario-infd.mendoza.edu.ar\/aula\/archivos\/repositorio\/\/1750\/1983\/Pormocion_2019_Artes_6.jpeg\"><\/p>\n<p><img decoding=\"async\" class=\"aligncenter\" src=\"https:\/\/institutodelbicentenario-infd.mendoza.edu.ar\/aula\/archivos\/repositorio\/\/1750\/1981\/Pormocion_2019_Artes_7.jpeg\"><\/p>\n<p><img decoding=\"async\" class=\"aligncenter\" src=\"https:\/\/institutodelbicentenario-infd.mendoza.edu.ar\/aula\/archivos\/repositorio\/\/1750\/1984\/Pormocion_2019_Artes_8.jpeg\"><\/p>\n<h3 style=\"text-align: center;\">_______________________________________________<\/h3>\n<h3 style=\"text-align: center;\">Exposici\u00f3n \u201cTerritorios del Cuerpo\u201d<\/h3>\n<p><img decoding=\"async\" src=\"https:\/\/institutodelbicentenario-infd.mendoza.edu.ar\/aula\/archivos\/repositorio\/\/1750\/1960\/Territorios_del_cuerpo.jpeg\"><\/p>\n<h3 style=\"text-align: center;\">Muestra: Relatos Visuales<\/h3>\n<p><img decoding=\"async\" loading=\"lazy\" class=\"aligncenter\" src=\"https:\/\/institutodelbicentenario-infd.mendoza.edu.ar\/aula\/archivos\/repositorio\/\/1750\/1903\/Relatos_Visuales.jpg\" width=\"877\" height=\"735\"><\/p>\n","protected":false},"excerpt":{"rendered":"<p>Profesorado de Artes Visuales Actividades de Carrera 2019 DESPEDIDA DE 4\u00b0 A\u00d1O (1\u00b0 COHORTE) DEL P.E.S. EN LENGUA Y LITERATURA Y \u00daLTIMO EVENTO CULTURAL DEL C\u00cdRCULO DE ESCRITORES Y LECTORES \u201cDEL BICENTENARIO\u201d El domingo 22 de diciembre de 2019 se realiz\u00f3 el evento en CASA SER\u00da, ATELIER COLECTIVO. El mismo fue organizado en el marco &#8230; <a title=\"Artes (AdC)\" class=\"read-more\" href=\"https:\/\/institutodelbicentenario-infd.mendoza.edu.ar\/sitio\/artes-adc\/\" aria-label=\"More on Artes (AdC)\">[+]<\/a><\/p>\n","protected":false},"author":646,"featured_media":0,"parent":0,"menu_order":0,"comment_status":"closed","ping_status":"closed","template":"","meta":[],"acf":[],"_links":{"self":[{"href":"https:\/\/institutodelbicentenario-infd.mendoza.edu.ar\/sitio\/wp-json\/wp\/v2\/pages\/2100"}],"collection":[{"href":"https:\/\/institutodelbicentenario-infd.mendoza.edu.ar\/sitio\/wp-json\/wp\/v2\/pages"}],"about":[{"href":"https:\/\/institutodelbicentenario-infd.mendoza.edu.ar\/sitio\/wp-json\/wp\/v2\/types\/page"}],"author":[{"embeddable":true,"href":"https:\/\/institutodelbicentenario-infd.mendoza.edu.ar\/sitio\/wp-json\/wp\/v2\/users\/646"}],"replies":[{"embeddable":true,"href":"https:\/\/institutodelbicentenario-infd.mendoza.edu.ar\/sitio\/wp-json\/wp\/v2\/comments?post=2100"}],"version-history":[{"count":13,"href":"https:\/\/institutodelbicentenario-infd.mendoza.edu.ar\/sitio\/wp-json\/wp\/v2\/pages\/2100\/revisions"}],"predecessor-version":[{"id":12914,"href":"https:\/\/institutodelbicentenario-infd.mendoza.edu.ar\/sitio\/wp-json\/wp\/v2\/pages\/2100\/revisions\/12914"}],"wp:attachment":[{"href":"https:\/\/institutodelbicentenario-infd.mendoza.edu.ar\/sitio\/wp-json\/wp\/v2\/media?parent=2100"}],"curies":[{"name":"wp","href":"https:\/\/api.w.org\/{rel}","templated":true}]}}