{"id":1913,"date":"2019-09-05T12:15:59","date_gmt":"2019-09-05T15:15:59","guid":{"rendered":"https:\/\/institutodelbicentenario-mza.infd.edu.ar\/sitio\/?page_id=1913"},"modified":"2026-02-02T16:04:48","modified_gmt":"2026-02-02T19:04:48","slug":"actividades-j-f-c","status":"publish","type":"page","link":"https:\/\/institutodelbicentenario-infd.mendoza.edu.ar\/sitio\/actividades-j-f-c\/","title":{"rendered":"Actividades (J.F.C.)"},"content":{"rendered":"\n<h3 class=\"wp-block-heading\"><strong>Actividades a trav\u00e9s de la Jefatura de Formaci\u00f3n Continua<\/strong><\/h3>\n\n\n\n<h2 class=\"wp-block-heading has-text-align-center has-vivid-cyan-blue-color has-text-color\"><strong><strong><strong><strong>2021<\/strong><\/strong><\/strong><\/strong><\/h2>\n\n\n\n<p class=\"has-text-align-center\">C\u00cdRCULO DE LECTURA Y ESCRITURA CREATIVAS: ACTIVIDADES 2021<\/p>\n\n\n\n<p>Estrenado el booktrailer de nuestro fanzine. Si te lo perdiste, record\u00e1 que pod\u00e9s volver a verlo en nuestro canal de YouTube:<\/p>\n\n\n\n<figure class=\"wp-block-embed is-type-video is-provider-youtube wp-block-embed-youtube wp-embed-aspect-16-9 wp-has-aspect-ratio\"><div class=\"wp-block-embed__wrapper\">\n<iframe loading=\"lazy\" title=\"FANZINE INTERACTIVO &quot;NIDOS DE PAPEL&quot;- BOOKTRAILER 2- con cr\u00e9ditos-\" width=\"1200\" height=\"675\" src=\"https:\/\/www.youtube.com\/embed\/0D54xKamK1E?feature=oembed\" frameborder=\"0\" allow=\"accelerometer; autoplay; clipboard-write; encrypted-media; gyroscope; picture-in-picture\" allowfullscreen><\/iframe>\n<\/div><\/figure>\n\n\n\n<p>Te dejamos tambi\u00e9n el enlace de descarga de la nueva versi\u00f3n de la revista interactiva:<\/p>\n\n\n\n<p><a href=\"https:\/\/drive.google.com\/file\/d\/1aa9qu4eriBmgktesyYdVm5rvLXc-XNud\/view\">https:\/\/drive.google.com\/file\/d\/1aa9qu4eriBmgktesyYdVm5rvLXc-XNud\/view<\/a><\/p>\n\n\n\n<p>Inaugurado nuestro canal de YouTube.<\/p>\n\n\n\n<p>Si te lo perdiste, pod\u00e9s ingresar al canal y volver a ver:<\/p>\n\n\n\n<p>1- Entrevista a la Profesora Iris Quiero y presentaci\u00f3n de su libro: \u00ab\u00bfMe cont\u00e1s un mito, Abuela?\u00bb<br><\/p>\n\n\n\n<figure class=\"wp-block-embed is-type-video is-provider-youtube wp-block-embed-youtube wp-embed-aspect-16-9 wp-has-aspect-ratio\"><div class=\"wp-block-embed__wrapper\">\n<iframe loading=\"lazy\" title=\"Entrevista a Iris Quiero y presentaci\u00f3n de su libro: &quot;Me cont\u00e1s un mito, Abuela?\" width=\"1200\" height=\"675\" src=\"https:\/\/www.youtube.com\/embed\/8ZWnkafenTA?feature=oembed\" frameborder=\"0\" allow=\"accelerometer; autoplay; clipboard-write; encrypted-media; gyroscope; picture-in-picture\" allowfullscreen><\/iframe>\n<\/div><\/figure>\n\n\n\n<p>2-El audiocuento sobre \u00abLa Caja de Pandora\u00bb<br><\/p>\n\n\n\n<figure class=\"wp-block-embed is-type-video is-provider-youtube wp-block-embed-youtube wp-embed-aspect-16-9 wp-has-aspect-ratio\"><div class=\"wp-block-embed__wrapper\">\n<iframe loading=\"lazy\" title=\"LA CAJA DE PANDORA- Audiocuento para ni\u00f1os-\" width=\"1200\" height=\"675\" src=\"https:\/\/www.youtube.com\/embed\/YLwgwaZuaNI?feature=oembed\" frameborder=\"0\" allow=\"accelerometer; autoplay; clipboard-write; encrypted-media; gyroscope; picture-in-picture\" allowfullscreen><\/iframe>\n<\/div><\/figure>\n\n\n\n<p>3-El booktrailer para ni\u00f1os.<br><\/p>\n\n\n\n<figure class=\"wp-block-embed is-type-video is-provider-youtube wp-block-embed-youtube wp-embed-aspect-16-9 wp-has-aspect-ratio\"><div class=\"wp-block-embed__wrapper\">\n<iframe loading=\"lazy\" title=\"&quot;Me cont\u00e1s un mito, Abuela?&quot;, por J. Sebasti\u00e1n Rodr\u00edguez (Booktrailer para ni\u00f1os)\" width=\"1200\" height=\"675\" src=\"https:\/\/www.youtube.com\/embed\/5MDJwW8ltB0?feature=oembed\" frameborder=\"0\" allow=\"accelerometer; autoplay; clipboard-write; encrypted-media; gyroscope; picture-in-picture\" allowfullscreen><\/iframe>\n<\/div><\/figure>\n\n\n\n<p>4-El podcast del cuento \u00abCronos\u00bb <a href=\"https:\/\/go.ivoox.com\/rf\/73411453\" target=\"_blank\" rel=\"noreferrer noopener\">https:\/\/go.ivoox.com\/rf\/73411453<\/a><\/p>\n\n\n\n<p>\u00a1No dejes de suscribirte para recibir las pr\u00f3ximas novedades!<\/p>\n\n\n\n<p>Nuestro canal:<br><a href=\"https:\/\/youtube.com\/channel\/UCe5No_rW46W06z7kPjcz-HA\">https:\/\/youtube.com\/channel\/UCe5No_rW46W06z7kPjcz-HA<\/a><\/p>\n\n\n\n<p class=\"has-text-align-center\">________________________________<\/p>\n\n\n\n<p class=\"has-text-align-center\"><span style=\"color: #0000ff; font-size: 18pt;\"><strong>2020<\/strong><\/span><\/p>\n\n\n\n<p class=\"has-text-align-center\">Herramientas para Hablar en P\u00fablico<\/p>\n\n\n\n<p>Concluyeron este s\u00e1bado (31 de octubre) los encuentros on line del CURSO VIRTUAL: HERRAMIENTAS PARA HABLAR EN P\u00daBLICO, que se dict\u00f3 en el Instituto Superior de Formaci\u00f3n Docente y T\u00e9cnica 9-030 \u201cDel Bicentenario\u201d \u2013en modalidad sincr\u00f3nica y asincr\u00f3nica- durante todo este mes.<br>En las distintas clases, una treintena de estudiantes de las carreras que se brindan en el Instituto recibieron contenidos de comunicaci\u00f3n oral para poner en pr\u00e1ctica en su trayecto de formaci\u00f3n y en el campo laboral docente. En las pr\u00f3ximas semanas deber\u00e1n presentar un trabajo final que consiste en un video en el cual expondr\u00e1n de forma oral alg\u00fan tema, poniendo en pr\u00e1ctica las herramientas recibidas durante el cursado.<br>El curso fue coordinado y dictado por la profesora Eugenia Bondioli y los profesores Ariel Sevilla y Luis Garro (de la Tecnicatura Superior en Log\u00edstica). Adem\u00e1s, participaron especialistas invitados para la ocasi\u00f3n: la psic\u00f3loga Patricia Cunietti, la psicopedagoga Marcela Granados y el actor de stand up comedy Cristian Vega. Se trat\u00f3 de una propuesta de la Jefatura de Formaci\u00f3n Continua del ISFDyT 9-030 (dirigida por la licenciada Adriana Kemec).<br>\u201cHerramientas para hablar en p\u00fablico\u201d se dict\u00f3 a trav\u00e9s de video conferencia los s\u00e1bados de octubre de 10 a 12.40 hs. Y tambi\u00e9n tuvo una parte asincr\u00f3nica con el env\u00edo semanal de bibliograf\u00eda, videos y otros materiales did\u00e1cticos afines.<\/p>\n\n\n<div class=\"wp-block-image\">\n<figure class=\"aligncenter\"><img decoding=\"async\" src=\"https:\/\/institutodelbicentenario-infd.mendoza.edu.ar\/aula\/archivos\/repositorio\/\/2750\/2930\/Herramientas_del_habla_2.jpg\" alt=\"\"\/><\/figure><\/div>\n\n<div class=\"wp-block-image\">\n<figure class=\"aligncenter\"><img decoding=\"async\" src=\"https:\/\/institutodelbicentenario-infd.mendoza.edu.ar\/aula\/archivos\/repositorio\/\/2750\/2931\/Herramientas_del_habla_3.jpg\" alt=\"\"\/><\/figure><\/div>\n\n<div class=\"wp-block-image\">\n<figure class=\"aligncenter\"><img decoding=\"async\" src=\"https:\/\/institutodelbicentenario-infd.mendoza.edu.ar\/aula\/archivos\/repositorio\/\/2750\/2932\/Herramientas_del_habla_4.jpg\" alt=\"\"\/><\/figure><\/div>\n\n\n<p class=\"has-text-align-center\"><span style=\"color: #0000ff; font-size: 18pt;\"><strong>2019<\/strong><\/span><\/p>\n\n\n\n<h4 class=\"wp-block-heading\">III Encuentro del C\u00edrculo de Escritura y Lectura Creativas del Bicentenario<\/h4>\n\n\n\n<div>\u201cEl lunes 28 de octubre alumnos de 1\u00b0 y 4\u00b0 a\u00f1o del Profesorado de Educaci\u00f3n Secundaria en Lengua y Literatura participaron del III Encuentro del C\u00edrculo de Escritura y Lectura Creativas en la residencia Su\u00e1rez Mart\u00edn. En esta oportunidad, las actividades creativas del C\u00edrculo se centraron en la literatura g\u00f3tica y el cine de horror y suspenso. El Prof. Llobell dict\u00f3 una charla sobre la figura de la casa en la literatura del romanticismo y victorianismo brit\u00e1nicos, las hermanas Su\u00e1rez Mart\u00edn narraron los sucesos ocurridos en su casa familiar en los a\u00f1os 40 a 70, y la Prof Garay trabaj\u00f3 sobre las producciones cinematogr\u00e1ficas referidas a la tem\u00e1tica del encuentro con proyecciones de terror y suspenso. Finalmente, los estudiantes produjeron relatos que fueron compartidos en una velada motivadora y creativa.<\/div>\n\n\n\n<div>Nuestra Instituci\u00f3n agradece a las hermanas Graciela y Silvia Su\u00e1rez por su predisposici\u00f3n y generosidad, y felicita a todos los alumnos que participaron de este encuentro.<\/div>\n\n\n\n<div>.<\/div>\n\n\n<div class=\"wp-block-image\">\n<figure class=\"aligncenter\"><img decoding=\"async\" src=\"https:\/\/institutodelbicentenario-infd.mendoza.edu.ar\/aula\/archivos\/repositorio\/\/1750\/1941\/Encuentro_Escritura-1.jpg\" alt=\"\"\/><\/figure><\/div>\n\n\n<div><\/div>\n\n\n\n<div>.<\/div>\n\n\n\n<div>&nbsp;<\/div>\n\n\n<div class=\"wp-block-image\">\n<figure class=\"aligncenter\"><img decoding=\"async\" src=\"https:\/\/institutodelbicentenario-infd.mendoza.edu.ar\/aula\/archivos\/repositorio\/\/1750\/1943\/Encuentro_Escritura-2.jpg\" alt=\"\"\/><\/figure><\/div>\n\n\n<div><\/div>\n\n\n\n<div>.<\/div>\n\n\n\n<div>&nbsp;<\/div>\n\n\n<div class=\"wp-block-image\">\n<figure class=\"aligncenter\"><img decoding=\"async\" src=\"https:\/\/institutodelbicentenario-infd.mendoza.edu.ar\/aula\/archivos\/repositorio\/\/1750\/1942\/Encuentro_Escritura-3.jpg\" alt=\"\"\/><\/figure><\/div>\n\n\n<div><\/div>\n\n\n\n<div>.<\/div>\n\n\n\n<h4 class=\"wp-block-heading\"><img decoding=\"async\" loading=\"lazy\" class=\"aligncenter\" src=\"https:\/\/institutodelbicentenario-infd.mendoza.edu.ar\/aula\/archivos\/repositorio\/\/1750\/1940\/Encuentro_Escritura-4.jpg\" width=\"813\" height=\"610\"><\/h4>\n\n\n\n<h4 class=\"wp-block-heading\">El patrimonio hist\u00f3rico y cultural en la escuela<\/h4>\n\n\n\n<p>El Patrimonio Hist\u00f3rico y Cultural de Mendoza como espacio curricular y contenido en la escuela secundaria, fue el tema del segundo encuentro del Seminario de Patrimonio Hist\u00f3rico y Cultural de Mendoza, que ofrece el ISFDyT 9-030 \u00abDel Bicentenario\u00bb (Mendoza, Argentina).<br>Este s\u00e1bado, 14 de setiembre la exposici\u00f3n estuvo a cargo de la Lic. Ver\u00f3nica Romero, profesora de Patrimonio Cultural en varias escuelas secundarias de la prov<span class=\"x_gmail-text_exposed_show\">incia. Adem\u00e1s, la especialista present\u00f3 un trabajo de rescate patrimonial sobre la Velada de los Santos, realizado bajo su coordinaci\u00f3n en un CENS de Malarg\u00fce.<br>Asistieron unos 35 estudiantes de los profesorados de Artes Visuales y de Educaci\u00f3n Secundaria en Historia y Lengua y Literatura, que se dictan en ese Instituto; y de la Tecnicatura de Turismo del Instec y de la carrera de Letras de la Facultad de Filosof\u00eda y Letras \u2013 UNCUYO.<br>El Seminario, que se extender\u00e1 hasta el 2 de noviembre, es una propuesta de la Jefatura de Formaci\u00f3n Continua del ISFDyT 9-030 (a cargo de la Lic. Adriana Kemec); y est\u00e1 coordinado por los profesores Ariel Sevilla y Paola Figueroa.<\/span><\/p>\n\n\n<div class=\"wp-block-image\">\n<figure class=\"aligncenter\"><img decoding=\"async\" src=\"https:\/\/institutodelbicentenario-infd.mendoza.edu.ar\/aula\/archivos\/repositorio\/\/1750\/1874\/190916-Patrimonio_2019-1.jpg\" alt=\"\"\/><\/figure><\/div>\n\n\n<figure class=\"wp-block-image\"><img decoding=\"async\" src=\"https:\/\/institutodelbicentenario-infd.mendoza.edu.ar\/aula\/archivos\/repositorio\/\/1750\/1873\/190916-Patrimonio_2019-5.jpg\" alt=\"\"\/><\/figure>\n\n\n\n<figure class=\"wp-block-image\"><img decoding=\"async\" src=\"https:\/\/institutodelbicentenario-infd.mendoza.edu.ar\/aula\/archivos\/repositorio\/\/1750\/1875\/190916-Patrimonio_2019-2.jpg\" alt=\"\"\/><\/figure>\n\n\n\n<figure class=\"wp-block-image\"><img decoding=\"async\" src=\"https:\/\/institutodelbicentenario-infd.mendoza.edu.ar\/aula\/archivos\/repositorio\/\/1750\/1877\/190916-Patrimonio_2019-3.jpg\" alt=\"\"\/><\/figure>\n\n\n\n<figure class=\"wp-block-image\"><img decoding=\"async\" src=\"https:\/\/institutodelbicentenario-infd.mendoza.edu.ar\/aula\/archivos\/repositorio\/\/1750\/1876\/190916-Patrimonio_2019-4.jpg\" alt=\"\"\/><\/figure>\n\n\n\n<h4 class=\"wp-block-heading\">Formaci\u00f3n docente para promover el patrimonio Mendocino<\/h4>\n\n\n\n<p>Este s\u00e1bado, 7 de septiembre, comenz\u00f3 el Seminario de Patrimonio Hist\u00f3rico y Cultural de Mendoza que ofrece el ISFDyT 9-030 \u00abDel Bicentenario\u00bb (Mendoza, Argentina). Unos 35 estudiantes de los profesorados&nbsp;de Artes Visuales, Historia, Lengua y Literatura y estudiantes de la Tecnicatura de Turismo, del ISTEC, asistieron al primero de los ocho encuentros del Seminario.<br>El Licenciado y Profesor Pablo Pappalardo, tambi\u00e9n vicerrector de la casa de estudios, estuvo a cargo de la primera clase, en la cual brind\u00f3 un marco general sobre la tem\u00e1tica y expuso sobre los Monumentos Hist\u00f3ricos Nacionales que hay en Mendoza.<br>El Seminario es una propuesta de la Jefatura de Formaci\u00f3n Continua del ISFDyT 9-030; y est\u00e1 coordinado por los profesores Ariel Sevilla y Paola Figueroa.<\/p>\n\n\n<div class=\"wp-block-image\">\n<figure class=\"aligncenter\"><img decoding=\"async\" src=\"https:\/\/institutodelbicentenario-infd.mendoza.edu.ar\/aula\/archivos\/repositorio\/\/1750\/1864\/190910-Patrimonio_2019-1.jpeg\" alt=\"\"\/><\/figure><\/div>\n\n<div class=\"wp-block-image\">\n<figure class=\"aligncenter\"><img decoding=\"async\" src=\"https:\/\/institutodelbicentenario-infd.mendoza.edu.ar\/aula\/archivos\/repositorio\/\/1750\/1865\/190910-Patrimonio_2019-2.jpeg\" alt=\"\"\/><\/figure><\/div>\n\n<div class=\"wp-block-image\">\n<figure class=\"aligncenter\"><img decoding=\"async\" src=\"https:\/\/institutodelbicentenario-infd.mendoza.edu.ar\/aula\/archivos\/repositorio\/\/1750\/1863\/190910-Patrimonio_2019-3.jpeg\" alt=\"\"\/><\/figure><\/div>\n\n\n<p class=\"has-text-align-center\"><span style=\"color: #0000ff; font-size: 18pt;\"><strong>2018<\/strong><\/span><\/p>\n\n\n\n<p class=\"has-text-align-center\"><strong>Seminario de Patrimonio Hist\u00f3rico y Cultural de Mendoza en el ISFDyT 9-030 \u00abDel Bicentenario\u00bb<\/strong><\/p>\n\n\n\n<p>Primer encuentro: s\u00e1bado 29 de setiembre &#8211; \u00abPatrimonio intangible: la Velada de los santos en el sur de Mendoza\u00bb y \u00abEl Patrimonio como contenido aular\u00bb, a cargo de la Lic. Ver\u00f3nica Romero.<\/p>\n\n\n\n<p>Seminario lo ofrece la Jefatura de Formaci\u00f3n Permanente y est\u00e1 coordinado por el Prof. Ariel Sevilla.<\/p>\n\n\n<div class=\"wp-block-image\">\n<figure class=\"aligncenter\"><img decoding=\"async\" src=\"https:\/\/institutodelbicentenario-infd.mendoza.edu.ar\/aula\/archivos\/repositorio\/\/1500\/1605\/Seminario2019-1.jpg\" alt=\"\"\/><\/figure><\/div>\n\n<div class=\"wp-block-image\">\n<figure class=\"aligncenter\"><img decoding=\"async\" src=\"https:\/\/institutodelbicentenario-infd.mendoza.edu.ar\/aula\/archivos\/repositorio\/\/1500\/1608\/Seminario2019-2.jpg\" alt=\"\"\/><\/figure><\/div>\n\n<div class=\"wp-block-image\">\n<figure class=\"aligncenter\"><img decoding=\"async\" src=\"https:\/\/institutodelbicentenario-infd.mendoza.edu.ar\/aula\/archivos\/repositorio\/\/1500\/1606\/Seminario2019-3.jpg\" alt=\"\"\/><\/figure><\/div>\n\n<div class=\"wp-block-image\">\n<figure class=\"aligncenter\"><img decoding=\"async\" src=\"https:\/\/institutodelbicentenario-infd.mendoza.edu.ar\/aula\/archivos\/repositorio\/\/1500\/1604\/Seminario2019-4.jpg\" alt=\"\"\/><\/figure><\/div>\n\n\n<p class=\"has-text-align-center\"><span style=\"color: #0000ff; font-size: 18pt;\"><strong>2017<\/strong><\/span><\/p>\n\n\n\n<p><span style=\"font-size: 12pt;\">La Jefatura de Extensi\u00f3n del ISFDyT 9-030 del Bicentenario agradece al director y guionista de \u00abHamlet: la maldici\u00f3n de ser\u00bb, Alejandro Conte, por su charla sobre el proceso creativo, adaptaci\u00f3n y trasfondo hist\u00f3rico-literario de la ic\u00f3nica obra de William Shakespeare brindada en nuestra instituci\u00f3n y agradece tambi\u00e9n a la comunidad del Bicentenario por su inter\u00e9s y asistencia a la funci\u00f3n.<\/span><\/p>\n\n\n\n<figure class=\"wp-block-table\"><table><tbody><tr><td><img decoding=\"async\" loading=\"lazy\" style=\"vertical-align: middle;\" src=\"https:\/\/institutodelbicentenario-infd.mendoza.edu.ar\/aula\/archivos\/repositorio\/1000\/1171\/Hamlet.jpg\" alt=\"\" width=\"468\" height=\"351\" border=\"0\"><\/td><td><img decoding=\"async\" loading=\"lazy\" style=\"vertical-align: middle; border: 0;\" src=\"https:\/\/institutodelbicentenario-infd.mendoza.edu.ar\/aula\/archivos\/repositorio\/1000\/1170\/Hamlet1.jpg\" alt=\"\" width=\"468\" height=\"351\" border=\"0\"><\/td><\/tr><tr><td><span style=\"font-size: 12pt;\">Charla previa a la funci\u00f3n de \u00abHamlet: la maldici\u00f3n de ser\u00bb (15\/09, Teatro Quintanilla) del director y guionista Alejandro Conte en el instituto.<\/span><\/td><\/tr><\/tbody><\/table><\/figure>\n\n\n\n<p class=\"has-text-align-center\"><strong><span style=\"color: #0000ff; font-size: 18pt;\">2016<\/span><\/strong><\/p>\n\n\n\n<p class=\"has-text-align-center\"><span style=\"text-decoration: underline; font-size: 12pt;\">MEMORIA DE ACTIVIDADES 2016<\/span><\/p>\n\n\n\n<p class=\"has-text-align-center\"><span style=\"font-size: 12pt;\">Desarrollo de Habilidades para el Aprendizaje I y II<\/span><\/p>\n\n\n\n<p class=\"has-text-align-center\"><span style=\"font-size: 12pt;\">Prof. Granados, Prof. Mori<\/span><\/p>\n\n\n\n<p class=\"has-text-align-center\"><span style=\"font-size: 12pt;\">Escritura Acad\u00e9mica<\/span><\/p>\n\n\n\n<p class=\"has-text-align-center\"><span style=\"font-size: 12pt;\">Prof. Suriani<\/span><\/p>\n\n\n\n<p class=\"has-text-align-center\"><span style=\"font-size: 12pt;\">Ortografiando I y II<\/span><\/p>\n\n\n\n<p class=\"has-text-align-center\"><span style=\"font-size: 12pt;\">Prof. Garay, Prof. Quiero<\/span><\/p>\n\n\n\n<p class=\"has-text-align-center\"><span style=\"font-size: 12pt;\">Planificaci\u00f3n y Material Did\u00e1ctico para la Ense\u00f1anza de la Matem\u00e1tica<\/span><\/p>\n\n\n\n<p class=\"has-text-align-center\"><span style=\"font-size: 12pt;\">Prof. A. Garc\u00eda<\/span><\/p>\n\n\n\n<p class=\"has-text-align-center\"><span style=\"font-size: 12pt;\">25 de Mayo: su Historia, su Arte y sus Letras<\/span><\/p>\n\n\n\n<p class=\"has-text-align-center\"><span style=\"font-size: 12pt;\">Prof. Videla, Prof. Kemec, Prof. Marconi, Prof. Suriani \u2013 Radio Nihuil<\/span><\/p>\n\n\n\n<p class=\"has-text-align-center\"><span style=\"font-size: 12pt;\">Comienzos y Recomienzos del Filosofar. La necesidad de una voz propia: Hegel, Roig, Alberdi<\/span><\/p>\n\n\n\n<p class=\"has-text-align-center\"><span style=\"font-size: 12pt;\">Prof. Sim\u00f3n<\/span><\/p>\n\n\n\n<p class=\"has-text-align-center\"><span style=\"font-size: 12pt;\">La Cadena Log\u00edstica Retail en la Uni\u00f3n Europea<\/span><\/p>\n\n\n\n<p class=\"has-text-align-center\"><span style=\"font-size: 12pt;\">Esp. Geert Quinteyn, Prof. Llobell<\/span><\/p>\n\n\n\n<p class=\"has-text-align-center\"><span style=\"font-size: 12pt;\">Coaching para Profesionales de la Log\u00edstica<\/span><\/p>\n\n\n\n<p class=\"has-text-align-center\"><span style=\"font-size: 12pt;\">Prof. F. Osta<\/span><\/p>\n\n\n\n<p class=\"has-text-align-center\"><span style=\"font-size: 12pt;\">FEM: Administraci\u00f3n del Tiempo y Conducci\u00f3n Efectiva de Equipos de Trabajo<\/span><\/p>\n\n\n\n<p class=\"has-text-align-center\"><span style=\"font-size: 12pt;\">Prof. A. Osta<\/span><\/p>\n\n\n\n<p class=\"has-text-align-center\"><span style=\"font-size: 12pt;\">Introducci\u00f3n a las Operaciones Aduaneras<\/span><\/p>\n\n\n\n<p class=\"has-text-align-center\"><span style=\"font-size: 12pt;\">Prof. A. Osta<\/span><\/p>\n\n\n\n<p class=\"has-text-align-center\"><span style=\"font-size: 12pt;\">Jornada de Log\u00edstica Empresaria<\/span><\/p>\n\n\n\n<p class=\"has-text-align-center\"><span style=\"font-size: 12pt;\">Prof. Rodr\u00edguez<\/span><\/p>\n\n\n\n<p class=\"has-text-align-center\"><span style=\"font-size: 12pt;\">Pel\u00edcula \u201cTeor\u00eda de las Restricciones\u201d<\/span><\/p>\n\n\n\n<p class=\"has-text-align-center\"><span style=\"font-size: 12pt;\">Prof. A. Osta<\/span><\/p>\n\n\n\n<p class=\"has-text-align-center\"><span style=\"font-size: 12pt;\">Exposici\u00f3n de Arte \u201cSentido de Vida\u201d<\/span><\/p>\n\n\n\n<p class=\"has-text-align-center\"><span style=\"font-size: 12pt;\">Prof. Kemec, Prof. Mathus \u2013 Biblioteca San Mart\u00edn<\/span><\/p>\n\n\n\n<p class=\"has-text-align-center\"><span style=\"font-size: 12pt;\">Visita a Dep\u00f3sito de Contenedores Interlogi<\/span><\/p>\n\n\n\n<p class=\"has-text-align-center\"><span style=\"font-size: 12pt;\">Prof. A. Osta<\/span><\/p>\n\n\n\n<p class=\"has-text-align-center\"><span style=\"font-size: 12pt;\">Historia y Caracter\u00edsticas de la Educaci\u00f3n Superior en Mendoza<\/span><\/p>\n\n\n\n<p class=\"has-text-align-center\"><span style=\"font-size: 12pt;\">Prof. A. Videla \u2013 Radio ConVos<\/span><\/p>\n\n\n\n<p class=\"has-text-align-center\"><span style=\"font-size: 12pt;\">Acompa\u00f1amiento de Trayectorias Acad\u00e9micas y Profesionalizantes para Alumnos de Log\u00edstica Empresarial<\/span><\/p>\n\n\n\n<p class=\"has-text-align-center\"><span style=\"font-size: 12pt;\">Prof. A. Osta, Prof. F Osta, Prof. Rodr\u00edguez, Prof. Guti\u00e9rrez, Prof. Gonz\u00e1lez Viescas<\/span><\/p>\n\n\n\n<p class=\"has-text-align-center\"><span style=\"font-size: 12pt;\">Acompa\u00f1amiento de Trayectorias Acad\u00e9micas para Alumnos de Artes Visuales<\/span><\/p>\n\n\n\n<p class=\"has-text-align-center\"><span style=\"font-size: 12pt;\">Prof. Papalardo<\/span><\/p>\n\n\n\n<p class=\"has-text-align-center\"><span style=\"font-size: 12pt;\">Gestiones de Localizaci\u00f3n de Inmueble Institucional<\/span><\/p>\n\n\n\n<p class=\"has-text-align-center\"><span style=\"font-size: 12pt;\">Prof. Ragazzone<\/span><\/p>\n\n\n\n<p class=\"has-text-align-center\"><span style=\"font-size: 12pt;\">Dise\u00f1o y Difusi\u00f3n de Publicidad Digital Institucional &#8211; Ciclo 2017<\/span><\/p>\n\n\n\n<p class=\"has-text-align-center\"><span style=\"font-size: 12pt;\">Prof. Llobell<\/span><\/p>\n\n\n\n<p class=\"has-text-align-center\"><span style=\"font-size: 12pt;\">Difusi\u00f3n Institucional V\u00eda Plataforma y Redes Sociales<\/span><\/p>\n\n\n\n<p class=\"has-text-align-center\"><\/p>\n","protected":false},"excerpt":{"rendered":"<p>Actividades a trav\u00e9s de la Jefatura de Formaci\u00f3n Continua 2021 C\u00cdRCULO DE LECTURA Y ESCRITURA CREATIVAS: ACTIVIDADES 2021 Estrenado el booktrailer de nuestro fanzine. Si te lo perdiste, record\u00e1 que pod\u00e9s volver a verlo en nuestro canal de YouTube: Te dejamos tambi\u00e9n el enlace de descarga de la nueva versi\u00f3n de la revista interactiva: https:\/\/drive.google.com\/file\/d\/1aa9qu4eriBmgktesyYdVm5rvLXc-XNud\/view &#8230; <a title=\"Actividades (J.F.C.)\" class=\"read-more\" href=\"https:\/\/institutodelbicentenario-infd.mendoza.edu.ar\/sitio\/actividades-j-f-c\/\" aria-label=\"More on Actividades (J.F.C.)\">[+]<\/a><\/p>\n","protected":false},"author":646,"featured_media":0,"parent":0,"menu_order":0,"comment_status":"closed","ping_status":"closed","template":"","meta":[],"acf":[],"_links":{"self":[{"href":"https:\/\/institutodelbicentenario-infd.mendoza.edu.ar\/sitio\/wp-json\/wp\/v2\/pages\/1913"}],"collection":[{"href":"https:\/\/institutodelbicentenario-infd.mendoza.edu.ar\/sitio\/wp-json\/wp\/v2\/pages"}],"about":[{"href":"https:\/\/institutodelbicentenario-infd.mendoza.edu.ar\/sitio\/wp-json\/wp\/v2\/types\/page"}],"author":[{"embeddable":true,"href":"https:\/\/institutodelbicentenario-infd.mendoza.edu.ar\/sitio\/wp-json\/wp\/v2\/users\/646"}],"replies":[{"embeddable":true,"href":"https:\/\/institutodelbicentenario-infd.mendoza.edu.ar\/sitio\/wp-json\/wp\/v2\/comments?post=1913"}],"version-history":[{"count":25,"href":"https:\/\/institutodelbicentenario-infd.mendoza.edu.ar\/sitio\/wp-json\/wp\/v2\/pages\/1913\/revisions"}],"predecessor-version":[{"id":12917,"href":"https:\/\/institutodelbicentenario-infd.mendoza.edu.ar\/sitio\/wp-json\/wp\/v2\/pages\/1913\/revisions\/12917"}],"wp:attachment":[{"href":"https:\/\/institutodelbicentenario-infd.mendoza.edu.ar\/sitio\/wp-json\/wp\/v2\/media?parent=1913"}],"curies":[{"name":"wp","href":"https:\/\/api.w.org\/{rel}","templated":true}]}}