{"id":12344,"date":"2025-09-12T19:18:48","date_gmt":"2025-09-12T22:18:48","guid":{"rendered":"https:\/\/institutodelbicentenario-infd.mendoza.edu.ar\/sitio\/?page_id=12344"},"modified":"2026-02-02T15:55:38","modified_gmt":"2026-02-02T18:55:38","slug":"viaje-educativo-uspallata","status":"publish","type":"page","link":"https:\/\/institutodelbicentenario-infd.mendoza.edu.ar\/sitio\/viaje-educativo-uspallata\/","title":{"rendered":"Viaje Educativo Uspallata"},"content":{"rendered":"<div class=\"wp-block-image\">\n<figure class=\"aligncenter size-full is-resized\"><img decoding=\"async\" loading=\"lazy\" src=\"https:\/\/institutodelbicentenario-infd.mendoza.edu.ar\/sitio\/wp-content\/uploads\/2025\/10\/image.png\" alt=\"\" class=\"wp-image-12558\" width=\"278\" height=\"278\"\/><\/figure><\/div>\n\n\n<p class=\"has-text-align-center\">Informes e inscripci\u00f3n:<a rel=\"noreferrer noopener\" href=\"https:\/\/forms.gle\/sDAvGKQBMeDYWqLV8\" target=\"_blank\"> <\/a>Inscripciones 2025 cerradas.<\/p>\n\n\n\n<p class=\"has-text-align-center\">Contacto:&nbsp;<a rel=\"noreferrer noopener\" href=\"mailto:9030formacioncontinua@gmail.com\" target=\"_blank\">9030formacioncontinua@gmail.com<\/a><\/p>\n\n\n\n<p class=\"has-text-align-center\"><a rel=\"noreferrer noopener\" href=\"https:\/\/institutodelbicentenario-infd.mendoza.edu.ar\/sitio\/formacion-continua\/\" target=\"_blank\"><strong>Jefatura de Formaci\u00f3n Continua<\/strong><\/a><\/p>\n\n\n\n<p class=\"has-text-align-center\"><a href=\"https:\/\/www.facebook.com\/hashtag\/isfdyt9030?__eep__=6&amp;__cft__%5b0%5d=AZUAeS2qce_O__6ax4kGqAHbwvxa_6RmNTOc3B8Gz8JEBOUO-S0BKSt6r7jSxIPjJiGjJfpxX5yHEn3zYOwL7s8VoNgtSv43O_a5bq-Sti_8MmbUwfbmDs1Skukl7lDnDrE&amp;__tn__=*NK-R\">#isfdyt9030<\/a><\/p>\n\n\n\n<p class=\"has-text-align-center\"><a href=\"https:\/\/www.facebook.com\/hashtag\/institutodelbicentenario?__eep__=6&amp;__cft__%5b0%5d=AZUAeS2qce_O__6ax4kGqAHbwvxa_6RmNTOc3B8Gz8JEBOUO-S0BKSt6r7jSxIPjJiGjJfpxX5yHEn3zYOwL7s8VoNgtSv43O_a5bq-Sti_8MmbUwfbmDs1Skukl7lDnDrE&amp;__tn__=*NK-R\">#institutodelbicentenario<\/a><\/p>\n\n\n\n<p class=\"has-text-align-center\"><a href=\"https:\/\/www.facebook.com\/hashtag\/educacionsuperior?__eep__=6&amp;__cft__%5b0%5d=AZUAeS2qce_O__6ax4kGqAHbwvxa_6RmNTOc3B8Gz8JEBOUO-S0BKSt6r7jSxIPjJiGjJfpxX5yHEn3zYOwL7s8VoNgtSv43O_a5bq-Sti_8MmbUwfbmDs1Skukl7lDnDrE&amp;__tn__=*NK-R\">#educacionsuperior<\/a><\/p>\n\n\n\n<p class=\"has-text-align-center\"><a href=\"https:\/\/www.facebook.com\/hashtag\/somoseducaci%C3%B3nsuperior?__eep__=6&amp;__cft__[0]=AZWXeYGKvRGpc2EUc9_2HUB56pQRQxwNi_EwogXjY14uDUOkUXaPNoQ2NfioHuyrGkBwSWyo5yZ7mWSlmzJ5APcpKfhDVsk8F5HTE5IAAzt6G3WsRaymNtXHZXmCymGnHHcMzcvxxkRNv5aiZWoCF7jT3S8bwA3qcbMBLSOW206gQkki6jo4nubj3ZuZRYgOzIs&amp;__tn__=*NK-R\" target=\"_blank\" rel=\"noreferrer noopener\">#somoseducaci\u00f3nsuperior<\/a><\/p>\n","protected":false},"excerpt":{"rendered":"<p>Informes e inscripci\u00f3n: Inscripciones 2025 cerradas. Contacto:&nbsp;9030formacioncontinua@gmail.com Jefatura de Formaci\u00f3n Continua #isfdyt9030 #institutodelbicentenario #educacionsuperior #somoseducaci\u00f3nsuperior<\/p>\n","protected":false},"author":646,"featured_media":0,"parent":0,"menu_order":0,"comment_status":"closed","ping_status":"closed","template":"","meta":[],"acf":[],"_links":{"self":[{"href":"https:\/\/institutodelbicentenario-infd.mendoza.edu.ar\/sitio\/wp-json\/wp\/v2\/pages\/12344"}],"collection":[{"href":"https:\/\/institutodelbicentenario-infd.mendoza.edu.ar\/sitio\/wp-json\/wp\/v2\/pages"}],"about":[{"href":"https:\/\/institutodelbicentenario-infd.mendoza.edu.ar\/sitio\/wp-json\/wp\/v2\/types\/page"}],"author":[{"embeddable":true,"href":"https:\/\/institutodelbicentenario-infd.mendoza.edu.ar\/sitio\/wp-json\/wp\/v2\/users\/646"}],"replies":[{"embeddable":true,"href":"https:\/\/institutodelbicentenario-infd.mendoza.edu.ar\/sitio\/wp-json\/wp\/v2\/comments?post=12344"}],"version-history":[{"count":8,"href":"https:\/\/institutodelbicentenario-infd.mendoza.edu.ar\/sitio\/wp-json\/wp\/v2\/pages\/12344\/revisions"}],"predecessor-version":[{"id":12880,"href":"https:\/\/institutodelbicentenario-infd.mendoza.edu.ar\/sitio\/wp-json\/wp\/v2\/pages\/12344\/revisions\/12880"}],"wp:attachment":[{"href":"https:\/\/institutodelbicentenario-infd.mendoza.edu.ar\/sitio\/wp-json\/wp\/v2\/media?parent=12344"}],"curies":[{"name":"wp","href":"https:\/\/api.w.org\/{rel}","templated":true}]}}