{"id":12017,"date":"2025-06-23T09:36:14","date_gmt":"2025-06-23T12:36:14","guid":{"rendered":"https:\/\/institutodelbicentenario-infd.mendoza.edu.ar\/sitio\/?page_id=12017"},"modified":"2026-02-02T15:57:18","modified_gmt":"2026-02-02T18:57:18","slug":"inscripcion-a-mesas","status":"publish","type":"page","link":"https:\/\/institutodelbicentenario-infd.mendoza.edu.ar\/sitio\/inscripcion-a-mesas\/","title":{"rendered":"Inscripci\u00f3n a mesas"},"content":{"rendered":"\n<p class=\"has-text-align-center\"><strong>Inscripci\u00f3n a Mesas<\/strong><\/p>\n\n\n\n<p class=\"has-text-align-center\">MESAS EXTRAORDINARIAS SEPTIEMBRE<\/p>\n\n\n\n<p class=\"has-text-align-center\">Se comunica a la comunidad educativa que las mesas examinadoras se realizar\u00e1n la semana del 29 de septiembre.<\/p>\n\n\n\n<p class=\"has-text-align-center\">Las inscripciones estar\u00e1n abiertas el 16, 17 y 18\/09 a trav\u00e9s del Sistema DES: <a rel=\"noreferrer noopener\" href=\"https:\/\/dti.mendoza.edu.ar\/superior\/alumnos\/public\/\" target=\"_blank\">https:\/\/dti.mendoza.edu.ar\/superior\/alumnos\/public\/<\/a><\/p>\n\n\n\n<p class=\"has-text-align-center\">El cronograma de mesas ser\u00e1 publicado el jueves 24\/09.<\/p>\n\n\n<div class=\"wp-block-image\">\n<figure class=\"aligncenter size-full is-resized\"><img decoding=\"async\" loading=\"lazy\" src=\"https:\/\/institutodelbicentenario-infd.mendoza.edu.ar\/sitio\/wp-content\/uploads\/2025\/09\/WhatsApp-Image-2025-09-15-at-11.09.58.jpeg\" alt=\"\" class=\"wp-image-12424\" width=\"327\" height=\"327\" srcset=\"https:\/\/institutodelbicentenario-infd.mendoza.edu.ar\/sitio\/wp-content\/uploads\/2025\/09\/WhatsApp-Image-2025-09-15-at-11.09.58.jpeg 1080w, https:\/\/institutodelbicentenario-infd.mendoza.edu.ar\/sitio\/wp-content\/uploads\/2025\/09\/WhatsApp-Image-2025-09-15-at-11.09.58-1000x1000.jpeg 1000w, https:\/\/institutodelbicentenario-infd.mendoza.edu.ar\/sitio\/wp-content\/uploads\/2025\/09\/WhatsApp-Image-2025-09-15-at-11.09.58-500x500.jpeg 500w, https:\/\/institutodelbicentenario-infd.mendoza.edu.ar\/sitio\/wp-content\/uploads\/2025\/09\/WhatsApp-Image-2025-09-15-at-11.09.58-768x768.jpeg 768w\" sizes=\"(max-width: 327px) 100vw, 327px\" \/><\/figure><\/div>\n\n\n<p class=\"has-text-align-center\"><strong>Regencia<\/strong><\/p>\n\n\n\n<p class=\"has-text-align-center\"><a href=\"https:\/\/www.facebook.com\/hashtag\/isfdyt9030?__eep__=6&amp;__cft__%5b0%5d=AZUAeS2qce_O__6ax4kGqAHbwvxa_6RmNTOc3B8Gz8JEBOUO-S0BKSt6r7jSxIPjJiGjJfpxX5yHEn3zYOwL7s8VoNgtSv43O_a5bq-Sti_8MmbUwfbmDs1Skukl7lDnDrE&amp;__tn__=*NK-R\">#isfdyt9030<\/a><\/p>\n\n\n\n<p class=\"has-text-align-center\"><a href=\"https:\/\/www.facebook.com\/hashtag\/institutodelbicentenario?__eep__=6&amp;__cft__%5b0%5d=AZUAeS2qce_O__6ax4kGqAHbwvxa_6RmNTOc3B8Gz8JEBOUO-S0BKSt6r7jSxIPjJiGjJfpxX5yHEn3zYOwL7s8VoNgtSv43O_a5bq-Sti_8MmbUwfbmDs1Skukl7lDnDrE&amp;__tn__=*NK-R\">#institutodelbicentenario<\/a><\/p>\n\n\n\n<p class=\"has-text-align-center\"><a href=\"https:\/\/www.facebook.com\/hashtag\/educacionsuperior?__eep__=6&amp;__cft__%5b0%5d=AZUAeS2qce_O__6ax4kGqAHbwvxa_6RmNTOc3B8Gz8JEBOUO-S0BKSt6r7jSxIPjJiGjJfpxX5yHEn3zYOwL7s8VoNgtSv43O_a5bq-Sti_8MmbUwfbmDs1Skukl7lDnDrE&amp;__tn__=*NK-R\">#educacionsuperior<\/a><\/p>\n\n\n\n<p class=\"has-text-align-center\"><a href=\"https:\/\/www.facebook.com\/hashtag\/somoseducaci%C3%B3nsuperior?__eep__=6&amp;__cft__[0]=AZWXeYGKvRGpc2EUc9_2HUB56pQRQxwNi_EwogXjY14uDUOkUXaPNoQ2NfioHuyrGkBwSWyo5yZ7mWSlmzJ5APcpKfhDVsk8F5HTE5IAAzt6G3WsRaymNtXHZXmCymGnHHcMzcvxxkRNv5aiZWoCF7jT3S8bwA3qcbMBLSOW206gQkki6jo4nubj3ZuZRYgOzIs&amp;__tn__=*NK-R\">#SomosEducaci\u00f3nSuperior<\/a><\/p>\n","protected":false},"excerpt":{"rendered":"<p>Inscripci\u00f3n a Mesas MESAS EXTRAORDINARIAS SEPTIEMBRE Se comunica a la comunidad educativa que las mesas examinadoras se realizar\u00e1n la semana del 29 de septiembre. Las inscripciones estar\u00e1n abiertas el 16, 17 y 18\/09 a trav\u00e9s del Sistema DES: https:\/\/dti.mendoza.edu.ar\/superior\/alumnos\/public\/ El cronograma de mesas ser\u00e1 publicado el jueves 24\/09. Regencia #isfdyt9030 #institutodelbicentenario #educacionsuperior #SomosEducaci\u00f3nSuperior<\/p>\n","protected":false},"author":646,"featured_media":0,"parent":0,"menu_order":0,"comment_status":"closed","ping_status":"closed","template":"","meta":[],"acf":[],"_links":{"self":[{"href":"https:\/\/institutodelbicentenario-infd.mendoza.edu.ar\/sitio\/wp-json\/wp\/v2\/pages\/12017"}],"collection":[{"href":"https:\/\/institutodelbicentenario-infd.mendoza.edu.ar\/sitio\/wp-json\/wp\/v2\/pages"}],"about":[{"href":"https:\/\/institutodelbicentenario-infd.mendoza.edu.ar\/sitio\/wp-json\/wp\/v2\/types\/page"}],"author":[{"embeddable":true,"href":"https:\/\/institutodelbicentenario-infd.mendoza.edu.ar\/sitio\/wp-json\/wp\/v2\/users\/646"}],"replies":[{"embeddable":true,"href":"https:\/\/institutodelbicentenario-infd.mendoza.edu.ar\/sitio\/wp-json\/wp\/v2\/comments?post=12017"}],"version-history":[{"count":18,"href":"https:\/\/institutodelbicentenario-infd.mendoza.edu.ar\/sitio\/wp-json\/wp\/v2\/pages\/12017\/revisions"}],"predecessor-version":[{"id":13058,"href":"https:\/\/institutodelbicentenario-infd.mendoza.edu.ar\/sitio\/wp-json\/wp\/v2\/pages\/12017\/revisions\/13058"}],"wp:attachment":[{"href":"https:\/\/institutodelbicentenario-infd.mendoza.edu.ar\/sitio\/wp-json\/wp\/v2\/media?parent=12017"}],"curies":[{"name":"wp","href":"https:\/\/api.w.org\/{rel}","templated":true}]}}