{"id":11690,"date":"2025-04-23T11:07:47","date_gmt":"2025-04-23T14:07:47","guid":{"rendered":"https:\/\/institutodelbicentenario-infd.mendoza.edu.ar\/sitio\/?page_id=11690"},"modified":"2026-04-15T09:09:26","modified_gmt":"2026-04-15T12:09:26","slug":"estrategias-360","status":"publish","type":"page","link":"https:\/\/institutodelbicentenario-infd.mendoza.edu.ar\/sitio\/estrategias-360\/","title":{"rendered":"Estrategias 360"},"content":{"rendered":"<div class=\"wp-block-image\">\n<figure class=\"aligncenter size-full is-resized\"><img decoding=\"async\" loading=\"lazy\" src=\"https:\/\/institutodelbicentenario-infd.mendoza.edu.ar\/sitio\/wp-content\/uploads\/2026\/04\/Flyer-360-3era-cohorte-.png\" alt=\"\" class=\"wp-image-13396\" width=\"393\" height=\"393\" srcset=\"https:\/\/institutodelbicentenario-infd.mendoza.edu.ar\/sitio\/wp-content\/uploads\/2026\/04\/Flyer-360-3era-cohorte-.png 1080w, https:\/\/institutodelbicentenario-infd.mendoza.edu.ar\/sitio\/wp-content\/uploads\/2026\/04\/Flyer-360-3era-cohorte--1000x1000.png 1000w, https:\/\/institutodelbicentenario-infd.mendoza.edu.ar\/sitio\/wp-content\/uploads\/2026\/04\/Flyer-360-3era-cohorte--500x500.png 500w, https:\/\/institutodelbicentenario-infd.mendoza.edu.ar\/sitio\/wp-content\/uploads\/2026\/04\/Flyer-360-3era-cohorte--768x768.png 768w\" sizes=\"(max-width: 393px) 100vw, 393px\" \/><\/figure><\/div>\n\n\n<p class=\"has-text-align-center\"><strong>INSCRIPCIONES 2026 ABIERTAS<\/strong><\/p>\n\n\n\n<p class=\"has-text-align-center\">Informaci\u00f3n de carga horaria, Modalidad, Requisitos, costos, medios de pago e inscripci\u00f3n:&nbsp;<\/p>\n\n\n\n<p class=\"has-text-align-center\"><a href=\"https:\/\/forms.gle\/azUv9SNoSZa6rBWu5\">https:\/\/forms.gle\/azUv9SNoSZa6rBWu5<\/a><\/p>\n\n\n\n<p class=\"has-text-align-center\">Contacto:&nbsp;<a rel=\"noreferrer noopener\" href=\"mailto:9030formacioncontinua@gmail.com\" target=\"_blank\">9030formacioncontinua@gmail.com<\/a><\/p>\n\n\n\n<p class=\"has-text-align-center\"><strong>Resoluci\u00f3n:&nbsp;<\/strong><a href=\"https:\/\/institutodelbicentenario-infd.mendoza.edu.ar\/sitio\/wp-content\/uploads\/2026\/04\/RS-2024-04864648-GDEMZA-CGESDGE.pdf\" data-type=\"URL\" data-id=\"https:\/\/institutodelbicentenario-infd.mendoza.edu.ar\/sitio\/wp-content\/uploads\/2026\/04\/RS-2024-04864648-GDEMZA-CGESDGE.pdf\" target=\"_blank\" rel=\"noreferrer noopener\">RESOL. 2024-145-E-GDEMZA-DGE<\/a><\/p>\n\n\n\n<p class=\"has-text-align-center\">Lugar de cursado de encuentros presenciales:<a href=\"https:\/\/institutodelbicentenario-infd.mendoza.edu.ar\/sitio\/ubicacion\/\" target=\"_blank\" rel=\"noreferrer noopener\">&nbsp;Sede Central<\/a><\/p>\n\n\n\n<p class=\"has-text-align-center\"><a href=\"https:\/\/institutodelbicentenario-infd.mendoza.edu.ar\/sitio\/formacion-continua\/\" target=\"_blank\" rel=\"noreferrer noopener\"><strong>Jefatura de Formaci\u00f3n Continua<\/strong><\/a><\/p>\n\n\n\n<p class=\"has-text-align-center\"><a href=\"https:\/\/www.facebook.com\/hashtag\/isfdyt9030?__eep__=6&amp;__cft__%5b0%5d=AZUAeS2qce_O__6ax4kGqAHbwvxa_6RmNTOc3B8Gz8JEBOUO-S0BKSt6r7jSxIPjJiGjJfpxX5yHEn3zYOwL7s8VoNgtSv43O_a5bq-Sti_8MmbUwfbmDs1Skukl7lDnDrE&amp;__tn__=*NK-R\">#isfdyt9030<\/a><\/p>\n\n\n\n<p class=\"has-text-align-center\"><a href=\"https:\/\/www.facebook.com\/hashtag\/institutodelbicentenario?__eep__=6&amp;__cft__%5b0%5d=AZUAeS2qce_O__6ax4kGqAHbwvxa_6RmNTOc3B8Gz8JEBOUO-S0BKSt6r7jSxIPjJiGjJfpxX5yHEn3zYOwL7s8VoNgtSv43O_a5bq-Sti_8MmbUwfbmDs1Skukl7lDnDrE&amp;__tn__=*NK-R\">#institutodelbicentenario<\/a><\/p>\n\n\n\n<p class=\"has-text-align-center\"><a href=\"https:\/\/www.facebook.com\/hashtag\/educacionsuperior?__eep__=6&amp;__cft__%5b0%5d=AZUAeS2qce_O__6ax4kGqAHbwvxa_6RmNTOc3B8Gz8JEBOUO-S0BKSt6r7jSxIPjJiGjJfpxX5yHEn3zYOwL7s8VoNgtSv43O_a5bq-Sti_8MmbUwfbmDs1Skukl7lDnDrE&amp;__tn__=*NK-R\">#educacionsuperior<\/a><\/p>\n\n\n\n<p class=\"has-text-align-center\"><a href=\"https:\/\/www.facebook.com\/hashtag\/somoseducaci%C3%B3nsuperior?__eep__=6&amp;__cft__[0]=AZWXeYGKvRGpc2EUc9_2HUB56pQRQxwNi_EwogXjY14uDUOkUXaPNoQ2NfioHuyrGkBwSWyo5yZ7mWSlmzJ5APcpKfhDVsk8F5HTE5IAAzt6G3WsRaymNtXHZXmCymGnHHcMzcvxxkRNv5aiZWoCF7jT3S8bwA3qcbMBLSOW206gQkki6jo4nubj3ZuZRYgOzIs&amp;__tn__=*NK-R\">#SomosEducaci\u00f3nSuperior<\/a><\/p>\n","protected":false},"excerpt":{"rendered":"<p>INSCRIPCIONES 2026 ABIERTAS Informaci\u00f3n de carga horaria, Modalidad, Requisitos, costos, medios de pago e inscripci\u00f3n:&nbsp; https:\/\/forms.gle\/azUv9SNoSZa6rBWu5 Contacto:&nbsp;9030formacioncontinua@gmail.com Resoluci\u00f3n:&nbsp;RESOL. 2024-145-E-GDEMZA-DGE Lugar de cursado de encuentros presenciales:&nbsp;Sede Central Jefatura de Formaci\u00f3n Continua #isfdyt9030 #institutodelbicentenario #educacionsuperior #SomosEducaci\u00f3nSuperior<\/p>\n","protected":false},"author":646,"featured_media":0,"parent":0,"menu_order":0,"comment_status":"closed","ping_status":"closed","template":"","meta":[],"acf":[],"_links":{"self":[{"href":"https:\/\/institutodelbicentenario-infd.mendoza.edu.ar\/sitio\/wp-json\/wp\/v2\/pages\/11690"}],"collection":[{"href":"https:\/\/institutodelbicentenario-infd.mendoza.edu.ar\/sitio\/wp-json\/wp\/v2\/pages"}],"about":[{"href":"https:\/\/institutodelbicentenario-infd.mendoza.edu.ar\/sitio\/wp-json\/wp\/v2\/types\/page"}],"author":[{"embeddable":true,"href":"https:\/\/institutodelbicentenario-infd.mendoza.edu.ar\/sitio\/wp-json\/wp\/v2\/users\/646"}],"replies":[{"embeddable":true,"href":"https:\/\/institutodelbicentenario-infd.mendoza.edu.ar\/sitio\/wp-json\/wp\/v2\/comments?post=11690"}],"version-history":[{"count":30,"href":"https:\/\/institutodelbicentenario-infd.mendoza.edu.ar\/sitio\/wp-json\/wp\/v2\/pages\/11690\/revisions"}],"predecessor-version":[{"id":13413,"href":"https:\/\/institutodelbicentenario-infd.mendoza.edu.ar\/sitio\/wp-json\/wp\/v2\/pages\/11690\/revisions\/13413"}],"wp:attachment":[{"href":"https:\/\/institutodelbicentenario-infd.mendoza.edu.ar\/sitio\/wp-json\/wp\/v2\/media?parent=11690"}],"curies":[{"name":"wp","href":"https:\/\/api.w.org\/{rel}","templated":true}]}}