{"id":11200,"date":"2024-09-30T18:45:06","date_gmt":"2024-09-30T21:45:06","guid":{"rendered":"https:\/\/institutodelbicentenario-infd.mendoza.edu.ar\/sitio\/?page_id=11200"},"modified":"2026-03-26T10:26:02","modified_gmt":"2026-03-26T13:26:02","slug":"profesorado-de-teatro","status":"publish","type":"page","link":"https:\/\/institutodelbicentenario-infd.mendoza.edu.ar\/sitio\/profesorado-de-teatro\/","title":{"rendered":"Profesorado de Teatro"},"content":{"rendered":"\n<p class=\"has-text-align-center\"><strong>Profesorado de Teatro<\/strong><\/p>\n\n\n\n<p class=\"has-text-align-center\">&#x1f449;<strong><a rel=\"noreferrer noopener\" href=\"https:\/\/institutodelbicentenario-infd.mendoza.edu.ar\/sitio\/inscripciones-abiertas\/\" data-type=\"URL\" data-id=\"https:\/\/institutodelbicentenario-infd.mendoza.edu.ar\/sitio\/inscripciones-abiertas\/\" target=\"_blank\">INSCRIPCIONES AQU\u00cd<\/a><\/strong>&#x1f448;<\/p>\n\n\n\n<p class=\"has-text-align-left\"><em><strong>Caracter\u00edsticas:<\/strong><\/em><br>Carrera: gratuita. Cursado: semipresencial. Duraci\u00f3n: 4 a\u00f1os. T\u00edtulo: de grado. Validez: Nacional. Sede, turno y horarios de cursado:&nbsp;<a rel=\"noreferrer noopener\" href=\"https:\/\/institutodelbicentenario-infd.mendoza.edu.ar\/sitio\/hc\/\" target=\"_blank\">Aqu\u00ed<\/a>. Ubicaci\u00f3n de Sedes:&nbsp;<a rel=\"noreferrer noopener\" href=\"https:\/\/institutodelbicentenario-infd.mendoza.edu.ar\/sitio\/ubicacion\/\" target=\"_blank\">Aqu\u00ed<\/a>. Inscripciones:&nbsp;<a rel=\"noreferrer noopener\" href=\"https:\/\/institutodelbicentenario-infd.mendoza.edu.ar\/sitio\/inscripciones-abiertas\/\" target=\"_blank\">Aqu\u00ed<\/a><a rel=\"noreferrer noopener\" href=\"https:\/\/institutodelbicentenario-infd.mendoza.edu.ar\/sitio\/ia\/\" target=\"_blank\">.<\/a><\/p>\n\n\n\n<p class=\"has-text-align-center\"><strong><a href=\"https:\/\/institutodelbicentenario-infd.mendoza.edu.ar\/sitio\/wp-content\/uploads\/2026\/03\/Disen%CC%83o-curricular-Profesorado-Teatro-2026.pdf\" data-type=\"URL\" data-id=\"https:\/\/institutodelbicentenario-infd.mendoza.edu.ar\/sitio\/wp-content\/uploads\/2026\/03\/Disen%CC%83o-curricular-Profesorado-Teatro-2026.pdf\" target=\"_blank\" rel=\"noreferrer noopener\">Plan de estudios<\/a><\/strong><\/p>\n\n\n\n<p><em><strong>Misi\u00f3n:<\/strong><\/em><br>Desde nuestra instituci\u00f3n buscamos formar Profesores y Profesoras de Teatro capaces de desempe\u00f1arse en la ense\u00f1anza del teatro con una perspectiva cr\u00edtica, reflexiva y comprometida socialmente, respetando la diversidad cultural y ling\u00fc\u00edstica de los sujetos y contextos en los que intervienen. Buscamos formar profesionales esc\u00e9nicos capaces de utilizar Plataformas Digitales para producir contenido digital de calidad.<br>La formaci\u00f3n del Profesorado de Teatro se propone desplegar pr\u00e1cticas contextualizadas con fundamentos te\u00f3ricos s\u00f3lidos, creatividad, innovaci\u00f3n y compromiso social. Ofrece un desarrollo equilibrado entre formaci\u00f3n pedag\u00f3gica, espec\u00edfica y pr\u00e1ctica profesional docente, incorporando aportes de diversas disciplinas. As\u00ed mismo, desarrollar habilidades y actitudes para una praxis art\u00edstico-teatral que promueva una docencia \u00e9tica, cr\u00edtica y eficiente, reconociendo a la educaci\u00f3n teatral como un derecho y un deber social.<br>Por su parte, estimula la cooperaci\u00f3n, el trabajo en red y grupal, y la formaci\u00f3n de ciudadanos\/as comprometidos con la detecci\u00f3n y soluci\u00f3n de problemas en distintos contextos desde el aporte del teatro. Y favorecer en futuros\/as docentes la construcci\u00f3n de una identidad profesional clara, mediante el an\u00e1lisis de fundamentos pol\u00edticos, sociol\u00f3gicos, epistemol\u00f3gicos, pedag\u00f3gicos, psicol\u00f3gicos y did\u00e1cticos que atraviesan la ense\u00f1anza y el aprendizaje en el campo teatral.<\/p>\n\n\n\n<p><em><strong>Descripci\u00f3n:<\/strong><\/em><br>En el perfil del egresado se destaca la necesidad de resignificar la profesi\u00f3n docente para garantizar desempe\u00f1os adecuados ante la diversidad de contextos y sujetos, comprendiendo la docencia como pr\u00e1ctica de mediaci\u00f3n cultural reflexiva que favorezca aprendizajes significativos y el fortalecimiento de procesos democr\u00e1ticos.<br>Se concibe la tarea docente en teatro como una pr\u00e1ctica profesional institucionalizada que requiere autonom\u00eda, responsabilidad, trabajo en equipo, autoridad pedag\u00f3gica leg\u00edtima, capacidad de adaptaci\u00f3n al contexto sociocultural y compromiso con la formaci\u00f3n integral de los\/as estudiantes.<\/p>\n\n\n\n<p><em><strong>D\u00f3nde trabajar:<\/strong><\/em><br>El\/la Profesor\/a de Teatro podr\u00e1 desempe\u00f1arse como docente en Instituciones educativas p\u00fablicas y privadas de nivel inicial, primario y secundario. En Proyectos de educaci\u00f3n no formal en espacios comunitarios, culturales, sociales y art\u00edsticos. Talleres, programas y actividades teatrales en \u00e1mbitos municipales, provinciales o nacionales. Organizaciones no gubernamentales, centros culturales y otros espacios que promuevan el desarrollo art\u00edstico y cultural.<\/p>\n\n\n\n<p class=\"has-text-align-center\"><strong>M\u00e1s informaci\u00f3n<\/strong><\/p>\n\n\n\n<figure class=\"wp-block-table\"><table><tbody><tr><td class=\"has-text-align-center\" data-align=\"center\"><a href=\"https:\/\/institutodelbicentenario-infd.mendoza.edu.ar\/sitio\/preguntas-frecuentes\/\">Preguntas frecuentes<\/a><\/td><td class=\"has-text-align-center\" data-align=\"center\"><a href=\"https:\/\/institutodelbicentenario-infd.mendoza.edu.ar\/sitio\/informacion-institucional\/\">Informaci\u00f3n Institucional<\/a><\/td><\/tr><tr><td class=\"has-text-align-center\" data-align=\"center\"><a href=\"https:\/\/institutodelbicentenario-infd.mendoza.edu.ar\/sitio\/pases-y-equivalencias\/\">Pases, equivalencias<\/a><\/td><td class=\"has-text-align-center\" data-align=\"center\"><a href=\"https:\/\/institutodelbicentenario-infd.mendoza.edu.ar\/sitio\/ambientacion\/\">Ambientaci\u00f3n<\/a><\/td><\/tr><tr><td class=\"has-text-align-center\" data-align=\"center\"><a href=\"https:\/\/institutodelbicentenario-infd.mendoza.edu.ar\/sitio\/reinscripcion\/\">Reinscripci\u00f3n<\/a><\/td><td class=\"has-text-align-center\" data-align=\"center\"><a href=\"https:\/\/institutodelbicentenario-infd.mendoza.edu.ar\/sitio\/ambientacion\/\">Cuadernillos de ambientaci\u00f3n<\/a><\/td><\/tr><tr><td class=\"has-text-align-center\" data-align=\"center\"><a href=\"https:\/\/institutodelbicentenario-infd.mendoza.edu.ar\/sitio\/adeudo-materias-del-secundario\/\">Adeudo materias del secundario<\/a><\/td><td class=\"has-text-align-center\" data-align=\"center\"><a href=\"https:\/\/institutodelbicentenario-infd.mendoza.edu.ar\/sitio\/becas-progresar\/\">Becas Progresar<\/a><\/td><\/tr><tr><td class=\"has-text-align-center\" data-align=\"center\"><a href=\"https:\/\/institutodelbicentenario-infd.mendoza.edu.ar\/sitio\/articulo-7\/\">Secundario Incompleto (Art.7)<\/a><\/td><td class=\"has-text-align-center\" data-align=\"center\"><a href=\"https:\/\/institutodelbicentenario-infd.mendoza.edu.ar\/sitio\/autoridades\/\">Autoridades<\/a><\/td><\/tr><tr><td class=\"has-text-align-center\" data-align=\"center\"><a href=\"https:\/\/institutodelbicentenario-infd.mendoza.edu.ar\/sitio\/ubicacion\/\" target=\"_blank\" rel=\"noreferrer noopener\">Ubicaci\u00f3n de Sedes<\/a><\/td><td class=\"has-text-align-center\" data-align=\"center\"><a href=\"https:\/\/institutodelbicentenario-infd.mendoza.edu.ar\/sitio\/abonos\/\">Abonos<\/a><\/td><\/tr><tr><td class=\"has-text-align-center\" data-align=\"center\"><a href=\"https:\/\/institutodelbicentenario-infd.mendoza.edu.ar\/sitio\/informacion-institucional\/\">Tel\u00e9fonos<\/a><\/td><td class=\"has-text-align-center\" data-align=\"center\"><a href=\"https:\/\/www.facebook.com\/I.S.F.D.T.9030.Del.Bicentenario\/\">Facebook<\/a><\/td><\/tr><tr><td class=\"has-text-align-center\" data-align=\"center\"><a href=\"https:\/\/institutodelbicentenario-infd.mendoza.edu.ar\/sitio\/informacion-institucional\/\">Horarios de&nbsp;<\/a><a href=\"https:\/\/institutodelbicentenario-infd.mendoza.edu.ar\/sitio\/informacion-institucional\/\" target=\"_blank\" rel=\"noreferrer noopener\">cursado<\/a><\/td><td class=\"has-text-align-center\" data-align=\"center\"><a href=\"https:\/\/www.instagram.com\/isfdyt9030\/?hl=es-la\">Instagram<\/a><\/td><\/tr><tr><td class=\"has-text-align-center\" data-align=\"center\"><a href=\"https:\/\/institutodelbicentenario-infd.mendoza.edu.ar\/sitio\/informacion-institucional\/\">Horarios de<\/a><a href=\"https:\/\/institutodelbicentenario-infd.mendoza.edu.ar\/sitio\/informacion-institucional\/\">&nbsp;atenci\u00f3n<\/a><\/td><td class=\"has-text-align-center\" data-align=\"center\"><a href=\"https:\/\/institutodelbicentenario-infd.mendoza.edu.ar\/sitio\/contacto\/\" target=\"_blank\" rel=\"noreferrer noopener\">Consultas<\/a><\/td><\/tr><\/tbody><\/table><\/figure>\n\n\n\n<p class=\"has-text-align-center\"><a href=\"https:\/\/www.facebook.com\/hashtag\/isfdyt9030?source=feed_text&amp;epa=HASHTAG&amp;__xts__%5B0%5D=68.ARDZRNqp34i-UCDPmbTQABQan4iwdXwA1l28Hwl36yeXd8aZacM1sS4gSlaLtiMZwd7KKfCP8fP8Q35zfJPpnIAltLra5wrowNXVhoEa-BHarZ9s1po2oUr7oIiCekKekLjhiQwY-i9oCmZRyrCWxRJbXU4-n-qqOfeXMfLZYZQkNrsn3NT-67r4ypbonnJg5EzLHU4_Ny0TUPsuuPh6LRtRJRwuEEEvZhomxOqzyAQghy6xd9v4W2IbvGb9W7NXBna4SKArxrOcPw_1HYWEoJ06ktBQKR1j_i1tqDShpQfBtEwrgVibb_KBu4dW-zys8b1FggR7mcJmveMDRqp2gFLJUarO&amp;__tn__=%2ANK-R\" target=\"_blank\" rel=\"noreferrer noopener\">#isfdyt9030<\/a><\/p>\n\n\n\n<p class=\"has-text-align-center\"><a href=\"https:\/\/www.facebook.com\/hashtag\/isfdyt9030?source=feed_text&amp;epa=HASHTAG&amp;__xts__%5B0%5D=68.ARDZRNqp34i-UCDPmbTQABQan4iwdXwA1l28Hwl36yeXd8aZacM1sS4gSlaLtiMZwd7KKfCP8fP8Q35zfJPpnIAltLra5wrowNXVhoEa-BHarZ9s1po2oUr7oIiCekKekLjhiQwY-i9oCmZRyrCWxRJbXU4-n-qqOfeXMfLZYZQkNrsn3NT-67r4ypbonnJg5EzLHU4_Ny0TUPsuuPh6LRtRJRwuEEEvZhomxOqzyAQghy6xd9v4W2IbvGb9W7NXBna4SKArxrOcPw_1HYWEoJ06ktBQKR1j_i1tqDShpQfBtEwrgVibb_KBu4dW-zys8b1FggR7mcJmveMDRqp2gFLJUarO&amp;__tn__=%2ANK-R\" target=\"_blank\" rel=\"noreferrer noopener\">#institutodelbicentenario<\/a><\/p>\n\n\n\n<p class=\"has-text-align-center\"><a rel=\"noreferrer noopener\" href=\"https:\/\/www.facebook.com\/hashtag\/educasionsuperior\" target=\"_blank\"><\/a><a rel=\"noreferrer noopener\" href=\"https:\/\/www.facebook.com\/hashtag\/educasionsuperior\" target=\"_blank\">#educacionsuperior<\/a><\/p>\n","protected":false},"excerpt":{"rendered":"<p>Profesorado de Teatro &#x1f449;INSCRIPCIONES AQU\u00cd&#x1f448; Caracter\u00edsticas:Carrera: gratuita. Cursado: semipresencial. Duraci\u00f3n: 4 a\u00f1os. T\u00edtulo: de grado. Validez: Nacional. Sede, turno y horarios de cursado:&nbsp;Aqu\u00ed. Ubicaci\u00f3n de Sedes:&nbsp;Aqu\u00ed. Inscripciones:&nbsp;Aqu\u00ed. Plan de estudios Misi\u00f3n:Desde nuestra instituci\u00f3n buscamos formar Profesores y Profesoras de Teatro capaces de desempe\u00f1arse en la ense\u00f1anza del teatro con una perspectiva cr\u00edtica, reflexiva y comprometida &#8230; <a title=\"Profesorado de Teatro\" class=\"read-more\" href=\"https:\/\/institutodelbicentenario-infd.mendoza.edu.ar\/sitio\/profesorado-de-teatro\/\" aria-label=\"More on Profesorado de Teatro\">[+]<\/a><\/p>\n","protected":false},"author":646,"featured_media":0,"parent":0,"menu_order":0,"comment_status":"closed","ping_status":"closed","template":"","meta":[],"acf":[],"_links":{"self":[{"href":"https:\/\/institutodelbicentenario-infd.mendoza.edu.ar\/sitio\/wp-json\/wp\/v2\/pages\/11200"}],"collection":[{"href":"https:\/\/institutodelbicentenario-infd.mendoza.edu.ar\/sitio\/wp-json\/wp\/v2\/pages"}],"about":[{"href":"https:\/\/institutodelbicentenario-infd.mendoza.edu.ar\/sitio\/wp-json\/wp\/v2\/types\/page"}],"author":[{"embeddable":true,"href":"https:\/\/institutodelbicentenario-infd.mendoza.edu.ar\/sitio\/wp-json\/wp\/v2\/users\/646"}],"replies":[{"embeddable":true,"href":"https:\/\/institutodelbicentenario-infd.mendoza.edu.ar\/sitio\/wp-json\/wp\/v2\/comments?post=11200"}],"version-history":[{"count":13,"href":"https:\/\/institutodelbicentenario-infd.mendoza.edu.ar\/sitio\/wp-json\/wp\/v2\/pages\/11200\/revisions"}],"predecessor-version":[{"id":13362,"href":"https:\/\/institutodelbicentenario-infd.mendoza.edu.ar\/sitio\/wp-json\/wp\/v2\/pages\/11200\/revisions\/13362"}],"wp:attachment":[{"href":"https:\/\/institutodelbicentenario-infd.mendoza.edu.ar\/sitio\/wp-json\/wp\/v2\/media?parent=11200"}],"curies":[{"name":"wp","href":"https:\/\/api.w.org\/{rel}","templated":true}]}}