{"id":11193,"date":"2024-09-30T18:39:28","date_gmt":"2024-09-30T21:39:28","guid":{"rendered":"https:\/\/institutodelbicentenario-infd.mendoza.edu.ar\/sitio\/?page_id=11193"},"modified":"2026-03-09T14:40:05","modified_gmt":"2026-03-09T17:40:05","slug":"profesorado-de-educacion-especial","status":"publish","type":"page","link":"https:\/\/institutodelbicentenario-infd.mendoza.edu.ar\/sitio\/profesorado-de-educacion-especial\/","title":{"rendered":"Profesorado de Educaci\u00f3n Especial"},"content":{"rendered":"\n<p class=\"has-text-align-center\"><strong>Profesorado de Educaci\u00f3n Especial<\/strong><\/p>\n\n\n\n<p class=\"has-text-align-center\">&#x1f449;<strong><a rel=\"noreferrer noopener\" href=\"https:\/\/institutodelbicentenario-infd.mendoza.edu.ar\/sitio\/inscripciones-abiertas\/\" data-type=\"URL\" data-id=\"https:\/\/institutodelbicentenario-infd.mendoza.edu.ar\/sitio\/inscripciones-abiertas\/\" target=\"_blank\">INSCRIPCIONES AQU\u00cd<\/a><\/strong>&#x1f448;<\/p>\n\n\n\n<p><em><strong>Caracter\u00edsticas:<\/strong><\/em><br>Carrera: gratuita. Cursado: semipresencial. Duraci\u00f3n: 4 a\u00f1os. T\u00edtulo: de grado. Validez: Nacional. Sede, turno y horarios de cursado:\u00a0<a rel=\"noreferrer noopener\" href=\"https:\/\/institutodelbicentenario-infd.mendoza.edu.ar\/sitio\/hc\/\" target=\"_blank\">Aqu\u00ed<\/a>. Ubicaci\u00f3n de Sedes:\u00a0<a rel=\"noreferrer noopener\" href=\"https:\/\/institutodelbicentenario-infd.mendoza.edu.ar\/sitio\/ubicacion\/\" target=\"_blank\">Aqu\u00ed<\/a>. Inscripciones:\u00a0<a rel=\"noreferrer noopener\" href=\"https:\/\/institutodelbicentenario-infd.mendoza.edu.ar\/sitio\/inscripciones-abiertas\/\" target=\"_blank\">Aqu\u00ed<\/a><a rel=\"noreferrer noopener\" href=\"https:\/\/institutodelbicentenario-infd.mendoza.edu.ar\/sitio\/ia\/\" target=\"_blank\">.<\/a><\/p>\n\n\n\n<p class=\"has-text-align-center\"><strong><a rel=\"noreferrer noopener\" href=\"https:\/\/institutodelbicentenario-infd.mendoza.edu.ar\/sitio\/wp-content\/uploads\/2025\/02\/Diseno-curricular-de-Profesorado-de-Educacion-Especial-2024.pdf\" target=\"_blank\">Plan de estudios<\/a><\/strong><\/p>\n\n\n\n<p><em><strong>Misi\u00f3n:<\/strong><\/em><\/p>\n\n\n\n<p>Nuestra instituci\u00f3n fue fundada el 3 de octubre de 2011 con intenci\u00f3n de dar respuesta a la demanda de formaci\u00f3n superior detectada, fundamentalmente en los barrios del oeste del departamento de Godoy Cruz y sus cercan\u00edas. Uno de nuestros objetivos principales es disminuir los \u00edndices de deserci\u00f3n que posee el \u00e1mbito de los estudios superiores, afianzando la calidad educativa, con prestigio acad\u00e9mico y compromiso social. El Instituto \u201cDel Bicentenario\u201d cumple con el fin de proporcionar formaci\u00f3n profesional docente t\u00e9cnica, en un marco de ejercicio de reflexi\u00f3n, conciencia solidaria y mirada cr\u00edtica sobre la educaci\u00f3n.<\/p>\n\n\n\n<p><em><em><strong>Descripci\u00f3n:<\/strong><\/em><\/em><\/p>\n\n\n\n<p>Se pretende formar un docente especializado en la \u201cDiscapacidad Intelectual\u201d, con el conocimiento de las discapacidades como S\u00edndrome de Down, autismo, d\u00e9ficit atencional, entre otras, comprometido con el objetivo ayudar a los alumnos a mejorar su autonom\u00eda, su inserci\u00f3n en la sociedad, su educaci\u00f3n escolarizada, y su mejor adaptaci\u00f3n al entorno, promoviendo un educador garante de lo ley y como organizador de una vida democr\u00e1tica, intelectual y conductor cultural. Se pretende formar docentes con el conocimiento, las herramientas y el compromiso, dirigidas a esta parte de la sociedad tan vulnerada.&nbsp;<\/p>\n\n\n\n<p><em><strong>D\u00f3nde trabajar:<\/strong><\/em><\/p>\n\n\n\n<p>Este profesorado por resoluci\u00f3n de creaci\u00f3n circunscribe su campo laboral en escuelas de Educaci\u00f3n Especial primaria, por lo que su campo laboral estar\u00e1 circunscripto a escuelas p\u00fablicas estatales y privadas, con caracter\u00edsticas urbanas, rurales y marginales. Lo complejo y amplio de la especialidad en discapacidad intelectual, requiere de una formaci\u00f3n permanente y continua que les permita desarrollar con eficiencia y eficacia cada particularidad, contribuyendo a incorporar y garantizar la escolaridad de los ni\u00f1os y j\u00f3venes con discapacidad.<\/p>\n\n\n\n<p class=\"has-text-align-center\"><strong>M\u00e1s informaci\u00f3n<\/strong><\/p>\n\n\n\n<figure class=\"wp-block-table\"><table><tbody><tr><td class=\"has-text-align-center\" data-align=\"center\"><a href=\"https:\/\/institutodelbicentenario-infd.mendoza.edu.ar\/sitio\/preguntas-frecuentes\/\">Preguntas frecuentes<\/a><\/td><td class=\"has-text-align-center\" data-align=\"center\"><a href=\"https:\/\/institutodelbicentenario-infd.mendoza.edu.ar\/sitio\/informacion-institucional\/\">Informaci\u00f3n Institucional<\/a><\/td><\/tr><tr><td class=\"has-text-align-center\" data-align=\"center\"><a href=\"https:\/\/institutodelbicentenario-infd.mendoza.edu.ar\/sitio\/pases-y-equivalencias\/\">Pases, equivalencias<\/a><\/td><td class=\"has-text-align-center\" data-align=\"center\"><a href=\"https:\/\/institutodelbicentenario-infd.mendoza.edu.ar\/sitio\/ambientacion\/\">Ambientaci\u00f3n<\/a><\/td><\/tr><tr><td class=\"has-text-align-center\" data-align=\"center\"><a href=\"https:\/\/institutodelbicentenario-infd.mendoza.edu.ar\/sitio\/reinscripcion\/\">Reinscripci\u00f3n<\/a><\/td><td class=\"has-text-align-center\" data-align=\"center\"><a href=\"https:\/\/institutodelbicentenario-infd.mendoza.edu.ar\/sitio\/ambientacion\/\">Cuadernillos de ambientaci\u00f3n<\/a><\/td><\/tr><tr><td class=\"has-text-align-center\" data-align=\"center\"><a href=\"https:\/\/institutodelbicentenario-infd.mendoza.edu.ar\/sitio\/adeudo-materias-del-secundario\/\">Adeudo materias del secundario<\/a><\/td><td class=\"has-text-align-center\" data-align=\"center\"><a href=\"https:\/\/institutodelbicentenario-infd.mendoza.edu.ar\/sitio\/becas-progresar\/\">Becas Progresar<\/a><\/td><\/tr><tr><td class=\"has-text-align-center\" data-align=\"center\"><a href=\"https:\/\/institutodelbicentenario-infd.mendoza.edu.ar\/sitio\/articulo-7\/\">Secundario Incompleto (Art.7)<\/a><\/td><td class=\"has-text-align-center\" data-align=\"center\"><a href=\"https:\/\/institutodelbicentenario-infd.mendoza.edu.ar\/sitio\/autoridades\/\">Autoridades<\/a><\/td><\/tr><tr><td class=\"has-text-align-center\" data-align=\"center\"><a href=\"https:\/\/institutodelbicentenario-infd.mendoza.edu.ar\/sitio\/ubicacion\/\" target=\"_blank\" rel=\"noreferrer noopener\">Ubicaci\u00f3n de Sedes<\/a><\/td><td class=\"has-text-align-center\" data-align=\"center\"><a href=\"https:\/\/institutodelbicentenario-infd.mendoza.edu.ar\/sitio\/abonos\/\">Abonos<\/a><\/td><\/tr><tr><td class=\"has-text-align-center\" data-align=\"center\"><a href=\"https:\/\/institutodelbicentenario-infd.mendoza.edu.ar\/sitio\/informacion-institucional\/\">Tel\u00e9fonos<\/a><\/td><td class=\"has-text-align-center\" data-align=\"center\"><a href=\"https:\/\/www.facebook.com\/I.S.F.D.T.9030.Del.Bicentenario\/\">Facebook<\/a><\/td><\/tr><tr><td class=\"has-text-align-center\" data-align=\"center\"><a href=\"https:\/\/institutodelbicentenario-infd.mendoza.edu.ar\/sitio\/informacion-institucional\/\">Horarios de&nbsp;<\/a><a href=\"https:\/\/institutodelbicentenario-infd.mendoza.edu.ar\/sitio\/informacion-institucional\/\" target=\"_blank\" rel=\"noreferrer noopener\">cursado<\/a><\/td><td class=\"has-text-align-center\" data-align=\"center\"><a href=\"https:\/\/www.instagram.com\/isfdyt9030\/?hl=es-la\">Instagram<\/a><\/td><\/tr><tr><td class=\"has-text-align-center\" data-align=\"center\"><a href=\"https:\/\/institutodelbicentenario-infd.mendoza.edu.ar\/sitio\/informacion-institucional\/\">Horarios de<\/a><a href=\"https:\/\/institutodelbicentenario-infd.mendoza.edu.ar\/sitio\/informacion-institucional\/\">&nbsp;atenci\u00f3n<\/a><\/td><td class=\"has-text-align-center\" data-align=\"center\"><a href=\"https:\/\/institutodelbicentenario-infd.mendoza.edu.ar\/sitio\/contacto\/\" target=\"_blank\" rel=\"noreferrer noopener\">Consultas<\/a><\/td><\/tr><\/tbody><\/table><\/figure>\n\n\n\n<p class=\"has-text-align-center\"><a href=\"https:\/\/www.facebook.com\/hashtag\/isfdyt9030?source=feed_text&amp;epa=HASHTAG&amp;__xts__%5B0%5D=68.ARDZRNqp34i-UCDPmbTQABQan4iwdXwA1l28Hwl36yeXd8aZacM1sS4gSlaLtiMZwd7KKfCP8fP8Q35zfJPpnIAltLra5wrowNXVhoEa-BHarZ9s1po2oUr7oIiCekKekLjhiQwY-i9oCmZRyrCWxRJbXU4-n-qqOfeXMfLZYZQkNrsn3NT-67r4ypbonnJg5EzLHU4_Ny0TUPsuuPh6LRtRJRwuEEEvZhomxOqzyAQghy6xd9v4W2IbvGb9W7NXBna4SKArxrOcPw_1HYWEoJ06ktBQKR1j_i1tqDShpQfBtEwrgVibb_KBu4dW-zys8b1FggR7mcJmveMDRqp2gFLJUarO&amp;__tn__=%2ANK-R\" target=\"_blank\" rel=\"noreferrer noopener\">#isfdyt9030<\/a><\/p>\n\n\n\n<p class=\"has-text-align-center\"><a href=\"https:\/\/www.facebook.com\/hashtag\/isfdyt9030?source=feed_text&amp;epa=HASHTAG&amp;__xts__%5B0%5D=68.ARDZRNqp34i-UCDPmbTQABQan4iwdXwA1l28Hwl36yeXd8aZacM1sS4gSlaLtiMZwd7KKfCP8fP8Q35zfJPpnIAltLra5wrowNXVhoEa-BHarZ9s1po2oUr7oIiCekKekLjhiQwY-i9oCmZRyrCWxRJbXU4-n-qqOfeXMfLZYZQkNrsn3NT-67r4ypbonnJg5EzLHU4_Ny0TUPsuuPh6LRtRJRwuEEEvZhomxOqzyAQghy6xd9v4W2IbvGb9W7NXBna4SKArxrOcPw_1HYWEoJ06ktBQKR1j_i1tqDShpQfBtEwrgVibb_KBu4dW-zys8b1FggR7mcJmveMDRqp2gFLJUarO&amp;__tn__=%2ANK-R\" target=\"_blank\" rel=\"noreferrer noopener\">#institutodelbicentenario<\/a><\/p>\n\n\n\n<p class=\"has-text-align-center\"><a rel=\"noreferrer noopener\" href=\"https:\/\/www.facebook.com\/hashtag\/educasionsuperior\" target=\"_blank\"><\/a><a rel=\"noreferrer noopener\" href=\"https:\/\/www.facebook.com\/hashtag\/educasionsuperior\" target=\"_blank\">#educacionsuperior<\/a><\/p>\n","protected":false},"excerpt":{"rendered":"<p>Profesorado de Educaci\u00f3n Especial &#x1f449;INSCRIPCIONES AQU\u00cd&#x1f448; Caracter\u00edsticas:Carrera: gratuita. Cursado: semipresencial. Duraci\u00f3n: 4 a\u00f1os. T\u00edtulo: de grado. Validez: Nacional. Sede, turno y horarios de cursado:\u00a0Aqu\u00ed. Ubicaci\u00f3n de Sedes:\u00a0Aqu\u00ed. Inscripciones:\u00a0Aqu\u00ed. Plan de estudios Misi\u00f3n: Nuestra instituci\u00f3n fue fundada el 3 de octubre de 2011 con intenci\u00f3n de dar respuesta a la demanda de formaci\u00f3n superior detectada, fundamentalmente &#8230; <a title=\"Profesorado de Educaci\u00f3n Especial\" class=\"read-more\" href=\"https:\/\/institutodelbicentenario-infd.mendoza.edu.ar\/sitio\/profesorado-de-educacion-especial\/\" aria-label=\"More on Profesorado de Educaci\u00f3n Especial\">[+]<\/a><\/p>\n","protected":false},"author":646,"featured_media":0,"parent":0,"menu_order":0,"comment_status":"closed","ping_status":"closed","template":"","meta":[],"acf":[],"_links":{"self":[{"href":"https:\/\/institutodelbicentenario-infd.mendoza.edu.ar\/sitio\/wp-json\/wp\/v2\/pages\/11193"}],"collection":[{"href":"https:\/\/institutodelbicentenario-infd.mendoza.edu.ar\/sitio\/wp-json\/wp\/v2\/pages"}],"about":[{"href":"https:\/\/institutodelbicentenario-infd.mendoza.edu.ar\/sitio\/wp-json\/wp\/v2\/types\/page"}],"author":[{"embeddable":true,"href":"https:\/\/institutodelbicentenario-infd.mendoza.edu.ar\/sitio\/wp-json\/wp\/v2\/users\/646"}],"replies":[{"embeddable":true,"href":"https:\/\/institutodelbicentenario-infd.mendoza.edu.ar\/sitio\/wp-json\/wp\/v2\/comments?post=11193"}],"version-history":[{"count":16,"href":"https:\/\/institutodelbicentenario-infd.mendoza.edu.ar\/sitio\/wp-json\/wp\/v2\/pages\/11193\/revisions"}],"predecessor-version":[{"id":13291,"href":"https:\/\/institutodelbicentenario-infd.mendoza.edu.ar\/sitio\/wp-json\/wp\/v2\/pages\/11193\/revisions\/13291"}],"wp:attachment":[{"href":"https:\/\/institutodelbicentenario-infd.mendoza.edu.ar\/sitio\/wp-json\/wp\/v2\/media?parent=11193"}],"curies":[{"name":"wp","href":"https:\/\/api.w.org\/{rel}","templated":true}]}}