{"id":11170,"date":"2024-09-30T11:48:24","date_gmt":"2024-09-30T14:48:24","guid":{"rendered":"https:\/\/institutodelbicentenario-infd.mendoza.edu.ar\/sitio\/?page_id=11170"},"modified":"2026-03-09T14:40:58","modified_gmt":"2026-03-09T17:40:58","slug":"profesorado-de-educacion-inicial","status":"publish","type":"page","link":"https:\/\/institutodelbicentenario-infd.mendoza.edu.ar\/sitio\/profesorado-de-educacion-inicial\/","title":{"rendered":"Profesorado en Educaci\u00f3n Inicial"},"content":{"rendered":"\n<p class=\"has-text-align-center\"><strong>Profesorado en Educaci\u00f3n Inicial<\/strong><\/p>\n\n\n\n<p class=\"has-text-align-center\">&#x1f449;<strong><a rel=\"noreferrer noopener\" href=\"https:\/\/institutodelbicentenario-infd.mendoza.edu.ar\/sitio\/inscripciones-abiertas\/\" data-type=\"URL\" data-id=\"https:\/\/institutodelbicentenario-infd.mendoza.edu.ar\/sitio\/inscripciones-abiertas\/\" target=\"_blank\">INSCRIPCIONES AQU\u00cd<\/a><\/strong>&#x1f448;<\/p>\n\n\n\n<p class=\"has-text-align-left\"><em><strong>Caracter\u00edsticas:<\/strong><\/em><br>Carrera: gratuita. Cursado: semipresencial. Duraci\u00f3n: 4 a\u00f1os. T\u00edtulo: de grado. Validez: Nacional. Sede, turno y horarios de cursado:\u00a0<a rel=\"noreferrer noopener\" href=\"https:\/\/institutodelbicentenario-infd.mendoza.edu.ar\/sitio\/hc\/\" target=\"_blank\">Aqu\u00ed<\/a>. Ubicaci\u00f3n de Sedes:\u00a0<a rel=\"noreferrer noopener\" href=\"https:\/\/institutodelbicentenario-infd.mendoza.edu.ar\/sitio\/ubicacion\/\" target=\"_blank\">Aqu\u00ed<\/a>. Inscripciones:\u00a0<a rel=\"noreferrer noopener\" href=\"https:\/\/institutodelbicentenario-infd.mendoza.edu.ar\/sitio\/inscripciones-abiertas\/\" target=\"_blank\">Aqu\u00ed<\/a><a rel=\"noreferrer noopener\" href=\"https:\/\/institutodelbicentenario-infd.mendoza.edu.ar\/sitio\/ia\/\" target=\"_blank\">.<\/a><\/p>\n\n\n\n<p class=\"has-text-align-center\"><strong><a href=\"https:\/\/institutodelbicentenario-infd.mendoza.edu.ar\/sitio\/wp-content\/uploads\/2025\/07\/RESOL-2023-6867-GDEMZA-DGE-Profesorado-de-Educacion-Inicial.pdf\">Plan de estudios<\/a><\/strong><\/p>\n\n\n\n<p><em><strong>Misi\u00f3n:<\/strong><\/em><br>La docencia es una pr\u00e1ctica pedag\u00f3gica construida a partir de la transmisi\u00f3n de conocimientos y de las formas apropiadas para ponerlos a disposici\u00f3n de los\/las alumnos\/as y que toma a la diversidad como contexto. Ello implica la capacidad de analizar la pr\u00e1ctica cotidiana incorporando las dimensiones siempre espec\u00edficas del contexto de la pr\u00e1ctica, tanto en el nivel organizacional como en el aula, en vistas a la mejora continua de la ense\u00f1anza.<\/p>\n\n\n\n<p><em><strong>Descripci\u00f3n:<\/strong><\/em><br>La docencia es una pr\u00e1ctica pedag\u00f3gica construida a partir de la transmisi\u00f3n de conocimientos y de las formas apropiadas para ponerlos a disposici\u00f3n de los\/las alumnos\/as y que toma a la diversidad como contexto. Ello implica la capacidad de analizar la pr\u00e1ctica cotidiana incorporando las dimensiones siempre espec\u00edficas del contexto de la pr\u00e1ctica, tanto en el nivel organizacional como en el aula, en vistas a la mejora continua de la ense\u00f1anza.<\/p>\n\n\n\n<p><em><strong>D\u00f3nde trabajar:<\/strong><\/em><br>Este profesorado por resoluci\u00f3n de creaci\u00f3n circunscribe su campo laboral al nivel inicial, como as\u00ed tambi\u00e9n a los jardines maternales del \u00e1mbito p\u00fablico y privado y a los SEOS.<br>Es importante tener en cuenta que el egresado se abocar\u00e1 a la formaci\u00f3n integral de ni\u00f1os entre 45 d\u00edas y 5 a\u00f1os y que estos ni\u00f1os por primera vez estar\u00e1n en contacto con un docente, de all\u00ed la significativa importancia de su formaci\u00f3n espec\u00edfica.<br>La instituci\u00f3n prioriza la formaci\u00f3n para cada una de las etapas evolutivas del ni\u00f1o y con ello la pr\u00e1ctica profesional docente en cada uno de esos ciclos. De all\u00ed la importancia de la simultaneidad de la pr\u00e1ctica y la teor\u00eda desde el primer a\u00f1o de formaci\u00f3n.<\/p>\n\n\n\n<p class=\"has-text-align-center\"><strong>M\u00e1s informaci\u00f3n<\/strong><\/p>\n\n\n\n<figure class=\"wp-block-table\"><table><tbody><tr><td class=\"has-text-align-center\" data-align=\"center\"><a href=\"https:\/\/institutodelbicentenario-infd.mendoza.edu.ar\/sitio\/preguntas-frecuentes\/\">Preguntas frecuentes<\/a><\/td><td class=\"has-text-align-center\" data-align=\"center\"><a href=\"https:\/\/institutodelbicentenario-infd.mendoza.edu.ar\/sitio\/informacion-institucional\/\">Informaci\u00f3n Institucional<\/a><\/td><\/tr><tr><td class=\"has-text-align-center\" data-align=\"center\"><a href=\"https:\/\/institutodelbicentenario-infd.mendoza.edu.ar\/sitio\/pases-y-equivalencias\/\">Pases, equivalencias<\/a><\/td><td class=\"has-text-align-center\" data-align=\"center\"><a href=\"https:\/\/institutodelbicentenario-infd.mendoza.edu.ar\/sitio\/ambientacion\/\">Ambientaci\u00f3n<\/a><\/td><\/tr><tr><td class=\"has-text-align-center\" data-align=\"center\"><a href=\"https:\/\/institutodelbicentenario-infd.mendoza.edu.ar\/sitio\/reinscripcion\/\">Reinscripci\u00f3n<\/a><\/td><td class=\"has-text-align-center\" data-align=\"center\"><a href=\"https:\/\/institutodelbicentenario-infd.mendoza.edu.ar\/sitio\/ambientacion\/\">Cuadernillos de ambientaci\u00f3n<\/a><\/td><\/tr><tr><td class=\"has-text-align-center\" data-align=\"center\"><a href=\"https:\/\/institutodelbicentenario-infd.mendoza.edu.ar\/sitio\/adeudo-materias-del-secundario\/\">Adeudo materias del secundario<\/a><\/td><td class=\"has-text-align-center\" data-align=\"center\"><a href=\"https:\/\/institutodelbicentenario-infd.mendoza.edu.ar\/sitio\/becas-progresar\/\">Becas Progresar<\/a><\/td><\/tr><tr><td class=\"has-text-align-center\" data-align=\"center\"><a href=\"https:\/\/institutodelbicentenario-infd.mendoza.edu.ar\/sitio\/articulo-7\/\">Secundario Incompleto (Art.7)<\/a><\/td><td class=\"has-text-align-center\" data-align=\"center\"><a href=\"https:\/\/institutodelbicentenario-infd.mendoza.edu.ar\/sitio\/autoridades\/\">Autoridades<\/a><\/td><\/tr><tr><td class=\"has-text-align-center\" data-align=\"center\"><a href=\"https:\/\/institutodelbicentenario-infd.mendoza.edu.ar\/sitio\/ubicacion\/\" target=\"_blank\" rel=\"noreferrer noopener\">Ubicaci\u00f3n de Sedes<\/a><\/td><td class=\"has-text-align-center\" data-align=\"center\"><a href=\"https:\/\/institutodelbicentenario-infd.mendoza.edu.ar\/sitio\/abonos\/\">Abonos<\/a><\/td><\/tr><tr><td class=\"has-text-align-center\" data-align=\"center\"><a href=\"https:\/\/institutodelbicentenario-infd.mendoza.edu.ar\/sitio\/informacion-institucional\/\">Tel\u00e9fonos<\/a><\/td><td class=\"has-text-align-center\" data-align=\"center\"><a href=\"https:\/\/www.facebook.com\/I.S.F.D.T.9030.Del.Bicentenario\/\">Facebook<\/a><\/td><\/tr><tr><td class=\"has-text-align-center\" data-align=\"center\"><a href=\"https:\/\/institutodelbicentenario-infd.mendoza.edu.ar\/sitio\/informacion-institucional\/\">Horarios de&nbsp;<\/a><a href=\"https:\/\/institutodelbicentenario-infd.mendoza.edu.ar\/sitio\/informacion-institucional\/\" target=\"_blank\" rel=\"noreferrer noopener\">cursado<\/a><\/td><td class=\"has-text-align-center\" data-align=\"center\"><a href=\"https:\/\/www.instagram.com\/isfdyt9030\/?hl=es-la\">Instagram<\/a><\/td><\/tr><tr><td class=\"has-text-align-center\" data-align=\"center\"><a href=\"https:\/\/institutodelbicentenario-infd.mendoza.edu.ar\/sitio\/informacion-institucional\/\">Horarios de<\/a><a href=\"https:\/\/institutodelbicentenario-infd.mendoza.edu.ar\/sitio\/informacion-institucional\/\">&nbsp;atenci\u00f3n<\/a><\/td><td class=\"has-text-align-center\" data-align=\"center\"><a href=\"https:\/\/institutodelbicentenario-infd.mendoza.edu.ar\/sitio\/contacto\/\" target=\"_blank\" rel=\"noreferrer noopener\">Consultas<\/a><\/td><\/tr><\/tbody><\/table><\/figure>\n\n\n\n<p class=\"has-text-align-center\"><a href=\"https:\/\/www.facebook.com\/hashtag\/isfdyt9030?source=feed_text&amp;epa=HASHTAG&amp;__xts__%5B0%5D=68.ARDZRNqp34i-UCDPmbTQABQan4iwdXwA1l28Hwl36yeXd8aZacM1sS4gSlaLtiMZwd7KKfCP8fP8Q35zfJPpnIAltLra5wrowNXVhoEa-BHarZ9s1po2oUr7oIiCekKekLjhiQwY-i9oCmZRyrCWxRJbXU4-n-qqOfeXMfLZYZQkNrsn3NT-67r4ypbonnJg5EzLHU4_Ny0TUPsuuPh6LRtRJRwuEEEvZhomxOqzyAQghy6xd9v4W2IbvGb9W7NXBna4SKArxrOcPw_1HYWEoJ06ktBQKR1j_i1tqDShpQfBtEwrgVibb_KBu4dW-zys8b1FggR7mcJmveMDRqp2gFLJUarO&amp;__tn__=%2ANK-R\" target=\"_blank\" rel=\"noreferrer noopener\">#isfdyt9030<\/a><\/p>\n\n\n\n<p class=\"has-text-align-center\"><a href=\"https:\/\/www.facebook.com\/hashtag\/isfdyt9030?source=feed_text&amp;epa=HASHTAG&amp;__xts__%5B0%5D=68.ARDZRNqp34i-UCDPmbTQABQan4iwdXwA1l28Hwl36yeXd8aZacM1sS4gSlaLtiMZwd7KKfCP8fP8Q35zfJPpnIAltLra5wrowNXVhoEa-BHarZ9s1po2oUr7oIiCekKekLjhiQwY-i9oCmZRyrCWxRJbXU4-n-qqOfeXMfLZYZQkNrsn3NT-67r4ypbonnJg5EzLHU4_Ny0TUPsuuPh6LRtRJRwuEEEvZhomxOqzyAQghy6xd9v4W2IbvGb9W7NXBna4SKArxrOcPw_1HYWEoJ06ktBQKR1j_i1tqDShpQfBtEwrgVibb_KBu4dW-zys8b1FggR7mcJmveMDRqp2gFLJUarO&amp;__tn__=%2ANK-R\" target=\"_blank\" rel=\"noreferrer noopener\">#institutodelbicentenario<\/a><\/p>\n\n\n\n<p class=\"has-text-align-center\"><a rel=\"noreferrer noopener\" href=\"https:\/\/www.facebook.com\/hashtag\/educasionsuperior\" target=\"_blank\"><\/a><a rel=\"noreferrer noopener\" href=\"https:\/\/www.facebook.com\/hashtag\/educasionsuperior\" target=\"_blank\">#educacionsuperior<\/a><\/p>\n","protected":false},"excerpt":{"rendered":"<p>Profesorado en Educaci\u00f3n Inicial &#x1f449;INSCRIPCIONES AQU\u00cd&#x1f448; Caracter\u00edsticas:Carrera: gratuita. Cursado: semipresencial. Duraci\u00f3n: 4 a\u00f1os. T\u00edtulo: de grado. Validez: Nacional. Sede, turno y horarios de cursado:\u00a0Aqu\u00ed. Ubicaci\u00f3n de Sedes:\u00a0Aqu\u00ed. Inscripciones:\u00a0Aqu\u00ed. Plan de estudios Misi\u00f3n:La docencia es una pr\u00e1ctica pedag\u00f3gica construida a partir de la transmisi\u00f3n de conocimientos y de las formas apropiadas para ponerlos a disposici\u00f3n de &#8230; <a title=\"Profesorado en Educaci\u00f3n Inicial\" class=\"read-more\" href=\"https:\/\/institutodelbicentenario-infd.mendoza.edu.ar\/sitio\/profesorado-de-educacion-inicial\/\" aria-label=\"More on Profesorado en Educaci\u00f3n Inicial\">[+]<\/a><\/p>\n","protected":false},"author":646,"featured_media":0,"parent":0,"menu_order":0,"comment_status":"closed","ping_status":"closed","template":"","meta":[],"acf":[],"_links":{"self":[{"href":"https:\/\/institutodelbicentenario-infd.mendoza.edu.ar\/sitio\/wp-json\/wp\/v2\/pages\/11170"}],"collection":[{"href":"https:\/\/institutodelbicentenario-infd.mendoza.edu.ar\/sitio\/wp-json\/wp\/v2\/pages"}],"about":[{"href":"https:\/\/institutodelbicentenario-infd.mendoza.edu.ar\/sitio\/wp-json\/wp\/v2\/types\/page"}],"author":[{"embeddable":true,"href":"https:\/\/institutodelbicentenario-infd.mendoza.edu.ar\/sitio\/wp-json\/wp\/v2\/users\/646"}],"replies":[{"embeddable":true,"href":"https:\/\/institutodelbicentenario-infd.mendoza.edu.ar\/sitio\/wp-json\/wp\/v2\/comments?post=11170"}],"version-history":[{"count":9,"href":"https:\/\/institutodelbicentenario-infd.mendoza.edu.ar\/sitio\/wp-json\/wp\/v2\/pages\/11170\/revisions"}],"predecessor-version":[{"id":13296,"href":"https:\/\/institutodelbicentenario-infd.mendoza.edu.ar\/sitio\/wp-json\/wp\/v2\/pages\/11170\/revisions\/13296"}],"wp:attachment":[{"href":"https:\/\/institutodelbicentenario-infd.mendoza.edu.ar\/sitio\/wp-json\/wp\/v2\/media?parent=11170"}],"curies":[{"name":"wp","href":"https:\/\/api.w.org\/{rel}","templated":true}]}}