{"id":10968,"date":"2024-08-05T16:18:55","date_gmt":"2024-08-05T19:18:55","guid":{"rendered":"https:\/\/institutodelbicentenario-infd.mendoza.edu.ar\/sitio\/?page_id=10968"},"modified":"2026-02-02T15:58:55","modified_gmt":"2026-02-02T18:58:55","slug":"ingles-mde-plan-nuevo-resol-2023-6871-gdemza-dge","status":"publish","type":"page","link":"https:\/\/institutodelbicentenario-infd.mendoza.edu.ar\/sitio\/ingles-mde-plan-nuevo-resol-2023-6871-gdemza-dge\/","title":{"rendered":"Ingles (MdE) (Plan nuevo) RESOL-2023-6871-GDEMZA-DGE"},"content":{"rendered":"\n<p class=\"has-text-align-center\"><strong>Profesorado de Ingl\u00e9s<\/strong><\/p>\n\n\n\n<p class=\"has-text-align-center\"><a href=\"https:\/\/institutodelbicentenario-infd.mendoza.edu.ar\/sitio\/fechas-de-mesas-de-examenes\/\" data-type=\"URL\" data-id=\"https:\/\/institutodelbicentenario-infd.mendoza.edu.ar\/sitio\/fechas-de-mesas-de-examenes\/\" target=\"_blank\" rel=\"noreferrer noopener\">Fechas de mesas de ex\u00e1menes<\/a><\/p>\n\n\n\n<p class=\"has-text-align-center\"><strong>Inscripci\u00f3n y borrado a mesas<\/strong><\/p>\n\n\n\n<p class=\"has-text-align-center\"><a href=\"https:\/\/forms.gle\/pfZQWtTZRU6Zvb2S7\" data-type=\"URL\" data-id=\"https:\/\/forms.gle\/pfZQWtTZRU6Zvb2S7\" target=\"_blank\" rel=\"noreferrer noopener\">INSCRIBIRSE<\/a> &lt;-&gt; <a href=\"https:\/\/forms.gle\/HJQ9boyguyaPPCmo6\" data-type=\"URL\" data-id=\"https:\/\/forms.gle\/HJQ9boyguyaPPCmo6\" target=\"_blank\" rel=\"noreferrer noopener\">BORRARSE<\/a><\/p>\n\n\n\n<p><strong>Confirmaci\u00f3n de inscripci\u00f3n a mesas:<\/strong><\/p>\n\n\n\n<p>En la siguiente tabla de consulta donde las\/os estudiantes podr\u00e1n chequear a que mesas se encuentran inscriptos y cu\u00e1l ser\u00e1 la condici\u00f3n de su examen. La informaci\u00f3n mostrada aqu\u00ed es revisada por el personal administrativo, motivo por el cual las\/los estudiantes podr\u00e1n revisar su situaci\u00f3n de examen&nbsp;<strong>LUEGO DE 48HS DE HABER COMPLETADO SU INSCRIPCI\u00d3N&nbsp;A MESAS.<\/strong><br><strong><em>Ingrese su DNI en el suguiente campo:<\/em><\/strong><\/p>\n\n\n\n<p><iframe loading=\"lazy\" referrerpolicy=\"no-referrer-when-downgrade\" height=\"250px\" width=\"100%\" style=\"border:none;\" src=\"https:\/\/view-awesome-table.com\/-OJJfoXdAbLLGVX9-JNM\/view\"><\/iframe><\/p>\n\n\n\n<p class=\"has-text-align-center\"><strong>Dudas, consultas o reclamos:<\/strong><\/p>\n\n\n\n<p class=\"has-text-align-center\"><a href=\"https:\/\/institutodelbicentenario-infd.mendoza.edu.ar\/sitio\/bedelia-ingles\/\">Bedel\u00eda y Coordinaci\u00f3n de Profesorado de Ingl\u00e9s<\/a><\/p>\n\n\n\n<p class=\"has-text-align-center\"><strong>Marerial de interes<\/strong><\/p>\n\n\n\n<p class=\"has-text-align-center\"><a href=\"https:\/\/institutodelbicentenario-infd.mendoza.edu.ar\/sitio\/profesorado-de-ingles\/\">Dise\u00f1o curricular de la carrera<\/a><\/p>\n\n\n\n<p class=\"has-text-align-center\"><a href=\"https:\/\/institutodelbicentenario-infd.mendoza.edu.ar\/sitio\/profesorado-de-ingles\/\" target=\"_blank\" rel=\"noreferrer noopener\">Plan de estudios<\/a><\/p>\n\n\n\n<p class=\"has-text-align-center\"><a href=\"https:\/\/institutodelbicentenario-infd.mendoza.edu.ar\/sitio\/profesorado-de-ingles\/\">Correlatividades<\/a><\/p>\n\n\n\n<p class=\"has-text-align-center\"><a href=\"https:\/\/institutodelbicentenario-infd.mendoza.edu.ar\/sitio\/profesorado-de-ingles\/\">R\u00e9gimen de promoci\u00f3n<\/a><\/p>\n\n\n\n<p class=\"has-text-align-center\"><a href=\"https:\/\/institutodelbicentenario-infd.mendoza.edu.ar\/sitio\/calendarios-y-cronogramas\/\">Calendarios y cronogramas<\/a><\/p>\n","protected":false},"excerpt":{"rendered":"<p>Profesorado de Ingl\u00e9s Fechas de mesas de ex\u00e1menes Inscripci\u00f3n y borrado a mesas INSCRIBIRSE &lt;-&gt; BORRARSE Confirmaci\u00f3n de inscripci\u00f3n a mesas: En la siguiente tabla de consulta donde las\/os estudiantes podr\u00e1n chequear a que mesas se encuentran inscriptos y cu\u00e1l ser\u00e1 la condici\u00f3n de su examen. La informaci\u00f3n mostrada aqu\u00ed es revisada por el personal &#8230; <a title=\"Ingles (MdE) (Plan nuevo) RESOL-2023-6871-GDEMZA-DGE\" class=\"read-more\" href=\"https:\/\/institutodelbicentenario-infd.mendoza.edu.ar\/sitio\/ingles-mde-plan-nuevo-resol-2023-6871-gdemza-dge\/\" aria-label=\"More on Ingles (MdE) (Plan nuevo) RESOL-2023-6871-GDEMZA-DGE\">[+]<\/a><\/p>\n","protected":false},"author":646,"featured_media":0,"parent":0,"menu_order":0,"comment_status":"closed","ping_status":"closed","template":"","meta":[],"acf":[],"_links":{"self":[{"href":"https:\/\/institutodelbicentenario-infd.mendoza.edu.ar\/sitio\/wp-json\/wp\/v2\/pages\/10968"}],"collection":[{"href":"https:\/\/institutodelbicentenario-infd.mendoza.edu.ar\/sitio\/wp-json\/wp\/v2\/pages"}],"about":[{"href":"https:\/\/institutodelbicentenario-infd.mendoza.edu.ar\/sitio\/wp-json\/wp\/v2\/types\/page"}],"author":[{"embeddable":true,"href":"https:\/\/institutodelbicentenario-infd.mendoza.edu.ar\/sitio\/wp-json\/wp\/v2\/users\/646"}],"replies":[{"embeddable":true,"href":"https:\/\/institutodelbicentenario-infd.mendoza.edu.ar\/sitio\/wp-json\/wp\/v2\/comments?post=10968"}],"version-history":[{"count":5,"href":"https:\/\/institutodelbicentenario-infd.mendoza.edu.ar\/sitio\/wp-json\/wp\/v2\/pages\/10968\/revisions"}],"predecessor-version":[{"id":12889,"href":"https:\/\/institutodelbicentenario-infd.mendoza.edu.ar\/sitio\/wp-json\/wp\/v2\/pages\/10968\/revisions\/12889"}],"wp:attachment":[{"href":"https:\/\/institutodelbicentenario-infd.mendoza.edu.ar\/sitio\/wp-json\/wp\/v2\/media?parent=10968"}],"curies":[{"name":"wp","href":"https:\/\/api.w.org\/{rel}","templated":true}]}}