{"id":10261,"date":"2024-03-19T13:34:30","date_gmt":"2024-03-19T16:34:30","guid":{"rendered":"https:\/\/institutodelbicentenario-infd.mendoza.edu.ar\/sitio\/?page_id=10261"},"modified":"2025-09-12T19:20:43","modified_gmt":"2025-09-12T22:20:43","slug":"democracia","status":"publish","type":"page","link":"https:\/\/institutodelbicentenario-infd.mendoza.edu.ar\/sitio\/democracia\/","title":{"rendered":"Democracia"},"content":{"rendered":"\n<p class=\"has-text-align-center\"><\/p>\n\n\n<div class=\"wp-block-image\">\n<figure class=\"aligncenter size-full is-resized\"><img decoding=\"async\" loading=\"lazy\" src=\"https:\/\/institutodelbicentenario-infd.mendoza.edu.ar\/sitio\/wp-content\/uploads\/2024\/03\/WhatsApp-Image-2024-03-19-at-13.28.58-1.jpeg\" alt=\"\" class=\"wp-image-10265\" width=\"368\" height=\"368\" srcset=\"https:\/\/institutodelbicentenario-infd.mendoza.edu.ar\/sitio\/wp-content\/uploads\/2024\/03\/WhatsApp-Image-2024-03-19-at-13.28.58-1.jpeg 1080w, https:\/\/institutodelbicentenario-infd.mendoza.edu.ar\/sitio\/wp-content\/uploads\/2024\/03\/WhatsApp-Image-2024-03-19-at-13.28.58-1-1000x1000.jpeg 1000w, https:\/\/institutodelbicentenario-infd.mendoza.edu.ar\/sitio\/wp-content\/uploads\/2024\/03\/WhatsApp-Image-2024-03-19-at-13.28.58-1-500x500.jpeg 500w, https:\/\/institutodelbicentenario-infd.mendoza.edu.ar\/sitio\/wp-content\/uploads\/2024\/03\/WhatsApp-Image-2024-03-19-at-13.28.58-1-768x768.jpeg 768w\" sizes=\"(max-width: 368px) 100vw, 368px\" \/><\/figure><\/div>\n\n\n<p class=\"has-text-align-center\"><strong>INSCRIPCIONES 2025 CERRADAS<\/strong><\/p>\n\n\n\n<p class=\"has-text-align-center\">Informes e inscripciones: <a rel=\"noreferrer noopener\" href=\"https:\/\/forms.gle\/AvUJvNVAnn1xHGtJ8\" target=\"_blank\">https:\/\/forms.gle\/AvUJvNVAnn1xHGtJ8<\/a><\/p>\n\n\n\n<p class=\"has-text-align-center\">Contacto:\u00a0<a rel=\"noreferrer noopener\" href=\"mailto:9030formacioncontinua@gmail.com\" target=\"_blank\">9030formacioncontinua@gmail.com<\/a><\/p>\n\n\n\n<p class=\"has-text-align-center\">Resoluci\u00f3n: <a href=\"https:\/\/institutodelbicentenario-infd.mendoza.edu.ar\/sitio\/wp-content\/uploads\/2024\/03\/Res.-276-CGES-23-Democracia-origen-y-proyecciones-histo%CC%81ricas-de-un-concepto-poli%CC%81tico-clave-9-030.pdf\">Res. 276-CGES-23<\/a><\/p>\n\n\n\n<p class=\"has-text-align-center\">Lugar de cursado de encuentros presenciales:<a href=\"https:\/\/institutodelbicentenario-infd.mendoza.edu.ar\/sitio\/ubicacion\/\" data-type=\"URL\" data-id=\"https:\/\/institutodelbicentenario-infd.mendoza.edu.ar\/sitio\/ubicacion\/\" target=\"_blank\" rel=\"noreferrer noopener\"> Sede Central<\/a><\/p>\n\n\n\n<p class=\"has-text-align-center\"><a rel=\"noreferrer noopener\" href=\"https:\/\/institutodelbicentenario-infd.mendoza.edu.ar\/sitio\/formacion-continua\/\" target=\"_blank\"><strong>Jefatura de Formaci\u00f3n Continua<\/strong><\/a><\/p>\n\n\n\n<p class=\"has-text-align-center\"><a href=\"https:\/\/www.facebook.com\/hashtag\/isfdyt9030?__eep__=6&amp;__cft__%5b0%5d=AZUAeS2qce_O__6ax4kGqAHbwvxa_6RmNTOc3B8Gz8JEBOUO-S0BKSt6r7jSxIPjJiGjJfpxX5yHEn3zYOwL7s8VoNgtSv43O_a5bq-Sti_8MmbUwfbmDs1Skukl7lDnDrE&amp;__tn__=*NK-R\">#isfdyt9030<\/a><\/p>\n\n\n\n<p class=\"has-text-align-center\"><a href=\"https:\/\/www.facebook.com\/hashtag\/institutodelbicentenario?__eep__=6&amp;__cft__%5b0%5d=AZUAeS2qce_O__6ax4kGqAHbwvxa_6RmNTOc3B8Gz8JEBOUO-S0BKSt6r7jSxIPjJiGjJfpxX5yHEn3zYOwL7s8VoNgtSv43O_a5bq-Sti_8MmbUwfbmDs1Skukl7lDnDrE&amp;__tn__=*NK-R\">#institutodelbicentenario<\/a><\/p>\n\n\n\n<p class=\"has-text-align-center\"><a href=\"https:\/\/www.facebook.com\/hashtag\/educacionsuperior?__eep__=6&amp;__cft__%5b0%5d=AZUAeS2qce_O__6ax4kGqAHbwvxa_6RmNTOc3B8Gz8JEBOUO-S0BKSt6r7jSxIPjJiGjJfpxX5yHEn3zYOwL7s8VoNgtSv43O_a5bq-Sti_8MmbUwfbmDs1Skukl7lDnDrE&amp;__tn__=*NK-R\">#educacionsuperior<\/a><\/p>\n\n\n\n<p class=\"has-text-align-center\"><a href=\"https:\/\/www.facebook.com\/hashtag\/somoseducaci%C3%B3nsuperior?__eep__=6&amp;__cft__[0]=AZWXeYGKvRGpc2EUc9_2HUB56pQRQxwNi_EwogXjY14uDUOkUXaPNoQ2NfioHuyrGkBwSWyo5yZ7mWSlmzJ5APcpKfhDVsk8F5HTE5IAAzt6G3WsRaymNtXHZXmCymGnHHcMzcvxxkRNv5aiZWoCF7jT3S8bwA3qcbMBLSOW206gQkki6jo4nubj3ZuZRYgOzIs&amp;__tn__=*NK-R\">#SomosEducaci\u00f3nSuperior<\/a><\/p>\n","protected":false},"excerpt":{"rendered":"<p>INSCRIPCIONES 2025 CERRADAS Informes e inscripciones: https:\/\/forms.gle\/AvUJvNVAnn1xHGtJ8 Contacto:\u00a09030formacioncontinua@gmail.com Resoluci\u00f3n: Res. 276-CGES-23 Lugar de cursado de encuentros presenciales: Sede Central Jefatura de Formaci\u00f3n Continua #isfdyt9030 #institutodelbicentenario #educacionsuperior #SomosEducaci\u00f3nSuperior<\/p>\n","protected":false},"author":646,"featured_media":0,"parent":0,"menu_order":0,"comment_status":"closed","ping_status":"closed","template":"","meta":[],"acf":[],"_links":{"self":[{"href":"https:\/\/institutodelbicentenario-infd.mendoza.edu.ar\/sitio\/wp-json\/wp\/v2\/pages\/10261"}],"collection":[{"href":"https:\/\/institutodelbicentenario-infd.mendoza.edu.ar\/sitio\/wp-json\/wp\/v2\/pages"}],"about":[{"href":"https:\/\/institutodelbicentenario-infd.mendoza.edu.ar\/sitio\/wp-json\/wp\/v2\/types\/page"}],"author":[{"embeddable":true,"href":"https:\/\/institutodelbicentenario-infd.mendoza.edu.ar\/sitio\/wp-json\/wp\/v2\/users\/646"}],"replies":[{"embeddable":true,"href":"https:\/\/institutodelbicentenario-infd.mendoza.edu.ar\/sitio\/wp-json\/wp\/v2\/comments?post=10261"}],"version-history":[{"count":23,"href":"https:\/\/institutodelbicentenario-infd.mendoza.edu.ar\/sitio\/wp-json\/wp\/v2\/pages\/10261\/revisions"}],"predecessor-version":[{"id":12362,"href":"https:\/\/institutodelbicentenario-infd.mendoza.edu.ar\/sitio\/wp-json\/wp\/v2\/pages\/10261\/revisions\/12362"}],"wp:attachment":[{"href":"https:\/\/institutodelbicentenario-infd.mendoza.edu.ar\/sitio\/wp-json\/wp\/v2\/media?parent=10261"}],"curies":[{"name":"wp","href":"https:\/\/api.w.org\/{rel}","templated":true}]}}