{"id":10240,"date":"2024-03-19T08:32:31","date_gmt":"2024-03-19T11:32:31","guid":{"rendered":"https:\/\/institutodelbicentenario-infd.mendoza.edu.ar\/sitio\/?page_id=10240"},"modified":"2026-02-02T19:12:40","modified_gmt":"2026-02-02T22:12:40","slug":"entornos-hibridos","status":"publish","type":"page","link":"https:\/\/institutodelbicentenario-infd.mendoza.edu.ar\/sitio\/entornos-hibridos\/","title":{"rendered":"Entornos H\u00edbridos"},"content":{"rendered":"<div class=\"wp-block-image\">\n<figure class=\"aligncenter is-resized\"><img decoding=\"async\" loading=\"lazy\" src=\"https:\/\/institutodelbicentenario-infd.mendoza.edu.ar\/sitio\/wp-content\/uploads\/2024\/03\/WhatsApp-Image-2024-03-02-at-11.54.39.jpeg\" alt=\"\" class=\"wp-image-10163\" width=\"342\" height=\"256\" srcset=\"https:\/\/institutodelbicentenario-infd.mendoza.edu.ar\/sitio\/wp-content\/uploads\/2024\/03\/WhatsApp-Image-2024-03-02-at-11.54.39.jpeg 1024w, https:\/\/institutodelbicentenario-infd.mendoza.edu.ar\/sitio\/wp-content\/uploads\/2024\/03\/WhatsApp-Image-2024-03-02-at-11.54.39-1000x750.jpeg 1000w, https:\/\/institutodelbicentenario-infd.mendoza.edu.ar\/sitio\/wp-content\/uploads\/2024\/03\/WhatsApp-Image-2024-03-02-at-11.54.39-768x576.jpeg 768w\" sizes=\"(max-width: 342px) 100vw, 342px\" \/><\/figure><\/div>\n\n\n<p class=\"has-text-align-center\"><strong>INSCRIPCIONES 2025 CERRADAS<\/strong><\/p>\n\n\n\n<p class=\"has-text-align-center\"><\/p>\n\n\n\n<p class=\"has-text-align-center\">Certificaci\u00f3n de Actualizaci\u00f3n Acad\u00e9mica en Dise\u00f1o de pr\u00e1cticas de ense\u00f1anza en entornos h\u00edbridos.<\/p>\n\n\n\n<p class=\"has-text-align-center\">Informes e inscripciones:&nbsp;<a href=\"https:\/\/forms.gle\/yohgrHGhgZHKcS2t6\">https:\/\/forms.gle\/yohgrHGhgZHKcS2t6<\/a><\/p>\n\n\n\n<p class=\"has-text-align-center\">Contacto:&nbsp;<a rel=\"noreferrer noopener\" href=\"mailto:9030formacioncontinua@gmail.com\" target=\"_blank\">9030formacioncontinua@gmail.com<\/a><\/p>\n\n\n\n<p class=\"has-text-align-center\">Resoluci\u00f3n Provincial: <a rel=\"noreferrer noopener\" href=\"https:\/\/institutodelbicentenario-infd.mendoza.edu.ar\/sitio\/wp-content\/uploads\/2023\/03\/RESOL-2023-3431-GDEMZA-DGE_-_Actualizacion_Academica_en_Disen_o_de_practicas_de_ensen_anza_en_entornos_hibridos_-_IES_9-030.pdf\" target=\"_blank\">RESOL-2023-3431-GDEMZA-DGE<\/a><\/p>\n\n\n\n<p class=\"has-text-align-center\">Anexo Res. Provincial: <a rel=\"noreferrer noopener\" href=\"https:\/\/institutodelbicentenario-infd.mendoza.edu.ar\/sitio\/wp-content\/uploads\/2023\/03\/ANEXO_RESOL-2023-3431-GDEMZA-DGE_-_A_A_en_Disen_o_de_practicas_de_ensen_anza_en_entornos_hibridos_-_IES_9-030.pdf\" target=\"_blank\">ANEXO_RESOL-2023-3431-GDEMZA-DGE<\/a><\/p>\n\n\n\n<p class=\"has-text-align-center\">Lugar de cursado de encuentros presenciales:<a rel=\"noreferrer noopener\" href=\"https:\/\/institutodelbicentenario-infd.mendoza.edu.ar\/sitio\/ubicacion\/\" data-type=\"URL\" data-id=\"https:\/\/institutodelbicentenario-infd.mendoza.edu.ar\/sitio\/ubicacion\/\" target=\"_blank\"> Sede Central<\/a><\/p>\n\n\n\n<p class=\"has-text-align-center\"><a rel=\"noreferrer noopener\" href=\"https:\/\/institutodelbicentenario-infd.mendoza.edu.ar\/sitio\/formacion-continua\/\" target=\"_blank\"><strong>Jefatura de Formaci\u00f3n Continua<\/strong><\/a><\/p>\n\n\n\n<p class=\"has-text-align-center\"><a href=\"https:\/\/www.facebook.com\/hashtag\/isfdyt9030?__eep__=6&amp;__cft__%5b0%5d=AZUAeS2qce_O__6ax4kGqAHbwvxa_6RmNTOc3B8Gz8JEBOUO-S0BKSt6r7jSxIPjJiGjJfpxX5yHEn3zYOwL7s8VoNgtSv43O_a5bq-Sti_8MmbUwfbmDs1Skukl7lDnDrE&amp;__tn__=*NK-R\">#isfdyt9030<\/a><\/p>\n\n\n\n<p class=\"has-text-align-center\"><a href=\"https:\/\/www.facebook.com\/hashtag\/institutodelbicentenario?__eep__=6&amp;__cft__%5b0%5d=AZUAeS2qce_O__6ax4kGqAHbwvxa_6RmNTOc3B8Gz8JEBOUO-S0BKSt6r7jSxIPjJiGjJfpxX5yHEn3zYOwL7s8VoNgtSv43O_a5bq-Sti_8MmbUwfbmDs1Skukl7lDnDrE&amp;__tn__=*NK-R\">#institutodelbicentenario<\/a><\/p>\n\n\n\n<p class=\"has-text-align-center\"><a href=\"https:\/\/www.facebook.com\/hashtag\/educacionsuperior?__eep__=6&amp;__cft__%5b0%5d=AZUAeS2qce_O__6ax4kGqAHbwvxa_6RmNTOc3B8Gz8JEBOUO-S0BKSt6r7jSxIPjJiGjJfpxX5yHEn3zYOwL7s8VoNgtSv43O_a5bq-Sti_8MmbUwfbmDs1Skukl7lDnDrE&amp;__tn__=*NK-R\">#educacionsuperior<\/a><\/p>\n","protected":false},"excerpt":{"rendered":"<p>INSCRIPCIONES 2025 CERRADAS Certificaci\u00f3n de Actualizaci\u00f3n Acad\u00e9mica en Dise\u00f1o de pr\u00e1cticas de ense\u00f1anza en entornos h\u00edbridos. Informes e inscripciones:&nbsp;https:\/\/forms.gle\/yohgrHGhgZHKcS2t6 Contacto:&nbsp;9030formacioncontinua@gmail.com Resoluci\u00f3n Provincial: RESOL-2023-3431-GDEMZA-DGE Anexo Res. Provincial: ANEXO_RESOL-2023-3431-GDEMZA-DGE Lugar de cursado de encuentros presenciales: Sede Central Jefatura de Formaci\u00f3n Continua #isfdyt9030 #institutodelbicentenario #educacionsuperior<\/p>\n","protected":false},"author":646,"featured_media":0,"parent":0,"menu_order":0,"comment_status":"closed","ping_status":"closed","template":"","meta":[],"acf":[],"_links":{"self":[{"href":"https:\/\/institutodelbicentenario-infd.mendoza.edu.ar\/sitio\/wp-json\/wp\/v2\/pages\/10240"}],"collection":[{"href":"https:\/\/institutodelbicentenario-infd.mendoza.edu.ar\/sitio\/wp-json\/wp\/v2\/pages"}],"about":[{"href":"https:\/\/institutodelbicentenario-infd.mendoza.edu.ar\/sitio\/wp-json\/wp\/v2\/types\/page"}],"author":[{"embeddable":true,"href":"https:\/\/institutodelbicentenario-infd.mendoza.edu.ar\/sitio\/wp-json\/wp\/v2\/users\/646"}],"replies":[{"embeddable":true,"href":"https:\/\/institutodelbicentenario-infd.mendoza.edu.ar\/sitio\/wp-json\/wp\/v2\/comments?post=10240"}],"version-history":[{"count":17,"href":"https:\/\/institutodelbicentenario-infd.mendoza.edu.ar\/sitio\/wp-json\/wp\/v2\/pages\/10240\/revisions"}],"predecessor-version":[{"id":12942,"href":"https:\/\/institutodelbicentenario-infd.mendoza.edu.ar\/sitio\/wp-json\/wp\/v2\/pages\/10240\/revisions\/12942"}],"wp:attachment":[{"href":"https:\/\/institutodelbicentenario-infd.mendoza.edu.ar\/sitio\/wp-json\/wp\/v2\/media?parent=10240"}],"curies":[{"name":"wp","href":"https:\/\/api.w.org\/{rel}","templated":true}]}}