{"id":1020,"date":"2018-08-31T13:38:38","date_gmt":"2018-08-31T16:38:38","guid":{"rendered":"https:\/\/institutodelbicentenario-mza.infd.edu.ar\/sitio\/ubicacion\/"},"modified":"2026-03-02T09:28:31","modified_gmt":"2026-03-02T12:28:31","slug":"ubicacion","status":"publish","type":"page","link":"https:\/\/institutodelbicentenario-infd.mendoza.edu.ar\/sitio\/ubicacion\/","title":{"rendered":"Ubicaci\u00f3n de Sedes"},"content":{"rendered":"\n<p class=\"has-text-align-center\"><strong>Ubicaci\u00f3n de Sedes<\/strong><\/p>\n\n\n\n<div class=\"wp-block-columns is-layout-flex wp-container-3\">\n<div class=\"wp-block-column is-layout-flow\"><div class=\"wp-block-image\">\n<figure class=\"aligncenter size-large is-resized\"><img decoding=\"async\" loading=\"lazy\" src=\"https:\/\/institutodelbicentenario-infd.mendoza.edu.ar\/sitio\/wp-content\/uploads\/2022\/05\/9030-sede-central.png\" alt=\"\" class=\"wp-image-7137\" width=\"391\" height=\"292\"\/><\/figure><\/div>\n\n\n<p><\/p>\n\n\n\n<p class=\"has-text-align-center\"><span style=\"color: #0000ff; font-size: 14pt;\"><strong>Sede Central<\/strong><\/span><\/p>\n\n\n\n<p class=\"has-text-align-center\">Turno ma\u00f1ana: de 8:00 a 13:10 hs.<\/p>\n\n\n\n<p class=\"has-text-align-center\">Turno tarde: 13:40 a 18:40 hs.<\/p>\n\n\n\n<p class=\"has-text-align-center\">Turno Noche: 18:00 a 21:00 hs.<\/p>\n\n\n\n<p class=\"has-text-align-center\">Direcci\u00f3n: Punta Mogotes 791. Barrio: La Paz. <\/p>\n\n\n\n<p class=\"has-text-align-center\">Entre calles: Punta Mogotes, Salvador Arias, Juan Domingo Per\u00f3n Norte, Cutral-C\u00f3.<\/p>\n\n\n\n<p class=\"has-text-align-center\">Referencia: Polideportivo Municipal N\u00b0 7 Nicolino Loche.<\/p>\n\n\n\n<p class=\"has-text-align-center\">Localidad: Presidente Sarmiento, Godoy Cruz. Mendoza.  <\/p>\n\n\n\n<p class=\"has-text-align-center\">L\u00edneas de colectivos en un radio de 10 cuadras: <br>421, 422, 461, 467, 468, 730, 731, 905, 910<\/p>\n\n\n\n<p class=\"has-text-align-center\"><a href=\"https:\/\/mendotran.oba.visionblo.com\/\">https:\/\/mendotran.oba.visionblo.com\/<\/a><\/p>\n\n\n\n<iframe src=\"https:\/\/www.google.com\/maps\/embed?pb=!1m14!1m8!1m3!1d1238.3122862129119!2d-68.87654551239024!3d-32.93317129999999!3m2!1i1024!2i768!4f13.1!3m3!1m2!1s0x967e0b260a609a59%3A0x96d72761343cd8e2!2sInstituto%20del%20Bicentenario-%20sede%20Barrio%20Sarmiento!5e1!3m2!1ses!2sar!4v1651696908962!5m2!1ses!2sar\" width=\"600\" height=\"450\" style=\"border:0;\" allowfullscreen=\"\" loading=\"lazy\" referrerpolicy=\"no-referrer-when-downgrade\"><\/iframe>\n<\/div>\n\n\n\n<div class=\"wp-block-column is-layout-flow\"><div class=\"wp-block-image\">\n<figure class=\"aligncenter size-large is-resized\"><img decoding=\"async\" loading=\"lazy\" src=\"https:\/\/institutodelbicentenario-infd.mendoza.edu.ar\/sitio\/wp-content\/uploads\/2022\/05\/9030-sede-champeau-3.png\" alt=\"\" class=\"wp-image-7193\" width=\"383\" height=\"294\"\/><\/figure><\/div>\n\n\n<p><\/p>\n\n\n\n<p class=\"has-text-align-center\"><span style=\"color: #0000ff; font-size: 14pt;\"><strong>Sede Champeau<\/strong><\/span><\/p>\n\n\n\n<p class=\"has-text-align-center\">Turno noche: 19:00 a 23:20 hs.<\/p>\n\n\n\n<p class=\"has-text-align-center\">Comparte edificio con la Escuela N\u00b0 4-010 \u00abMar\u00eda Elena Champeau\u00bb. <\/p>\n\n\n\n<p class=\"has-text-align-center\">Direcci\u00f3n: Pedro Benegas y Manuel Garc\u00eda. Barrio: Trapiche.<\/p>\n\n\n\n<p class=\"has-text-align-center\">Localidad: Gobernador Benegas, Godoy Cruz.&nbsp;Mendoza. &nbsp;<\/p>\n\n\n\n<p class=\"has-text-align-center\">L\u00edneas de colectivos en un radio de 20 cuadras:<br>110, 330, 331, 400, 401, 420, 421, 422, 462, 463, 467, 466, 600, 699, 605, 700, 720, 721, 722, 723, 730, 731, 732, 733, 738 754, 761, 740, 861, 820, 927, 935, 940, 941, 942, 943, 950, 951.<\/p>\n\n\n\n<p class=\"has-text-align-center\"><a href=\"https:\/\/mendotran.oba.visionblo.com\/\">https:\/\/mendotran.oba.visionblo.com\/<\/a><\/p>\n\n\n\n<iframe src=\"https:\/\/www.google.com\/maps\/embed?pb=!1m18!1m12!1m3!1d736.2047362913491!2d-68.85228088269336!3d-32.94520105414857!2m3!1f0!2f0!3f0!3m2!1i1024!2i768!4f13.1!3m3!1m2!1s0x967e0bc9785e0ead%3A0x2753ec8b3d3791e1!2sInstituto%20Superior%20de%20Formaci%C3%B3n%20Docente%20y%20T%C3%A9cnica%20N%C2%BA%209-030%20%22Del%20Bicentenario%22%20Sede%20Champeau!5e1!3m2!1ses!2sar!4v1651697520513!5m2!1ses!2sar\" width=\"600\" height=\"450\" style=\"border:0;\" allowfullscreen=\"\" loading=\"lazy\" referrerpolicy=\"no-referrer-when-downgrade\"><\/iframe>\n\n\n\n<p><\/p>\n<\/div>\n<\/div>\n\n\n\n<p class=\"has-text-align-center\">________________________<\/p>\n\n\n\n<p class=\"has-text-align-center\"><strong><a href=\"https:\/\/institutodelbicentenario-infd.mendoza.edu.ar\/sitio\/hc\/\" data-type=\"URL\" data-id=\"https:\/\/institutodelbicentenario-infd.mendoza.edu.ar\/sitio\/hc\/\" target=\"_blank\" rel=\"noreferrer noopener\">Horarios de cursado seg\u00fan sede y carrera<\/a><\/strong><\/p>\n\n\n\n<p class=\"has-text-align-center\">________________________<\/p>\n\n\n<div class=\"wp-block-image\">\n<figure class=\"aligncenter size-large\"><a href=\"https:\/\/wa.me\/5492617206729\" target=\"_blank\" rel=\"noopener\"><img decoding=\"async\" loading=\"lazy\" width=\"407\" height=\"263\" src=\"https:\/\/institutodelbicentenario-infd.mendoza.edu.ar\/sitio\/wp-content\/uploads\/2022\/04\/logowsp.png\" alt=\"\" class=\"wp-image-6940\"\/><\/a><\/figure><\/div>\n\n\n<p><\/p>\n\n\n\n<p><\/p>\n\n\n\n<p class=\"has-text-align-center\"><\/p>\n","protected":false},"excerpt":{"rendered":"<p>Ubicaci\u00f3n de Sedes Sede Central Turno ma\u00f1ana: de 8:00 a 13:10 hs. Turno tarde: 13:40 a 18:40 hs. Turno Noche: 18:00 a 21:00 hs. Direcci\u00f3n: Punta Mogotes 791. Barrio: La Paz. Entre calles: Punta Mogotes, Salvador Arias, Juan Domingo Per\u00f3n Norte, Cutral-C\u00f3. Referencia: Polideportivo Municipal N\u00b0 7 Nicolino Loche. Localidad: Presidente Sarmiento, Godoy Cruz. Mendoza. &#8230; <a title=\"Ubicaci\u00f3n de Sedes\" class=\"read-more\" href=\"https:\/\/institutodelbicentenario-infd.mendoza.edu.ar\/sitio\/ubicacion\/\" aria-label=\"More on Ubicaci\u00f3n de Sedes\">[+]<\/a><\/p>\n","protected":false},"author":646,"featured_media":0,"parent":0,"menu_order":0,"comment_status":"closed","ping_status":"closed","template":"","meta":[],"acf":[],"_links":{"self":[{"href":"https:\/\/institutodelbicentenario-infd.mendoza.edu.ar\/sitio\/wp-json\/wp\/v2\/pages\/1020"}],"collection":[{"href":"https:\/\/institutodelbicentenario-infd.mendoza.edu.ar\/sitio\/wp-json\/wp\/v2\/pages"}],"about":[{"href":"https:\/\/institutodelbicentenario-infd.mendoza.edu.ar\/sitio\/wp-json\/wp\/v2\/types\/page"}],"author":[{"embeddable":true,"href":"https:\/\/institutodelbicentenario-infd.mendoza.edu.ar\/sitio\/wp-json\/wp\/v2\/users\/646"}],"replies":[{"embeddable":true,"href":"https:\/\/institutodelbicentenario-infd.mendoza.edu.ar\/sitio\/wp-json\/wp\/v2\/comments?post=1020"}],"version-history":[{"count":51,"href":"https:\/\/institutodelbicentenario-infd.mendoza.edu.ar\/sitio\/wp-json\/wp\/v2\/pages\/1020\/revisions"}],"predecessor-version":[{"id":13142,"href":"https:\/\/institutodelbicentenario-infd.mendoza.edu.ar\/sitio\/wp-json\/wp\/v2\/pages\/1020\/revisions\/13142"}],"wp:attachment":[{"href":"https:\/\/institutodelbicentenario-infd.mendoza.edu.ar\/sitio\/wp-json\/wp\/v2\/media?parent=1020"}],"curies":[{"name":"wp","href":"https:\/\/api.w.org\/{rel}","templated":true}]}}