{"id":1006,"date":"2018-08-31T13:38:33","date_gmt":"2018-08-31T16:38:33","guid":{"rendered":"https:\/\/institutodelbicentenario-mza.infd.edu.ar\/sitio\/docentes\/"},"modified":"2026-04-19T20:33:12","modified_gmt":"2026-04-19T23:33:12","slug":"noticias-docentes","status":"publish","type":"page","link":"https:\/\/institutodelbicentenario-infd.mendoza.edu.ar\/sitio\/noticias-docentes\/","title":{"rendered":"Noticias para Docentes"},"content":{"rendered":"\n<p class=\"has-text-align-center\"><strong>Noticias para Docentes<\/strong><\/p>\n\n\n\n<p class=\"has-text-align-center\">Contacto: <a rel=\"noreferrer noopener\" href=\"https:\/\/institutodelbicentenario-infd.mendoza.edu.ar\/sitio\/secretaria-administrativa\/\" target=\"_blank\">Secretar\u00eda Administrativa<\/a><\/p>\n\n\n\n<p class=\"has-text-align-center\"><strong>Noticias 2026<\/strong><\/p>\n\n\n\n<p>__________________________________<\/p>\n\n\n\n<p class=\"has-text-align-left\">Publicaci\u00f3n -3- Fecha: 15\/4\/2026<\/p>\n\n\n\n<p>IMPORTANTE: Jornada Obligatoria del Sistema Federal Integrado de Evaluaci\u00f3n, Certificaci\u00f3n y Acreditaci\u00f3n (SIFIECA)<br>Estimada comunidad educativa:<br>Les informamos que, seg\u00fan la Circular N\u00ba 03-DESUP-26 (adjunta a este mensaje), nuestra instituci\u00f3n llevar\u00e1 a cabo la jornada obligatoria de autoevaluaci\u00f3n institucional.<br>&#x1f5d3; Fecha de la jornada: 20 de abril<br>&#x1f4bb;Actividades:<br>\u2022 Profesorados: Se suspenden las clases habituales para abocarnos exclusivamente a la carga de los formularios. Las y los estudiantes deben asistir en sus turnos habituales.<br>\u2022 Tecnicaturas: Actividades normales. Docentes y estudiantes de tecnicaturas mantienen su cronograma habitual de clases.<br>&#x1f4cc; A tener en cuenta (Solo Profesorados):<br>\u2022 Participan: Docentes, estudiantes, egresados y personal de apoyo.<br>\u2022 Acceso: El mismo lunes les enviaremos por este medio el link correspondiente, el usuario y la clave gen\u00e9rica seg\u00fan su categor\u00eda.<br>\u2022 Modalidad: El formulario debe completarse en un solo ingreso (no permite guardar borrador).<br>\u2022 Asistencia y horarios: La asistencia es de car\u00e1cter obligatorio y se registrar\u00e1 de manera presencial en los siguientes horarios:<br>o Turno Ma\u00f1ana: 09:00 horas.<br>o Turno Tarde: 14:30 horas.<br>o Turno Noche: 19:30 horas.<br>Agradecemos leer con atenci\u00f3n la circular adjunta para conocer los detalles organizativos.<br>Descarga de la circular: <a rel=\"noreferrer noopener\" href=\"https:\/\/institutodelbicentenario-infd.mendoza.edu.ar\/sitio\/wp-content\/uploads\/2026\/04\/CIRCULAR-No-03-DESUP-26-IMPLEMENTACION-DEL-SIFIECA-Jornada-especial-obligatoria-Autoevaluacion-institucional.pdf\" target=\"_blank\">https:\/\/institutodelbicentenario-infd.mendoza.edu.ar\/sitio\/wp-content\/uploads\/2026\/04\/CIRCULAR-No-03-DESUP-26-IMPLEMENTACION-DEL-SIFIECA-Jornada-especial-obligatoria-Autoevaluacion-institucional.pdf<\/a><\/p>\n\n\n\n<p>Rectorado<br>ISFDyT N\u00b0 9-030 \u00abDel Bicentenario\u00bb<\/p>\n\n\n\n<p>__________________________________<\/p>\n\n\n\n<p class=\"has-text-align-left\">Publicaci\u00f3n -2- Fecha: 8\/4\/2026<\/p>\n\n\n\n<p><strong>Cumplimiento obligatorio del Relevamiento Nacional del Personal Educativo (ReNPE)<\/strong><br>Ministerio de Educaci\u00f3n, Cultura, Infancias y DGE<br>Nivel\/es: &#8211; Educaci\u00f3n Especial &#8211; Educaci\u00f3n Superior &#8211; CEBJA &#8211; Inicial &#8211; CENS &#8211; Secundario T\u00e9cnico &#8211; Educaci\u00f3n Art\u00edstica &#8211; Secundario Orientado &#8211; Primario &#8211; Centro de Capacitaci\u00f3n para el Trabajo &#8211; SEOS &#8211; CENS &#8211; ADULTOS &#8211; SEOS &#8211; CENS &#8211; ESPECIAL &#8211; SEOS &#8211; Progr. Buena Cosecha &#8211; SEOS &#8211; Maternal &#8211; Inicial &#8211; Primaria &#8211; SEOS &#8211; Maternal &#8211; Inicial &#8211; Deportiva &#8211; SEOS &#8211; CEBJA &#8211; IPCL &#8211; Educaci\u00f3n Domiciliaria y Hospitalaria &#8211; Educaci\u00f3n Integral &#8211; Especial<br>Dependencia\/s: -P\u00fablica -Privada -SEOS<\/p>\n\n\n\n<p>COMUNICACI\u00d3N A TODOS LOS DOCENTES y NO DOCENTES EN ESTABLECIMIETOS EDUCATIVOS<br>DE LA PROVINCIA DE MENDOZA<\/p>\n\n\n\n<p>Asunto: Cumplimiento obligatorio del Relevamiento Nacional del Personal Educativo (ReNPE)<br>Se informa a todo el personal docente, no docente y auxiliares (gesti\u00f3n estatal y privada, excepto nivel universitario) de la Provincia de Mendoza que, en el marco del Relevamiento Nacional del<br>Personal Educativo (ReNPE), resulta obligatorio completar la informaci\u00f3n requerida a trav\u00e9s de la plataforma Mi Argentina o ReNPE Naci\u00f3n, conforme al procedimiento establecido para dicho operativo.<\/p>\n\n\n\n<p>Acceso al cuestionario:<br><a href=\"https:\/\/renpe.educacion.gob.ar\/\" target=\"_blank\" rel=\"noreferrer noopener\">https:\/\/renpe.educacion.gob.ar\/<\/a><br><a href=\"https:\/\/www.argentina.gob.ar\/educacion\/renpe-2025\" target=\"_blank\" rel=\"noreferrer noopener\">https:\/\/www.argentina.gob.ar\/educacion\/renpe-2025<\/a><\/p>\n\n\n\n<p>Recomendaciones de carga:<br>\uf0fc Ingresar con usuario y clave de Mi Argentina<br>\uf0fc Completar desde una computadora<br>\uf0fc Duraci\u00f3n estimada: 20 a 40 minutos<br>\uf0fc Puede completarse en m\u00e1s de una instancia (guarda avances)<br>\uf0fc Todos los campos son obligatorios<br>A tales efectos, se solicita dar cumplimiento a esta carga hasta el d\u00eda 20 de abril de 2026, inclusive, a fin de asegurar el correcto registro y validaci\u00f3n de los datos correspondientes.<br>Se destaca que la correcta y oportuna cumplimentaci\u00f3n de este requerimiento reviste especial importancia para la adecuada registraci\u00f3n de la informaci\u00f3n laboral del personal docente. En tal sentido,<br>la falta de cumplimiento dentro del plazo indicado podr\u00e1 generar inconsistencias o demoras en los circuitos administrativos, con posible afectaci\u00f3n en la liquidaci\u00f3n mensual de haberes.<br>Por lo expuesto, se instruye a todo el personal alcanzado a completar la informaci\u00f3n solicitada dentro del plazo establecido, a trav\u00e9s de la plataforma mencionada.<br>Ante cualquier consulta comunicarse via e-mail a renpe25mendoza@gmail.com o telef\u00f3nicamente al 4230562<br>Sin otro particular, se solicita dar urgente cumplimiento a la presente.<\/p>\n\n\n\n<p>__________________________________<\/p>\n\n\n\n<p class=\"has-text-align-left\">Publicaci\u00f3n -1- Fecha: 18\/3\/2026<\/p>\n\n\n\n<p><a href=\"https:\/\/institutodelbicentenario-infd.mendoza.edu.ar\/sitio\/wp-content\/uploads\/2026\/03\/Comunicado-Salario-Familiar-2026-Abril.pdf\">Comunicado-Salario-Familiar-2026-Abril.pdf<\/a><\/p>\n\n\n\n<p>__________________________________<\/p>\n\n\n\n<p class=\"has-text-align-center\"><strong>Noticias 2025<\/strong><\/p>\n\n\n\n<p class=\"has-text-align-left\">__________________________________<\/p>\n\n\n\n<p class=\"has-text-align-left\">Publicaci\u00f3n -5- Fecha: 23\/12\/2025<\/p>\n\n\n\n<p><strong>Fase 2 del ReNPE<\/strong> <strong>C\u00e9dula censal<\/strong><\/p>\n\n\n\n<p>Estimadas\/os docentes: Adjuntamos el MEMO ME-2025-10130810-GDEMZA-DGE, producido por la<br>Jefatura de Gabinete y la Subsecretar\u00eda de Educaci\u00f3n, mediante el cual<br>se recuerda que nos encontramos en la Fase 2 del ReNPE, en la que todo<br>el personal educativo debe completar la c\u00e9dula censal.<\/p>\n\n\n\n<p><a href=\"https:\/\/institutodelbicentenario-infd.mendoza.edu.ar\/sitio\/wp-content\/uploads\/2025\/12\/ME-2025-10130810-GDEMZA-DGE-FASE-2-RELEVAMIENTO-NACIONAL-DE-PERSONAL-EDUCATIVO-RENPE-2025.pdf\">ME-2025-10130810-GDEMZA-DGE-FASE-2-RELEVAMIENTO-NACIONAL-DE-PERSONAL-EDUCATIVO-RENPE-2025.pdf<\/a><\/p>\n\n\n\n<p>Que tengan un excelente descanso!<\/p>\n\n\n\n<p>__________________________________<\/p>\n\n\n\n<p>Publicaci\u00f3n -4- Fecha: 29\/09\/2025<\/p>\n\n\n\n<p>Convocatoria a Concurso de Traslado Ordinario de horas c\u00e1tedra frente a estudiantes y cargos base del escalaf\u00f3n docente, ciclo lectivo 2025<\/p>\n\n\n\n<p><a href=\"https:\/\/institutodelbicentenario-infd.mendoza.edu.ar\/sitio\/wp-content\/uploads\/2025\/09\/RS-2025-332-25-GDEMZA-CGES_DGE.pdf\">RS-2025-332-25-GDEMZA-CGES_DGE.pdf<\/a><\/p>\n\n\n\n<p><a href=\"https:\/\/institutodelbicentenario-infd.mendoza.edu.ar\/sitio\/wp-content\/uploads\/2025\/09\/Anexo-I-resolucion-de-traslados-y-permutas-Ciclo-2025-1.pdf\">Anexo-I-resolucion-de-traslados-y-permutas-Ciclo-2025-1.pdf<\/a><\/p>\n\n\n\n<p><a href=\"https:\/\/institutodelbicentenario-infd.mendoza.edu.ar\/sitio\/wp-content\/uploads\/2025\/09\/Anexo-II-resolucion-de-traslados-y-permutas-Ciclo-2025.pdf\">Anexo-II-resolucion-de-traslados-y-permutas-Ciclo-2025.pdf<\/a><\/p>\n\n\n\n<p>__________________________________<\/p>\n\n\n\n<p>Publicaci\u00f3n -3- Fecha: 17\/03\/2025<\/p>\n\n\n\n<p><a href=\"https:\/\/institutodelbicentenario-infd.mendoza.edu.ar\/sitio\/wp-content\/uploads\/2025\/03\/Comunicado-Salario-Familiar-2025-Abril.pdf\">Comunicado-Salario-Familiar-2025-Abril.pdf<\/a><\/p>\n\n\n\n<p>__________________________________<\/p>\n\n\n\n<p>Publicaci\u00f3n -2- Fecha: 11\/03\/2025<\/p>\n\n\n\n<p><strong>CONVOCATORIA URGENTE A DOCENTES CON HORAS CONTRACUATRIMESTRE<\/strong><br>Se convoca a todas y todos los docentes que poseen horas contracuatrimestre a completar las planillas correspondientes para la elaboraci\u00f3n del informe solicitado por la Direcci\u00f3n de Educaci\u00f3n Superior, en cumplimiento de la normativa vigente: Circular 01-DESUP-2025.<br><a rel=\"noreferrer noopener\" href=\"https:\/\/docs.google.com\/presentation\/d\/1ENEjONg2JQkYE4TeNdaUVkswe31KGtdDdEbwYm98jCs\/edit?usp=sharing\" target=\"_blank\">https:\/\/docs.google.com\/presentation\/d\/1ENEjONg2JQkYE4TeNdaUVkswe31KGtdDdEbwYm98jCs\/edit?usp=sharing<\/a><br><\/p>\n\n\n\n<p>L\u00edneas de acci\u00f3n 2025:*<\/p>\n\n\n\n<ul>\n<li>Jefatura de Formaci\u00f3n Inicial<\/li>\n\n\n\n<li>Jefatura de Formaci\u00f3n Continua<\/li>\n\n\n\n<li>Jefatura de Investigaci\u00f3n<\/li>\n\n\n\n<li>Acompa\u00f1amiento Pedag\u00f3gico a las escuelas (PPD)<br>Anotarse en una jefatura implica el compromiso de asumir determinada l\u00ednea de acci\u00f3n, en cuanto a la responsabilidad de ponerse en contacto con su referente, acordar distintas actividades y trabajar en equipo.<br>Cabe aclarar que la Direcci\u00f3n de Educaci\u00f3n Superior solicitar\u00e1 los informes de acci\u00f3n peri\u00f3dicos ya que las mismas estar\u00e1n sujetas a los nuevos \u00edtems de arraigo y permanencia.<br>El plazo para cargar dichas planillas es indefectiblemente hasta el mi\u00e9rcoles 12 de marzo a las 18:00 hs.<br>Importante: llenar en la pesta\u00f1a correspondiente a la carrera y espacios cuatrimestrales.<br>Saludos cordiales<br><strong>Rectorado<\/strong><\/li>\n<\/ul>\n\n\n\n<p>__________________________________<\/p>\n\n\n\n<p>Publicaci\u00f3n -1- Fecha: 21\/02\/2025<\/p>\n\n\n\n<p><strong>IMPORTANTE:<\/strong> Solicitud de Certificaci\u00f3n de Servicios para Suplencias en el Nivel Superior<br>Se informa a las\/los interesados en obtener la certificaci\u00f3n de servicios para la inscripci\u00f3n a suplencias en el Nivel Superior que deber\u00e1n solicitarla exclusivamente por correo electr\u00f3nico a: 9030secretaria@gmail.com, a m\u00e1s tardar el lunes 24 de febrero a las 11:00 hs . Las mismas se entregar\u00e1n en formato digital y papel.<br><strong>Secretar\u00eda administrativa<\/strong><\/p>\n\n\n\n<p>__________________________________<\/p>\n\n\n\n<p class=\"has-text-align-center\"><strong>Noticias 2024<\/strong><\/p>\n\n\n\n<p>__________________________________<\/p>\n\n\n\n<p>Publicaci\u00f3n -10- Fecha: 02\/12\/2024<\/p>\n\n\n\n<p><strong>ORDEN DE M\u00c9RITOS PARA TRASLADOS DE HORAS T\u00cdTULARES<\/strong><\/p>\n\n\n\n<p><a href=\"https:\/\/institutodelbicentenario-infd.mendoza.edu.ar\/sitio\/wp-content\/uploads\/2024\/12\/Acordada-N-01.pdf\">Acordada-N-01.pdf<\/a><\/p>\n\n\n\n<p><a href=\"https:\/\/institutodelbicentenario-infd.mendoza.edu.ar\/sitio\/wp-content\/uploads\/2024\/12\/Acordada-N-02.pdf\">Acordada-N-02.pdf<\/a><\/p>\n\n\n\n<p><a href=\"https:\/\/institutodelbicentenario-infd.mendoza.edu.ar\/sitio\/wp-content\/uploads\/2024\/12\/ZONA-1-GRAN-MENDOZA-Y-ZONA-ESTE.pdf\">ZONA-1-GRAN-MENDOZA-Y-ZONA-ESTE.pdf<\/a><\/p>\n\n\n\n<p><a href=\"https:\/\/institutodelbicentenario-infd.mendoza.edu.ar\/sitio\/wp-content\/uploads\/2024\/12\/ZONA-2-VALLE-DE-UCO.pdf\">ZONA-2-VALLE-DE-UCO.pdf<\/a><\/p>\n\n\n\n<p>__________________________________<\/p>\n\n\n\n<p>Publicaci\u00f3n -9- Fecha: 21\/11\/2024<\/p>\n\n\n\n<p><strong>INSCRIPCI\u00d3N PARA EL ORDEN DE M\u00c9RITO INSTITUCIONAL<\/strong><br>Importante: Todos\/as los\/las docentes de la instituci\u00f3n que deseen presentarse a llamados en 2025 deber\u00e1n inscribirse (presentar carpeta o actualizarla, en caso de estar tabulada), caso contrario no podr\u00e1 acceder a llamados por reemplazos institucionales, seg\u00fan normativa vigente.<br><em>Secretar\u00eda Administrativa<\/em><\/p>\n\n\n\n<p><a href=\"https:\/\/institutodelbicentenario-infd.mendoza.edu.ar\/sitio\/wp-content\/uploads\/2024\/11\/INSCRIPCION-A-NUEVOS-ASPIRANTES-Y-ACTUALIZACION-DE-ANTECEDENTES-PARA-CUBRIR-ORDEN-GENERAL-DE-MERITO-ANUAL-2025.pdf\" target=\"_blank\" rel=\"noreferrer noopener\">INSCRIPCION-A-NUEVOS-ASPIRANTES-Y-ACTUALIZACION-DE-ANTECEDENTES-PARA-CUBRIR-ORDEN-GENERAL-DE-MERITO-ANUAL-2025.pdf<\/a><\/p>\n\n\n\n<p>__________________________________<\/p>\n\n\n\n<p>Publicaci\u00f3n -8- Fecha: 13\/11\/2024<\/p>\n\n\n\n<p>Estimados IES:<\/p>\n\n\n\n<p>En esta oportunidad nos comunicamos con ustedes, para ponerlos en conocimiento de la modificaci\u00f3n parcial del cronograma dispuesto para el Concurso de Traslados en el nivel superior, por razones de \u00edndole operativa.<\/p>\n\n\n\n<p>En el comunicado adjunto se detallan las nuevas fechas.<\/p>\n\n\n\n<p>Sin otro particular, los saludamos atentamente.<\/p>\n\n\n\n<p><a href=\"https:\/\/institutodelbicentenario-infd.mendoza.edu.ar\/sitio\/wp-content\/uploads\/2024\/11\/MODIFICACION-CRONOGRAMA-TRASLADOS-1.pdf\">MODIFICACION-CRONOGRAMA-TRASLADOS.pdf<\/a><\/p>\n\n\n\n<p>__________________________________<\/p>\n\n\n\n<p>Publicaci\u00f3n -7- Fecha: 21\/10\/2024<\/p>\n\n\n\n<p><a href=\"https:\/\/institutodelbicentenario-infd.mendoza.edu.ar\/sitio\/wp-content\/uploads\/2024\/10\/Comunicado-Salario-Familiar.pdf\">Comunicado-Salario-Familiar.pdf<\/a><\/p>\n\n\n\n<p>__________________________________<\/p>\n\n\n\n<p>Publicaci\u00f3n -6- Fecha: 24\/09\/2024<\/p>\n\n\n\n<p class=\"has-text-align-center\"><strong>Convocatoria a Concurso de Traslado Ordinario de horas c\u00e1tedra frente a estudiantes y cargos<br>base del escalaf\u00f3n docente, ciclo lectivo 2024, a los docentes titulares que se desempe\u00f1an en Institutos de<br>Educaci\u00f3n Superior de gesti\u00f3n estatal.<\/strong><\/p>\n\n\n\n<p><a href=\"https:\/\/institutodelbicentenario-infd.mendoza.edu.ar\/sitio\/wp-content\/uploads\/2024\/09\/1-RS-2024-07084993-GDEMZA-CGESDGE-Resol.-257-E-GDEMZA-CGES-24-Resol.-convocatoria-traslados-y-permutas-Nivel-Superior-Direccion-de-Educacion-Superior-Anexo-1-y-2.pdf\">1-RS-2024-07084993-GDEMZA-CGESDGE-Resol.-257-E-GDEMZA-CGES-24-Resol.-convocatoria-traslados-y-permutas-Nivel-Superior-Direccion-de-Educacion-Superior-Anexo-1-y-2.pdf<\/a><\/p>\n\n\n\n<p><a href=\"https:\/\/institutodelbicentenario-infd.mendoza.edu.ar\/sitio\/wp-content\/uploads\/2024\/09\/2-Anexo-I-TRASLADOS-Resol.-257-E-GDEMZA-CGES-24-convocatoria-traslados-y-permutas-DESUP.pdf\">2-Anexo-I-TRASLADOS-Resol.-257-E-GDEMZA-CGES-24-convocatoria-traslados-y-permutas-DESUP.pdf<\/a><\/p>\n\n\n\n<p><a href=\"https:\/\/institutodelbicentenario-infd.mendoza.edu.ar\/sitio\/wp-content\/uploads\/2024\/09\/3-Anexo-II-PERMUTAS-Resol.-257-E-GDEMZA-CGES-24-convocatoria-traslados-y-permutas-DESUP.pdf\">3-Anexo-II-PERMUTAS-Resol.-257-E-GDEMZA-CGES-24-convocatoria-traslados-y-permutas-DESUP.pdf<\/a><\/p>\n\n\n\n<p>__________________________________<\/p>\n\n\n\n<p>Publicaci\u00f3n -5- Fecha: 10\/09\/2024<\/p>\n\n\n\n<p><a rel=\"noreferrer noopener\" href=\"https:\/\/institutodelbicentenario-infd.mendoza.edu.ar\/sitio\/wp-content\/uploads\/2024\/09\/Concurso-Interno-para-orden-de-merito-2024-PESH.pdf\" target=\"_blank\">Concurso-Interno.pdf<\/a><\/p>\n\n\n\n<p>__________________________________<\/p>\n\n\n\n<p>Publicaci\u00f3n -4- Fecha: 21\/08\/2024<\/p>\n\n\n\n<p><a rel=\"noreferrer noopener\" href=\"https:\/\/institutodelbicentenario-infd.mendoza.edu.ar\/sitio\/wp-content\/uploads\/2024\/08\/Concurso-Interno-para-orden-de-merito-2024.pdf\" target=\"_blank\">Concurso Interno.pdf<\/a><\/p>\n\n\n\n<p>__________________________________<\/p>\n\n\n\n<p>Publicaci\u00f3n -3- Fecha: 03\/07\/2024<\/p>\n\n\n\n<p>Comunicaci\u00f3n presentaci\u00f3n de licencias: <a href=\"https:\/\/institutodelbicentenario-infd.mendoza.edu.ar\/sitio\/wp-content\/uploads\/2024\/07\/ME-2024-04215122-GDEMZA.pdf\">ME-2024-04215122-GDEMZA.pdf<\/a><\/p>\n\n\n\n<p>__________________________________<\/p>\n\n\n\n<p>Fecha de Publicaci\u00f3n <\/p>\n\n\n\n<p>Publicaci\u00f3n -2- Fecha: 25\/04\/2024<\/p>\n\n\n\n<p><a href=\"https:\/\/institutodelbicentenario-infd.mendoza.edu.ar\/sitio\/wp-content\/uploads\/2024\/04\/memorandun-2024.pdf\">memorandum-2024.pdf<\/a><\/p>\n\n\n\n<p>__________________________________<\/p>\n\n\n\n<p>Publicaci\u00f3n -1- Fecha: 08\/04\/2024<\/p>\n\n\n\n<p><a href=\"https:\/\/institutodelbicentenario-infd.mendoza.edu.ar\/sitio\/wp-content\/uploads\/2024\/04\/Comunicado-de-salario-familiar.pdf\">Comunicado-de-salario-familiar.pdf<\/a><\/p>\n\n\n\n<p class=\"has-text-align-center\">__________________________________<\/p>\n\n\n\n<p class=\"has-text-align-center\"><strong>2023<\/strong><\/p>\n\n\n\n<p class=\"has-text-align-center\">__________________________________<\/p>\n\n\n\n<p>Fecha de Publicaci\u00f3n 03\/07\/2023<\/p>\n\n\n\n<p>Estimadas\/os docentes:<\/p>\n\n\n\n<p>Llegando a fin del cuatrimestre les recordamos que para las unidades curriculares cuatrimestrales debemos:<\/p>\n\n\n\n<ul>\n<li>Llenar la PLANILLA DE ASISTENCIA con claridad.<\/li>\n\n\n\n<li>&nbsp;Completar la PLANILLA DE NOTAS consignando claramente porcentaje de asistencia, condici\u00f3n final (regular \/ no regular \/ ausente) y nota final (ver escala de calificaciones).<\/li>\n\n\n\n<li>Recordar que \u201cpromocional\u201d no es una condici\u00f3n final. En el caso de los espacios promocionales, se debe aclarar en&nbsp; observaciones si la\/el estudiante accede a la acreditaci\u00f3n directa (por ejemplo, escribir \u201cpromociona\u201d o \u201cacreditaci\u00f3n directa\u201d).<\/li>\n\n\n\n<li>Cerrar la PLANILLA DE TEMAS consignando todo lo visto durante el cuatrimestre.<\/li>\n\n\n\n<li>Avisar a coordinadores\/as y\/o bedeles cualquier situaci\u00f3n especial.<\/li>\n\n\n\n<li>No llevarse los libros de temas del instituto bajo ning\u00fan concepto.<\/li>\n<\/ul>\n\n\n\n<p>Asimismo, recordemos que los plazos para entregar programas (formato digital y papel) ya est\u00e1n vencidos. Por favor, se les ruega entregarlos a la brevedad para evitar notificaciones formales.<\/p>\n\n\n\n<p>Cumplimentar todos estos actos administrativo-pedag\u00f3gicos posibilitan que las\/os estudiantes puedan acceder a las mesas examinadoras sin inconvenientes.<\/p>\n\n\n\n<p>Como siempre, agradecemos su compromiso y dedicaci\u00f3n durante todo el cuatrimestre, y les deseamos un feliz cierre de procesos.<\/p>\n\n\n\n<p class=\"has-text-align-center\"><strong>Equipo Directivo<\/strong><\/p>\n\n\n\n<p class=\"has-text-align-center\">__________________________________<\/p>\n\n\n\n<p class=\"has-text-align-center\"><strong>2018<\/strong><\/p>\n\n\n\n<p class=\"has-text-align-center\"><span style=\"font-size: 14pt;\"><a rel=\"noopener\" href=\"https:\/\/institutodelbicentenario-infd.mendoza.edu.ar\/aula\/archivos\/repositorio\/\/1250\/1407\/Formato_de_programa_institucional_2018.docx\" target=\"_NEW\"><strong>Formato_de_programa_institucional_2018.docx<\/strong><\/a><\/span><\/p>\n\n\n\n<p class=\"has-text-align-center\">__________________________________<\/p>\n\n\n\n<p class=\"has-text-align-center\"><strong>2017<\/strong><\/p>\n\n\n\n<p class=\"has-text-align-center\"><span style=\"font-size: 14pt;\"><strong>PNFP 2017<\/strong><\/span><\/p>\n\n\n\n<p class=\"has-text-align-center\"><span style=\"font-size: 14pt;\"><strong><a href=\"https:\/\/institutodelbicentenario-infd.mendoza.edu.ar\/aula\/archivos\/repositorio\/\/1250\/1404\/PNFP_Trabajo_Individual_12-12-2017.docx\" target=\"_NEW\" rel=\"noopener\"><strong>PNFP_Trabajo_Individual_12-12-2017.docx<\/strong><\/a><\/strong><\/span><\/p>\n\n\n\n<p class=\"has-text-align-center\"><span style=\"font-size: 14pt;\"><strong><a href=\"https:\/\/institutodelbicentenario-infd.mendoza.edu.ar\/aula\/archivos\/repositorio\/\/1250\/1405\/Formatos_Curriculares_Introduccion.pptx\" target=\"_NEW\" rel=\"noopener\"><strong>Formatos_Curriculares_Introduccion.pptx<\/strong><\/a><\/strong><\/span><\/p>\n\n\n\n<p class=\"has-text-align-center\">__________________________________<\/p>\n\n\n\n<h1 class=\"wp-block-heading\">Normativas<\/h1>\n\n\n\n<p>Circulares:<\/p>\n\n\n\n<p><a href=\"https:\/\/institutodelbicentenario-infd.mendoza.edu.ar\/aula\/archivos\/repositorio\/\/1500\/1555\/Cir_9-CGES-18.pdf\">Cir. 9-CGES-18<\/a><\/p>\n\n\n\n<p>Comunicados:<\/p>\n\n\n\n<p>Decretos:<\/p>\n\n\n\n<p><a href=\"https:\/\/institutodelbicentenario-infd.mendoza.edu.ar\/aula\/archivos\/repositorio\/\/1500\/1557\/Dec_530_Boletin_oficial.pdf\">Dec. 530 Bolet\u00edn Oficial<\/a><\/p>\n\n\n\n<p><a href=\"https:\/\/institutodelbicentenario-infd.mendoza.edu.ar\/aula\/archivos\/repositorio\/\/1500\/1556\/Dec_530.pdf\">Dec. 530<\/a><\/p>\n\n\n\n<p>Memor\u00e1ndums:<\/p>\n\n\n\n<p><a href=\"https:\/\/institutodelbicentenario-infd.mendoza.edu.ar\/aula\/archivos\/repositorio\/\/1500\/1573\/MEMO_DGE_27-8-18_Ocupacion_edificio.pdf\" target=\"_blank\" rel=\"noopener\">MEMO_DGE_27-8-18_Ocupacion_edificio.pdf<\/a><\/p>\n\n\n\n<p><a href=\"https:\/\/institutodelbicentenario-infd.mendoza.edu.ar\/aula\/archivos\/repositorio\/\/1500\/1574\/Memo-asambleas_gremios.jpg\" target=\"_blank\" rel=\"noopener\">Memo-asambleas_gremios.jpg<\/a><\/p>\n\n\n\n<p>Notas:<\/p>\n\n\n\n<p>Resoluciones:<\/p>\n\n\n\n<p><a href=\"https:\/\/institutodelbicentenario-infd.mendoza.edu.ar\/aula\/archivos\/repositorio\/\/1500\/1576\/RES_124-CGES-18-Carreras_Prioritarias.pdf\" target=\"_blank\" rel=\"noopener\">RES_124-CGES-18-Carreras_Prioritarias.pdf<\/a><\/p>\n\n\n\n<p><a href=\"https:\/\/institutodelbicentenario-infd.mendoza.edu.ar\/aula\/archivos\/repositorio\/\/1500\/1580\/RES_123-CGES-18-Elecciones.pdf\" target=\"_blank\" rel=\"noopener\">RES_123-CGES-18-Elecciones.pdf<\/a><\/p>\n\n\n\n<p><a href=\"https:\/\/institutodelbicentenario-infd.mendoza.edu.ar\/aula\/archivos\/repositorio\/\/1500\/1579\/RES_117-CGES-18-Elecciones.pdf\" target=\"_blank\" rel=\"noopener\">RES_117-CGES-18-Elecciones.pdf<\/a><\/p>\n\n\n\n<p><a href=\"https:\/\/institutodelbicentenario-infd.mendoza.edu.ar\/aula\/archivos\/repositorio\/\/1500\/1577\/Res_116-CGES-18-Elecciones.pdf\" target=\"_blank\" rel=\"noopener\">Res_116-CGES-18-Elecciones.pdf<\/a><\/p>\n\n\n\n<p><a href=\"https:\/\/institutodelbicentenario-infd.mendoza.edu.ar\/aula\/archivos\/repositorio\/\/1500\/1578\/Res_115-CGES-18-Elecciones.pdf\" target=\"_blank\" rel=\"noopener\">Res_115-CGES-18-Elecciones.pdf<\/a><\/p>\n\n\n\n<p><a href=\"https:\/\/institutodelbicentenario-infd.mendoza.edu.ar\/aula\/archivos\/repositorio\/\/1500\/1575\/RES_129_2016-Gemial.pdf\" target=\"_blank\" rel=\"noopener\">RES_129_2016-Gemial.pdf<\/a><\/p>\n\n\n\n<p><a href=\"https:\/\/institutodelbicentenario-infd.mendoza.edu.ar\/aula\/archivos\/repositorio\/\/1500\/1584\/Res_2097_Serv_Publico_Educativo-Prohibiciones.pdf\" target=\"_blank\" rel=\"noopener\">Res_2097_Serv_Publico_Educativo-Prohibiciones.pdf<\/a><\/p>\n\n\n\n<p><a href=\"https:\/\/institutodelbicentenario-infd.mendoza.edu.ar\/aula\/archivos\/repositorio\/\/1500\/1583\/Res_2010_DGE-_Carreras_proritarias-Oferta_Educativa.pdf\" target=\"_blank\" rel=\"noopener\">Res_2010_DGE-_Carreras_proritarias-Oferta_Educativa.pdf<\/a><\/p>\n\n\n\n<p><a href=\"https:\/\/institutodelbicentenario-infd.mendoza.edu.ar\/aula\/archivos\/repositorio\/\/1500\/1581\/RES_1485_-DGE-17_Anexo_4_presentacion_de_carrerasTec__de_Sup.pdf\" target=\"_blank\" rel=\"noopener\">RES_1485_-DGE-17 Anexo 4 presentacion de carreras Tec de Sup.pdf<\/a><\/p>\n","protected":false},"excerpt":{"rendered":"<p>Noticias para Docentes Contacto: Secretar\u00eda Administrativa Noticias 2026 __________________________________ Publicaci\u00f3n -3- Fecha: 15\/4\/2026 IMPORTANTE: Jornada Obligatoria del Sistema Federal Integrado de Evaluaci\u00f3n, Certificaci\u00f3n y Acreditaci\u00f3n (SIFIECA)Estimada comunidad educativa:Les informamos que, seg\u00fan la Circular N\u00ba 03-DESUP-26 (adjunta a este mensaje), nuestra instituci\u00f3n llevar\u00e1 a cabo la jornada obligatoria de autoevaluaci\u00f3n institucional.&#x1f5d3; Fecha de la jornada: 20 &#8230; <a title=\"Noticias para Docentes\" class=\"read-more\" href=\"https:\/\/institutodelbicentenario-infd.mendoza.edu.ar\/sitio\/noticias-docentes\/\" aria-label=\"More on Noticias para Docentes\">[+]<\/a><\/p>\n","protected":false},"author":646,"featured_media":0,"parent":0,"menu_order":0,"comment_status":"closed","ping_status":"closed","template":"","meta":[],"acf":[],"_links":{"self":[{"href":"https:\/\/institutodelbicentenario-infd.mendoza.edu.ar\/sitio\/wp-json\/wp\/v2\/pages\/1006"}],"collection":[{"href":"https:\/\/institutodelbicentenario-infd.mendoza.edu.ar\/sitio\/wp-json\/wp\/v2\/pages"}],"about":[{"href":"https:\/\/institutodelbicentenario-infd.mendoza.edu.ar\/sitio\/wp-json\/wp\/v2\/types\/page"}],"author":[{"embeddable":true,"href":"https:\/\/institutodelbicentenario-infd.mendoza.edu.ar\/sitio\/wp-json\/wp\/v2\/users\/646"}],"replies":[{"embeddable":true,"href":"https:\/\/institutodelbicentenario-infd.mendoza.edu.ar\/sitio\/wp-json\/wp\/v2\/comments?post=1006"}],"version-history":[{"count":58,"href":"https:\/\/institutodelbicentenario-infd.mendoza.edu.ar\/sitio\/wp-json\/wp\/v2\/pages\/1006\/revisions"}],"predecessor-version":[{"id":13428,"href":"https:\/\/institutodelbicentenario-infd.mendoza.edu.ar\/sitio\/wp-json\/wp\/v2\/pages\/1006\/revisions\/13428"}],"wp:attachment":[{"href":"https:\/\/institutodelbicentenario-infd.mendoza.edu.ar\/sitio\/wp-json\/wp\/v2\/media?parent=1006"}],"curies":[{"name":"wp","href":"https:\/\/api.w.org\/{rel}","templated":true}]}}